{"id":14947,"date":"2023-03-14T11:49:03","date_gmt":"2023-03-14T09:49:03","guid":{"rendered":"https:\/\/xdsomename.tempurl.host\/swisspeak-website\/collection\/non%20class\u00e9\/casque-audio-sans-fil-v3-gris\/"},"modified":"2026-03-12T03:22:33","modified_gmt":"2026-03-12T01:22:33","slug":"casque-audio-sans-fil-v3-gris","status":"publish","type":"product","link":"https:\/\/swiss-peak.com\/fr\/produit\/casque-audio-sans-fil-v3-gris\/","title":{"rendered":"Casque audio sans fil V3, gris"},"content":{"rendered":"<p>Casque st\u00e9r\u00e9o sans fil avec bo\u00eetier en aluminium et coussins en PU pour pour une exp\u00e9rience sonore parfaite. La batterie de 300 mAh vous permet d&rsquo;\u00e9couter votre musique jusqu&rsquo;\u00e0 11 heures sur une seule charge et la recharge ne prend que 1,5 heure. Distance de fonctionnement jusqu&rsquo;\u00e0 10 m\u00e8tres. Le casque peut \u00eatre pli\u00e9 \u00e0 plat pour se ranger dans la pochette de voyage EVA Swiss Peak incluse. Avec micro pour recevoir les appels.<\/p>\n","protected":false},"excerpt":{"rendered":"<p>Casque st\u00e9r\u00e9o sans fil avec bo\u00eetier en aluminium et coussins en PU pour pour une exp\u00e9rience sonore parfaite. La batterie de 300 mAh vous permet d&rsquo;\u00e9couter votre musique jusqu&rsquo;\u00e0 11 heures sur une seule charge et la recharge ne prend que 1,5 heure. Distance de fonctionnement jusqu&rsquo;\u00e0 10 m\u00e8tres. Le casque peut \u00eatre pli\u00e9 \u00e0 [&hellip;]<\/p>\n","protected":false},"featured_media":23748,"template":"","meta":{"_acf_changed":false},"product_cat":[313,307],"product_tag":[],"class_list":["post-14947","product","type-product","status-publish","has-post-thumbnail","hentry","product_cat-audio-fr","product_cat-loisirs-sports","pa_color-black-fr","pa_color-grey-fr"],"acf":[],"yoast_head":"<!-- This site is optimized with the Yoast SEO plugin v27.0 - https:\/\/yoast.com\/product\/yoast-seo-wordpress\/ -->\n<title>Casque audio sans fil V3, gris - Swiss Peak<\/title>\n<meta name=\"robots\" content=\"index, follow, max-snippet:-1, max-image-preview:large, max-video-preview:-1\" \/>\n<link rel=\"canonical\" href=\"https:\/\/swiss-peak.com\/fr\/produit\/casque-audio-sans-fil-v3-gris\/\" \/>\n<meta property=\"og:locale\" content=\"fr_FR\" \/>\n<meta property=\"og:type\" content=\"article\" \/>\n<meta property=\"og:title\" content=\"Casque audio sans fil V3, gris - Swiss Peak\" \/>\n<meta property=\"og:description\" content=\"Casque st\u00e9r\u00e9o sans fil avec bo\u00eetier en aluminium et coussins en PU pour pour une exp\u00e9rience sonore parfaite. La batterie de 300 mAh vous permet d&rsquo;\u00e9couter votre musique jusqu&rsquo;\u00e0 11 heures sur une seule charge et la recharge ne prend que 1,5 heure. Distance de fonctionnement jusqu&rsquo;\u00e0 10 m\u00e8tres. Le casque peut \u00eatre pli\u00e9 \u00e0 [&hellip;]\" \/>\n<meta property=\"og:url\" content=\"https:\/\/swiss-peak.com\/fr\/produit\/casque-audio-sans-fil-v3-gris\/\" \/>\n<meta property=\"og:site_name\" content=\"Swiss Peak\" \/>\n<meta property=\"article:modified_time\" content=\"2026-03-12T01:22:33+00:00\" \/>\n<meta property=\"og:image\" content=\"https:\/\/swiss-peak.com\/wp-content\/uploads\/sites\/9\/2024\/02\/P329.451__S_0__b2cc2942085d41a2b366cf1bf95760ae.jpg\" \/>\n\t<meta property=\"og:image:width\" content=\"1024\" \/>\n\t<meta property=\"og:image:height\" content=\"1024\" \/>\n\t<meta property=\"og:image:type\" content=\"image\/jpeg\" \/>\n<meta name=\"twitter:card\" content=\"summary_large_image\" \/>\n<script type=\"application\/ld+json\" class=\"yoast-schema-graph\">{\"@context\":\"https:\/\/schema.org\",\"@graph\":[{\"@type\":\"WebPage\",\"@id\":\"https:\/\/swiss-peak.com\/fr\/produit\/casque-audio-sans-fil-v3-gris\/\",\"url\":\"https:\/\/swiss-peak.com\/fr\/produit\/casque-audio-sans-fil-v3-gris\/\",\"name\":\"Casque audio sans fil V3, gris - Swiss Peak\",\"isPartOf\":{\"@id\":\"https:\/\/swiss-peak.com\/fr\/#website\"},\"primaryImageOfPage\":{\"@id\":\"https:\/\/swiss-peak.com\/fr\/produit\/casque-audio-sans-fil-v3-gris\/#primaryimage\"},\"image\":{\"@id\":\"https:\/\/swiss-peak.com\/fr\/produit\/casque-audio-sans-fil-v3-gris\/#primaryimage\"},\"thumbnailUrl\":\"https:\/\/swiss-peak.com\/wp-content\/uploads\/sites\/9\/2024\/02\/P329.451__S_0__b2cc2942085d41a2b366cf1bf95760ae.jpg\",\"datePublished\":\"2023-03-14T09:49:03+00:00\",\"dateModified\":\"2026-03-12T01:22:33+00:00\",\"breadcrumb\":{\"@id\":\"https:\/\/swiss-peak.com\/fr\/produit\/casque-audio-sans-fil-v3-gris\/#breadcrumb\"},\"inLanguage\":\"fr-FR\",\"potentialAction\":[{\"@type\":\"ReadAction\",\"target\":[\"https:\/\/swiss-peak.com\/fr\/produit\/casque-audio-sans-fil-v3-gris\/\"]}]},{\"@type\":\"ImageObject\",\"inLanguage\":\"fr-FR\",\"@id\":\"https:\/\/swiss-peak.com\/fr\/produit\/casque-audio-sans-fil-v3-gris\/#primaryimage\",\"url\":\"https:\/\/swiss-peak.com\/wp-content\/uploads\/sites\/9\/2024\/02\/P329.451__S_0__b2cc2942085d41a2b366cf1bf95760ae.jpg\",\"contentUrl\":\"https:\/\/swiss-peak.com\/wp-content\/uploads\/sites\/9\/2024\/02\/P329.451__S_0__b2cc2942085d41a2b366cf1bf95760ae.jpg\",\"width\":1024,\"height\":1024},{\"@type\":\"BreadcrumbList\",\"@id\":\"https:\/\/swiss-peak.com\/fr\/produit\/casque-audio-sans-fil-v3-gris\/#breadcrumb\",\"itemListElement\":[{\"@type\":\"ListItem\",\"position\":1,\"name\":\"Home\",\"item\":\"https:\/\/swiss-peak.com\/fr\/\"},{\"@type\":\"ListItem\",\"position\":2,\"name\":\"Collection\",\"item\":\"https:\/\/swiss-peak.com\/fr\/collection\/\"},{\"@type\":\"ListItem\",\"position\":3,\"name\":\"Casque audio sans fil V3, gris\"}]},{\"@type\":\"WebSite\",\"@id\":\"https:\/\/swiss-peak.com\/fr\/#website\",\"url\":\"https:\/\/swiss-peak.com\/fr\/\",\"name\":\"Swiss Peak\",\"description\":\"Where will today take you?\",\"potentialAction\":[{\"@type\":\"SearchAction\",\"target\":{\"@type\":\"EntryPoint\",\"urlTemplate\":\"https:\/\/swiss-peak.com\/fr\/?s={search_term_string}\"},\"query-input\":{\"@type\":\"PropertyValueSpecification\",\"valueRequired\":true,\"valueName\":\"search_term_string\"}}],\"inLanguage\":\"fr-FR\"}]}<\/script>\n<!-- \/ Yoast SEO plugin. -->","yoast_head_json":{"title":"Casque audio sans fil V3, gris - Swiss Peak","robots":{"index":"index","follow":"follow","max-snippet":"max-snippet:-1","max-image-preview":"max-image-preview:large","max-video-preview":"max-video-preview:-1"},"canonical":"https:\/\/swiss-peak.com\/fr\/produit\/casque-audio-sans-fil-v3-gris\/","og_locale":"fr_FR","og_type":"article","og_title":"Casque audio sans fil V3, gris - Swiss Peak","og_description":"Casque st\u00e9r\u00e9o sans fil avec bo\u00eetier en aluminium et coussins en PU pour pour une exp\u00e9rience sonore parfaite. La batterie de 300 mAh vous permet d&rsquo;\u00e9couter votre musique jusqu&rsquo;\u00e0 11 heures sur une seule charge et la recharge ne prend que 1,5 heure. Distance de fonctionnement jusqu&rsquo;\u00e0 10 m\u00e8tres. Le casque peut \u00eatre pli\u00e9 \u00e0 [&hellip;]","og_url":"https:\/\/swiss-peak.com\/fr\/produit\/casque-audio-sans-fil-v3-gris\/","og_site_name":"Swiss Peak","article_modified_time":"2026-03-12T01:22:33+00:00","og_image":[{"width":1024,"height":1024,"url":"https:\/\/swiss-peak.com\/wp-content\/uploads\/sites\/9\/2024\/02\/P329.451__S_0__b2cc2942085d41a2b366cf1bf95760ae.jpg","type":"image\/jpeg"}],"twitter_card":"summary_large_image","schema":{"@context":"https:\/\/schema.org","@graph":[{"@type":"WebPage","@id":"https:\/\/swiss-peak.com\/fr\/produit\/casque-audio-sans-fil-v3-gris\/","url":"https:\/\/swiss-peak.com\/fr\/produit\/casque-audio-sans-fil-v3-gris\/","name":"Casque audio sans fil V3, gris - Swiss Peak","isPartOf":{"@id":"https:\/\/swiss-peak.com\/fr\/#website"},"primaryImageOfPage":{"@id":"https:\/\/swiss-peak.com\/fr\/produit\/casque-audio-sans-fil-v3-gris\/#primaryimage"},"image":{"@id":"https:\/\/swiss-peak.com\/fr\/produit\/casque-audio-sans-fil-v3-gris\/#primaryimage"},"thumbnailUrl":"https:\/\/swiss-peak.com\/wp-content\/uploads\/sites\/9\/2024\/02\/P329.451__S_0__b2cc2942085d41a2b366cf1bf95760ae.jpg","datePublished":"2023-03-14T09:49:03+00:00","dateModified":"2026-03-12T01:22:33+00:00","breadcrumb":{"@id":"https:\/\/swiss-peak.com\/fr\/produit\/casque-audio-sans-fil-v3-gris\/#breadcrumb"},"inLanguage":"fr-FR","potentialAction":[{"@type":"ReadAction","target":["https:\/\/swiss-peak.com\/fr\/produit\/casque-audio-sans-fil-v3-gris\/"]}]},{"@type":"ImageObject","inLanguage":"fr-FR","@id":"https:\/\/swiss-peak.com\/fr\/produit\/casque-audio-sans-fil-v3-gris\/#primaryimage","url":"https:\/\/swiss-peak.com\/wp-content\/uploads\/sites\/9\/2024\/02\/P329.451__S_0__b2cc2942085d41a2b366cf1bf95760ae.jpg","contentUrl":"https:\/\/swiss-peak.com\/wp-content\/uploads\/sites\/9\/2024\/02\/P329.451__S_0__b2cc2942085d41a2b366cf1bf95760ae.jpg","width":1024,"height":1024},{"@type":"BreadcrumbList","@id":"https:\/\/swiss-peak.com\/fr\/produit\/casque-audio-sans-fil-v3-gris\/#breadcrumb","itemListElement":[{"@type":"ListItem","position":1,"name":"Home","item":"https:\/\/swiss-peak.com\/fr\/"},{"@type":"ListItem","position":2,"name":"Collection","item":"https:\/\/swiss-peak.com\/fr\/collection\/"},{"@type":"ListItem","position":3,"name":"Casque audio sans fil V3, gris"}]},{"@type":"WebSite","@id":"https:\/\/swiss-peak.com\/fr\/#website","url":"https:\/\/swiss-peak.com\/fr\/","name":"Swiss Peak","description":"Where will today take you?","potentialAction":[{"@type":"SearchAction","target":{"@type":"EntryPoint","urlTemplate":"https:\/\/swiss-peak.com\/fr\/?s={search_term_string}"},"query-input":{"@type":"PropertyValueSpecification","valueRequired":true,"valueName":"search_term_string"}}],"inLanguage":"fr-FR"}]}},"_links":{"self":[{"href":"https:\/\/swiss-peak.com\/fr\/wp-json\/wp\/v2\/product\/14947","targetHints":{"allow":["GET"]}}],"collection":[{"href":"https:\/\/swiss-peak.com\/fr\/wp-json\/wp\/v2\/product"}],"about":[{"href":"https:\/\/swiss-peak.com\/fr\/wp-json\/wp\/v2\/types\/product"}],"wp:featuredmedia":[{"embeddable":true,"href":"https:\/\/swiss-peak.com\/fr\/wp-json\/wp\/v2\/media\/23748"}],"wp:attachment":[{"href":"https:\/\/swiss-peak.com\/fr\/wp-json\/wp\/v2\/media?parent=14947"}],"wp:term":[{"taxonomy":"product_cat","embeddable":true,"href":"https:\/\/swiss-peak.com\/fr\/wp-json\/wp\/v2\/product_cat?post=14947"},{"taxonomy":"product_tag","embeddable":true,"href":"https:\/\/swiss-peak.com\/fr\/wp-json\/wp\/v2\/product_tag?post=14947"}],"curies":[{"name":"wp","href":"https:\/\/api.w.org\/{rel}","templated":true}]}}