{"id":14930,"date":"2023-03-14T11:48:37","date_gmt":"2023-03-14T09:48:37","guid":{"rendered":"https:\/\/xdsomename.tempurl.host\/swisspeak-website\/collection\/non%20class\u00e9\/tapis-de-souris-en-pu-rcs-avec-chargeur-10w-swiss-peak-noir\/"},"modified":"2026-03-12T03:22:09","modified_gmt":"2026-03-12T01:22:09","slug":"tapis-de-souris-en-pu-rcs-avec-chargeur-10w-swiss-peak-noir","status":"publish","type":"product","link":"https:\/\/swiss-peak.com\/fr\/produit\/tapis-de-souris-en-pu-rcs-avec-chargeur-10w-swiss-peak-noir\/","title":{"rendered":"Tapis de souris en PU RCS avec chargeur 10W, noir"},"content":{"rendered":"<p>Tapis de souris avec chargeur sans fil 10W fabriqu\u00e9 en PU recycl\u00e9 certifi\u00e9 GRS (Recycled Claim Standard).  La zone de chargement peut \u00e9galement \u00eatre utilis\u00e9e comme support de t\u00e9l\u00e9phone en position verticale. La certification RCS garantit une cha\u00eene d&rsquo;approvisionnement enti\u00e8rement certifi\u00e9e pour les mat\u00e9riaux recycl\u00e9s. La surface lisse et luxueuse transforme n&rsquo;importe quel bureau en un excellent environnement de travail. Taille : 29x 19x 2 cm. Extra \u00e9pais pour une exp\u00e9rience de travail parfaite. Contenu recycl\u00e9 total : 20% sur la base du poids total de l&rsquo;article. C\u00e2ble de 150 cm en TPE sans PVC inclus. Article et accessoires sans PVC. Chargement sans fil compatible avec les derni\u00e8res g\u00e9n\u00e9rations d&rsquo;Android, l&rsquo;iPhone 8 et plus Entr\u00e9e : 9V\/2A Sortie sans fil : 9V\/1.1A.<\/p>\n","protected":false},"excerpt":{"rendered":"<p>Tapis de souris avec chargeur sans fil 10W fabriqu\u00e9 en PU recycl\u00e9 certifi\u00e9 GRS (Recycled Claim Standard). La zone de chargement peut \u00e9galement \u00eatre utilis\u00e9e comme support de t\u00e9l\u00e9phone en position verticale. La certification RCS garantit une cha\u00eene d&rsquo;approvisionnement enti\u00e8rement certifi\u00e9e pour les mat\u00e9riaux recycl\u00e9s. La surface lisse et luxueuse transforme n&rsquo;importe quel bureau en [&hellip;]<\/p>\n","protected":false},"featured_media":22824,"template":"","meta":{"_acf_changed":false},"product_cat":[287,302],"product_tag":[],"class_list":["post-14930","product","type-product","status-publish","has-post-thumbnail","hentry","product_cat-business-fr","product_cat-technologie","pa_color-black-fr"],"acf":[],"yoast_head":"<!-- This site is optimized with the Yoast SEO plugin v27.0 - https:\/\/yoast.com\/product\/yoast-seo-wordpress\/ -->\n<title>Tapis de souris en PU RCS avec chargeur 10W, noir - Swiss Peak<\/title>\n<meta name=\"robots\" content=\"index, follow, max-snippet:-1, max-image-preview:large, max-video-preview:-1\" \/>\n<link rel=\"canonical\" href=\"https:\/\/swiss-peak.com\/fr\/produit\/tapis-de-souris-en-pu-rcs-avec-chargeur-10w-swiss-peak-noir\/\" \/>\n<meta property=\"og:locale\" content=\"fr_FR\" \/>\n<meta property=\"og:type\" content=\"article\" \/>\n<meta property=\"og:title\" content=\"Tapis de souris en PU RCS avec chargeur 10W, noir - Swiss Peak\" \/>\n<meta property=\"og:description\" content=\"Tapis de souris avec chargeur sans fil 10W fabriqu\u00e9 en PU recycl\u00e9 certifi\u00e9 GRS (Recycled Claim Standard). La zone de chargement peut \u00e9galement \u00eatre utilis\u00e9e comme support de t\u00e9l\u00e9phone en position verticale. La certification RCS garantit une cha\u00eene d&rsquo;approvisionnement enti\u00e8rement certifi\u00e9e pour les mat\u00e9riaux recycl\u00e9s. La surface lisse et luxueuse transforme n&rsquo;importe quel bureau en [&hellip;]\" \/>\n<meta property=\"og:url\" content=\"https:\/\/swiss-peak.com\/fr\/produit\/tapis-de-souris-en-pu-rcs-avec-chargeur-10w-swiss-peak-noir\/\" \/>\n<meta property=\"og:site_name\" content=\"Swiss Peak\" \/>\n<meta property=\"article:modified_time\" content=\"2026-03-12T01:22:09+00:00\" \/>\n<meta property=\"og:image\" content=\"https:\/\/swiss-peak.com\/wp-content\/uploads\/sites\/9\/2024\/02\/P300.241__S_0__a6fefeede2e74117ae0a17aba985c14d.jpg\" \/>\n\t<meta property=\"og:image:width\" content=\"1024\" \/>\n\t<meta property=\"og:image:height\" content=\"1024\" \/>\n\t<meta property=\"og:image:type\" content=\"image\/jpeg\" \/>\n<meta name=\"twitter:card\" content=\"summary_large_image\" \/>\n<meta name=\"twitter:label1\" content=\"Dur\u00e9e de lecture estim\u00e9e\" \/>\n\t<meta name=\"twitter:data1\" content=\"1 minute\" \/>\n<script type=\"application\/ld+json\" class=\"yoast-schema-graph\">{\"@context\":\"https:\/\/schema.org\",\"@graph\":[{\"@type\":\"WebPage\",\"@id\":\"https:\/\/swiss-peak.com\/fr\/produit\/tapis-de-souris-en-pu-rcs-avec-chargeur-10w-swiss-peak-noir\/\",\"url\":\"https:\/\/swiss-peak.com\/fr\/produit\/tapis-de-souris-en-pu-rcs-avec-chargeur-10w-swiss-peak-noir\/\",\"name\":\"Tapis de souris en PU RCS avec chargeur 10W, noir - Swiss Peak\",\"isPartOf\":{\"@id\":\"https:\/\/swiss-peak.com\/fr\/#website\"},\"primaryImageOfPage\":{\"@id\":\"https:\/\/swiss-peak.com\/fr\/produit\/tapis-de-souris-en-pu-rcs-avec-chargeur-10w-swiss-peak-noir\/#primaryimage\"},\"image\":{\"@id\":\"https:\/\/swiss-peak.com\/fr\/produit\/tapis-de-souris-en-pu-rcs-avec-chargeur-10w-swiss-peak-noir\/#primaryimage\"},\"thumbnailUrl\":\"https:\/\/swiss-peak.com\/wp-content\/uploads\/sites\/9\/2024\/02\/P300.241__S_0__a6fefeede2e74117ae0a17aba985c14d.jpg\",\"datePublished\":\"2023-03-14T09:48:37+00:00\",\"dateModified\":\"2026-03-12T01:22:09+00:00\",\"breadcrumb\":{\"@id\":\"https:\/\/swiss-peak.com\/fr\/produit\/tapis-de-souris-en-pu-rcs-avec-chargeur-10w-swiss-peak-noir\/#breadcrumb\"},\"inLanguage\":\"fr-FR\",\"potentialAction\":[{\"@type\":\"ReadAction\",\"target\":[\"https:\/\/swiss-peak.com\/fr\/produit\/tapis-de-souris-en-pu-rcs-avec-chargeur-10w-swiss-peak-noir\/\"]}]},{\"@type\":\"ImageObject\",\"inLanguage\":\"fr-FR\",\"@id\":\"https:\/\/swiss-peak.com\/fr\/produit\/tapis-de-souris-en-pu-rcs-avec-chargeur-10w-swiss-peak-noir\/#primaryimage\",\"url\":\"https:\/\/swiss-peak.com\/wp-content\/uploads\/sites\/9\/2024\/02\/P300.241__S_0__a6fefeede2e74117ae0a17aba985c14d.jpg\",\"contentUrl\":\"https:\/\/swiss-peak.com\/wp-content\/uploads\/sites\/9\/2024\/02\/P300.241__S_0__a6fefeede2e74117ae0a17aba985c14d.jpg\",\"width\":1024,\"height\":1024},{\"@type\":\"BreadcrumbList\",\"@id\":\"https:\/\/swiss-peak.com\/fr\/produit\/tapis-de-souris-en-pu-rcs-avec-chargeur-10w-swiss-peak-noir\/#breadcrumb\",\"itemListElement\":[{\"@type\":\"ListItem\",\"position\":1,\"name\":\"Home\",\"item\":\"https:\/\/swiss-peak.com\/fr\/\"},{\"@type\":\"ListItem\",\"position\":2,\"name\":\"Collection\",\"item\":\"https:\/\/swiss-peak.com\/fr\/collection\/\"},{\"@type\":\"ListItem\",\"position\":3,\"name\":\"Tapis de souris en PU RCS avec chargeur 10W, noir\"}]},{\"@type\":\"WebSite\",\"@id\":\"https:\/\/swiss-peak.com\/fr\/#website\",\"url\":\"https:\/\/swiss-peak.com\/fr\/\",\"name\":\"Swiss Peak\",\"description\":\"Where will today take you?\",\"potentialAction\":[{\"@type\":\"SearchAction\",\"target\":{\"@type\":\"EntryPoint\",\"urlTemplate\":\"https:\/\/swiss-peak.com\/fr\/?s={search_term_string}\"},\"query-input\":{\"@type\":\"PropertyValueSpecification\",\"valueRequired\":true,\"valueName\":\"search_term_string\"}}],\"inLanguage\":\"fr-FR\"}]}<\/script>\n<!-- \/ Yoast SEO plugin. -->","yoast_head_json":{"title":"Tapis de souris en PU RCS avec chargeur 10W, noir - Swiss Peak","robots":{"index":"index","follow":"follow","max-snippet":"max-snippet:-1","max-image-preview":"max-image-preview:large","max-video-preview":"max-video-preview:-1"},"canonical":"https:\/\/swiss-peak.com\/fr\/produit\/tapis-de-souris-en-pu-rcs-avec-chargeur-10w-swiss-peak-noir\/","og_locale":"fr_FR","og_type":"article","og_title":"Tapis de souris en PU RCS avec chargeur 10W, noir - Swiss Peak","og_description":"Tapis de souris avec chargeur sans fil 10W fabriqu\u00e9 en PU recycl\u00e9 certifi\u00e9 GRS (Recycled Claim Standard). La zone de chargement peut \u00e9galement \u00eatre utilis\u00e9e comme support de t\u00e9l\u00e9phone en position verticale. La certification RCS garantit une cha\u00eene d&rsquo;approvisionnement enti\u00e8rement certifi\u00e9e pour les mat\u00e9riaux recycl\u00e9s. La surface lisse et luxueuse transforme n&rsquo;importe quel bureau en [&hellip;]","og_url":"https:\/\/swiss-peak.com\/fr\/produit\/tapis-de-souris-en-pu-rcs-avec-chargeur-10w-swiss-peak-noir\/","og_site_name":"Swiss Peak","article_modified_time":"2026-03-12T01:22:09+00:00","og_image":[{"width":1024,"height":1024,"url":"https:\/\/swiss-peak.com\/wp-content\/uploads\/sites\/9\/2024\/02\/P300.241__S_0__a6fefeede2e74117ae0a17aba985c14d.jpg","type":"image\/jpeg"}],"twitter_card":"summary_large_image","twitter_misc":{"Dur\u00e9e de lecture estim\u00e9e":"1 minute"},"schema":{"@context":"https:\/\/schema.org","@graph":[{"@type":"WebPage","@id":"https:\/\/swiss-peak.com\/fr\/produit\/tapis-de-souris-en-pu-rcs-avec-chargeur-10w-swiss-peak-noir\/","url":"https:\/\/swiss-peak.com\/fr\/produit\/tapis-de-souris-en-pu-rcs-avec-chargeur-10w-swiss-peak-noir\/","name":"Tapis de souris en PU RCS avec chargeur 10W, noir - Swiss Peak","isPartOf":{"@id":"https:\/\/swiss-peak.com\/fr\/#website"},"primaryImageOfPage":{"@id":"https:\/\/swiss-peak.com\/fr\/produit\/tapis-de-souris-en-pu-rcs-avec-chargeur-10w-swiss-peak-noir\/#primaryimage"},"image":{"@id":"https:\/\/swiss-peak.com\/fr\/produit\/tapis-de-souris-en-pu-rcs-avec-chargeur-10w-swiss-peak-noir\/#primaryimage"},"thumbnailUrl":"https:\/\/swiss-peak.com\/wp-content\/uploads\/sites\/9\/2024\/02\/P300.241__S_0__a6fefeede2e74117ae0a17aba985c14d.jpg","datePublished":"2023-03-14T09:48:37+00:00","dateModified":"2026-03-12T01:22:09+00:00","breadcrumb":{"@id":"https:\/\/swiss-peak.com\/fr\/produit\/tapis-de-souris-en-pu-rcs-avec-chargeur-10w-swiss-peak-noir\/#breadcrumb"},"inLanguage":"fr-FR","potentialAction":[{"@type":"ReadAction","target":["https:\/\/swiss-peak.com\/fr\/produit\/tapis-de-souris-en-pu-rcs-avec-chargeur-10w-swiss-peak-noir\/"]}]},{"@type":"ImageObject","inLanguage":"fr-FR","@id":"https:\/\/swiss-peak.com\/fr\/produit\/tapis-de-souris-en-pu-rcs-avec-chargeur-10w-swiss-peak-noir\/#primaryimage","url":"https:\/\/swiss-peak.com\/wp-content\/uploads\/sites\/9\/2024\/02\/P300.241__S_0__a6fefeede2e74117ae0a17aba985c14d.jpg","contentUrl":"https:\/\/swiss-peak.com\/wp-content\/uploads\/sites\/9\/2024\/02\/P300.241__S_0__a6fefeede2e74117ae0a17aba985c14d.jpg","width":1024,"height":1024},{"@type":"BreadcrumbList","@id":"https:\/\/swiss-peak.com\/fr\/produit\/tapis-de-souris-en-pu-rcs-avec-chargeur-10w-swiss-peak-noir\/#breadcrumb","itemListElement":[{"@type":"ListItem","position":1,"name":"Home","item":"https:\/\/swiss-peak.com\/fr\/"},{"@type":"ListItem","position":2,"name":"Collection","item":"https:\/\/swiss-peak.com\/fr\/collection\/"},{"@type":"ListItem","position":3,"name":"Tapis de souris en PU RCS avec chargeur 10W, noir"}]},{"@type":"WebSite","@id":"https:\/\/swiss-peak.com\/fr\/#website","url":"https:\/\/swiss-peak.com\/fr\/","name":"Swiss Peak","description":"Where will today take you?","potentialAction":[{"@type":"SearchAction","target":{"@type":"EntryPoint","urlTemplate":"https:\/\/swiss-peak.com\/fr\/?s={search_term_string}"},"query-input":{"@type":"PropertyValueSpecification","valueRequired":true,"valueName":"search_term_string"}}],"inLanguage":"fr-FR"}]}},"_links":{"self":[{"href":"https:\/\/swiss-peak.com\/fr\/wp-json\/wp\/v2\/product\/14930","targetHints":{"allow":["GET"]}}],"collection":[{"href":"https:\/\/swiss-peak.com\/fr\/wp-json\/wp\/v2\/product"}],"about":[{"href":"https:\/\/swiss-peak.com\/fr\/wp-json\/wp\/v2\/types\/product"}],"wp:featuredmedia":[{"embeddable":true,"href":"https:\/\/swiss-peak.com\/fr\/wp-json\/wp\/v2\/media\/22824"}],"wp:attachment":[{"href":"https:\/\/swiss-peak.com\/fr\/wp-json\/wp\/v2\/media?parent=14930"}],"wp:term":[{"taxonomy":"product_cat","embeddable":true,"href":"https:\/\/swiss-peak.com\/fr\/wp-json\/wp\/v2\/product_cat?post=14930"},{"taxonomy":"product_tag","embeddable":true,"href":"https:\/\/swiss-peak.com\/fr\/wp-json\/wp\/v2\/product_tag?post=14930"}],"curies":[{"name":"wp","href":"https:\/\/api.w.org\/{rel}","templated":true}]}}