{"id":46054,"date":"2026-01-01T03:04:08","date_gmt":"2026-01-01T02:00:18","guid":{"rendered":"https:\/\/swiss-peak.com\/set-regalo-business-swiss-peak-rcs-con-botella-de-agua-negro\/"},"modified":"2026-03-12T04:08:41","modified_gmt":"2026-03-12T02:08:41","slug":"set-regalo-business-swiss-peak-rcs-con-botella-de-agua-negro","status":"publish","type":"product","link":"https:\/\/swiss-peak.com\/es\/producto\/set-regalo-business-swiss-peak-rcs-con-botella-de-agua-negro\/","title":{"rendered":"Set regalo business Swiss Peak RCS con botella de agua, negro"},"content":{"rendered":"<p>Este lujoso set de regalo incluye todo lo esencial para que disfrutes de tu jornada laboral con comodidad y estilo. La botella de agua de doble pared de 480 ml est\u00e1 hecha de acero inoxidable reciclado y cuenta con aislamiento al vac\u00edo para mantener tus bebidas calientes o fr\u00edas durante horas. Gracias a su tapa herm\u00e9tica, puedes llevarla con confianza: sin derrames ni preocupaciones.<br \/>\nEl set incluye un llavero premium Swiss Peak con acabado met\u00e1lico brillante y una correa de piel sint\u00e9tica de elegante elaboraci\u00f3n. El set tambi\u00e9n incluye un elegante bol\u00edgrafo con una capacidad de escritura de 1000 metros, junto con una libreta suave al tacto hecha de poli\u00e9ster reciclado PU. En su interior, encontrar\u00e1s 160 p\u00e1ginas color crema hechas de papel reciclado con certificaci\u00f3n RCS, perfectas para tus notas, ideas o listas de tareas.<br \/>\nTodos los art\u00edculos cuentan con la certificaci\u00f3n RCS,lo que garantiza una cadena de suministro totalmente verificada para todos los materiales reciclados utilizados.<\/p>\n","protected":false},"excerpt":{"rendered":"<p>Este lujoso set de regalo incluye todo lo esencial para que disfrutes de tu jornada laboral con comodidad y estilo. La botella de agua de doble pared de 480 ml est\u00e1 hecha de acero inoxidable reciclado y cuenta con aislamiento al vac\u00edo para mantener tus bebidas calientes o fr\u00edas durante horas. Gracias a su tapa [&hellip;]<\/p>\n","protected":false},"featured_media":45943,"template":"","meta":{"_acf_changed":false},"product_cat":[300],"product_tag":[],"class_list":["post-46054","product","type-product","status-publish","has-post-thumbnail","hentry","product_cat-oficina-escritura","pa_color-black-es"],"acf":[],"yoast_head":"<!-- This site is optimized with the Yoast SEO plugin v27.0 - https:\/\/yoast.com\/product\/yoast-seo-wordpress\/ -->\n<title>Set regalo business Swiss Peak RCS con botella de agua, negro - Swiss Peak<\/title>\n<meta name=\"robots\" content=\"index, follow, max-snippet:-1, max-image-preview:large, max-video-preview:-1\" \/>\n<link rel=\"canonical\" href=\"https:\/\/swiss-peak.com\/es\/producto\/set-regalo-business-swiss-peak-rcs-con-botella-de-agua-negro\/\" \/>\n<meta property=\"og:locale\" content=\"es_ES\" \/>\n<meta property=\"og:type\" content=\"article\" \/>\n<meta property=\"og:title\" content=\"Set regalo business Swiss Peak RCS con botella de agua, negro - Swiss Peak\" \/>\n<meta property=\"og:description\" content=\"Este lujoso set de regalo incluye todo lo esencial para que disfrutes de tu jornada laboral con comodidad y estilo. La botella de agua de doble pared de 480 ml est\u00e1 hecha de acero inoxidable reciclado y cuenta con aislamiento al vac\u00edo para mantener tus bebidas calientes o fr\u00edas durante horas. Gracias a su tapa [&hellip;]\" \/>\n<meta property=\"og:url\" content=\"https:\/\/swiss-peak.com\/es\/producto\/set-regalo-business-swiss-peak-rcs-con-botella-de-agua-negro\/\" \/>\n<meta property=\"og:site_name\" content=\"Swiss Peak\" \/>\n<meta property=\"article:modified_time\" content=\"2026-03-12T02:08:41+00:00\" \/>\n<meta property=\"og:image\" content=\"https:\/\/swiss-peak.com\/wp-content\/uploads\/sites\/9\/2026\/01\/P774.6801__S_0__4e3339f5b2c542fea57e835723e1fb62.jpg\" \/>\n\t<meta property=\"og:image:width\" content=\"1024\" \/>\n\t<meta property=\"og:image:height\" content=\"1024\" \/>\n\t<meta property=\"og:image:type\" content=\"image\/jpeg\" \/>\n<meta name=\"twitter:card\" content=\"summary_large_image\" \/>\n<meta name=\"twitter:label1\" content=\"Tiempo de lectura\" \/>\n\t<meta name=\"twitter:data1\" content=\"1 minuto\" \/>\n<script type=\"application\/ld+json\" class=\"yoast-schema-graph\">{\"@context\":\"https:\/\/schema.org\",\"@graph\":[{\"@type\":\"WebPage\",\"@id\":\"https:\/\/swiss-peak.com\/es\/producto\/set-regalo-business-swiss-peak-rcs-con-botella-de-agua-negro\/\",\"url\":\"https:\/\/swiss-peak.com\/es\/producto\/set-regalo-business-swiss-peak-rcs-con-botella-de-agua-negro\/\",\"name\":\"Set regalo business Swiss Peak RCS con botella de agua, negro - Swiss Peak\",\"isPartOf\":{\"@id\":\"https:\/\/swiss-peak.com\/es\/#website\"},\"primaryImageOfPage\":{\"@id\":\"https:\/\/swiss-peak.com\/es\/producto\/set-regalo-business-swiss-peak-rcs-con-botella-de-agua-negro\/#primaryimage\"},\"image\":{\"@id\":\"https:\/\/swiss-peak.com\/es\/producto\/set-regalo-business-swiss-peak-rcs-con-botella-de-agua-negro\/#primaryimage\"},\"thumbnailUrl\":\"https:\/\/swiss-peak.com\/wp-content\/uploads\/sites\/9\/2026\/01\/P774.6801__S_0__4e3339f5b2c542fea57e835723e1fb62.jpg\",\"datePublished\":\"2026-01-01T02:00:18+00:00\",\"dateModified\":\"2026-03-12T02:08:41+00:00\",\"breadcrumb\":{\"@id\":\"https:\/\/swiss-peak.com\/es\/producto\/set-regalo-business-swiss-peak-rcs-con-botella-de-agua-negro\/#breadcrumb\"},\"inLanguage\":\"es\",\"potentialAction\":[{\"@type\":\"ReadAction\",\"target\":[\"https:\/\/swiss-peak.com\/es\/producto\/set-regalo-business-swiss-peak-rcs-con-botella-de-agua-negro\/\"]}]},{\"@type\":\"ImageObject\",\"inLanguage\":\"es\",\"@id\":\"https:\/\/swiss-peak.com\/es\/producto\/set-regalo-business-swiss-peak-rcs-con-botella-de-agua-negro\/#primaryimage\",\"url\":\"https:\/\/swiss-peak.com\/wp-content\/uploads\/sites\/9\/2026\/01\/P774.6801__S_0__4e3339f5b2c542fea57e835723e1fb62.jpg\",\"contentUrl\":\"https:\/\/swiss-peak.com\/wp-content\/uploads\/sites\/9\/2026\/01\/P774.6801__S_0__4e3339f5b2c542fea57e835723e1fb62.jpg\",\"width\":1024,\"height\":1024},{\"@type\":\"BreadcrumbList\",\"@id\":\"https:\/\/swiss-peak.com\/es\/producto\/set-regalo-business-swiss-peak-rcs-con-botella-de-agua-negro\/#breadcrumb\",\"itemListElement\":[{\"@type\":\"ListItem\",\"position\":1,\"name\":\"Home\",\"item\":\"https:\/\/swiss-peak.com\/es\/\"},{\"@type\":\"ListItem\",\"position\":2,\"name\":\"Colecci\u00f3n\",\"item\":\"https:\/\/swiss-peak.com\/es\/coleccion\/\"},{\"@type\":\"ListItem\",\"position\":3,\"name\":\"Set regalo business Swiss Peak RCS con botella de agua, negro\"}]},{\"@type\":\"WebSite\",\"@id\":\"https:\/\/swiss-peak.com\/es\/#website\",\"url\":\"https:\/\/swiss-peak.com\/es\/\",\"name\":\"Swiss Peak\",\"description\":\"Where will today take you?\",\"potentialAction\":[{\"@type\":\"SearchAction\",\"target\":{\"@type\":\"EntryPoint\",\"urlTemplate\":\"https:\/\/swiss-peak.com\/es\/?s={search_term_string}\"},\"query-input\":{\"@type\":\"PropertyValueSpecification\",\"valueRequired\":true,\"valueName\":\"search_term_string\"}}],\"inLanguage\":\"es\"}]}<\/script>\n<!-- \/ Yoast SEO plugin. -->","yoast_head_json":{"title":"Set regalo business Swiss Peak RCS con botella de agua, negro - Swiss Peak","robots":{"index":"index","follow":"follow","max-snippet":"max-snippet:-1","max-image-preview":"max-image-preview:large","max-video-preview":"max-video-preview:-1"},"canonical":"https:\/\/swiss-peak.com\/es\/producto\/set-regalo-business-swiss-peak-rcs-con-botella-de-agua-negro\/","og_locale":"es_ES","og_type":"article","og_title":"Set regalo business Swiss Peak RCS con botella de agua, negro - Swiss Peak","og_description":"Este lujoso set de regalo incluye todo lo esencial para que disfrutes de tu jornada laboral con comodidad y estilo. La botella de agua de doble pared de 480 ml est\u00e1 hecha de acero inoxidable reciclado y cuenta con aislamiento al vac\u00edo para mantener tus bebidas calientes o fr\u00edas durante horas. Gracias a su tapa [&hellip;]","og_url":"https:\/\/swiss-peak.com\/es\/producto\/set-regalo-business-swiss-peak-rcs-con-botella-de-agua-negro\/","og_site_name":"Swiss Peak","article_modified_time":"2026-03-12T02:08:41+00:00","og_image":[{"width":1024,"height":1024,"url":"https:\/\/swiss-peak.com\/wp-content\/uploads\/sites\/9\/2026\/01\/P774.6801__S_0__4e3339f5b2c542fea57e835723e1fb62.jpg","type":"image\/jpeg"}],"twitter_card":"summary_large_image","twitter_misc":{"Tiempo de lectura":"1 minuto"},"schema":{"@context":"https:\/\/schema.org","@graph":[{"@type":"WebPage","@id":"https:\/\/swiss-peak.com\/es\/producto\/set-regalo-business-swiss-peak-rcs-con-botella-de-agua-negro\/","url":"https:\/\/swiss-peak.com\/es\/producto\/set-regalo-business-swiss-peak-rcs-con-botella-de-agua-negro\/","name":"Set regalo business Swiss Peak RCS con botella de agua, negro - Swiss Peak","isPartOf":{"@id":"https:\/\/swiss-peak.com\/es\/#website"},"primaryImageOfPage":{"@id":"https:\/\/swiss-peak.com\/es\/producto\/set-regalo-business-swiss-peak-rcs-con-botella-de-agua-negro\/#primaryimage"},"image":{"@id":"https:\/\/swiss-peak.com\/es\/producto\/set-regalo-business-swiss-peak-rcs-con-botella-de-agua-negro\/#primaryimage"},"thumbnailUrl":"https:\/\/swiss-peak.com\/wp-content\/uploads\/sites\/9\/2026\/01\/P774.6801__S_0__4e3339f5b2c542fea57e835723e1fb62.jpg","datePublished":"2026-01-01T02:00:18+00:00","dateModified":"2026-03-12T02:08:41+00:00","breadcrumb":{"@id":"https:\/\/swiss-peak.com\/es\/producto\/set-regalo-business-swiss-peak-rcs-con-botella-de-agua-negro\/#breadcrumb"},"inLanguage":"es","potentialAction":[{"@type":"ReadAction","target":["https:\/\/swiss-peak.com\/es\/producto\/set-regalo-business-swiss-peak-rcs-con-botella-de-agua-negro\/"]}]},{"@type":"ImageObject","inLanguage":"es","@id":"https:\/\/swiss-peak.com\/es\/producto\/set-regalo-business-swiss-peak-rcs-con-botella-de-agua-negro\/#primaryimage","url":"https:\/\/swiss-peak.com\/wp-content\/uploads\/sites\/9\/2026\/01\/P774.6801__S_0__4e3339f5b2c542fea57e835723e1fb62.jpg","contentUrl":"https:\/\/swiss-peak.com\/wp-content\/uploads\/sites\/9\/2026\/01\/P774.6801__S_0__4e3339f5b2c542fea57e835723e1fb62.jpg","width":1024,"height":1024},{"@type":"BreadcrumbList","@id":"https:\/\/swiss-peak.com\/es\/producto\/set-regalo-business-swiss-peak-rcs-con-botella-de-agua-negro\/#breadcrumb","itemListElement":[{"@type":"ListItem","position":1,"name":"Home","item":"https:\/\/swiss-peak.com\/es\/"},{"@type":"ListItem","position":2,"name":"Colecci\u00f3n","item":"https:\/\/swiss-peak.com\/es\/coleccion\/"},{"@type":"ListItem","position":3,"name":"Set regalo business Swiss Peak RCS con botella de agua, negro"}]},{"@type":"WebSite","@id":"https:\/\/swiss-peak.com\/es\/#website","url":"https:\/\/swiss-peak.com\/es\/","name":"Swiss Peak","description":"Where will today take you?","potentialAction":[{"@type":"SearchAction","target":{"@type":"EntryPoint","urlTemplate":"https:\/\/swiss-peak.com\/es\/?s={search_term_string}"},"query-input":{"@type":"PropertyValueSpecification","valueRequired":true,"valueName":"search_term_string"}}],"inLanguage":"es"}]}},"_links":{"self":[{"href":"https:\/\/swiss-peak.com\/es\/wp-json\/wp\/v2\/product\/46054","targetHints":{"allow":["GET"]}}],"collection":[{"href":"https:\/\/swiss-peak.com\/es\/wp-json\/wp\/v2\/product"}],"about":[{"href":"https:\/\/swiss-peak.com\/es\/wp-json\/wp\/v2\/types\/product"}],"wp:featuredmedia":[{"embeddable":true,"href":"https:\/\/swiss-peak.com\/es\/wp-json\/wp\/v2\/media\/45943"}],"wp:attachment":[{"href":"https:\/\/swiss-peak.com\/es\/wp-json\/wp\/v2\/media?parent=46054"}],"wp:term":[{"taxonomy":"product_cat","embeddable":true,"href":"https:\/\/swiss-peak.com\/es\/wp-json\/wp\/v2\/product_cat?post=46054"},{"taxonomy":"product_tag","embeddable":true,"href":"https:\/\/swiss-peak.com\/es\/wp-json\/wp\/v2\/product_tag?post=46054"}],"curies":[{"name":"wp","href":"https:\/\/api.w.org\/{rel}","templated":true}]}}