{"id":46052,"date":"2026-01-01T03:04:08","date_gmt":"2026-01-01T02:00:18","guid":{"rendered":"https:\/\/swiss-peak.com\/set-de-regalo-business-swiss-peak-con-certificacion-rcs-negro\/"},"modified":"2026-03-12T04:08:36","modified_gmt":"2026-03-12T02:08:36","slug":"set-de-regalo-business-swiss-peak-con-certificacion-rcs-negro","status":"publish","type":"product","link":"https:\/\/swiss-peak.com\/es\/producto\/set-de-regalo-business-swiss-peak-con-certificacion-rcs-negro\/","title":{"rendered":"Set de regalo business Swiss Peak con certificaci\u00f3n RCS, negro"},"content":{"rendered":"<p>Este lujoso set de regalo b\u00e1sico incluye lo esencial para tu d\u00eda a d\u00eda.<br \/>\nPara tener tus llaves siempre a mano, el set incluye un llavero premium Swiss Peak con un acabado met\u00e1lico brillante y una correa de piel sint\u00e9tica de excelente calidad.<br \/>\n\u00bfNecesitas anotar tus ideas? Este set tambi\u00e9n incluye un elegante bol\u00edgrafo de negocios con una capacidad de escritura de 1000 metros y una libreta de piel sint\u00e9tica suave al tacto, hecha de poli\u00e9ster reciclado. La libreta contiene 160 p\u00e1ginas color crema hechas de papel reciclado con certificaci\u00f3n RCS. Todos los art\u00edculos de este set de regalo cuentan con la certificaci\u00f3n RCS, lo que garantiza una cadena de suministro totalmente verificada para los materiales reciclados utilizados. En total, los productos de este set est\u00e1n compuestos por un 75% de contenido reciclado.<\/p>\n","protected":false},"excerpt":{"rendered":"<p>Este lujoso set de regalo b\u00e1sico incluye lo esencial para tu d\u00eda a d\u00eda. Para tener tus llaves siempre a mano, el set incluye un llavero premium Swiss Peak con un acabado met\u00e1lico brillante y una correa de piel sint\u00e9tica de excelente calidad. \u00bfNecesitas anotar tus ideas? Este set tambi\u00e9n incluye un elegante bol\u00edgrafo de [&hellip;]<\/p>\n","protected":false},"featured_media":45808,"template":"","meta":{"_acf_changed":false},"product_cat":[300],"product_tag":[],"class_list":["post-46052","product","type-product","status-publish","has-post-thumbnail","hentry","product_cat-oficina-escritura","pa_color-black-es"],"acf":[],"yoast_head":"<!-- This site is optimized with the Yoast SEO plugin v27.0 - https:\/\/yoast.com\/product\/yoast-seo-wordpress\/ -->\n<title>Set de regalo business Swiss Peak con certificaci\u00f3n RCS, negro - Swiss Peak<\/title>\n<meta name=\"robots\" content=\"index, follow, max-snippet:-1, max-image-preview:large, max-video-preview:-1\" \/>\n<link rel=\"canonical\" href=\"https:\/\/swiss-peak.com\/es\/producto\/set-de-regalo-business-swiss-peak-con-certificacion-rcs-negro\/\" \/>\n<meta property=\"og:locale\" content=\"es_ES\" \/>\n<meta property=\"og:type\" content=\"article\" \/>\n<meta property=\"og:title\" content=\"Set de regalo business Swiss Peak con certificaci\u00f3n RCS, negro - Swiss Peak\" \/>\n<meta property=\"og:description\" content=\"Este lujoso set de regalo b\u00e1sico incluye lo esencial para tu d\u00eda a d\u00eda. Para tener tus llaves siempre a mano, el set incluye un llavero premium Swiss Peak con un acabado met\u00e1lico brillante y una correa de piel sint\u00e9tica de excelente calidad. \u00bfNecesitas anotar tus ideas? Este set tambi\u00e9n incluye un elegante bol\u00edgrafo de [&hellip;]\" \/>\n<meta property=\"og:url\" content=\"https:\/\/swiss-peak.com\/es\/producto\/set-de-regalo-business-swiss-peak-con-certificacion-rcs-negro\/\" \/>\n<meta property=\"og:site_name\" content=\"Swiss Peak\" \/>\n<meta property=\"article:modified_time\" content=\"2026-03-12T02:08:36+00:00\" \/>\n<meta property=\"og:image\" content=\"https:\/\/swiss-peak.com\/wp-content\/uploads\/sites\/9\/2026\/01\/P774.6601__S_0__af28c7384831426f9fc6999a714bc7ef.jpg\" \/>\n\t<meta property=\"og:image:width\" content=\"1024\" \/>\n\t<meta property=\"og:image:height\" content=\"1024\" \/>\n\t<meta property=\"og:image:type\" content=\"image\/jpeg\" \/>\n<meta name=\"twitter:card\" content=\"summary_large_image\" \/>\n<meta name=\"twitter:label1\" content=\"Tiempo de lectura\" \/>\n\t<meta name=\"twitter:data1\" content=\"1 minuto\" \/>\n<script type=\"application\/ld+json\" class=\"yoast-schema-graph\">{\"@context\":\"https:\/\/schema.org\",\"@graph\":[{\"@type\":\"WebPage\",\"@id\":\"https:\/\/swiss-peak.com\/es\/producto\/set-de-regalo-business-swiss-peak-con-certificacion-rcs-negro\/\",\"url\":\"https:\/\/swiss-peak.com\/es\/producto\/set-de-regalo-business-swiss-peak-con-certificacion-rcs-negro\/\",\"name\":\"Set de regalo business Swiss Peak con certificaci\u00f3n RCS, negro - Swiss Peak\",\"isPartOf\":{\"@id\":\"https:\/\/swiss-peak.com\/es\/#website\"},\"primaryImageOfPage\":{\"@id\":\"https:\/\/swiss-peak.com\/es\/producto\/set-de-regalo-business-swiss-peak-con-certificacion-rcs-negro\/#primaryimage\"},\"image\":{\"@id\":\"https:\/\/swiss-peak.com\/es\/producto\/set-de-regalo-business-swiss-peak-con-certificacion-rcs-negro\/#primaryimage\"},\"thumbnailUrl\":\"https:\/\/swiss-peak.com\/wp-content\/uploads\/sites\/9\/2026\/01\/P774.6601__S_0__af28c7384831426f9fc6999a714bc7ef.jpg\",\"datePublished\":\"2026-01-01T02:00:18+00:00\",\"dateModified\":\"2026-03-12T02:08:36+00:00\",\"breadcrumb\":{\"@id\":\"https:\/\/swiss-peak.com\/es\/producto\/set-de-regalo-business-swiss-peak-con-certificacion-rcs-negro\/#breadcrumb\"},\"inLanguage\":\"es\",\"potentialAction\":[{\"@type\":\"ReadAction\",\"target\":[\"https:\/\/swiss-peak.com\/es\/producto\/set-de-regalo-business-swiss-peak-con-certificacion-rcs-negro\/\"]}]},{\"@type\":\"ImageObject\",\"inLanguage\":\"es\",\"@id\":\"https:\/\/swiss-peak.com\/es\/producto\/set-de-regalo-business-swiss-peak-con-certificacion-rcs-negro\/#primaryimage\",\"url\":\"https:\/\/swiss-peak.com\/wp-content\/uploads\/sites\/9\/2026\/01\/P774.6601__S_0__af28c7384831426f9fc6999a714bc7ef.jpg\",\"contentUrl\":\"https:\/\/swiss-peak.com\/wp-content\/uploads\/sites\/9\/2026\/01\/P774.6601__S_0__af28c7384831426f9fc6999a714bc7ef.jpg\",\"width\":1024,\"height\":1024},{\"@type\":\"BreadcrumbList\",\"@id\":\"https:\/\/swiss-peak.com\/es\/producto\/set-de-regalo-business-swiss-peak-con-certificacion-rcs-negro\/#breadcrumb\",\"itemListElement\":[{\"@type\":\"ListItem\",\"position\":1,\"name\":\"Home\",\"item\":\"https:\/\/swiss-peak.com\/es\/\"},{\"@type\":\"ListItem\",\"position\":2,\"name\":\"Colecci\u00f3n\",\"item\":\"https:\/\/swiss-peak.com\/es\/coleccion\/\"},{\"@type\":\"ListItem\",\"position\":3,\"name\":\"Set de regalo business Swiss Peak con certificaci\u00f3n RCS, negro\"}]},{\"@type\":\"WebSite\",\"@id\":\"https:\/\/swiss-peak.com\/es\/#website\",\"url\":\"https:\/\/swiss-peak.com\/es\/\",\"name\":\"Swiss Peak\",\"description\":\"Where will today take you?\",\"potentialAction\":[{\"@type\":\"SearchAction\",\"target\":{\"@type\":\"EntryPoint\",\"urlTemplate\":\"https:\/\/swiss-peak.com\/es\/?s={search_term_string}\"},\"query-input\":{\"@type\":\"PropertyValueSpecification\",\"valueRequired\":true,\"valueName\":\"search_term_string\"}}],\"inLanguage\":\"es\"}]}<\/script>\n<!-- \/ Yoast SEO plugin. -->","yoast_head_json":{"title":"Set de regalo business Swiss Peak con certificaci\u00f3n RCS, negro - Swiss Peak","robots":{"index":"index","follow":"follow","max-snippet":"max-snippet:-1","max-image-preview":"max-image-preview:large","max-video-preview":"max-video-preview:-1"},"canonical":"https:\/\/swiss-peak.com\/es\/producto\/set-de-regalo-business-swiss-peak-con-certificacion-rcs-negro\/","og_locale":"es_ES","og_type":"article","og_title":"Set de regalo business Swiss Peak con certificaci\u00f3n RCS, negro - Swiss Peak","og_description":"Este lujoso set de regalo b\u00e1sico incluye lo esencial para tu d\u00eda a d\u00eda. Para tener tus llaves siempre a mano, el set incluye un llavero premium Swiss Peak con un acabado met\u00e1lico brillante y una correa de piel sint\u00e9tica de excelente calidad. \u00bfNecesitas anotar tus ideas? Este set tambi\u00e9n incluye un elegante bol\u00edgrafo de [&hellip;]","og_url":"https:\/\/swiss-peak.com\/es\/producto\/set-de-regalo-business-swiss-peak-con-certificacion-rcs-negro\/","og_site_name":"Swiss Peak","article_modified_time":"2026-03-12T02:08:36+00:00","og_image":[{"width":1024,"height":1024,"url":"https:\/\/swiss-peak.com\/wp-content\/uploads\/sites\/9\/2026\/01\/P774.6601__S_0__af28c7384831426f9fc6999a714bc7ef.jpg","type":"image\/jpeg"}],"twitter_card":"summary_large_image","twitter_misc":{"Tiempo de lectura":"1 minuto"},"schema":{"@context":"https:\/\/schema.org","@graph":[{"@type":"WebPage","@id":"https:\/\/swiss-peak.com\/es\/producto\/set-de-regalo-business-swiss-peak-con-certificacion-rcs-negro\/","url":"https:\/\/swiss-peak.com\/es\/producto\/set-de-regalo-business-swiss-peak-con-certificacion-rcs-negro\/","name":"Set de regalo business Swiss Peak con certificaci\u00f3n RCS, negro - Swiss Peak","isPartOf":{"@id":"https:\/\/swiss-peak.com\/es\/#website"},"primaryImageOfPage":{"@id":"https:\/\/swiss-peak.com\/es\/producto\/set-de-regalo-business-swiss-peak-con-certificacion-rcs-negro\/#primaryimage"},"image":{"@id":"https:\/\/swiss-peak.com\/es\/producto\/set-de-regalo-business-swiss-peak-con-certificacion-rcs-negro\/#primaryimage"},"thumbnailUrl":"https:\/\/swiss-peak.com\/wp-content\/uploads\/sites\/9\/2026\/01\/P774.6601__S_0__af28c7384831426f9fc6999a714bc7ef.jpg","datePublished":"2026-01-01T02:00:18+00:00","dateModified":"2026-03-12T02:08:36+00:00","breadcrumb":{"@id":"https:\/\/swiss-peak.com\/es\/producto\/set-de-regalo-business-swiss-peak-con-certificacion-rcs-negro\/#breadcrumb"},"inLanguage":"es","potentialAction":[{"@type":"ReadAction","target":["https:\/\/swiss-peak.com\/es\/producto\/set-de-regalo-business-swiss-peak-con-certificacion-rcs-negro\/"]}]},{"@type":"ImageObject","inLanguage":"es","@id":"https:\/\/swiss-peak.com\/es\/producto\/set-de-regalo-business-swiss-peak-con-certificacion-rcs-negro\/#primaryimage","url":"https:\/\/swiss-peak.com\/wp-content\/uploads\/sites\/9\/2026\/01\/P774.6601__S_0__af28c7384831426f9fc6999a714bc7ef.jpg","contentUrl":"https:\/\/swiss-peak.com\/wp-content\/uploads\/sites\/9\/2026\/01\/P774.6601__S_0__af28c7384831426f9fc6999a714bc7ef.jpg","width":1024,"height":1024},{"@type":"BreadcrumbList","@id":"https:\/\/swiss-peak.com\/es\/producto\/set-de-regalo-business-swiss-peak-con-certificacion-rcs-negro\/#breadcrumb","itemListElement":[{"@type":"ListItem","position":1,"name":"Home","item":"https:\/\/swiss-peak.com\/es\/"},{"@type":"ListItem","position":2,"name":"Colecci\u00f3n","item":"https:\/\/swiss-peak.com\/es\/coleccion\/"},{"@type":"ListItem","position":3,"name":"Set de regalo business Swiss Peak con certificaci\u00f3n RCS, negro"}]},{"@type":"WebSite","@id":"https:\/\/swiss-peak.com\/es\/#website","url":"https:\/\/swiss-peak.com\/es\/","name":"Swiss Peak","description":"Where will today take you?","potentialAction":[{"@type":"SearchAction","target":{"@type":"EntryPoint","urlTemplate":"https:\/\/swiss-peak.com\/es\/?s={search_term_string}"},"query-input":{"@type":"PropertyValueSpecification","valueRequired":true,"valueName":"search_term_string"}}],"inLanguage":"es"}]}},"_links":{"self":[{"href":"https:\/\/swiss-peak.com\/es\/wp-json\/wp\/v2\/product\/46052","targetHints":{"allow":["GET"]}}],"collection":[{"href":"https:\/\/swiss-peak.com\/es\/wp-json\/wp\/v2\/product"}],"about":[{"href":"https:\/\/swiss-peak.com\/es\/wp-json\/wp\/v2\/types\/product"}],"wp:featuredmedia":[{"embeddable":true,"href":"https:\/\/swiss-peak.com\/es\/wp-json\/wp\/v2\/media\/45808"}],"wp:attachment":[{"href":"https:\/\/swiss-peak.com\/es\/wp-json\/wp\/v2\/media?parent=46052"}],"wp:term":[{"taxonomy":"product_cat","embeddable":true,"href":"https:\/\/swiss-peak.com\/es\/wp-json\/wp\/v2\/product_cat?post=46052"},{"taxonomy":"product_tag","embeddable":true,"href":"https:\/\/swiss-peak.com\/es\/wp-json\/wp\/v2\/product_tag?post=46052"}],"curies":[{"name":"wp","href":"https:\/\/api.w.org\/{rel}","templated":true}]}}