{"id":45711,"date":"2025-08-01T02:02:42","date_gmt":"2025-08-01T01:00:45","guid":{"rendered":"https:\/\/swiss-peak.com\/paraguas-swiss-peak-vero-aware-rpet-25-con-lujoso-mango-negro\/"},"modified":"2026-03-12T04:10:51","modified_gmt":"2026-03-12T02:10:51","slug":"paraguas-swiss-peak-vero-aware-rpet-25-con-lujoso-mango-negro","status":"publish","type":"product","link":"https:\/\/swiss-peak.com\/es\/producto\/paraguas-swiss-peak-vero-aware-rpet-25-con-lujoso-mango-negro\/","title":{"rendered":"Paraguas Swiss Peak Vero Aware\u2122 RPET 25\u201d con lujoso mango, negro"},"content":{"rendered":"<p>El paraguas autom\u00e1tico Swiss Peak Vero AWARE\u2122 RPET de 25 pulgadas es un accesorio premium de pongee resistente a las tormentas, dise\u00f1ado para ofrecer durabilidad y rendimiento. Fabricado con 100 % rPET 190T y el marcador AWARE\u2122, garantiza el uso genuino de materiales reciclados. La funci\u00f3n de apertura autom\u00e1tica y cierre manual ofrece comodidad, mientras que el marco de fibra de vidrio y el mango de acero proporcionan resistencia al viento. Con 8 varillas resistentes y 8 paneles, este paraguas ofrece una cobertura \u00f3ptima. El lujoso mango de PU de poli\u00e9ster reciclado garantiza un agarre c\u00f3modo. Incluye una etiqueta colgante Swiss Peak con un c\u00f3digo QR para el pasaporte digital del producto.<\/p>\n","protected":false},"excerpt":{"rendered":"<p>El paraguas autom\u00e1tico Swiss Peak Vero AWARE\u2122 RPET de 25 pulgadas es un accesorio premium de pongee resistente a las tormentas, dise\u00f1ado para ofrecer durabilidad y rendimiento. Fabricado con 100 % rPET 190T y el marcador AWARE\u2122, garantiza el uso genuino de materiales reciclados. La funci\u00f3n de apertura autom\u00e1tica y cierre manual ofrece comodidad, mientras [&hellip;]<\/p>\n","protected":false},"featured_media":45750,"template":"","meta":{"_acf_changed":false},"product_cat":[309,321],"product_tag":[],"class_list":["post-45711","product","type-product","status-publish","has-post-thumbnail","hentry","product_cat-ocio-deporte","product_cat-paraguas","pa_color-black-es"],"acf":[],"yoast_head":"<!-- This site is optimized with the Yoast SEO plugin v27.0 - https:\/\/yoast.com\/product\/yoast-seo-wordpress\/ -->\n<title>Paraguas Swiss Peak Vero Aware\u2122 RPET 25\u201d con lujoso mango, negro - Swiss Peak<\/title>\n<meta name=\"robots\" content=\"index, follow, max-snippet:-1, max-image-preview:large, max-video-preview:-1\" \/>\n<link rel=\"canonical\" href=\"https:\/\/swiss-peak.com\/es\/producto\/paraguas-swiss-peak-vero-aware-rpet-25-con-lujoso-mango-negro\/\" \/>\n<meta property=\"og:locale\" content=\"es_ES\" \/>\n<meta property=\"og:type\" content=\"article\" \/>\n<meta property=\"og:title\" content=\"Paraguas Swiss Peak Vero Aware\u2122 RPET 25\u201d con lujoso mango, negro - Swiss Peak\" \/>\n<meta property=\"og:description\" content=\"El paraguas autom\u00e1tico Swiss Peak Vero AWARE\u2122 RPET de 25 pulgadas es un accesorio premium de pongee resistente a las tormentas, dise\u00f1ado para ofrecer durabilidad y rendimiento. Fabricado con 100 % rPET 190T y el marcador AWARE\u2122, garantiza el uso genuino de materiales reciclados. La funci\u00f3n de apertura autom\u00e1tica y cierre manual ofrece comodidad, mientras [&hellip;]\" \/>\n<meta property=\"og:url\" content=\"https:\/\/swiss-peak.com\/es\/producto\/paraguas-swiss-peak-vero-aware-rpet-25-con-lujoso-mango-negro\/\" \/>\n<meta property=\"og:site_name\" content=\"Swiss Peak\" \/>\n<meta property=\"article:modified_time\" content=\"2026-03-12T02:10:51+00:00\" \/>\n<meta property=\"og:image\" content=\"https:\/\/swiss-peak.com\/wp-content\/uploads\/sites\/9\/2025\/10\/P850.7501__S_0__bf9f88df7a61434b800442e878f800cb.jpg\" \/>\n\t<meta property=\"og:image:width\" content=\"1024\" \/>\n\t<meta property=\"og:image:height\" content=\"1024\" \/>\n\t<meta property=\"og:image:type\" content=\"image\/jpeg\" \/>\n<meta name=\"twitter:card\" content=\"summary_large_image\" \/>\n<meta name=\"twitter:label1\" content=\"Tiempo de lectura\" \/>\n\t<meta name=\"twitter:data1\" content=\"1 minuto\" \/>\n<script type=\"application\/ld+json\" class=\"yoast-schema-graph\">{\"@context\":\"https:\/\/schema.org\",\"@graph\":[{\"@type\":\"WebPage\",\"@id\":\"https:\/\/swiss-peak.com\/es\/producto\/paraguas-swiss-peak-vero-aware-rpet-25-con-lujoso-mango-negro\/\",\"url\":\"https:\/\/swiss-peak.com\/es\/producto\/paraguas-swiss-peak-vero-aware-rpet-25-con-lujoso-mango-negro\/\",\"name\":\"Paraguas Swiss Peak Vero Aware\u2122 RPET 25\u201d con lujoso mango, negro - Swiss Peak\",\"isPartOf\":{\"@id\":\"https:\/\/swiss-peak.com\/es\/#website\"},\"primaryImageOfPage\":{\"@id\":\"https:\/\/swiss-peak.com\/es\/producto\/paraguas-swiss-peak-vero-aware-rpet-25-con-lujoso-mango-negro\/#primaryimage\"},\"image\":{\"@id\":\"https:\/\/swiss-peak.com\/es\/producto\/paraguas-swiss-peak-vero-aware-rpet-25-con-lujoso-mango-negro\/#primaryimage\"},\"thumbnailUrl\":\"https:\/\/swiss-peak.com\/wp-content\/uploads\/sites\/9\/2025\/10\/P850.7501__S_0__bf9f88df7a61434b800442e878f800cb.jpg\",\"datePublished\":\"2025-08-01T01:00:45+00:00\",\"dateModified\":\"2026-03-12T02:10:51+00:00\",\"breadcrumb\":{\"@id\":\"https:\/\/swiss-peak.com\/es\/producto\/paraguas-swiss-peak-vero-aware-rpet-25-con-lujoso-mango-negro\/#breadcrumb\"},\"inLanguage\":\"es\",\"potentialAction\":[{\"@type\":\"ReadAction\",\"target\":[\"https:\/\/swiss-peak.com\/es\/producto\/paraguas-swiss-peak-vero-aware-rpet-25-con-lujoso-mango-negro\/\"]}]},{\"@type\":\"ImageObject\",\"inLanguage\":\"es\",\"@id\":\"https:\/\/swiss-peak.com\/es\/producto\/paraguas-swiss-peak-vero-aware-rpet-25-con-lujoso-mango-negro\/#primaryimage\",\"url\":\"https:\/\/swiss-peak.com\/wp-content\/uploads\/sites\/9\/2025\/10\/P850.7501__S_0__bf9f88df7a61434b800442e878f800cb.jpg\",\"contentUrl\":\"https:\/\/swiss-peak.com\/wp-content\/uploads\/sites\/9\/2025\/10\/P850.7501__S_0__bf9f88df7a61434b800442e878f800cb.jpg\",\"width\":1024,\"height\":1024},{\"@type\":\"BreadcrumbList\",\"@id\":\"https:\/\/swiss-peak.com\/es\/producto\/paraguas-swiss-peak-vero-aware-rpet-25-con-lujoso-mango-negro\/#breadcrumb\",\"itemListElement\":[{\"@type\":\"ListItem\",\"position\":1,\"name\":\"Home\",\"item\":\"https:\/\/swiss-peak.com\/es\/\"},{\"@type\":\"ListItem\",\"position\":2,\"name\":\"Colecci\u00f3n\",\"item\":\"https:\/\/swiss-peak.com\/es\/coleccion\/\"},{\"@type\":\"ListItem\",\"position\":3,\"name\":\"Paraguas Swiss Peak Vero Aware\u2122 RPET 25\u201d con lujoso mango, negro\"}]},{\"@type\":\"WebSite\",\"@id\":\"https:\/\/swiss-peak.com\/es\/#website\",\"url\":\"https:\/\/swiss-peak.com\/es\/\",\"name\":\"Swiss Peak\",\"description\":\"Where will today take you?\",\"potentialAction\":[{\"@type\":\"SearchAction\",\"target\":{\"@type\":\"EntryPoint\",\"urlTemplate\":\"https:\/\/swiss-peak.com\/es\/?s={search_term_string}\"},\"query-input\":{\"@type\":\"PropertyValueSpecification\",\"valueRequired\":true,\"valueName\":\"search_term_string\"}}],\"inLanguage\":\"es\"}]}<\/script>\n<!-- \/ Yoast SEO plugin. -->","yoast_head_json":{"title":"Paraguas Swiss Peak Vero Aware\u2122 RPET 25\u201d con lujoso mango, negro - Swiss Peak","robots":{"index":"index","follow":"follow","max-snippet":"max-snippet:-1","max-image-preview":"max-image-preview:large","max-video-preview":"max-video-preview:-1"},"canonical":"https:\/\/swiss-peak.com\/es\/producto\/paraguas-swiss-peak-vero-aware-rpet-25-con-lujoso-mango-negro\/","og_locale":"es_ES","og_type":"article","og_title":"Paraguas Swiss Peak Vero Aware\u2122 RPET 25\u201d con lujoso mango, negro - Swiss Peak","og_description":"El paraguas autom\u00e1tico Swiss Peak Vero AWARE\u2122 RPET de 25 pulgadas es un accesorio premium de pongee resistente a las tormentas, dise\u00f1ado para ofrecer durabilidad y rendimiento. Fabricado con 100 % rPET 190T y el marcador AWARE\u2122, garantiza el uso genuino de materiales reciclados. La funci\u00f3n de apertura autom\u00e1tica y cierre manual ofrece comodidad, mientras [&hellip;]","og_url":"https:\/\/swiss-peak.com\/es\/producto\/paraguas-swiss-peak-vero-aware-rpet-25-con-lujoso-mango-negro\/","og_site_name":"Swiss Peak","article_modified_time":"2026-03-12T02:10:51+00:00","og_image":[{"width":1024,"height":1024,"url":"https:\/\/swiss-peak.com\/wp-content\/uploads\/sites\/9\/2025\/10\/P850.7501__S_0__bf9f88df7a61434b800442e878f800cb.jpg","type":"image\/jpeg"}],"twitter_card":"summary_large_image","twitter_misc":{"Tiempo de lectura":"1 minuto"},"schema":{"@context":"https:\/\/schema.org","@graph":[{"@type":"WebPage","@id":"https:\/\/swiss-peak.com\/es\/producto\/paraguas-swiss-peak-vero-aware-rpet-25-con-lujoso-mango-negro\/","url":"https:\/\/swiss-peak.com\/es\/producto\/paraguas-swiss-peak-vero-aware-rpet-25-con-lujoso-mango-negro\/","name":"Paraguas Swiss Peak Vero Aware\u2122 RPET 25\u201d con lujoso mango, negro - Swiss Peak","isPartOf":{"@id":"https:\/\/swiss-peak.com\/es\/#website"},"primaryImageOfPage":{"@id":"https:\/\/swiss-peak.com\/es\/producto\/paraguas-swiss-peak-vero-aware-rpet-25-con-lujoso-mango-negro\/#primaryimage"},"image":{"@id":"https:\/\/swiss-peak.com\/es\/producto\/paraguas-swiss-peak-vero-aware-rpet-25-con-lujoso-mango-negro\/#primaryimage"},"thumbnailUrl":"https:\/\/swiss-peak.com\/wp-content\/uploads\/sites\/9\/2025\/10\/P850.7501__S_0__bf9f88df7a61434b800442e878f800cb.jpg","datePublished":"2025-08-01T01:00:45+00:00","dateModified":"2026-03-12T02:10:51+00:00","breadcrumb":{"@id":"https:\/\/swiss-peak.com\/es\/producto\/paraguas-swiss-peak-vero-aware-rpet-25-con-lujoso-mango-negro\/#breadcrumb"},"inLanguage":"es","potentialAction":[{"@type":"ReadAction","target":["https:\/\/swiss-peak.com\/es\/producto\/paraguas-swiss-peak-vero-aware-rpet-25-con-lujoso-mango-negro\/"]}]},{"@type":"ImageObject","inLanguage":"es","@id":"https:\/\/swiss-peak.com\/es\/producto\/paraguas-swiss-peak-vero-aware-rpet-25-con-lujoso-mango-negro\/#primaryimage","url":"https:\/\/swiss-peak.com\/wp-content\/uploads\/sites\/9\/2025\/10\/P850.7501__S_0__bf9f88df7a61434b800442e878f800cb.jpg","contentUrl":"https:\/\/swiss-peak.com\/wp-content\/uploads\/sites\/9\/2025\/10\/P850.7501__S_0__bf9f88df7a61434b800442e878f800cb.jpg","width":1024,"height":1024},{"@type":"BreadcrumbList","@id":"https:\/\/swiss-peak.com\/es\/producto\/paraguas-swiss-peak-vero-aware-rpet-25-con-lujoso-mango-negro\/#breadcrumb","itemListElement":[{"@type":"ListItem","position":1,"name":"Home","item":"https:\/\/swiss-peak.com\/es\/"},{"@type":"ListItem","position":2,"name":"Colecci\u00f3n","item":"https:\/\/swiss-peak.com\/es\/coleccion\/"},{"@type":"ListItem","position":3,"name":"Paraguas Swiss Peak Vero Aware\u2122 RPET 25\u201d con lujoso mango, negro"}]},{"@type":"WebSite","@id":"https:\/\/swiss-peak.com\/es\/#website","url":"https:\/\/swiss-peak.com\/es\/","name":"Swiss Peak","description":"Where will today take you?","potentialAction":[{"@type":"SearchAction","target":{"@type":"EntryPoint","urlTemplate":"https:\/\/swiss-peak.com\/es\/?s={search_term_string}"},"query-input":{"@type":"PropertyValueSpecification","valueRequired":true,"valueName":"search_term_string"}}],"inLanguage":"es"}]}},"_links":{"self":[{"href":"https:\/\/swiss-peak.com\/es\/wp-json\/wp\/v2\/product\/45711","targetHints":{"allow":["GET"]}}],"collection":[{"href":"https:\/\/swiss-peak.com\/es\/wp-json\/wp\/v2\/product"}],"about":[{"href":"https:\/\/swiss-peak.com\/es\/wp-json\/wp\/v2\/types\/product"}],"wp:featuredmedia":[{"embeddable":true,"href":"https:\/\/swiss-peak.com\/es\/wp-json\/wp\/v2\/media\/45750"}],"wp:attachment":[{"href":"https:\/\/swiss-peak.com\/es\/wp-json\/wp\/v2\/media?parent=45711"}],"wp:term":[{"taxonomy":"product_cat","embeddable":true,"href":"https:\/\/swiss-peak.com\/es\/wp-json\/wp\/v2\/product_cat?post=45711"},{"taxonomy":"product_tag","embeddable":true,"href":"https:\/\/swiss-peak.com\/es\/wp-json\/wp\/v2\/product_tag?post=45711"}],"curies":[{"name":"wp","href":"https:\/\/api.w.org\/{rel}","templated":true}]}}