{"id":45710,"date":"2025-08-01T02:00:21","date_gmt":"2025-08-01T01:00:14","guid":{"rendered":"https:\/\/swiss-peak.com\/altavoz-swiss-peak-rcs-de-aluminio-reciclado-10w-gris\/"},"modified":"2026-03-12T04:02:48","modified_gmt":"2026-03-12T02:02:48","slug":"altavoz-swiss-peak-rcs-de-aluminio-reciclado-10w-gris","status":"publish","type":"product","link":"https:\/\/swiss-peak.com\/es\/producto\/altavoz-swiss-peak-rcs-de-aluminio-reciclado-10w-gris\/","title":{"rendered":"Altavoz 10W aluminio reciclado RCS, gris"},"content":{"rendered":"<p>El altavoz Swiss Peak RCS de aluminio reciclado de 10W ofrece un audio potente y de alta calidad con graves profundos y resonantes gracias a su subwoofer integrado y sus dos altavoces de 5W. Dise\u00f1ado para un rendimiento de sonido excepcional, cuenta con Bluetooth 5.3 para una conectividad fluida y emparejamiento autom\u00e1tico, lo que garantiza una configuraci\u00f3n sencilla con tus dispositivos. Bater\u00eda de pol\u00edmero de iones de litio de 1200 mAh, el altavoz ofrece hasta 5 horas de reproducci\u00f3n al 50% del volumen y se recarga completamente en tan solo 2,5 horas mediante el cable USB-C a USB-C incluido. Puerto USB-C y un puerto AUX. Fabricado con aluminio reciclado con certificaci\u00f3n RCS. RCS (Recycled Claim Standard) es un est\u00e1ndar que verifica el contenido reciclado de un producto a lo largo de toda la cadena de suministro. Contenido reciclado total: 40% del peso total del art\u00edculo. Este altavoz no contiene PVC y se presenta en una caja de regalo con certificaci\u00f3n FSC. Correa de transporte.<\/p>\n","protected":false},"excerpt":{"rendered":"<p>El altavoz Swiss Peak RCS de aluminio reciclado de 10W ofrece un audio potente y de alta calidad con graves profundos y resonantes gracias a su subwoofer integrado y sus dos altavoces de 5W. Dise\u00f1ado para un rendimiento de sonido excepcional, cuenta con Bluetooth 5.3 para una conectividad fluida y emparejamiento autom\u00e1tico, lo que garantiza [&hellip;]<\/p>\n","protected":false},"featured_media":45743,"template":"","meta":{"_acf_changed":false},"product_cat":[314,309],"product_tag":[],"class_list":["post-45710","product","type-product","status-publish","has-post-thumbnail","hentry","product_cat-audio-es","product_cat-ocio-deporte","pa_color-grey-es"],"acf":[],"yoast_head":"<!-- This site is optimized with the Yoast SEO plugin v27.0 - https:\/\/yoast.com\/product\/yoast-seo-wordpress\/ -->\n<title>Altavoz 10W aluminio reciclado RCS, gris - Swiss Peak<\/title>\n<meta name=\"robots\" content=\"index, follow, max-snippet:-1, max-image-preview:large, max-video-preview:-1\" \/>\n<link rel=\"canonical\" href=\"https:\/\/swiss-peak.com\/es\/producto\/altavoz-swiss-peak-rcs-de-aluminio-reciclado-10w-gris\/\" \/>\n<meta property=\"og:locale\" content=\"es_ES\" \/>\n<meta property=\"og:type\" content=\"article\" \/>\n<meta property=\"og:title\" content=\"Altavoz 10W aluminio reciclado RCS, gris - Swiss Peak\" \/>\n<meta property=\"og:description\" content=\"El altavoz Swiss Peak RCS de aluminio reciclado de 10W ofrece un audio potente y de alta calidad con graves profundos y resonantes gracias a su subwoofer integrado y sus dos altavoces de 5W. Dise\u00f1ado para un rendimiento de sonido excepcional, cuenta con Bluetooth 5.3 para una conectividad fluida y emparejamiento autom\u00e1tico, lo que garantiza [&hellip;]\" \/>\n<meta property=\"og:url\" content=\"https:\/\/swiss-peak.com\/es\/producto\/altavoz-swiss-peak-rcs-de-aluminio-reciclado-10w-gris\/\" \/>\n<meta property=\"og:site_name\" content=\"Swiss Peak\" \/>\n<meta property=\"article:modified_time\" content=\"2026-03-12T02:02:48+00:00\" \/>\n<meta property=\"og:image\" content=\"https:\/\/swiss-peak.com\/wp-content\/uploads\/sites\/9\/2025\/10\/P331.0902__S_0__503c815dfef14cfbada4858420dec47a.jpg\" \/>\n\t<meta property=\"og:image:width\" content=\"1024\" \/>\n\t<meta property=\"og:image:height\" content=\"1024\" \/>\n\t<meta property=\"og:image:type\" content=\"image\/jpeg\" \/>\n<meta name=\"twitter:card\" content=\"summary_large_image\" \/>\n<meta name=\"twitter:label1\" content=\"Tiempo de lectura\" \/>\n\t<meta name=\"twitter:data1\" content=\"1 minuto\" \/>\n<script type=\"application\/ld+json\" class=\"yoast-schema-graph\">{\"@context\":\"https:\/\/schema.org\",\"@graph\":[{\"@type\":\"WebPage\",\"@id\":\"https:\/\/swiss-peak.com\/es\/producto\/altavoz-swiss-peak-rcs-de-aluminio-reciclado-10w-gris\/\",\"url\":\"https:\/\/swiss-peak.com\/es\/producto\/altavoz-swiss-peak-rcs-de-aluminio-reciclado-10w-gris\/\",\"name\":\"Altavoz 10W aluminio reciclado RCS, gris - Swiss Peak\",\"isPartOf\":{\"@id\":\"https:\/\/swiss-peak.com\/es\/#website\"},\"primaryImageOfPage\":{\"@id\":\"https:\/\/swiss-peak.com\/es\/producto\/altavoz-swiss-peak-rcs-de-aluminio-reciclado-10w-gris\/#primaryimage\"},\"image\":{\"@id\":\"https:\/\/swiss-peak.com\/es\/producto\/altavoz-swiss-peak-rcs-de-aluminio-reciclado-10w-gris\/#primaryimage\"},\"thumbnailUrl\":\"https:\/\/swiss-peak.com\/wp-content\/uploads\/sites\/9\/2025\/10\/P331.0902__S_0__503c815dfef14cfbada4858420dec47a.jpg\",\"datePublished\":\"2025-08-01T01:00:14+00:00\",\"dateModified\":\"2026-03-12T02:02:48+00:00\",\"breadcrumb\":{\"@id\":\"https:\/\/swiss-peak.com\/es\/producto\/altavoz-swiss-peak-rcs-de-aluminio-reciclado-10w-gris\/#breadcrumb\"},\"inLanguage\":\"es\",\"potentialAction\":[{\"@type\":\"ReadAction\",\"target\":[\"https:\/\/swiss-peak.com\/es\/producto\/altavoz-swiss-peak-rcs-de-aluminio-reciclado-10w-gris\/\"]}]},{\"@type\":\"ImageObject\",\"inLanguage\":\"es\",\"@id\":\"https:\/\/swiss-peak.com\/es\/producto\/altavoz-swiss-peak-rcs-de-aluminio-reciclado-10w-gris\/#primaryimage\",\"url\":\"https:\/\/swiss-peak.com\/wp-content\/uploads\/sites\/9\/2025\/10\/P331.0902__S_0__503c815dfef14cfbada4858420dec47a.jpg\",\"contentUrl\":\"https:\/\/swiss-peak.com\/wp-content\/uploads\/sites\/9\/2025\/10\/P331.0902__S_0__503c815dfef14cfbada4858420dec47a.jpg\",\"width\":1024,\"height\":1024},{\"@type\":\"BreadcrumbList\",\"@id\":\"https:\/\/swiss-peak.com\/es\/producto\/altavoz-swiss-peak-rcs-de-aluminio-reciclado-10w-gris\/#breadcrumb\",\"itemListElement\":[{\"@type\":\"ListItem\",\"position\":1,\"name\":\"Home\",\"item\":\"https:\/\/swiss-peak.com\/es\/\"},{\"@type\":\"ListItem\",\"position\":2,\"name\":\"Colecci\u00f3n\",\"item\":\"https:\/\/swiss-peak.com\/es\/coleccion\/\"},{\"@type\":\"ListItem\",\"position\":3,\"name\":\"Altavoz 10W aluminio reciclado RCS, gris\"}]},{\"@type\":\"WebSite\",\"@id\":\"https:\/\/swiss-peak.com\/es\/#website\",\"url\":\"https:\/\/swiss-peak.com\/es\/\",\"name\":\"Swiss Peak\",\"description\":\"Where will today take you?\",\"potentialAction\":[{\"@type\":\"SearchAction\",\"target\":{\"@type\":\"EntryPoint\",\"urlTemplate\":\"https:\/\/swiss-peak.com\/es\/?s={search_term_string}\"},\"query-input\":{\"@type\":\"PropertyValueSpecification\",\"valueRequired\":true,\"valueName\":\"search_term_string\"}}],\"inLanguage\":\"es\"}]}<\/script>\n<!-- \/ Yoast SEO plugin. -->","yoast_head_json":{"title":"Altavoz 10W aluminio reciclado RCS, gris - Swiss Peak","robots":{"index":"index","follow":"follow","max-snippet":"max-snippet:-1","max-image-preview":"max-image-preview:large","max-video-preview":"max-video-preview:-1"},"canonical":"https:\/\/swiss-peak.com\/es\/producto\/altavoz-swiss-peak-rcs-de-aluminio-reciclado-10w-gris\/","og_locale":"es_ES","og_type":"article","og_title":"Altavoz 10W aluminio reciclado RCS, gris - Swiss Peak","og_description":"El altavoz Swiss Peak RCS de aluminio reciclado de 10W ofrece un audio potente y de alta calidad con graves profundos y resonantes gracias a su subwoofer integrado y sus dos altavoces de 5W. Dise\u00f1ado para un rendimiento de sonido excepcional, cuenta con Bluetooth 5.3 para una conectividad fluida y emparejamiento autom\u00e1tico, lo que garantiza [&hellip;]","og_url":"https:\/\/swiss-peak.com\/es\/producto\/altavoz-swiss-peak-rcs-de-aluminio-reciclado-10w-gris\/","og_site_name":"Swiss Peak","article_modified_time":"2026-03-12T02:02:48+00:00","og_image":[{"width":1024,"height":1024,"url":"https:\/\/swiss-peak.com\/wp-content\/uploads\/sites\/9\/2025\/10\/P331.0902__S_0__503c815dfef14cfbada4858420dec47a.jpg","type":"image\/jpeg"}],"twitter_card":"summary_large_image","twitter_misc":{"Tiempo de lectura":"1 minuto"},"schema":{"@context":"https:\/\/schema.org","@graph":[{"@type":"WebPage","@id":"https:\/\/swiss-peak.com\/es\/producto\/altavoz-swiss-peak-rcs-de-aluminio-reciclado-10w-gris\/","url":"https:\/\/swiss-peak.com\/es\/producto\/altavoz-swiss-peak-rcs-de-aluminio-reciclado-10w-gris\/","name":"Altavoz 10W aluminio reciclado RCS, gris - Swiss Peak","isPartOf":{"@id":"https:\/\/swiss-peak.com\/es\/#website"},"primaryImageOfPage":{"@id":"https:\/\/swiss-peak.com\/es\/producto\/altavoz-swiss-peak-rcs-de-aluminio-reciclado-10w-gris\/#primaryimage"},"image":{"@id":"https:\/\/swiss-peak.com\/es\/producto\/altavoz-swiss-peak-rcs-de-aluminio-reciclado-10w-gris\/#primaryimage"},"thumbnailUrl":"https:\/\/swiss-peak.com\/wp-content\/uploads\/sites\/9\/2025\/10\/P331.0902__S_0__503c815dfef14cfbada4858420dec47a.jpg","datePublished":"2025-08-01T01:00:14+00:00","dateModified":"2026-03-12T02:02:48+00:00","breadcrumb":{"@id":"https:\/\/swiss-peak.com\/es\/producto\/altavoz-swiss-peak-rcs-de-aluminio-reciclado-10w-gris\/#breadcrumb"},"inLanguage":"es","potentialAction":[{"@type":"ReadAction","target":["https:\/\/swiss-peak.com\/es\/producto\/altavoz-swiss-peak-rcs-de-aluminio-reciclado-10w-gris\/"]}]},{"@type":"ImageObject","inLanguage":"es","@id":"https:\/\/swiss-peak.com\/es\/producto\/altavoz-swiss-peak-rcs-de-aluminio-reciclado-10w-gris\/#primaryimage","url":"https:\/\/swiss-peak.com\/wp-content\/uploads\/sites\/9\/2025\/10\/P331.0902__S_0__503c815dfef14cfbada4858420dec47a.jpg","contentUrl":"https:\/\/swiss-peak.com\/wp-content\/uploads\/sites\/9\/2025\/10\/P331.0902__S_0__503c815dfef14cfbada4858420dec47a.jpg","width":1024,"height":1024},{"@type":"BreadcrumbList","@id":"https:\/\/swiss-peak.com\/es\/producto\/altavoz-swiss-peak-rcs-de-aluminio-reciclado-10w-gris\/#breadcrumb","itemListElement":[{"@type":"ListItem","position":1,"name":"Home","item":"https:\/\/swiss-peak.com\/es\/"},{"@type":"ListItem","position":2,"name":"Colecci\u00f3n","item":"https:\/\/swiss-peak.com\/es\/coleccion\/"},{"@type":"ListItem","position":3,"name":"Altavoz 10W aluminio reciclado RCS, gris"}]},{"@type":"WebSite","@id":"https:\/\/swiss-peak.com\/es\/#website","url":"https:\/\/swiss-peak.com\/es\/","name":"Swiss Peak","description":"Where will today take you?","potentialAction":[{"@type":"SearchAction","target":{"@type":"EntryPoint","urlTemplate":"https:\/\/swiss-peak.com\/es\/?s={search_term_string}"},"query-input":{"@type":"PropertyValueSpecification","valueRequired":true,"valueName":"search_term_string"}}],"inLanguage":"es"}]}},"_links":{"self":[{"href":"https:\/\/swiss-peak.com\/es\/wp-json\/wp\/v2\/product\/45710","targetHints":{"allow":["GET"]}}],"collection":[{"href":"https:\/\/swiss-peak.com\/es\/wp-json\/wp\/v2\/product"}],"about":[{"href":"https:\/\/swiss-peak.com\/es\/wp-json\/wp\/v2\/types\/product"}],"wp:featuredmedia":[{"embeddable":true,"href":"https:\/\/swiss-peak.com\/es\/wp-json\/wp\/v2\/media\/45743"}],"wp:attachment":[{"href":"https:\/\/swiss-peak.com\/es\/wp-json\/wp\/v2\/media?parent=45710"}],"wp:term":[{"taxonomy":"product_cat","embeddable":true,"href":"https:\/\/swiss-peak.com\/es\/wp-json\/wp\/v2\/product_cat?post=45710"},{"taxonomy":"product_tag","embeddable":true,"href":"https:\/\/swiss-peak.com\/es\/wp-json\/wp\/v2\/product_tag?post=45710"}],"curies":[{"name":"wp","href":"https:\/\/api.w.org\/{rel}","templated":true}]}}