{"id":45606,"date":"2025-05-28T02:00:13","date_gmt":"2025-05-28T01:02:11","guid":{"rendered":"https:\/\/swiss-peak.com\/funda-portatil-14-156-swiss-peak-carga-magnetica-15w-negro\/"},"modified":"2026-03-12T04:02:29","modified_gmt":"2026-03-12T02:02:29","slug":"funda-portatil-14-156-swiss-peak-carga-magnetica-15w-negro","status":"publish","type":"product","link":"https:\/\/swiss-peak.com\/es\/producto\/funda-portatil-14-156-swiss-peak-carga-magnetica-15w-negro\/","title":{"rendered":"Funda port\u00e1til 14&#8243;-15,6&#8243; Swiss Peak carga magn\u00e9tica 15W, negro"},"content":{"rendered":"<p>La funda para port\u00e1til con carga magn\u00e9tica de 15W de poli\u00e9ster reciclado RCS Swiss Peak, dise\u00f1ada para port\u00e1tiles de 14 a 15,6&#8243;, combina estilo, funcionalidad y sostenibilidad. \u00dasala para llevar tu port\u00e1til a cualquier lugar y, cuando llegues a tu destino, convi\u00e9rtela en una estaci\u00f3n de trabajo. Fabricada con poli\u00e9ster reciclado certificado RCS (Recycled Claim Standard), el contenido reciclado total es del 6% en funci\u00f3n del peso total del art\u00edculo. Esta elegante funda cuenta con un cierre magn\u00e9tico y ofrece capacidades de carga magn\u00e9tica inal\u00e1mbrica de 15W para mantener tus dispositivos cargados mientras viajas. Proporciona un equilibrio perfecto entre protecci\u00f3n y portabilidad. La funda viene con un cable RCS Type-C RTPE negro de 120 cm para una conectividad c\u00f3moda y requiere una entrada m\u00ednima de 9V\/2A. Producto presentado en una caja FSC negra sin pl\u00e1stico de Swiss Peak. El art\u00edculo y los accesorios no contienen PVC.<\/p>\n","protected":false},"excerpt":{"rendered":"<p>La funda para port\u00e1til con carga magn\u00e9tica de 15W de poli\u00e9ster reciclado RCS Swiss Peak, dise\u00f1ada para port\u00e1tiles de 14 a 15,6&#8243;, combina estilo, funcionalidad y sostenibilidad. \u00dasala para llevar tu port\u00e1til a cualquier lugar y, cuando llegues a tu destino, convi\u00e9rtela en una estaci\u00f3n de trabajo. Fabricada con poli\u00e9ster reciclado certificado RCS (Recycled Claim [&hellip;]<\/p>\n","protected":false},"featured_media":45517,"template":"","meta":{"_acf_changed":false},"product_cat":[300],"product_tag":[],"class_list":["post-45606","product","type-product","status-publish","has-post-thumbnail","hentry","product_cat-oficina-escritura","pa_color-black-es"],"acf":[],"yoast_head":"<!-- This site is optimized with the Yoast SEO plugin v27.0 - https:\/\/yoast.com\/product\/yoast-seo-wordpress\/ -->\n<title>Funda port\u00e1til 14&quot;-15,6&quot; Swiss Peak carga magn\u00e9tica 15W, negro - Swiss Peak<\/title>\n<meta name=\"robots\" content=\"index, follow, max-snippet:-1, max-image-preview:large, max-video-preview:-1\" \/>\n<link rel=\"canonical\" href=\"https:\/\/swiss-peak.com\/es\/producto\/funda-portatil-14-156-swiss-peak-carga-magnetica-15w-negro\/\" \/>\n<meta property=\"og:locale\" content=\"es_ES\" \/>\n<meta property=\"og:type\" content=\"article\" \/>\n<meta property=\"og:title\" content=\"Funda port\u00e1til 14&quot;-15,6&quot; Swiss Peak carga magn\u00e9tica 15W, negro - Swiss Peak\" \/>\n<meta property=\"og:description\" content=\"La funda para port\u00e1til con carga magn\u00e9tica de 15W de poli\u00e9ster reciclado RCS Swiss Peak, dise\u00f1ada para port\u00e1tiles de 14 a 15,6&#8243;, combina estilo, funcionalidad y sostenibilidad. \u00dasala para llevar tu port\u00e1til a cualquier lugar y, cuando llegues a tu destino, convi\u00e9rtela en una estaci\u00f3n de trabajo. Fabricada con poli\u00e9ster reciclado certificado RCS (Recycled Claim [&hellip;]\" \/>\n<meta property=\"og:url\" content=\"https:\/\/swiss-peak.com\/es\/producto\/funda-portatil-14-156-swiss-peak-carga-magnetica-15w-negro\/\" \/>\n<meta property=\"og:site_name\" content=\"Swiss Peak\" \/>\n<meta property=\"article:modified_time\" content=\"2026-03-12T02:02:29+00:00\" \/>\n<meta property=\"og:image\" content=\"https:\/\/swiss-peak.com\/wp-content\/uploads\/sites\/9\/2025\/05\/P309.0701__S_0__e74b4796074f43d2b7c5bcbcd26c829a.jpg\" \/>\n\t<meta property=\"og:image:width\" content=\"1024\" \/>\n\t<meta property=\"og:image:height\" content=\"1024\" \/>\n\t<meta property=\"og:image:type\" content=\"image\/jpeg\" \/>\n<meta name=\"twitter:card\" content=\"summary_large_image\" \/>\n<meta name=\"twitter:label1\" content=\"Tiempo de lectura\" \/>\n\t<meta name=\"twitter:data1\" content=\"1 minuto\" \/>\n<script type=\"application\/ld+json\" class=\"yoast-schema-graph\">{\"@context\":\"https:\/\/schema.org\",\"@graph\":[{\"@type\":\"WebPage\",\"@id\":\"https:\/\/swiss-peak.com\/es\/producto\/funda-portatil-14-156-swiss-peak-carga-magnetica-15w-negro\/\",\"url\":\"https:\/\/swiss-peak.com\/es\/producto\/funda-portatil-14-156-swiss-peak-carga-magnetica-15w-negro\/\",\"name\":\"Funda port\u00e1til 14\\\"-15,6\\\" Swiss Peak carga magn\u00e9tica 15W, negro - Swiss Peak\",\"isPartOf\":{\"@id\":\"https:\/\/swiss-peak.com\/es\/#website\"},\"primaryImageOfPage\":{\"@id\":\"https:\/\/swiss-peak.com\/es\/producto\/funda-portatil-14-156-swiss-peak-carga-magnetica-15w-negro\/#primaryimage\"},\"image\":{\"@id\":\"https:\/\/swiss-peak.com\/es\/producto\/funda-portatil-14-156-swiss-peak-carga-magnetica-15w-negro\/#primaryimage\"},\"thumbnailUrl\":\"https:\/\/swiss-peak.com\/wp-content\/uploads\/sites\/9\/2025\/05\/P309.0701__S_0__e74b4796074f43d2b7c5bcbcd26c829a.jpg\",\"datePublished\":\"2025-05-28T01:02:11+00:00\",\"dateModified\":\"2026-03-12T02:02:29+00:00\",\"breadcrumb\":{\"@id\":\"https:\/\/swiss-peak.com\/es\/producto\/funda-portatil-14-156-swiss-peak-carga-magnetica-15w-negro\/#breadcrumb\"},\"inLanguage\":\"es\",\"potentialAction\":[{\"@type\":\"ReadAction\",\"target\":[\"https:\/\/swiss-peak.com\/es\/producto\/funda-portatil-14-156-swiss-peak-carga-magnetica-15w-negro\/\"]}]},{\"@type\":\"ImageObject\",\"inLanguage\":\"es\",\"@id\":\"https:\/\/swiss-peak.com\/es\/producto\/funda-portatil-14-156-swiss-peak-carga-magnetica-15w-negro\/#primaryimage\",\"url\":\"https:\/\/swiss-peak.com\/wp-content\/uploads\/sites\/9\/2025\/05\/P309.0701__S_0__e74b4796074f43d2b7c5bcbcd26c829a.jpg\",\"contentUrl\":\"https:\/\/swiss-peak.com\/wp-content\/uploads\/sites\/9\/2025\/05\/P309.0701__S_0__e74b4796074f43d2b7c5bcbcd26c829a.jpg\",\"width\":1024,\"height\":1024},{\"@type\":\"BreadcrumbList\",\"@id\":\"https:\/\/swiss-peak.com\/es\/producto\/funda-portatil-14-156-swiss-peak-carga-magnetica-15w-negro\/#breadcrumb\",\"itemListElement\":[{\"@type\":\"ListItem\",\"position\":1,\"name\":\"Home\",\"item\":\"https:\/\/swiss-peak.com\/es\/\"},{\"@type\":\"ListItem\",\"position\":2,\"name\":\"Colecci\u00f3n\",\"item\":\"https:\/\/swiss-peak.com\/es\/coleccion\/\"},{\"@type\":\"ListItem\",\"position\":3,\"name\":\"Funda port\u00e1til 14&#8243;-15,6&#8243; Swiss Peak carga magn\u00e9tica 15W, negro\"}]},{\"@type\":\"WebSite\",\"@id\":\"https:\/\/swiss-peak.com\/es\/#website\",\"url\":\"https:\/\/swiss-peak.com\/es\/\",\"name\":\"Swiss Peak\",\"description\":\"Where will today take you?\",\"potentialAction\":[{\"@type\":\"SearchAction\",\"target\":{\"@type\":\"EntryPoint\",\"urlTemplate\":\"https:\/\/swiss-peak.com\/es\/?s={search_term_string}\"},\"query-input\":{\"@type\":\"PropertyValueSpecification\",\"valueRequired\":true,\"valueName\":\"search_term_string\"}}],\"inLanguage\":\"es\"}]}<\/script>\n<!-- \/ Yoast SEO plugin. -->","yoast_head_json":{"title":"Funda port\u00e1til 14\"-15,6\" Swiss Peak carga magn\u00e9tica 15W, negro - Swiss Peak","robots":{"index":"index","follow":"follow","max-snippet":"max-snippet:-1","max-image-preview":"max-image-preview:large","max-video-preview":"max-video-preview:-1"},"canonical":"https:\/\/swiss-peak.com\/es\/producto\/funda-portatil-14-156-swiss-peak-carga-magnetica-15w-negro\/","og_locale":"es_ES","og_type":"article","og_title":"Funda port\u00e1til 14\"-15,6\" Swiss Peak carga magn\u00e9tica 15W, negro - Swiss Peak","og_description":"La funda para port\u00e1til con carga magn\u00e9tica de 15W de poli\u00e9ster reciclado RCS Swiss Peak, dise\u00f1ada para port\u00e1tiles de 14 a 15,6&#8243;, combina estilo, funcionalidad y sostenibilidad. \u00dasala para llevar tu port\u00e1til a cualquier lugar y, cuando llegues a tu destino, convi\u00e9rtela en una estaci\u00f3n de trabajo. Fabricada con poli\u00e9ster reciclado certificado RCS (Recycled Claim [&hellip;]","og_url":"https:\/\/swiss-peak.com\/es\/producto\/funda-portatil-14-156-swiss-peak-carga-magnetica-15w-negro\/","og_site_name":"Swiss Peak","article_modified_time":"2026-03-12T02:02:29+00:00","og_image":[{"width":1024,"height":1024,"url":"https:\/\/swiss-peak.com\/wp-content\/uploads\/sites\/9\/2025\/05\/P309.0701__S_0__e74b4796074f43d2b7c5bcbcd26c829a.jpg","type":"image\/jpeg"}],"twitter_card":"summary_large_image","twitter_misc":{"Tiempo de lectura":"1 minuto"},"schema":{"@context":"https:\/\/schema.org","@graph":[{"@type":"WebPage","@id":"https:\/\/swiss-peak.com\/es\/producto\/funda-portatil-14-156-swiss-peak-carga-magnetica-15w-negro\/","url":"https:\/\/swiss-peak.com\/es\/producto\/funda-portatil-14-156-swiss-peak-carga-magnetica-15w-negro\/","name":"Funda port\u00e1til 14\"-15,6\" Swiss Peak carga magn\u00e9tica 15W, negro - Swiss Peak","isPartOf":{"@id":"https:\/\/swiss-peak.com\/es\/#website"},"primaryImageOfPage":{"@id":"https:\/\/swiss-peak.com\/es\/producto\/funda-portatil-14-156-swiss-peak-carga-magnetica-15w-negro\/#primaryimage"},"image":{"@id":"https:\/\/swiss-peak.com\/es\/producto\/funda-portatil-14-156-swiss-peak-carga-magnetica-15w-negro\/#primaryimage"},"thumbnailUrl":"https:\/\/swiss-peak.com\/wp-content\/uploads\/sites\/9\/2025\/05\/P309.0701__S_0__e74b4796074f43d2b7c5bcbcd26c829a.jpg","datePublished":"2025-05-28T01:02:11+00:00","dateModified":"2026-03-12T02:02:29+00:00","breadcrumb":{"@id":"https:\/\/swiss-peak.com\/es\/producto\/funda-portatil-14-156-swiss-peak-carga-magnetica-15w-negro\/#breadcrumb"},"inLanguage":"es","potentialAction":[{"@type":"ReadAction","target":["https:\/\/swiss-peak.com\/es\/producto\/funda-portatil-14-156-swiss-peak-carga-magnetica-15w-negro\/"]}]},{"@type":"ImageObject","inLanguage":"es","@id":"https:\/\/swiss-peak.com\/es\/producto\/funda-portatil-14-156-swiss-peak-carga-magnetica-15w-negro\/#primaryimage","url":"https:\/\/swiss-peak.com\/wp-content\/uploads\/sites\/9\/2025\/05\/P309.0701__S_0__e74b4796074f43d2b7c5bcbcd26c829a.jpg","contentUrl":"https:\/\/swiss-peak.com\/wp-content\/uploads\/sites\/9\/2025\/05\/P309.0701__S_0__e74b4796074f43d2b7c5bcbcd26c829a.jpg","width":1024,"height":1024},{"@type":"BreadcrumbList","@id":"https:\/\/swiss-peak.com\/es\/producto\/funda-portatil-14-156-swiss-peak-carga-magnetica-15w-negro\/#breadcrumb","itemListElement":[{"@type":"ListItem","position":1,"name":"Home","item":"https:\/\/swiss-peak.com\/es\/"},{"@type":"ListItem","position":2,"name":"Colecci\u00f3n","item":"https:\/\/swiss-peak.com\/es\/coleccion\/"},{"@type":"ListItem","position":3,"name":"Funda port\u00e1til 14&#8243;-15,6&#8243; Swiss Peak carga magn\u00e9tica 15W, negro"}]},{"@type":"WebSite","@id":"https:\/\/swiss-peak.com\/es\/#website","url":"https:\/\/swiss-peak.com\/es\/","name":"Swiss Peak","description":"Where will today take you?","potentialAction":[{"@type":"SearchAction","target":{"@type":"EntryPoint","urlTemplate":"https:\/\/swiss-peak.com\/es\/?s={search_term_string}"},"query-input":{"@type":"PropertyValueSpecification","valueRequired":true,"valueName":"search_term_string"}}],"inLanguage":"es"}]}},"_links":{"self":[{"href":"https:\/\/swiss-peak.com\/es\/wp-json\/wp\/v2\/product\/45606","targetHints":{"allow":["GET"]}}],"collection":[{"href":"https:\/\/swiss-peak.com\/es\/wp-json\/wp\/v2\/product"}],"about":[{"href":"https:\/\/swiss-peak.com\/es\/wp-json\/wp\/v2\/types\/product"}],"wp:featuredmedia":[{"embeddable":true,"href":"https:\/\/swiss-peak.com\/es\/wp-json\/wp\/v2\/media\/45517"}],"wp:attachment":[{"href":"https:\/\/swiss-peak.com\/es\/wp-json\/wp\/v2\/media?parent=45606"}],"wp:term":[{"taxonomy":"product_cat","embeddable":true,"href":"https:\/\/swiss-peak.com\/es\/wp-json\/wp\/v2\/product_cat?post=45606"},{"taxonomy":"product_tag","embeddable":true,"href":"https:\/\/swiss-peak.com\/es\/wp-json\/wp\/v2\/product_tag?post=45606"}],"curies":[{"name":"wp","href":"https:\/\/api.w.org\/{rel}","templated":true}]}}