{"id":45237,"date":"2025-01-01T03:04:40","date_gmt":"2025-01-01T02:02:23","guid":{"rendered":"https:\/\/swiss-peak.com\/mochila-portatil-156-sp-aware-rpet-edin-100-reciclado-negro\/"},"modified":"2026-03-12T04:08:10","modified_gmt":"2026-03-12T02:08:10","slug":"mochila-portatil-156-sp-aware-rpet-edin-100-reciclado-negro","status":"publish","type":"product","link":"https:\/\/swiss-peak.com\/es\/producto\/mochila-portatil-156-sp-aware-rpet-edin-100-reciclado-negro\/","title":{"rendered":"Mochila ordenador 15,6&#8243; Edin AWARE\u2122 RPET, negro"},"content":{"rendered":"<p>La mochila para port\u00e1til de 15,6 pulgadas SP Aware\u2122 RPET Edin 100% reciclada combina funcionalidad y sostenibilidad para las necesidades de tu negocio. Fabricada con 100% RPET con un forro de rPET a juego, esta mochila cuenta con un compartimento para port\u00e1til que se adapta a port\u00e1tiles de 15,6 y 16 pulgadas. Tambi\u00e9n incluye un bolsillo frontal con cremallera, un compartimento central con cremallera y un bolsillo de malla con cremallera, dos bolsillos en la manga del tama\u00f1o de un pasaporte y un bolsillo abierto en la manga para bol\u00edgrafos. Con una correa de equipaje para viajar con facilidad y con comodidad. Todos los componentes, desde las correas hasta las cremalleras y las hebillas, est\u00e1n hechos de materiales reciclados, lo que la convierte en una opci\u00f3n completamente sostenible para el profesional moderno. Fabricada con poli\u00e9ster reciclado con el trazador AWARE\u2122 incorporado. El 2% de las ganancias de cada producto vendido con AWARE\u2122 se donar\u00e1 a Water.org. Sin PVC.<\/p>\n","protected":false},"excerpt":{"rendered":"<p>La mochila para port\u00e1til de 15,6 pulgadas SP Aware\u2122 RPET Edin 100% reciclada combina funcionalidad y sostenibilidad para las necesidades de tu negocio. Fabricada con 100% RPET con un forro de rPET a juego, esta mochila cuenta con un compartimento para port\u00e1til que se adapta a port\u00e1tiles de 15,6 y 16 pulgadas. Tambi\u00e9n incluye un [&hellip;]<\/p>\n","protected":false},"featured_media":45398,"template":"","meta":{"_acf_changed":false},"product_cat":[293,290],"product_tag":[],"class_list":["post-45237","product","type-product","status-publish","has-post-thumbnail","hentry","product_cat-bolsas-portatil","product_cat-business-es","pa_color-black-es"],"acf":[],"yoast_head":"<!-- This site is optimized with the Yoast SEO plugin v27.0 - https:\/\/yoast.com\/product\/yoast-seo-wordpress\/ -->\n<title>Mochila ordenador 15,6&quot; Edin AWARE\u2122 RPET, negro - Swiss Peak<\/title>\n<meta name=\"robots\" content=\"index, follow, max-snippet:-1, max-image-preview:large, max-video-preview:-1\" \/>\n<link rel=\"canonical\" href=\"https:\/\/swiss-peak.com\/es\/producto\/mochila-portatil-156-sp-aware-rpet-edin-100-reciclado-negro\/\" \/>\n<meta property=\"og:locale\" content=\"es_ES\" \/>\n<meta property=\"og:type\" content=\"article\" \/>\n<meta property=\"og:title\" content=\"Mochila ordenador 15,6&quot; Edin AWARE\u2122 RPET, negro - Swiss Peak\" \/>\n<meta property=\"og:description\" content=\"La mochila para port\u00e1til de 15,6 pulgadas SP Aware\u2122 RPET Edin 100% reciclada combina funcionalidad y sostenibilidad para las necesidades de tu negocio. Fabricada con 100% RPET con un forro de rPET a juego, esta mochila cuenta con un compartimento para port\u00e1til que se adapta a port\u00e1tiles de 15,6 y 16 pulgadas. Tambi\u00e9n incluye un [&hellip;]\" \/>\n<meta property=\"og:url\" content=\"https:\/\/swiss-peak.com\/es\/producto\/mochila-portatil-156-sp-aware-rpet-edin-100-reciclado-negro\/\" \/>\n<meta property=\"og:site_name\" content=\"Swiss Peak\" \/>\n<meta property=\"article:modified_time\" content=\"2026-03-12T02:08:10+00:00\" \/>\n<meta property=\"og:image\" content=\"https:\/\/swiss-peak.com\/wp-content\/uploads\/sites\/9\/2025\/02\/P763.4801__S_0__2c72b941a4074a2681477bc7ce6bdb3b.jpg\" \/>\n\t<meta property=\"og:image:width\" content=\"1024\" \/>\n\t<meta property=\"og:image:height\" content=\"1024\" \/>\n\t<meta property=\"og:image:type\" content=\"image\/jpeg\" \/>\n<meta name=\"twitter:card\" content=\"summary_large_image\" \/>\n<meta name=\"twitter:label1\" content=\"Tiempo de lectura\" \/>\n\t<meta name=\"twitter:data1\" content=\"1 minuto\" \/>\n<script type=\"application\/ld+json\" class=\"yoast-schema-graph\">{\"@context\":\"https:\/\/schema.org\",\"@graph\":[{\"@type\":\"WebPage\",\"@id\":\"https:\/\/swiss-peak.com\/es\/producto\/mochila-portatil-156-sp-aware-rpet-edin-100-reciclado-negro\/\",\"url\":\"https:\/\/swiss-peak.com\/es\/producto\/mochila-portatil-156-sp-aware-rpet-edin-100-reciclado-negro\/\",\"name\":\"Mochila ordenador 15,6\\\" Edin AWARE\u2122 RPET, negro - Swiss Peak\",\"isPartOf\":{\"@id\":\"https:\/\/swiss-peak.com\/es\/#website\"},\"primaryImageOfPage\":{\"@id\":\"https:\/\/swiss-peak.com\/es\/producto\/mochila-portatil-156-sp-aware-rpet-edin-100-reciclado-negro\/#primaryimage\"},\"image\":{\"@id\":\"https:\/\/swiss-peak.com\/es\/producto\/mochila-portatil-156-sp-aware-rpet-edin-100-reciclado-negro\/#primaryimage\"},\"thumbnailUrl\":\"https:\/\/swiss-peak.com\/wp-content\/uploads\/sites\/9\/2025\/02\/P763.4801__S_0__2c72b941a4074a2681477bc7ce6bdb3b.jpg\",\"datePublished\":\"2025-01-01T02:02:23+00:00\",\"dateModified\":\"2026-03-12T02:08:10+00:00\",\"breadcrumb\":{\"@id\":\"https:\/\/swiss-peak.com\/es\/producto\/mochila-portatil-156-sp-aware-rpet-edin-100-reciclado-negro\/#breadcrumb\"},\"inLanguage\":\"es\",\"potentialAction\":[{\"@type\":\"ReadAction\",\"target\":[\"https:\/\/swiss-peak.com\/es\/producto\/mochila-portatil-156-sp-aware-rpet-edin-100-reciclado-negro\/\"]}]},{\"@type\":\"ImageObject\",\"inLanguage\":\"es\",\"@id\":\"https:\/\/swiss-peak.com\/es\/producto\/mochila-portatil-156-sp-aware-rpet-edin-100-reciclado-negro\/#primaryimage\",\"url\":\"https:\/\/swiss-peak.com\/wp-content\/uploads\/sites\/9\/2025\/02\/P763.4801__S_0__2c72b941a4074a2681477bc7ce6bdb3b.jpg\",\"contentUrl\":\"https:\/\/swiss-peak.com\/wp-content\/uploads\/sites\/9\/2025\/02\/P763.4801__S_0__2c72b941a4074a2681477bc7ce6bdb3b.jpg\",\"width\":1024,\"height\":1024},{\"@type\":\"BreadcrumbList\",\"@id\":\"https:\/\/swiss-peak.com\/es\/producto\/mochila-portatil-156-sp-aware-rpet-edin-100-reciclado-negro\/#breadcrumb\",\"itemListElement\":[{\"@type\":\"ListItem\",\"position\":1,\"name\":\"Home\",\"item\":\"https:\/\/swiss-peak.com\/es\/\"},{\"@type\":\"ListItem\",\"position\":2,\"name\":\"Colecci\u00f3n\",\"item\":\"https:\/\/swiss-peak.com\/es\/coleccion\/\"},{\"@type\":\"ListItem\",\"position\":3,\"name\":\"Mochila ordenador 15,6&#8243; Edin AWARE\u2122 RPET, negro\"}]},{\"@type\":\"WebSite\",\"@id\":\"https:\/\/swiss-peak.com\/es\/#website\",\"url\":\"https:\/\/swiss-peak.com\/es\/\",\"name\":\"Swiss Peak\",\"description\":\"Where will today take you?\",\"potentialAction\":[{\"@type\":\"SearchAction\",\"target\":{\"@type\":\"EntryPoint\",\"urlTemplate\":\"https:\/\/swiss-peak.com\/es\/?s={search_term_string}\"},\"query-input\":{\"@type\":\"PropertyValueSpecification\",\"valueRequired\":true,\"valueName\":\"search_term_string\"}}],\"inLanguage\":\"es\"}]}<\/script>\n<!-- \/ Yoast SEO plugin. -->","yoast_head_json":{"title":"Mochila ordenador 15,6\" Edin AWARE\u2122 RPET, negro - Swiss Peak","robots":{"index":"index","follow":"follow","max-snippet":"max-snippet:-1","max-image-preview":"max-image-preview:large","max-video-preview":"max-video-preview:-1"},"canonical":"https:\/\/swiss-peak.com\/es\/producto\/mochila-portatil-156-sp-aware-rpet-edin-100-reciclado-negro\/","og_locale":"es_ES","og_type":"article","og_title":"Mochila ordenador 15,6\" Edin AWARE\u2122 RPET, negro - Swiss Peak","og_description":"La mochila para port\u00e1til de 15,6 pulgadas SP Aware\u2122 RPET Edin 100% reciclada combina funcionalidad y sostenibilidad para las necesidades de tu negocio. Fabricada con 100% RPET con un forro de rPET a juego, esta mochila cuenta con un compartimento para port\u00e1til que se adapta a port\u00e1tiles de 15,6 y 16 pulgadas. Tambi\u00e9n incluye un [&hellip;]","og_url":"https:\/\/swiss-peak.com\/es\/producto\/mochila-portatil-156-sp-aware-rpet-edin-100-reciclado-negro\/","og_site_name":"Swiss Peak","article_modified_time":"2026-03-12T02:08:10+00:00","og_image":[{"width":1024,"height":1024,"url":"https:\/\/swiss-peak.com\/wp-content\/uploads\/sites\/9\/2025\/02\/P763.4801__S_0__2c72b941a4074a2681477bc7ce6bdb3b.jpg","type":"image\/jpeg"}],"twitter_card":"summary_large_image","twitter_misc":{"Tiempo de lectura":"1 minuto"},"schema":{"@context":"https:\/\/schema.org","@graph":[{"@type":"WebPage","@id":"https:\/\/swiss-peak.com\/es\/producto\/mochila-portatil-156-sp-aware-rpet-edin-100-reciclado-negro\/","url":"https:\/\/swiss-peak.com\/es\/producto\/mochila-portatil-156-sp-aware-rpet-edin-100-reciclado-negro\/","name":"Mochila ordenador 15,6\" Edin AWARE\u2122 RPET, negro - Swiss Peak","isPartOf":{"@id":"https:\/\/swiss-peak.com\/es\/#website"},"primaryImageOfPage":{"@id":"https:\/\/swiss-peak.com\/es\/producto\/mochila-portatil-156-sp-aware-rpet-edin-100-reciclado-negro\/#primaryimage"},"image":{"@id":"https:\/\/swiss-peak.com\/es\/producto\/mochila-portatil-156-sp-aware-rpet-edin-100-reciclado-negro\/#primaryimage"},"thumbnailUrl":"https:\/\/swiss-peak.com\/wp-content\/uploads\/sites\/9\/2025\/02\/P763.4801__S_0__2c72b941a4074a2681477bc7ce6bdb3b.jpg","datePublished":"2025-01-01T02:02:23+00:00","dateModified":"2026-03-12T02:08:10+00:00","breadcrumb":{"@id":"https:\/\/swiss-peak.com\/es\/producto\/mochila-portatil-156-sp-aware-rpet-edin-100-reciclado-negro\/#breadcrumb"},"inLanguage":"es","potentialAction":[{"@type":"ReadAction","target":["https:\/\/swiss-peak.com\/es\/producto\/mochila-portatil-156-sp-aware-rpet-edin-100-reciclado-negro\/"]}]},{"@type":"ImageObject","inLanguage":"es","@id":"https:\/\/swiss-peak.com\/es\/producto\/mochila-portatil-156-sp-aware-rpet-edin-100-reciclado-negro\/#primaryimage","url":"https:\/\/swiss-peak.com\/wp-content\/uploads\/sites\/9\/2025\/02\/P763.4801__S_0__2c72b941a4074a2681477bc7ce6bdb3b.jpg","contentUrl":"https:\/\/swiss-peak.com\/wp-content\/uploads\/sites\/9\/2025\/02\/P763.4801__S_0__2c72b941a4074a2681477bc7ce6bdb3b.jpg","width":1024,"height":1024},{"@type":"BreadcrumbList","@id":"https:\/\/swiss-peak.com\/es\/producto\/mochila-portatil-156-sp-aware-rpet-edin-100-reciclado-negro\/#breadcrumb","itemListElement":[{"@type":"ListItem","position":1,"name":"Home","item":"https:\/\/swiss-peak.com\/es\/"},{"@type":"ListItem","position":2,"name":"Colecci\u00f3n","item":"https:\/\/swiss-peak.com\/es\/coleccion\/"},{"@type":"ListItem","position":3,"name":"Mochila ordenador 15,6&#8243; Edin AWARE\u2122 RPET, negro"}]},{"@type":"WebSite","@id":"https:\/\/swiss-peak.com\/es\/#website","url":"https:\/\/swiss-peak.com\/es\/","name":"Swiss Peak","description":"Where will today take you?","potentialAction":[{"@type":"SearchAction","target":{"@type":"EntryPoint","urlTemplate":"https:\/\/swiss-peak.com\/es\/?s={search_term_string}"},"query-input":{"@type":"PropertyValueSpecification","valueRequired":true,"valueName":"search_term_string"}}],"inLanguage":"es"}]}},"_links":{"self":[{"href":"https:\/\/swiss-peak.com\/es\/wp-json\/wp\/v2\/product\/45237","targetHints":{"allow":["GET"]}}],"collection":[{"href":"https:\/\/swiss-peak.com\/es\/wp-json\/wp\/v2\/product"}],"about":[{"href":"https:\/\/swiss-peak.com\/es\/wp-json\/wp\/v2\/types\/product"}],"wp:featuredmedia":[{"embeddable":true,"href":"https:\/\/swiss-peak.com\/es\/wp-json\/wp\/v2\/media\/45398"}],"wp:attachment":[{"href":"https:\/\/swiss-peak.com\/es\/wp-json\/wp\/v2\/media?parent=45237"}],"wp:term":[{"taxonomy":"product_cat","embeddable":true,"href":"https:\/\/swiss-peak.com\/es\/wp-json\/wp\/v2\/product_cat?post=45237"},{"taxonomy":"product_tag","embeddable":true,"href":"https:\/\/swiss-peak.com\/es\/wp-json\/wp\/v2\/product_tag?post=45237"}],"curies":[{"name":"wp","href":"https:\/\/api.w.org\/{rel}","templated":true}]}}