{"id":45233,"date":"2025-01-01T03:02:54","date_gmt":"2025-01-01T02:02:16","guid":{"rendered":"https:\/\/swiss-peak.com\/set-boligrafos-swiss-peak-luca-rcs-de-laton-reciclado-negro\/"},"modified":"2026-03-12T04:04:24","modified_gmt":"2026-03-12T02:04:24","slug":"set-boligrafos-swiss-peak-luca-rcs-de-laton-reciclado-negro","status":"publish","type":"product","link":"https:\/\/swiss-peak.com\/es\/producto\/set-boligrafos-swiss-peak-luca-rcs-de-laton-reciclado-negro\/","title":{"rendered":"Set bol\u00edgrafos Swiss Peak Luca RCS de lat\u00f3n reciclado, negro"},"content":{"rendered":"<p>Mejora tu experiencia de escritura con set de bol\u00edgrafos de lujo Swiss Peak Luca RCS de lat\u00f3n reciclado. Dise\u00f1ado con la sofisticaci\u00f3n en mente, este juego incluye elegantes bol\u00edgrafos negros con detalles dorados, incluida la parte superior, el anillo superior, el clip, el anillo central y la punta. Fabricados con un 55% de lat\u00f3n reciclado con certificaci\u00f3n RCS, estos bol\u00edgrafos ofrecen elegancia y sostenibilidad. El bol\u00edgrafo funciona con un mecanismo giratorio e incluye una recarga con tinta azul, que escribe con un ancho de 1,0 mm y una distancia de hasta 1200 m. El bol\u00edgrafo con capuch\u00f3n cuenta con tinta de gel azul, que ofrece 800 m de escritura suave con el mismo ancho de 1,0 mm. Ambos bol\u00edgrafos est\u00e1n acabados con un clip de acero y grabados con el logotipo Swiss Peak. Presentado en una caja de regalo de primera calidad, este set desprende lujo y estilo.<\/p>\n","protected":false},"excerpt":{"rendered":"<p>Mejora tu experiencia de escritura con set de bol\u00edgrafos de lujo Swiss Peak Luca RCS de lat\u00f3n reciclado. Dise\u00f1ado con la sofisticaci\u00f3n en mente, este juego incluye elegantes bol\u00edgrafos negros con detalles dorados, incluida la parte superior, el anillo superior, el clip, el anillo central y la punta. Fabricados con un 55% de lat\u00f3n reciclado [&hellip;]<\/p>\n","protected":false},"featured_media":45370,"template":"","meta":{"_acf_changed":false},"product_cat":[290,300],"product_tag":[],"class_list":["post-45233","product","type-product","status-publish","has-post-thumbnail","hentry","product_cat-business-es","product_cat-oficina-escritura","pa_color-black-es"],"acf":[],"yoast_head":"<!-- This site is optimized with the Yoast SEO plugin v27.0 - https:\/\/yoast.com\/product\/yoast-seo-wordpress\/ -->\n<title>Set bol\u00edgrafos Swiss Peak Luca RCS de lat\u00f3n reciclado, negro - Swiss Peak<\/title>\n<meta name=\"robots\" content=\"index, follow, max-snippet:-1, max-image-preview:large, max-video-preview:-1\" \/>\n<link rel=\"canonical\" href=\"https:\/\/swiss-peak.com\/es\/producto\/set-boligrafos-swiss-peak-luca-rcs-de-laton-reciclado-negro\/\" \/>\n<meta property=\"og:locale\" content=\"es_ES\" \/>\n<meta property=\"og:type\" content=\"article\" \/>\n<meta property=\"og:title\" content=\"Set bol\u00edgrafos Swiss Peak Luca RCS de lat\u00f3n reciclado, negro - Swiss Peak\" \/>\n<meta property=\"og:description\" content=\"Mejora tu experiencia de escritura con set de bol\u00edgrafos de lujo Swiss Peak Luca RCS de lat\u00f3n reciclado. Dise\u00f1ado con la sofisticaci\u00f3n en mente, este juego incluye elegantes bol\u00edgrafos negros con detalles dorados, incluida la parte superior, el anillo superior, el clip, el anillo central y la punta. Fabricados con un 55% de lat\u00f3n reciclado [&hellip;]\" \/>\n<meta property=\"og:url\" content=\"https:\/\/swiss-peak.com\/es\/producto\/set-boligrafos-swiss-peak-luca-rcs-de-laton-reciclado-negro\/\" \/>\n<meta property=\"og:site_name\" content=\"Swiss Peak\" \/>\n<meta property=\"article:modified_time\" content=\"2026-03-12T02:04:24+00:00\" \/>\n<meta property=\"og:image\" content=\"https:\/\/swiss-peak.com\/wp-content\/uploads\/sites\/9\/2025\/02\/P611.3001__S_0__df34534febed45c7a9b22f102468cebb.jpg\" \/>\n\t<meta property=\"og:image:width\" content=\"1024\" \/>\n\t<meta property=\"og:image:height\" content=\"1024\" \/>\n\t<meta property=\"og:image:type\" content=\"image\/jpeg\" \/>\n<meta name=\"twitter:card\" content=\"summary_large_image\" \/>\n<meta name=\"twitter:label1\" content=\"Tiempo de lectura\" \/>\n\t<meta name=\"twitter:data1\" content=\"1 minuto\" \/>\n<script type=\"application\/ld+json\" class=\"yoast-schema-graph\">{\"@context\":\"https:\/\/schema.org\",\"@graph\":[{\"@type\":\"WebPage\",\"@id\":\"https:\/\/swiss-peak.com\/es\/producto\/set-boligrafos-swiss-peak-luca-rcs-de-laton-reciclado-negro\/\",\"url\":\"https:\/\/swiss-peak.com\/es\/producto\/set-boligrafos-swiss-peak-luca-rcs-de-laton-reciclado-negro\/\",\"name\":\"Set bol\u00edgrafos Swiss Peak Luca RCS de lat\u00f3n reciclado, negro - Swiss Peak\",\"isPartOf\":{\"@id\":\"https:\/\/swiss-peak.com\/es\/#website\"},\"primaryImageOfPage\":{\"@id\":\"https:\/\/swiss-peak.com\/es\/producto\/set-boligrafos-swiss-peak-luca-rcs-de-laton-reciclado-negro\/#primaryimage\"},\"image\":{\"@id\":\"https:\/\/swiss-peak.com\/es\/producto\/set-boligrafos-swiss-peak-luca-rcs-de-laton-reciclado-negro\/#primaryimage\"},\"thumbnailUrl\":\"https:\/\/swiss-peak.com\/wp-content\/uploads\/sites\/9\/2025\/02\/P611.3001__S_0__df34534febed45c7a9b22f102468cebb.jpg\",\"datePublished\":\"2025-01-01T02:02:16+00:00\",\"dateModified\":\"2026-03-12T02:04:24+00:00\",\"breadcrumb\":{\"@id\":\"https:\/\/swiss-peak.com\/es\/producto\/set-boligrafos-swiss-peak-luca-rcs-de-laton-reciclado-negro\/#breadcrumb\"},\"inLanguage\":\"es\",\"potentialAction\":[{\"@type\":\"ReadAction\",\"target\":[\"https:\/\/swiss-peak.com\/es\/producto\/set-boligrafos-swiss-peak-luca-rcs-de-laton-reciclado-negro\/\"]}]},{\"@type\":\"ImageObject\",\"inLanguage\":\"es\",\"@id\":\"https:\/\/swiss-peak.com\/es\/producto\/set-boligrafos-swiss-peak-luca-rcs-de-laton-reciclado-negro\/#primaryimage\",\"url\":\"https:\/\/swiss-peak.com\/wp-content\/uploads\/sites\/9\/2025\/02\/P611.3001__S_0__df34534febed45c7a9b22f102468cebb.jpg\",\"contentUrl\":\"https:\/\/swiss-peak.com\/wp-content\/uploads\/sites\/9\/2025\/02\/P611.3001__S_0__df34534febed45c7a9b22f102468cebb.jpg\",\"width\":1024,\"height\":1024},{\"@type\":\"BreadcrumbList\",\"@id\":\"https:\/\/swiss-peak.com\/es\/producto\/set-boligrafos-swiss-peak-luca-rcs-de-laton-reciclado-negro\/#breadcrumb\",\"itemListElement\":[{\"@type\":\"ListItem\",\"position\":1,\"name\":\"Home\",\"item\":\"https:\/\/swiss-peak.com\/es\/\"},{\"@type\":\"ListItem\",\"position\":2,\"name\":\"Colecci\u00f3n\",\"item\":\"https:\/\/swiss-peak.com\/es\/coleccion\/\"},{\"@type\":\"ListItem\",\"position\":3,\"name\":\"Set bol\u00edgrafos Swiss Peak Luca RCS de lat\u00f3n reciclado, negro\"}]},{\"@type\":\"WebSite\",\"@id\":\"https:\/\/swiss-peak.com\/es\/#website\",\"url\":\"https:\/\/swiss-peak.com\/es\/\",\"name\":\"Swiss Peak\",\"description\":\"Where will today take you?\",\"potentialAction\":[{\"@type\":\"SearchAction\",\"target\":{\"@type\":\"EntryPoint\",\"urlTemplate\":\"https:\/\/swiss-peak.com\/es\/?s={search_term_string}\"},\"query-input\":{\"@type\":\"PropertyValueSpecification\",\"valueRequired\":true,\"valueName\":\"search_term_string\"}}],\"inLanguage\":\"es\"}]}<\/script>\n<!-- \/ Yoast SEO plugin. -->","yoast_head_json":{"title":"Set bol\u00edgrafos Swiss Peak Luca RCS de lat\u00f3n reciclado, negro - Swiss Peak","robots":{"index":"index","follow":"follow","max-snippet":"max-snippet:-1","max-image-preview":"max-image-preview:large","max-video-preview":"max-video-preview:-1"},"canonical":"https:\/\/swiss-peak.com\/es\/producto\/set-boligrafos-swiss-peak-luca-rcs-de-laton-reciclado-negro\/","og_locale":"es_ES","og_type":"article","og_title":"Set bol\u00edgrafos Swiss Peak Luca RCS de lat\u00f3n reciclado, negro - Swiss Peak","og_description":"Mejora tu experiencia de escritura con set de bol\u00edgrafos de lujo Swiss Peak Luca RCS de lat\u00f3n reciclado. Dise\u00f1ado con la sofisticaci\u00f3n en mente, este juego incluye elegantes bol\u00edgrafos negros con detalles dorados, incluida la parte superior, el anillo superior, el clip, el anillo central y la punta. Fabricados con un 55% de lat\u00f3n reciclado [&hellip;]","og_url":"https:\/\/swiss-peak.com\/es\/producto\/set-boligrafos-swiss-peak-luca-rcs-de-laton-reciclado-negro\/","og_site_name":"Swiss Peak","article_modified_time":"2026-03-12T02:04:24+00:00","og_image":[{"width":1024,"height":1024,"url":"https:\/\/swiss-peak.com\/wp-content\/uploads\/sites\/9\/2025\/02\/P611.3001__S_0__df34534febed45c7a9b22f102468cebb.jpg","type":"image\/jpeg"}],"twitter_card":"summary_large_image","twitter_misc":{"Tiempo de lectura":"1 minuto"},"schema":{"@context":"https:\/\/schema.org","@graph":[{"@type":"WebPage","@id":"https:\/\/swiss-peak.com\/es\/producto\/set-boligrafos-swiss-peak-luca-rcs-de-laton-reciclado-negro\/","url":"https:\/\/swiss-peak.com\/es\/producto\/set-boligrafos-swiss-peak-luca-rcs-de-laton-reciclado-negro\/","name":"Set bol\u00edgrafos Swiss Peak Luca RCS de lat\u00f3n reciclado, negro - Swiss Peak","isPartOf":{"@id":"https:\/\/swiss-peak.com\/es\/#website"},"primaryImageOfPage":{"@id":"https:\/\/swiss-peak.com\/es\/producto\/set-boligrafos-swiss-peak-luca-rcs-de-laton-reciclado-negro\/#primaryimage"},"image":{"@id":"https:\/\/swiss-peak.com\/es\/producto\/set-boligrafos-swiss-peak-luca-rcs-de-laton-reciclado-negro\/#primaryimage"},"thumbnailUrl":"https:\/\/swiss-peak.com\/wp-content\/uploads\/sites\/9\/2025\/02\/P611.3001__S_0__df34534febed45c7a9b22f102468cebb.jpg","datePublished":"2025-01-01T02:02:16+00:00","dateModified":"2026-03-12T02:04:24+00:00","breadcrumb":{"@id":"https:\/\/swiss-peak.com\/es\/producto\/set-boligrafos-swiss-peak-luca-rcs-de-laton-reciclado-negro\/#breadcrumb"},"inLanguage":"es","potentialAction":[{"@type":"ReadAction","target":["https:\/\/swiss-peak.com\/es\/producto\/set-boligrafos-swiss-peak-luca-rcs-de-laton-reciclado-negro\/"]}]},{"@type":"ImageObject","inLanguage":"es","@id":"https:\/\/swiss-peak.com\/es\/producto\/set-boligrafos-swiss-peak-luca-rcs-de-laton-reciclado-negro\/#primaryimage","url":"https:\/\/swiss-peak.com\/wp-content\/uploads\/sites\/9\/2025\/02\/P611.3001__S_0__df34534febed45c7a9b22f102468cebb.jpg","contentUrl":"https:\/\/swiss-peak.com\/wp-content\/uploads\/sites\/9\/2025\/02\/P611.3001__S_0__df34534febed45c7a9b22f102468cebb.jpg","width":1024,"height":1024},{"@type":"BreadcrumbList","@id":"https:\/\/swiss-peak.com\/es\/producto\/set-boligrafos-swiss-peak-luca-rcs-de-laton-reciclado-negro\/#breadcrumb","itemListElement":[{"@type":"ListItem","position":1,"name":"Home","item":"https:\/\/swiss-peak.com\/es\/"},{"@type":"ListItem","position":2,"name":"Colecci\u00f3n","item":"https:\/\/swiss-peak.com\/es\/coleccion\/"},{"@type":"ListItem","position":3,"name":"Set bol\u00edgrafos Swiss Peak Luca RCS de lat\u00f3n reciclado, negro"}]},{"@type":"WebSite","@id":"https:\/\/swiss-peak.com\/es\/#website","url":"https:\/\/swiss-peak.com\/es\/","name":"Swiss Peak","description":"Where will today take you?","potentialAction":[{"@type":"SearchAction","target":{"@type":"EntryPoint","urlTemplate":"https:\/\/swiss-peak.com\/es\/?s={search_term_string}"},"query-input":{"@type":"PropertyValueSpecification","valueRequired":true,"valueName":"search_term_string"}}],"inLanguage":"es"}]}},"_links":{"self":[{"href":"https:\/\/swiss-peak.com\/es\/wp-json\/wp\/v2\/product\/45233","targetHints":{"allow":["GET"]}}],"collection":[{"href":"https:\/\/swiss-peak.com\/es\/wp-json\/wp\/v2\/product"}],"about":[{"href":"https:\/\/swiss-peak.com\/es\/wp-json\/wp\/v2\/types\/product"}],"wp:featuredmedia":[{"embeddable":true,"href":"https:\/\/swiss-peak.com\/es\/wp-json\/wp\/v2\/media\/45370"}],"wp:attachment":[{"href":"https:\/\/swiss-peak.com\/es\/wp-json\/wp\/v2\/media?parent=45233"}],"wp:term":[{"taxonomy":"product_cat","embeddable":true,"href":"https:\/\/swiss-peak.com\/es\/wp-json\/wp\/v2\/product_cat?post=45233"},{"taxonomy":"product_tag","embeddable":true,"href":"https:\/\/swiss-peak.com\/es\/wp-json\/wp\/v2\/product_tag?post=45233"}],"curies":[{"name":"wp","href":"https:\/\/api.w.org\/{rel}","templated":true}]}}