{"id":45232,"date":"2025-01-01T03:02:08","date_gmt":"2025-01-01T02:02:10","guid":{"rendered":"https:\/\/swiss-peak.com\/estuche-viaje-reciclado-rcs-swiss-peak-con-cargador-3-en-1-negro\/"},"modified":"2026-03-12T04:02:26","modified_gmt":"2026-03-12T02:02:26","slug":"estuche-viaje-reciclado-rcs-swiss-peak-con-cargador-3-en-1-negro","status":"publish","type":"product","link":"https:\/\/swiss-peak.com\/es\/producto\/estuche-viaje-reciclado-rcs-swiss-peak-con-cargador-3-en-1-negro\/","title":{"rendered":"Estuche viaje reciclado RCS Swiss Peak con cargador 3 en 1, negro"},"content":{"rendered":"<p>Estuche de viaje r\u00edgido con cargador inal\u00e1mbrico 3 en 1 integrado fabricado con PU reciclado RCS. Contenido reciclado total: 5% basado en el peso total del art\u00edculo. La certificaci\u00f3n RCS garantiza una cadena de suministro completamente certificada de los materiales reciclados. Espacio de almacenamiento para pasaporte, varias tarjetas y tiene un soporte de cable integrado. El estuche de viaje viene equipado con un cargador de 15W y otro adicional de 5W adecuado para estuches de auriculares u otros dispositivos peque\u00f1os de carga inal\u00e1mbrica. Cargador inal\u00e1mbrico de 2,5W para relojes inteligentes (solo relojes Apple). Perfecto para cargar todos tus dispositivos. En el interior tambi\u00e9n hay una peque\u00f1a billetera magn\u00e9tica que se puede sacar. Incluye cable TPE de 120 cm. Presentado en embalaje mixto FSC\u00ae. Art\u00edculo y accesorios 100% libres de PVC. Entrada m\u00ednima: 9 V\/3 A para un uso \u00f3ptimo. Salida: Tel\u00e9fono: 9 V\/1,1 A; 9 V\/1,67 A\/(15W), Auriculares: 5 V\/1 A (5W), Reloj: 5 V\/0,5 A.<\/p>\n","protected":false},"excerpt":{"rendered":"<p>Estuche de viaje r\u00edgido con cargador inal\u00e1mbrico 3 en 1 integrado fabricado con PU reciclado RCS. Contenido reciclado total: 5% basado en el peso total del art\u00edculo. La certificaci\u00f3n RCS garantiza una cadena de suministro completamente certificada de los materiales reciclados. Espacio de almacenamiento para pasaporte, varias tarjetas y tiene un soporte de cable integrado. [&hellip;]<\/p>\n","protected":false},"featured_media":44670,"template":"","meta":{"_acf_changed":false},"product_cat":[290,304],"product_tag":[],"class_list":["post-45232","product","type-product","status-publish","has-post-thumbnail","hentry","product_cat-business-es","product_cat-tecnologia-movil","pa_color-black-es"],"acf":[],"yoast_head":"<!-- This site is optimized with the Yoast SEO plugin v27.0 - https:\/\/yoast.com\/product\/yoast-seo-wordpress\/ -->\n<title>Estuche viaje reciclado RCS Swiss Peak con cargador 3 en 1, negro - Swiss Peak<\/title>\n<meta name=\"robots\" content=\"index, follow, max-snippet:-1, max-image-preview:large, max-video-preview:-1\" \/>\n<link rel=\"canonical\" href=\"https:\/\/swiss-peak.com\/es\/producto\/estuche-viaje-reciclado-rcs-swiss-peak-con-cargador-3-en-1-negro\/\" \/>\n<meta property=\"og:locale\" content=\"es_ES\" \/>\n<meta property=\"og:type\" content=\"article\" \/>\n<meta property=\"og:title\" content=\"Estuche viaje reciclado RCS Swiss Peak con cargador 3 en 1, negro - Swiss Peak\" \/>\n<meta property=\"og:description\" content=\"Estuche de viaje r\u00edgido con cargador inal\u00e1mbrico 3 en 1 integrado fabricado con PU reciclado RCS. Contenido reciclado total: 5% basado en el peso total del art\u00edculo. La certificaci\u00f3n RCS garantiza una cadena de suministro completamente certificada de los materiales reciclados. Espacio de almacenamiento para pasaporte, varias tarjetas y tiene un soporte de cable integrado. [&hellip;]\" \/>\n<meta property=\"og:url\" content=\"https:\/\/swiss-peak.com\/es\/producto\/estuche-viaje-reciclado-rcs-swiss-peak-con-cargador-3-en-1-negro\/\" \/>\n<meta property=\"og:site_name\" content=\"Swiss Peak\" \/>\n<meta property=\"article:modified_time\" content=\"2026-03-12T02:02:26+00:00\" \/>\n<meta property=\"og:image\" content=\"https:\/\/swiss-peak.com\/wp-content\/uploads\/sites\/9\/2025\/01\/P309.0501__S_0__38a6a8bab2974debb3eb0e9fe9cf23b8.jpg\" \/>\n\t<meta property=\"og:image:width\" content=\"1024\" \/>\n\t<meta property=\"og:image:height\" content=\"1024\" \/>\n\t<meta property=\"og:image:type\" content=\"image\/jpeg\" \/>\n<meta name=\"twitter:card\" content=\"summary_large_image\" \/>\n<meta name=\"twitter:label1\" content=\"Tiempo de lectura\" \/>\n\t<meta name=\"twitter:data1\" content=\"1 minuto\" \/>\n<script type=\"application\/ld+json\" class=\"yoast-schema-graph\">{\"@context\":\"https:\/\/schema.org\",\"@graph\":[{\"@type\":\"WebPage\",\"@id\":\"https:\/\/swiss-peak.com\/es\/producto\/estuche-viaje-reciclado-rcs-swiss-peak-con-cargador-3-en-1-negro\/\",\"url\":\"https:\/\/swiss-peak.com\/es\/producto\/estuche-viaje-reciclado-rcs-swiss-peak-con-cargador-3-en-1-negro\/\",\"name\":\"Estuche viaje reciclado RCS Swiss Peak con cargador 3 en 1, negro - Swiss Peak\",\"isPartOf\":{\"@id\":\"https:\/\/swiss-peak.com\/es\/#website\"},\"primaryImageOfPage\":{\"@id\":\"https:\/\/swiss-peak.com\/es\/producto\/estuche-viaje-reciclado-rcs-swiss-peak-con-cargador-3-en-1-negro\/#primaryimage\"},\"image\":{\"@id\":\"https:\/\/swiss-peak.com\/es\/producto\/estuche-viaje-reciclado-rcs-swiss-peak-con-cargador-3-en-1-negro\/#primaryimage\"},\"thumbnailUrl\":\"https:\/\/swiss-peak.com\/wp-content\/uploads\/sites\/9\/2025\/01\/P309.0501__S_0__38a6a8bab2974debb3eb0e9fe9cf23b8.jpg\",\"datePublished\":\"2025-01-01T02:02:10+00:00\",\"dateModified\":\"2026-03-12T02:02:26+00:00\",\"breadcrumb\":{\"@id\":\"https:\/\/swiss-peak.com\/es\/producto\/estuche-viaje-reciclado-rcs-swiss-peak-con-cargador-3-en-1-negro\/#breadcrumb\"},\"inLanguage\":\"es\",\"potentialAction\":[{\"@type\":\"ReadAction\",\"target\":[\"https:\/\/swiss-peak.com\/es\/producto\/estuche-viaje-reciclado-rcs-swiss-peak-con-cargador-3-en-1-negro\/\"]}]},{\"@type\":\"ImageObject\",\"inLanguage\":\"es\",\"@id\":\"https:\/\/swiss-peak.com\/es\/producto\/estuche-viaje-reciclado-rcs-swiss-peak-con-cargador-3-en-1-negro\/#primaryimage\",\"url\":\"https:\/\/swiss-peak.com\/wp-content\/uploads\/sites\/9\/2025\/01\/P309.0501__S_0__38a6a8bab2974debb3eb0e9fe9cf23b8.jpg\",\"contentUrl\":\"https:\/\/swiss-peak.com\/wp-content\/uploads\/sites\/9\/2025\/01\/P309.0501__S_0__38a6a8bab2974debb3eb0e9fe9cf23b8.jpg\",\"width\":1024,\"height\":1024},{\"@type\":\"BreadcrumbList\",\"@id\":\"https:\/\/swiss-peak.com\/es\/producto\/estuche-viaje-reciclado-rcs-swiss-peak-con-cargador-3-en-1-negro\/#breadcrumb\",\"itemListElement\":[{\"@type\":\"ListItem\",\"position\":1,\"name\":\"Home\",\"item\":\"https:\/\/swiss-peak.com\/es\/\"},{\"@type\":\"ListItem\",\"position\":2,\"name\":\"Colecci\u00f3n\",\"item\":\"https:\/\/swiss-peak.com\/es\/coleccion\/\"},{\"@type\":\"ListItem\",\"position\":3,\"name\":\"Estuche viaje reciclado RCS Swiss Peak con cargador 3 en 1, negro\"}]},{\"@type\":\"WebSite\",\"@id\":\"https:\/\/swiss-peak.com\/es\/#website\",\"url\":\"https:\/\/swiss-peak.com\/es\/\",\"name\":\"Swiss Peak\",\"description\":\"Where will today take you?\",\"potentialAction\":[{\"@type\":\"SearchAction\",\"target\":{\"@type\":\"EntryPoint\",\"urlTemplate\":\"https:\/\/swiss-peak.com\/es\/?s={search_term_string}\"},\"query-input\":{\"@type\":\"PropertyValueSpecification\",\"valueRequired\":true,\"valueName\":\"search_term_string\"}}],\"inLanguage\":\"es\"}]}<\/script>\n<!-- \/ Yoast SEO plugin. -->","yoast_head_json":{"title":"Estuche viaje reciclado RCS Swiss Peak con cargador 3 en 1, negro - Swiss Peak","robots":{"index":"index","follow":"follow","max-snippet":"max-snippet:-1","max-image-preview":"max-image-preview:large","max-video-preview":"max-video-preview:-1"},"canonical":"https:\/\/swiss-peak.com\/es\/producto\/estuche-viaje-reciclado-rcs-swiss-peak-con-cargador-3-en-1-negro\/","og_locale":"es_ES","og_type":"article","og_title":"Estuche viaje reciclado RCS Swiss Peak con cargador 3 en 1, negro - Swiss Peak","og_description":"Estuche de viaje r\u00edgido con cargador inal\u00e1mbrico 3 en 1 integrado fabricado con PU reciclado RCS. Contenido reciclado total: 5% basado en el peso total del art\u00edculo. La certificaci\u00f3n RCS garantiza una cadena de suministro completamente certificada de los materiales reciclados. Espacio de almacenamiento para pasaporte, varias tarjetas y tiene un soporte de cable integrado. [&hellip;]","og_url":"https:\/\/swiss-peak.com\/es\/producto\/estuche-viaje-reciclado-rcs-swiss-peak-con-cargador-3-en-1-negro\/","og_site_name":"Swiss Peak","article_modified_time":"2026-03-12T02:02:26+00:00","og_image":[{"width":1024,"height":1024,"url":"https:\/\/swiss-peak.com\/wp-content\/uploads\/sites\/9\/2025\/01\/P309.0501__S_0__38a6a8bab2974debb3eb0e9fe9cf23b8.jpg","type":"image\/jpeg"}],"twitter_card":"summary_large_image","twitter_misc":{"Tiempo de lectura":"1 minuto"},"schema":{"@context":"https:\/\/schema.org","@graph":[{"@type":"WebPage","@id":"https:\/\/swiss-peak.com\/es\/producto\/estuche-viaje-reciclado-rcs-swiss-peak-con-cargador-3-en-1-negro\/","url":"https:\/\/swiss-peak.com\/es\/producto\/estuche-viaje-reciclado-rcs-swiss-peak-con-cargador-3-en-1-negro\/","name":"Estuche viaje reciclado RCS Swiss Peak con cargador 3 en 1, negro - Swiss Peak","isPartOf":{"@id":"https:\/\/swiss-peak.com\/es\/#website"},"primaryImageOfPage":{"@id":"https:\/\/swiss-peak.com\/es\/producto\/estuche-viaje-reciclado-rcs-swiss-peak-con-cargador-3-en-1-negro\/#primaryimage"},"image":{"@id":"https:\/\/swiss-peak.com\/es\/producto\/estuche-viaje-reciclado-rcs-swiss-peak-con-cargador-3-en-1-negro\/#primaryimage"},"thumbnailUrl":"https:\/\/swiss-peak.com\/wp-content\/uploads\/sites\/9\/2025\/01\/P309.0501__S_0__38a6a8bab2974debb3eb0e9fe9cf23b8.jpg","datePublished":"2025-01-01T02:02:10+00:00","dateModified":"2026-03-12T02:02:26+00:00","breadcrumb":{"@id":"https:\/\/swiss-peak.com\/es\/producto\/estuche-viaje-reciclado-rcs-swiss-peak-con-cargador-3-en-1-negro\/#breadcrumb"},"inLanguage":"es","potentialAction":[{"@type":"ReadAction","target":["https:\/\/swiss-peak.com\/es\/producto\/estuche-viaje-reciclado-rcs-swiss-peak-con-cargador-3-en-1-negro\/"]}]},{"@type":"ImageObject","inLanguage":"es","@id":"https:\/\/swiss-peak.com\/es\/producto\/estuche-viaje-reciclado-rcs-swiss-peak-con-cargador-3-en-1-negro\/#primaryimage","url":"https:\/\/swiss-peak.com\/wp-content\/uploads\/sites\/9\/2025\/01\/P309.0501__S_0__38a6a8bab2974debb3eb0e9fe9cf23b8.jpg","contentUrl":"https:\/\/swiss-peak.com\/wp-content\/uploads\/sites\/9\/2025\/01\/P309.0501__S_0__38a6a8bab2974debb3eb0e9fe9cf23b8.jpg","width":1024,"height":1024},{"@type":"BreadcrumbList","@id":"https:\/\/swiss-peak.com\/es\/producto\/estuche-viaje-reciclado-rcs-swiss-peak-con-cargador-3-en-1-negro\/#breadcrumb","itemListElement":[{"@type":"ListItem","position":1,"name":"Home","item":"https:\/\/swiss-peak.com\/es\/"},{"@type":"ListItem","position":2,"name":"Colecci\u00f3n","item":"https:\/\/swiss-peak.com\/es\/coleccion\/"},{"@type":"ListItem","position":3,"name":"Estuche viaje reciclado RCS Swiss Peak con cargador 3 en 1, negro"}]},{"@type":"WebSite","@id":"https:\/\/swiss-peak.com\/es\/#website","url":"https:\/\/swiss-peak.com\/es\/","name":"Swiss Peak","description":"Where will today take you?","potentialAction":[{"@type":"SearchAction","target":{"@type":"EntryPoint","urlTemplate":"https:\/\/swiss-peak.com\/es\/?s={search_term_string}"},"query-input":{"@type":"PropertyValueSpecification","valueRequired":true,"valueName":"search_term_string"}}],"inLanguage":"es"}]}},"_links":{"self":[{"href":"https:\/\/swiss-peak.com\/es\/wp-json\/wp\/v2\/product\/45232","targetHints":{"allow":["GET"]}}],"collection":[{"href":"https:\/\/swiss-peak.com\/es\/wp-json\/wp\/v2\/product"}],"about":[{"href":"https:\/\/swiss-peak.com\/es\/wp-json\/wp\/v2\/types\/product"}],"wp:featuredmedia":[{"embeddable":true,"href":"https:\/\/swiss-peak.com\/es\/wp-json\/wp\/v2\/media\/44670"}],"wp:attachment":[{"href":"https:\/\/swiss-peak.com\/es\/wp-json\/wp\/v2\/media?parent=45232"}],"wp:term":[{"taxonomy":"product_cat","embeddable":true,"href":"https:\/\/swiss-peak.com\/es\/wp-json\/wp\/v2\/product_cat?post=45232"},{"taxonomy":"product_tag","embeddable":true,"href":"https:\/\/swiss-peak.com\/es\/wp-json\/wp\/v2\/product_tag?post=45232"}],"curies":[{"name":"wp","href":"https:\/\/api.w.org\/{rel}","templated":true}]}}