{"id":44347,"date":"2024-08-03T02:02:34","date_gmt":"2024-08-03T01:02:20","guid":{"rendered":"https:\/\/swiss-peak.com\/set-boligrafos-llavero-tula-de-pu-reciclado-certificado-rcs-negro\/"},"modified":"2026-03-20T04:02:22","modified_gmt":"2026-03-20T02:02:22","slug":"set-boligrafos-llavero-tula-de-pu-reciclado-certificado-rcs-negro","status":"publish","type":"product","link":"https:\/\/swiss-peak.com\/es\/producto\/set-boligrafos-llavero-tula-de-pu-reciclado-certificado-rcs-negro\/","title":{"rendered":"Set bol\u00edgrafos\/llavero Tula de PU reciclado certificado RCS,"},"content":{"rendered":"<p>Mejora tus elementos esenciales cotidianos con nuestro organizador de llaves certificado Swiss Peak Tula RCS y un juego de bol\u00edgrafos de aluminio reciclado. Bellamente presentados en una lujosa caja de regalo. Elaborado con precisi\u00f3n, garantiza una organizaci\u00f3n elegante, mientras que el bol\u00edgrafo de aluminio reciclado te permite plasmar ideas creativas en papel, lo que lo convierte en un regalo ideal. Fabricado con materiales reciclados certificados RCS (Recycled Claim Standard). La certificaci\u00f3n RCS garantiza una cadena de suministro de materiales reciclados completamente certificada. Este producto contiene un 11% de PU reciclado con certificaci\u00f3n RCS y un 8% de aluminio reciclado con certificaci\u00f3n RCS.<\/p>\n","protected":false},"excerpt":{"rendered":"<p>Mejora tus elementos esenciales cotidianos con nuestro organizador de llaves certificado Swiss Peak Tula RCS y un juego de bol\u00edgrafos de aluminio reciclado. Bellamente presentados en una lujosa caja de regalo. Elaborado con precisi\u00f3n, garantiza una organizaci\u00f3n elegante, mientras que el bol\u00edgrafo de aluminio reciclado te permite plasmar ideas creativas en papel, lo que lo [&hellip;]<\/p>\n","protected":false},"featured_media":44219,"template":"","meta":{"_acf_changed":false},"product_cat":[290,300],"product_tag":[],"class_list":["post-44347","product","type-product","status-publish","has-post-thumbnail","hentry","product_cat-business-es","product_cat-oficina-escritura","pa_color-black-es"],"acf":[],"yoast_head":"<!-- This site is optimized with the Yoast SEO plugin v27.0 - https:\/\/yoast.com\/product\/yoast-seo-wordpress\/ -->\n<title>Set bol\u00edgrafos\/llavero Tula de PU reciclado certificado RCS, - Swiss Peak<\/title>\n<meta name=\"robots\" content=\"index, follow, max-snippet:-1, max-image-preview:large, max-video-preview:-1\" \/>\n<link rel=\"canonical\" href=\"https:\/\/swiss-peak.com\/es\/producto\/set-boligrafos-llavero-tula-de-pu-reciclado-certificado-rcs-negro\/\" \/>\n<meta property=\"og:locale\" content=\"es_ES\" \/>\n<meta property=\"og:type\" content=\"article\" \/>\n<meta property=\"og:title\" content=\"Set bol\u00edgrafos\/llavero Tula de PU reciclado certificado RCS, - Swiss Peak\" \/>\n<meta property=\"og:description\" content=\"Mejora tus elementos esenciales cotidianos con nuestro organizador de llaves certificado Swiss Peak Tula RCS y un juego de bol\u00edgrafos de aluminio reciclado. Bellamente presentados en una lujosa caja de regalo. Elaborado con precisi\u00f3n, garantiza una organizaci\u00f3n elegante, mientras que el bol\u00edgrafo de aluminio reciclado te permite plasmar ideas creativas en papel, lo que lo [&hellip;]\" \/>\n<meta property=\"og:url\" content=\"https:\/\/swiss-peak.com\/es\/producto\/set-boligrafos-llavero-tula-de-pu-reciclado-certificado-rcs-negro\/\" \/>\n<meta property=\"og:site_name\" content=\"Swiss Peak\" \/>\n<meta property=\"article:modified_time\" content=\"2026-03-20T02:02:22+00:00\" \/>\n<meta property=\"og:image\" content=\"https:\/\/swiss-peak.com\/wp-content\/uploads\/sites\/9\/2024\/08\/P820.9701__S_0__a99a23a48fe74bb694aaaed5cd4ea3f4.jpg\" \/>\n\t<meta property=\"og:image:width\" content=\"1024\" \/>\n\t<meta property=\"og:image:height\" content=\"1024\" \/>\n\t<meta property=\"og:image:type\" content=\"image\/jpeg\" \/>\n<meta name=\"twitter:card\" content=\"summary_large_image\" \/>\n<meta name=\"twitter:label1\" content=\"Tiempo de lectura\" \/>\n\t<meta name=\"twitter:data1\" content=\"1 minuto\" \/>\n<script type=\"application\/ld+json\" class=\"yoast-schema-graph\">{\"@context\":\"https:\/\/schema.org\",\"@graph\":[{\"@type\":\"WebPage\",\"@id\":\"https:\/\/swiss-peak.com\/es\/producto\/set-boligrafos-llavero-tula-de-pu-reciclado-certificado-rcs-negro\/\",\"url\":\"https:\/\/swiss-peak.com\/es\/producto\/set-boligrafos-llavero-tula-de-pu-reciclado-certificado-rcs-negro\/\",\"name\":\"Set bol\u00edgrafos\/llavero Tula de PU reciclado certificado RCS, - Swiss Peak\",\"isPartOf\":{\"@id\":\"https:\/\/swiss-peak.com\/es\/#website\"},\"primaryImageOfPage\":{\"@id\":\"https:\/\/swiss-peak.com\/es\/producto\/set-boligrafos-llavero-tula-de-pu-reciclado-certificado-rcs-negro\/#primaryimage\"},\"image\":{\"@id\":\"https:\/\/swiss-peak.com\/es\/producto\/set-boligrafos-llavero-tula-de-pu-reciclado-certificado-rcs-negro\/#primaryimage\"},\"thumbnailUrl\":\"https:\/\/swiss-peak.com\/wp-content\/uploads\/sites\/9\/2024\/08\/P820.9701__S_0__a99a23a48fe74bb694aaaed5cd4ea3f4.jpg\",\"datePublished\":\"2024-08-03T01:02:20+00:00\",\"dateModified\":\"2026-03-20T02:02:22+00:00\",\"breadcrumb\":{\"@id\":\"https:\/\/swiss-peak.com\/es\/producto\/set-boligrafos-llavero-tula-de-pu-reciclado-certificado-rcs-negro\/#breadcrumb\"},\"inLanguage\":\"es\",\"potentialAction\":[{\"@type\":\"ReadAction\",\"target\":[\"https:\/\/swiss-peak.com\/es\/producto\/set-boligrafos-llavero-tula-de-pu-reciclado-certificado-rcs-negro\/\"]}]},{\"@type\":\"ImageObject\",\"inLanguage\":\"es\",\"@id\":\"https:\/\/swiss-peak.com\/es\/producto\/set-boligrafos-llavero-tula-de-pu-reciclado-certificado-rcs-negro\/#primaryimage\",\"url\":\"https:\/\/swiss-peak.com\/wp-content\/uploads\/sites\/9\/2024\/08\/P820.9701__S_0__a99a23a48fe74bb694aaaed5cd4ea3f4.jpg\",\"contentUrl\":\"https:\/\/swiss-peak.com\/wp-content\/uploads\/sites\/9\/2024\/08\/P820.9701__S_0__a99a23a48fe74bb694aaaed5cd4ea3f4.jpg\",\"width\":1024,\"height\":1024},{\"@type\":\"BreadcrumbList\",\"@id\":\"https:\/\/swiss-peak.com\/es\/producto\/set-boligrafos-llavero-tula-de-pu-reciclado-certificado-rcs-negro\/#breadcrumb\",\"itemListElement\":[{\"@type\":\"ListItem\",\"position\":1,\"name\":\"Home\",\"item\":\"https:\/\/swiss-peak.com\/es\/\"},{\"@type\":\"ListItem\",\"position\":2,\"name\":\"Colecci\u00f3n\",\"item\":\"https:\/\/swiss-peak.com\/es\/coleccion\/\"},{\"@type\":\"ListItem\",\"position\":3,\"name\":\"Set bol\u00edgrafos\/llavero Tula de PU reciclado certificado RCS,\"}]},{\"@type\":\"WebSite\",\"@id\":\"https:\/\/swiss-peak.com\/es\/#website\",\"url\":\"https:\/\/swiss-peak.com\/es\/\",\"name\":\"Swiss Peak\",\"description\":\"Where will today take you?\",\"potentialAction\":[{\"@type\":\"SearchAction\",\"target\":{\"@type\":\"EntryPoint\",\"urlTemplate\":\"https:\/\/swiss-peak.com\/es\/?s={search_term_string}\"},\"query-input\":{\"@type\":\"PropertyValueSpecification\",\"valueRequired\":true,\"valueName\":\"search_term_string\"}}],\"inLanguage\":\"es\"}]}<\/script>\n<!-- \/ Yoast SEO plugin. -->","yoast_head_json":{"title":"Set bol\u00edgrafos\/llavero Tula de PU reciclado certificado RCS, - Swiss Peak","robots":{"index":"index","follow":"follow","max-snippet":"max-snippet:-1","max-image-preview":"max-image-preview:large","max-video-preview":"max-video-preview:-1"},"canonical":"https:\/\/swiss-peak.com\/es\/producto\/set-boligrafos-llavero-tula-de-pu-reciclado-certificado-rcs-negro\/","og_locale":"es_ES","og_type":"article","og_title":"Set bol\u00edgrafos\/llavero Tula de PU reciclado certificado RCS, - Swiss Peak","og_description":"Mejora tus elementos esenciales cotidianos con nuestro organizador de llaves certificado Swiss Peak Tula RCS y un juego de bol\u00edgrafos de aluminio reciclado. Bellamente presentados en una lujosa caja de regalo. Elaborado con precisi\u00f3n, garantiza una organizaci\u00f3n elegante, mientras que el bol\u00edgrafo de aluminio reciclado te permite plasmar ideas creativas en papel, lo que lo [&hellip;]","og_url":"https:\/\/swiss-peak.com\/es\/producto\/set-boligrafos-llavero-tula-de-pu-reciclado-certificado-rcs-negro\/","og_site_name":"Swiss Peak","article_modified_time":"2026-03-20T02:02:22+00:00","og_image":[{"width":1024,"height":1024,"url":"https:\/\/swiss-peak.com\/wp-content\/uploads\/sites\/9\/2024\/08\/P820.9701__S_0__a99a23a48fe74bb694aaaed5cd4ea3f4.jpg","type":"image\/jpeg"}],"twitter_card":"summary_large_image","twitter_misc":{"Tiempo de lectura":"1 minuto"},"schema":{"@context":"https:\/\/schema.org","@graph":[{"@type":"WebPage","@id":"https:\/\/swiss-peak.com\/es\/producto\/set-boligrafos-llavero-tula-de-pu-reciclado-certificado-rcs-negro\/","url":"https:\/\/swiss-peak.com\/es\/producto\/set-boligrafos-llavero-tula-de-pu-reciclado-certificado-rcs-negro\/","name":"Set bol\u00edgrafos\/llavero Tula de PU reciclado certificado RCS, - Swiss Peak","isPartOf":{"@id":"https:\/\/swiss-peak.com\/es\/#website"},"primaryImageOfPage":{"@id":"https:\/\/swiss-peak.com\/es\/producto\/set-boligrafos-llavero-tula-de-pu-reciclado-certificado-rcs-negro\/#primaryimage"},"image":{"@id":"https:\/\/swiss-peak.com\/es\/producto\/set-boligrafos-llavero-tula-de-pu-reciclado-certificado-rcs-negro\/#primaryimage"},"thumbnailUrl":"https:\/\/swiss-peak.com\/wp-content\/uploads\/sites\/9\/2024\/08\/P820.9701__S_0__a99a23a48fe74bb694aaaed5cd4ea3f4.jpg","datePublished":"2024-08-03T01:02:20+00:00","dateModified":"2026-03-20T02:02:22+00:00","breadcrumb":{"@id":"https:\/\/swiss-peak.com\/es\/producto\/set-boligrafos-llavero-tula-de-pu-reciclado-certificado-rcs-negro\/#breadcrumb"},"inLanguage":"es","potentialAction":[{"@type":"ReadAction","target":["https:\/\/swiss-peak.com\/es\/producto\/set-boligrafos-llavero-tula-de-pu-reciclado-certificado-rcs-negro\/"]}]},{"@type":"ImageObject","inLanguage":"es","@id":"https:\/\/swiss-peak.com\/es\/producto\/set-boligrafos-llavero-tula-de-pu-reciclado-certificado-rcs-negro\/#primaryimage","url":"https:\/\/swiss-peak.com\/wp-content\/uploads\/sites\/9\/2024\/08\/P820.9701__S_0__a99a23a48fe74bb694aaaed5cd4ea3f4.jpg","contentUrl":"https:\/\/swiss-peak.com\/wp-content\/uploads\/sites\/9\/2024\/08\/P820.9701__S_0__a99a23a48fe74bb694aaaed5cd4ea3f4.jpg","width":1024,"height":1024},{"@type":"BreadcrumbList","@id":"https:\/\/swiss-peak.com\/es\/producto\/set-boligrafos-llavero-tula-de-pu-reciclado-certificado-rcs-negro\/#breadcrumb","itemListElement":[{"@type":"ListItem","position":1,"name":"Home","item":"https:\/\/swiss-peak.com\/es\/"},{"@type":"ListItem","position":2,"name":"Colecci\u00f3n","item":"https:\/\/swiss-peak.com\/es\/coleccion\/"},{"@type":"ListItem","position":3,"name":"Set bol\u00edgrafos\/llavero Tula de PU reciclado certificado RCS,"}]},{"@type":"WebSite","@id":"https:\/\/swiss-peak.com\/es\/#website","url":"https:\/\/swiss-peak.com\/es\/","name":"Swiss Peak","description":"Where will today take you?","potentialAction":[{"@type":"SearchAction","target":{"@type":"EntryPoint","urlTemplate":"https:\/\/swiss-peak.com\/es\/?s={search_term_string}"},"query-input":{"@type":"PropertyValueSpecification","valueRequired":true,"valueName":"search_term_string"}}],"inLanguage":"es"}]}},"_links":{"self":[{"href":"https:\/\/swiss-peak.com\/es\/wp-json\/wp\/v2\/product\/44347","targetHints":{"allow":["GET"]}}],"collection":[{"href":"https:\/\/swiss-peak.com\/es\/wp-json\/wp\/v2\/product"}],"about":[{"href":"https:\/\/swiss-peak.com\/es\/wp-json\/wp\/v2\/types\/product"}],"wp:featuredmedia":[{"embeddable":true,"href":"https:\/\/swiss-peak.com\/es\/wp-json\/wp\/v2\/media\/44219"}],"wp:attachment":[{"href":"https:\/\/swiss-peak.com\/es\/wp-json\/wp\/v2\/media?parent=44347"}],"wp:term":[{"taxonomy":"product_cat","embeddable":true,"href":"https:\/\/swiss-peak.com\/es\/wp-json\/wp\/v2\/product_cat?post=44347"},{"taxonomy":"product_tag","embeddable":true,"href":"https:\/\/swiss-peak.com\/es\/wp-json\/wp\/v2\/product_tag?post=44347"}],"curies":[{"name":"wp","href":"https:\/\/api.w.org\/{rel}","templated":true}]}}