{"id":44196,"date":"2024-07-02T02:02:08","date_gmt":"2024-07-02T01:02:12","guid":{"rendered":"https:\/\/swiss-peak.com\/cartera-magnetica-para-telefono-de-pu-reciclada-magstand-rcs-negro\/"},"modified":"2026-04-29T03:00:12","modified_gmt":"2026-04-29T01:00:12","slug":"cartera-magnetica-para-telefono-de-pu-reciclada-magstand-rcs-negro","status":"publish","type":"product","link":"https:\/\/swiss-peak.com\/es\/producto\/cartera-magnetica-para-telefono-de-pu-reciclada-magstand-rcs-negro\/","title":{"rendered":"Cartera magn\u00e9tica para tel\u00e9fono de PU reciclada Magstand RCS, negro"},"content":{"rendered":"<p>Presentamos esta m\u00e1xima fusi\u00f3n de comodidad y estilo. Adi\u00f3s a los bolsillos voluminosos y a la b\u00fasqueda de tarjetas: este elegante accesorio mantiene tus elementos esenciales a mano y se transforma sin esfuerzo en un soporte para verlos con manos libres.<br \/>\n Elaborada con PU reciclado RCS y dise\u00f1ada para estilos de vida modernos, esta billetera magn\u00e9tica para tel\u00e9fono con soporte est\u00e1 dise\u00f1ada para encajar perfectamente con tel\u00e9fonos que admiten funciones magn\u00e9ticas. Con su dise\u00f1o minimalista, admite dos tarjetas y ofrece la cantidad justa de almacenamiento. En movimiento o simplemente relaj\u00e1ndote en casa, este accesorio vers\u00e1til garantiza que tu tel\u00e9fono y tus tarjetas est\u00e9n siempre a tu alcance. La billetera se transformar en un soporte resistente, brindando el \u00e1ngulo de visi\u00f3n perfecto para tu dispositivo. Contenido reciclado total: 5% basado en el peso total del art\u00edculo. La certificaci\u00f3n RCS garantiza una cadena de suministro de materiales reciclados completamente certificada.<\/p>\n","protected":false},"excerpt":{"rendered":"<p>Presentamos esta m\u00e1xima fusi\u00f3n de comodidad y estilo. Adi\u00f3s a los bolsillos voluminosos y a la b\u00fasqueda de tarjetas: este elegante accesorio mantiene tus elementos esenciales a mano y se transforma sin esfuerzo en un soporte para verlos con manos libres. Elaborada con PU reciclado RCS y dise\u00f1ada para estilos de vida modernos, esta billetera [&hellip;]<\/p>\n","protected":false},"featured_media":46622,"template":"","meta":{"_acf_changed":false},"product_cat":[290,304],"product_tag":[],"class_list":["post-44196","product","type-product","status-publish","has-post-thumbnail","hentry","product_cat-business-es","product_cat-tecnologia-movil","pa_color-black-es"],"acf":[],"yoast_head":"<!-- This site is optimized with the Yoast SEO plugin v27.0 - https:\/\/yoast.com\/product\/yoast-seo-wordpress\/ -->\n<title>Cartera magn\u00e9tica para tel\u00e9fono de PU reciclada Magstand RCS, negro - Swiss Peak<\/title>\n<meta name=\"robots\" content=\"index, follow, max-snippet:-1, max-image-preview:large, max-video-preview:-1\" \/>\n<link rel=\"canonical\" href=\"https:\/\/swiss-peak.com\/es\/producto\/cartera-magnetica-para-telefono-de-pu-reciclada-magstand-rcs-negro\/\" \/>\n<meta property=\"og:locale\" content=\"es_ES\" \/>\n<meta property=\"og:type\" content=\"article\" \/>\n<meta property=\"og:title\" content=\"Cartera magn\u00e9tica para tel\u00e9fono de PU reciclada Magstand RCS, negro - Swiss Peak\" \/>\n<meta property=\"og:description\" content=\"Presentamos esta m\u00e1xima fusi\u00f3n de comodidad y estilo. Adi\u00f3s a los bolsillos voluminosos y a la b\u00fasqueda de tarjetas: este elegante accesorio mantiene tus elementos esenciales a mano y se transforma sin esfuerzo en un soporte para verlos con manos libres. Elaborada con PU reciclado RCS y dise\u00f1ada para estilos de vida modernos, esta billetera [&hellip;]\" \/>\n<meta property=\"og:url\" content=\"https:\/\/swiss-peak.com\/es\/producto\/cartera-magnetica-para-telefono-de-pu-reciclada-magstand-rcs-negro\/\" \/>\n<meta property=\"og:site_name\" content=\"Swiss Peak\" \/>\n<meta property=\"article:modified_time\" content=\"2026-04-29T01:00:12+00:00\" \/>\n<meta property=\"og:image\" content=\"https:\/\/swiss-peak.com\/wp-content\/uploads\/sites\/9\/2026\/04\/P301.7501__S_0__6e5223bcd91f4705a7964a781c3d5e19.jpg\" \/>\n\t<meta property=\"og:image:width\" content=\"1024\" \/>\n\t<meta property=\"og:image:height\" content=\"1024\" \/>\n\t<meta property=\"og:image:type\" content=\"image\/jpeg\" \/>\n<meta name=\"twitter:card\" content=\"summary_large_image\" \/>\n<meta name=\"twitter:label1\" content=\"Tiempo de lectura\" \/>\n\t<meta name=\"twitter:data1\" content=\"1 minuto\" \/>\n<script type=\"application\/ld+json\" class=\"yoast-schema-graph\">{\"@context\":\"https:\/\/schema.org\",\"@graph\":[{\"@type\":\"WebPage\",\"@id\":\"https:\/\/swiss-peak.com\/es\/producto\/cartera-magnetica-para-telefono-de-pu-reciclada-magstand-rcs-negro\/\",\"url\":\"https:\/\/swiss-peak.com\/es\/producto\/cartera-magnetica-para-telefono-de-pu-reciclada-magstand-rcs-negro\/\",\"name\":\"Cartera magn\u00e9tica para tel\u00e9fono de PU reciclada Magstand RCS, negro - Swiss Peak\",\"isPartOf\":{\"@id\":\"https:\/\/swiss-peak.com\/es\/#website\"},\"primaryImageOfPage\":{\"@id\":\"https:\/\/swiss-peak.com\/es\/producto\/cartera-magnetica-para-telefono-de-pu-reciclada-magstand-rcs-negro\/#primaryimage\"},\"image\":{\"@id\":\"https:\/\/swiss-peak.com\/es\/producto\/cartera-magnetica-para-telefono-de-pu-reciclada-magstand-rcs-negro\/#primaryimage\"},\"thumbnailUrl\":\"https:\/\/swiss-peak.com\/wp-content\/uploads\/sites\/9\/2026\/04\/P301.7501__S_0__6e5223bcd91f4705a7964a781c3d5e19.jpg\",\"datePublished\":\"2024-07-02T01:02:12+00:00\",\"dateModified\":\"2026-04-29T01:00:12+00:00\",\"breadcrumb\":{\"@id\":\"https:\/\/swiss-peak.com\/es\/producto\/cartera-magnetica-para-telefono-de-pu-reciclada-magstand-rcs-negro\/#breadcrumb\"},\"inLanguage\":\"es\",\"potentialAction\":[{\"@type\":\"ReadAction\",\"target\":[\"https:\/\/swiss-peak.com\/es\/producto\/cartera-magnetica-para-telefono-de-pu-reciclada-magstand-rcs-negro\/\"]}]},{\"@type\":\"ImageObject\",\"inLanguage\":\"es\",\"@id\":\"https:\/\/swiss-peak.com\/es\/producto\/cartera-magnetica-para-telefono-de-pu-reciclada-magstand-rcs-negro\/#primaryimage\",\"url\":\"https:\/\/swiss-peak.com\/wp-content\/uploads\/sites\/9\/2026\/04\/P301.7501__S_0__6e5223bcd91f4705a7964a781c3d5e19.jpg\",\"contentUrl\":\"https:\/\/swiss-peak.com\/wp-content\/uploads\/sites\/9\/2026\/04\/P301.7501__S_0__6e5223bcd91f4705a7964a781c3d5e19.jpg\",\"width\":1024,\"height\":1024},{\"@type\":\"BreadcrumbList\",\"@id\":\"https:\/\/swiss-peak.com\/es\/producto\/cartera-magnetica-para-telefono-de-pu-reciclada-magstand-rcs-negro\/#breadcrumb\",\"itemListElement\":[{\"@type\":\"ListItem\",\"position\":1,\"name\":\"Home\",\"item\":\"https:\/\/swiss-peak.com\/es\/\"},{\"@type\":\"ListItem\",\"position\":2,\"name\":\"Colecci\u00f3n\",\"item\":\"https:\/\/swiss-peak.com\/es\/coleccion\/\"},{\"@type\":\"ListItem\",\"position\":3,\"name\":\"Cartera magn\u00e9tica para tel\u00e9fono de PU reciclada Magstand RCS, negro\"}]},{\"@type\":\"WebSite\",\"@id\":\"https:\/\/swiss-peak.com\/es\/#website\",\"url\":\"https:\/\/swiss-peak.com\/es\/\",\"name\":\"Swiss Peak\",\"description\":\"Where will today take you?\",\"potentialAction\":[{\"@type\":\"SearchAction\",\"target\":{\"@type\":\"EntryPoint\",\"urlTemplate\":\"https:\/\/swiss-peak.com\/es\/?s={search_term_string}\"},\"query-input\":{\"@type\":\"PropertyValueSpecification\",\"valueRequired\":true,\"valueName\":\"search_term_string\"}}],\"inLanguage\":\"es\"}]}<\/script>\n<!-- \/ Yoast SEO plugin. -->","yoast_head_json":{"title":"Cartera magn\u00e9tica para tel\u00e9fono de PU reciclada Magstand RCS, negro - Swiss Peak","robots":{"index":"index","follow":"follow","max-snippet":"max-snippet:-1","max-image-preview":"max-image-preview:large","max-video-preview":"max-video-preview:-1"},"canonical":"https:\/\/swiss-peak.com\/es\/producto\/cartera-magnetica-para-telefono-de-pu-reciclada-magstand-rcs-negro\/","og_locale":"es_ES","og_type":"article","og_title":"Cartera magn\u00e9tica para tel\u00e9fono de PU reciclada Magstand RCS, negro - Swiss Peak","og_description":"Presentamos esta m\u00e1xima fusi\u00f3n de comodidad y estilo. Adi\u00f3s a los bolsillos voluminosos y a la b\u00fasqueda de tarjetas: este elegante accesorio mantiene tus elementos esenciales a mano y se transforma sin esfuerzo en un soporte para verlos con manos libres. Elaborada con PU reciclado RCS y dise\u00f1ada para estilos de vida modernos, esta billetera [&hellip;]","og_url":"https:\/\/swiss-peak.com\/es\/producto\/cartera-magnetica-para-telefono-de-pu-reciclada-magstand-rcs-negro\/","og_site_name":"Swiss Peak","article_modified_time":"2026-04-29T01:00:12+00:00","og_image":[{"width":1024,"height":1024,"url":"https:\/\/swiss-peak.com\/wp-content\/uploads\/sites\/9\/2026\/04\/P301.7501__S_0__6e5223bcd91f4705a7964a781c3d5e19.jpg","type":"image\/jpeg"}],"twitter_card":"summary_large_image","twitter_misc":{"Tiempo de lectura":"1 minuto"},"schema":{"@context":"https:\/\/schema.org","@graph":[{"@type":"WebPage","@id":"https:\/\/swiss-peak.com\/es\/producto\/cartera-magnetica-para-telefono-de-pu-reciclada-magstand-rcs-negro\/","url":"https:\/\/swiss-peak.com\/es\/producto\/cartera-magnetica-para-telefono-de-pu-reciclada-magstand-rcs-negro\/","name":"Cartera magn\u00e9tica para tel\u00e9fono de PU reciclada Magstand RCS, negro - Swiss Peak","isPartOf":{"@id":"https:\/\/swiss-peak.com\/es\/#website"},"primaryImageOfPage":{"@id":"https:\/\/swiss-peak.com\/es\/producto\/cartera-magnetica-para-telefono-de-pu-reciclada-magstand-rcs-negro\/#primaryimage"},"image":{"@id":"https:\/\/swiss-peak.com\/es\/producto\/cartera-magnetica-para-telefono-de-pu-reciclada-magstand-rcs-negro\/#primaryimage"},"thumbnailUrl":"https:\/\/swiss-peak.com\/wp-content\/uploads\/sites\/9\/2026\/04\/P301.7501__S_0__6e5223bcd91f4705a7964a781c3d5e19.jpg","datePublished":"2024-07-02T01:02:12+00:00","dateModified":"2026-04-29T01:00:12+00:00","breadcrumb":{"@id":"https:\/\/swiss-peak.com\/es\/producto\/cartera-magnetica-para-telefono-de-pu-reciclada-magstand-rcs-negro\/#breadcrumb"},"inLanguage":"es","potentialAction":[{"@type":"ReadAction","target":["https:\/\/swiss-peak.com\/es\/producto\/cartera-magnetica-para-telefono-de-pu-reciclada-magstand-rcs-negro\/"]}]},{"@type":"ImageObject","inLanguage":"es","@id":"https:\/\/swiss-peak.com\/es\/producto\/cartera-magnetica-para-telefono-de-pu-reciclada-magstand-rcs-negro\/#primaryimage","url":"https:\/\/swiss-peak.com\/wp-content\/uploads\/sites\/9\/2026\/04\/P301.7501__S_0__6e5223bcd91f4705a7964a781c3d5e19.jpg","contentUrl":"https:\/\/swiss-peak.com\/wp-content\/uploads\/sites\/9\/2026\/04\/P301.7501__S_0__6e5223bcd91f4705a7964a781c3d5e19.jpg","width":1024,"height":1024},{"@type":"BreadcrumbList","@id":"https:\/\/swiss-peak.com\/es\/producto\/cartera-magnetica-para-telefono-de-pu-reciclada-magstand-rcs-negro\/#breadcrumb","itemListElement":[{"@type":"ListItem","position":1,"name":"Home","item":"https:\/\/swiss-peak.com\/es\/"},{"@type":"ListItem","position":2,"name":"Colecci\u00f3n","item":"https:\/\/swiss-peak.com\/es\/coleccion\/"},{"@type":"ListItem","position":3,"name":"Cartera magn\u00e9tica para tel\u00e9fono de PU reciclada Magstand RCS, negro"}]},{"@type":"WebSite","@id":"https:\/\/swiss-peak.com\/es\/#website","url":"https:\/\/swiss-peak.com\/es\/","name":"Swiss Peak","description":"Where will today take you?","potentialAction":[{"@type":"SearchAction","target":{"@type":"EntryPoint","urlTemplate":"https:\/\/swiss-peak.com\/es\/?s={search_term_string}"},"query-input":{"@type":"PropertyValueSpecification","valueRequired":true,"valueName":"search_term_string"}}],"inLanguage":"es"}]}},"_links":{"self":[{"href":"https:\/\/swiss-peak.com\/es\/wp-json\/wp\/v2\/product\/44196","targetHints":{"allow":["GET"]}}],"collection":[{"href":"https:\/\/swiss-peak.com\/es\/wp-json\/wp\/v2\/product"}],"about":[{"href":"https:\/\/swiss-peak.com\/es\/wp-json\/wp\/v2\/types\/product"}],"wp:featuredmedia":[{"embeddable":true,"href":"https:\/\/swiss-peak.com\/es\/wp-json\/wp\/v2\/media\/46622"}],"wp:attachment":[{"href":"https:\/\/swiss-peak.com\/es\/wp-json\/wp\/v2\/media?parent=44196"}],"wp:term":[{"taxonomy":"product_cat","embeddable":true,"href":"https:\/\/swiss-peak.com\/es\/wp-json\/wp\/v2\/product_cat?post=44196"},{"taxonomy":"product_tag","embeddable":true,"href":"https:\/\/swiss-peak.com\/es\/wp-json\/wp\/v2\/product_tag?post=44196"}],"curies":[{"name":"wp","href":"https:\/\/api.w.org\/{rel}","templated":true}]}}