{"id":22542,"date":"2024-01-03T03:02:55","date_gmt":"2024-01-03T02:00:24","guid":{"rendered":"https:\/\/swiss-peak.com\/neceser-swiss-peak-lohan-aware-negro\/"},"modified":"2026-03-12T04:09:11","modified_gmt":"2026-03-12T02:09:11","slug":"neceser-swiss-peak-lohan-aware-negro","status":"publish","type":"product","link":"https:\/\/swiss-peak.com\/es\/producto\/neceser-swiss-peak-lohan-aware-negro\/","title":{"rendered":"Neceser Lohan AWARE\u2122, negro"},"content":{"rendered":"<p>Siempre organizado mientras viajas con el neceser de poli\u00e9ster reciclado Lohan AWARE\u2122. Cuenta con un compartimento principal, 4 subcompartimentos, 2 bolsillos de malla abiertos y 1 bolsillo de malla con cremallera en el interior. Adem\u00e1s, viene con un gancho para colgarlo f\u00e1cilmente en lugares convenientes. Viaja de forma inteligente con este neceser esencial. Confeccionado con poli\u00e9ster 100% reciclado incrustado con el trazador AWARE\u2122. Sin PVC.<\/p>\n","protected":false},"excerpt":{"rendered":"<p>Siempre organizado mientras viajas con el neceser de poli\u00e9ster reciclado Lohan AWARE\u2122. Cuenta con un compartimento principal, 4 subcompartimentos, 2 bolsillos de malla abiertos y 1 bolsillo de malla con cremallera en el interior. Adem\u00e1s, viene con un gancho para colgarlo f\u00e1cilmente en lugares convenientes. Viaja de forma inteligente con este neceser esencial. Confeccionado con [&hellip;]<\/p>\n","protected":false},"featured_media":42401,"template":"","meta":{"_acf_changed":false},"product_cat":[275,254],"product_tag":[],"class_list":["post-22542","product","type-product","status-publish","has-post-thumbnail","hentry","product_cat-accesorios-de-viaje","product_cat-bolsas-viaje","pa_color-black-es"],"acf":[],"yoast_head":"<!-- This site is optimized with the Yoast SEO plugin v27.0 - https:\/\/yoast.com\/product\/yoast-seo-wordpress\/ -->\n<title>Neceser Lohan AWARE\u2122, negro - Swiss Peak<\/title>\n<meta name=\"robots\" content=\"index, follow, max-snippet:-1, max-image-preview:large, max-video-preview:-1\" \/>\n<link rel=\"canonical\" href=\"https:\/\/swiss-peak.com\/es\/producto\/neceser-swiss-peak-lohan-aware-negro\/\" \/>\n<meta property=\"og:locale\" content=\"es_ES\" \/>\n<meta property=\"og:type\" content=\"article\" \/>\n<meta property=\"og:title\" content=\"Neceser Lohan AWARE\u2122, negro - Swiss Peak\" \/>\n<meta property=\"og:description\" content=\"Siempre organizado mientras viajas con el neceser de poli\u00e9ster reciclado Lohan AWARE\u2122. Cuenta con un compartimento principal, 4 subcompartimentos, 2 bolsillos de malla abiertos y 1 bolsillo de malla con cremallera en el interior. Adem\u00e1s, viene con un gancho para colgarlo f\u00e1cilmente en lugares convenientes. Viaja de forma inteligente con este neceser esencial. Confeccionado con [&hellip;]\" \/>\n<meta property=\"og:url\" content=\"https:\/\/swiss-peak.com\/es\/producto\/neceser-swiss-peak-lohan-aware-negro\/\" \/>\n<meta property=\"og:site_name\" content=\"Swiss Peak\" \/>\n<meta property=\"article:modified_time\" content=\"2026-03-12T02:09:11+00:00\" \/>\n<meta property=\"og:image\" content=\"https:\/\/swiss-peak.com\/wp-content\/uploads\/sites\/9\/2024\/02\/P820.851__S_0__9325654239bb41e9927213446081cc3a.jpg\" \/>\n\t<meta property=\"og:image:width\" content=\"1024\" \/>\n\t<meta property=\"og:image:height\" content=\"1024\" \/>\n\t<meta property=\"og:image:type\" content=\"image\/jpeg\" \/>\n<meta name=\"twitter:card\" content=\"summary_large_image\" \/>\n<script type=\"application\/ld+json\" class=\"yoast-schema-graph\">{\"@context\":\"https:\/\/schema.org\",\"@graph\":[{\"@type\":\"WebPage\",\"@id\":\"https:\/\/swiss-peak.com\/es\/producto\/neceser-swiss-peak-lohan-aware-negro\/\",\"url\":\"https:\/\/swiss-peak.com\/es\/producto\/neceser-swiss-peak-lohan-aware-negro\/\",\"name\":\"Neceser Lohan AWARE\u2122, negro - Swiss Peak\",\"isPartOf\":{\"@id\":\"https:\/\/swiss-peak.com\/es\/#website\"},\"primaryImageOfPage\":{\"@id\":\"https:\/\/swiss-peak.com\/es\/producto\/neceser-swiss-peak-lohan-aware-negro\/#primaryimage\"},\"image\":{\"@id\":\"https:\/\/swiss-peak.com\/es\/producto\/neceser-swiss-peak-lohan-aware-negro\/#primaryimage\"},\"thumbnailUrl\":\"https:\/\/swiss-peak.com\/wp-content\/uploads\/sites\/9\/2024\/02\/P820.851__S_0__9325654239bb41e9927213446081cc3a.jpg\",\"datePublished\":\"2024-01-03T02:00:24+00:00\",\"dateModified\":\"2026-03-12T02:09:11+00:00\",\"breadcrumb\":{\"@id\":\"https:\/\/swiss-peak.com\/es\/producto\/neceser-swiss-peak-lohan-aware-negro\/#breadcrumb\"},\"inLanguage\":\"es\",\"potentialAction\":[{\"@type\":\"ReadAction\",\"target\":[\"https:\/\/swiss-peak.com\/es\/producto\/neceser-swiss-peak-lohan-aware-negro\/\"]}]},{\"@type\":\"ImageObject\",\"inLanguage\":\"es\",\"@id\":\"https:\/\/swiss-peak.com\/es\/producto\/neceser-swiss-peak-lohan-aware-negro\/#primaryimage\",\"url\":\"https:\/\/swiss-peak.com\/wp-content\/uploads\/sites\/9\/2024\/02\/P820.851__S_0__9325654239bb41e9927213446081cc3a.jpg\",\"contentUrl\":\"https:\/\/swiss-peak.com\/wp-content\/uploads\/sites\/9\/2024\/02\/P820.851__S_0__9325654239bb41e9927213446081cc3a.jpg\",\"width\":1024,\"height\":1024},{\"@type\":\"BreadcrumbList\",\"@id\":\"https:\/\/swiss-peak.com\/es\/producto\/neceser-swiss-peak-lohan-aware-negro\/#breadcrumb\",\"itemListElement\":[{\"@type\":\"ListItem\",\"position\":1,\"name\":\"Home\",\"item\":\"https:\/\/swiss-peak.com\/es\/\"},{\"@type\":\"ListItem\",\"position\":2,\"name\":\"Colecci\u00f3n\",\"item\":\"https:\/\/swiss-peak.com\/es\/coleccion\/\"},{\"@type\":\"ListItem\",\"position\":3,\"name\":\"Neceser Lohan AWARE\u2122, negro\"}]},{\"@type\":\"WebSite\",\"@id\":\"https:\/\/swiss-peak.com\/es\/#website\",\"url\":\"https:\/\/swiss-peak.com\/es\/\",\"name\":\"Swiss Peak\",\"description\":\"Where will today take you?\",\"potentialAction\":[{\"@type\":\"SearchAction\",\"target\":{\"@type\":\"EntryPoint\",\"urlTemplate\":\"https:\/\/swiss-peak.com\/es\/?s={search_term_string}\"},\"query-input\":{\"@type\":\"PropertyValueSpecification\",\"valueRequired\":true,\"valueName\":\"search_term_string\"}}],\"inLanguage\":\"es\"}]}<\/script>\n<!-- \/ Yoast SEO plugin. -->","yoast_head_json":{"title":"Neceser Lohan AWARE\u2122, negro - Swiss Peak","robots":{"index":"index","follow":"follow","max-snippet":"max-snippet:-1","max-image-preview":"max-image-preview:large","max-video-preview":"max-video-preview:-1"},"canonical":"https:\/\/swiss-peak.com\/es\/producto\/neceser-swiss-peak-lohan-aware-negro\/","og_locale":"es_ES","og_type":"article","og_title":"Neceser Lohan AWARE\u2122, negro - Swiss Peak","og_description":"Siempre organizado mientras viajas con el neceser de poli\u00e9ster reciclado Lohan AWARE\u2122. Cuenta con un compartimento principal, 4 subcompartimentos, 2 bolsillos de malla abiertos y 1 bolsillo de malla con cremallera en el interior. Adem\u00e1s, viene con un gancho para colgarlo f\u00e1cilmente en lugares convenientes. Viaja de forma inteligente con este neceser esencial. Confeccionado con [&hellip;]","og_url":"https:\/\/swiss-peak.com\/es\/producto\/neceser-swiss-peak-lohan-aware-negro\/","og_site_name":"Swiss Peak","article_modified_time":"2026-03-12T02:09:11+00:00","og_image":[{"width":1024,"height":1024,"url":"https:\/\/swiss-peak.com\/wp-content\/uploads\/sites\/9\/2024\/02\/P820.851__S_0__9325654239bb41e9927213446081cc3a.jpg","type":"image\/jpeg"}],"twitter_card":"summary_large_image","schema":{"@context":"https:\/\/schema.org","@graph":[{"@type":"WebPage","@id":"https:\/\/swiss-peak.com\/es\/producto\/neceser-swiss-peak-lohan-aware-negro\/","url":"https:\/\/swiss-peak.com\/es\/producto\/neceser-swiss-peak-lohan-aware-negro\/","name":"Neceser Lohan AWARE\u2122, negro - Swiss Peak","isPartOf":{"@id":"https:\/\/swiss-peak.com\/es\/#website"},"primaryImageOfPage":{"@id":"https:\/\/swiss-peak.com\/es\/producto\/neceser-swiss-peak-lohan-aware-negro\/#primaryimage"},"image":{"@id":"https:\/\/swiss-peak.com\/es\/producto\/neceser-swiss-peak-lohan-aware-negro\/#primaryimage"},"thumbnailUrl":"https:\/\/swiss-peak.com\/wp-content\/uploads\/sites\/9\/2024\/02\/P820.851__S_0__9325654239bb41e9927213446081cc3a.jpg","datePublished":"2024-01-03T02:00:24+00:00","dateModified":"2026-03-12T02:09:11+00:00","breadcrumb":{"@id":"https:\/\/swiss-peak.com\/es\/producto\/neceser-swiss-peak-lohan-aware-negro\/#breadcrumb"},"inLanguage":"es","potentialAction":[{"@type":"ReadAction","target":["https:\/\/swiss-peak.com\/es\/producto\/neceser-swiss-peak-lohan-aware-negro\/"]}]},{"@type":"ImageObject","inLanguage":"es","@id":"https:\/\/swiss-peak.com\/es\/producto\/neceser-swiss-peak-lohan-aware-negro\/#primaryimage","url":"https:\/\/swiss-peak.com\/wp-content\/uploads\/sites\/9\/2024\/02\/P820.851__S_0__9325654239bb41e9927213446081cc3a.jpg","contentUrl":"https:\/\/swiss-peak.com\/wp-content\/uploads\/sites\/9\/2024\/02\/P820.851__S_0__9325654239bb41e9927213446081cc3a.jpg","width":1024,"height":1024},{"@type":"BreadcrumbList","@id":"https:\/\/swiss-peak.com\/es\/producto\/neceser-swiss-peak-lohan-aware-negro\/#breadcrumb","itemListElement":[{"@type":"ListItem","position":1,"name":"Home","item":"https:\/\/swiss-peak.com\/es\/"},{"@type":"ListItem","position":2,"name":"Colecci\u00f3n","item":"https:\/\/swiss-peak.com\/es\/coleccion\/"},{"@type":"ListItem","position":3,"name":"Neceser Lohan AWARE\u2122, negro"}]},{"@type":"WebSite","@id":"https:\/\/swiss-peak.com\/es\/#website","url":"https:\/\/swiss-peak.com\/es\/","name":"Swiss Peak","description":"Where will today take you?","potentialAction":[{"@type":"SearchAction","target":{"@type":"EntryPoint","urlTemplate":"https:\/\/swiss-peak.com\/es\/?s={search_term_string}"},"query-input":{"@type":"PropertyValueSpecification","valueRequired":true,"valueName":"search_term_string"}}],"inLanguage":"es"}]}},"_links":{"self":[{"href":"https:\/\/swiss-peak.com\/es\/wp-json\/wp\/v2\/product\/22542","targetHints":{"allow":["GET"]}}],"collection":[{"href":"https:\/\/swiss-peak.com\/es\/wp-json\/wp\/v2\/product"}],"about":[{"href":"https:\/\/swiss-peak.com\/es\/wp-json\/wp\/v2\/types\/product"}],"wp:featuredmedia":[{"embeddable":true,"href":"https:\/\/swiss-peak.com\/es\/wp-json\/wp\/v2\/media\/42401"}],"wp:attachment":[{"href":"https:\/\/swiss-peak.com\/es\/wp-json\/wp\/v2\/media?parent=22542"}],"wp:term":[{"taxonomy":"product_cat","embeddable":true,"href":"https:\/\/swiss-peak.com\/es\/wp-json\/wp\/v2\/product_cat?post=22542"},{"taxonomy":"product_tag","embeddable":true,"href":"https:\/\/swiss-peak.com\/es\/wp-json\/wp\/v2\/product_tag?post=22542"}],"curies":[{"name":"wp","href":"https:\/\/api.w.org\/{rel}","templated":true}]}}