{"id":22540,"date":"2024-01-03T03:02:07","date_gmt":"2024-01-03T02:00:20","guid":{"rendered":"https:\/\/swiss-peak.com\/portafolio-swiss-peak-script-aware-a4-negro\/"},"modified":"2026-03-12T04:08:34","modified_gmt":"2026-03-12T02:08:34","slug":"portafolio-swiss-peak-script-aware-a4-negro","status":"publish","type":"product","link":"https:\/\/swiss-peak.com\/es\/producto\/portafolio-swiss-peak-script-aware-a4-negro\/","title":{"rendered":"Portafolio Script AWARE\u2122 A4, negro"},"content":{"rendered":"<p>Confeccionado 100% con poli\u00e9ster reciclado AWARE 300D y PU reciclado con certificaci\u00f3n RCS. Este portafolio combina estilo y bajo impacto. Cuenta con ranuras para tarjetas de visita, portabol\u00edgrafos y un espacioso bolsillo A4. Siempre organizado con el bloc de notas rayado A4 recargable (20 p\u00e1ginas de 70 g\/m2) elaborado con papel mixto color crema FSC\u00ae. Experimenta la sofisticaci\u00f3n con conciencia. Confeccionado con poli\u00e9ster 100% reciclado incrustado con el trazador AWARE\u2122. Presentado en una caja de regalo FSC\u00ae.<\/p>\n","protected":false},"excerpt":{"rendered":"<p>Confeccionado 100% con poli\u00e9ster reciclado AWARE 300D y PU reciclado con certificaci\u00f3n RCS. Este portafolio combina estilo y bajo impacto. Cuenta con ranuras para tarjetas de visita, portabol\u00edgrafos y un espacioso bolsillo A4. Siempre organizado con el bloc de notas rayado A4 recargable (20 p\u00e1ginas de 70 g\/m2) elaborado con papel mixto color crema FSC\u00ae. [&hellip;]<\/p>\n","protected":false},"featured_media":39253,"template":"","meta":{"_acf_changed":false},"product_cat":[290,300],"product_tag":[],"class_list":["post-22540","product","type-product","status-publish","has-post-thumbnail","hentry","product_cat-business-es","product_cat-oficina-escritura","pa_color-black-es"],"acf":[],"yoast_head":"<!-- This site is optimized with the Yoast SEO plugin v27.0 - https:\/\/yoast.com\/product\/yoast-seo-wordpress\/ -->\n<title>Portafolio Script AWARE\u2122 A4, negro - Swiss Peak<\/title>\n<meta name=\"robots\" content=\"index, follow, max-snippet:-1, max-image-preview:large, max-video-preview:-1\" \/>\n<link rel=\"canonical\" href=\"https:\/\/swiss-peak.com\/es\/producto\/portafolio-swiss-peak-script-aware-a4-negro\/\" \/>\n<meta property=\"og:locale\" content=\"es_ES\" \/>\n<meta property=\"og:type\" content=\"article\" \/>\n<meta property=\"og:title\" content=\"Portafolio Script AWARE\u2122 A4, negro - Swiss Peak\" \/>\n<meta property=\"og:description\" content=\"Confeccionado 100% con poli\u00e9ster reciclado AWARE 300D y PU reciclado con certificaci\u00f3n RCS. Este portafolio combina estilo y bajo impacto. Cuenta con ranuras para tarjetas de visita, portabol\u00edgrafos y un espacioso bolsillo A4. Siempre organizado con el bloc de notas rayado A4 recargable (20 p\u00e1ginas de 70 g\/m2) elaborado con papel mixto color crema FSC\u00ae. [&hellip;]\" \/>\n<meta property=\"og:url\" content=\"https:\/\/swiss-peak.com\/es\/producto\/portafolio-swiss-peak-script-aware-a4-negro\/\" \/>\n<meta property=\"og:site_name\" content=\"Swiss Peak\" \/>\n<meta property=\"article:modified_time\" content=\"2026-03-12T02:08:34+00:00\" \/>\n<meta property=\"og:image\" content=\"https:\/\/swiss-peak.com\/wp-content\/uploads\/sites\/9\/2024\/02\/P774.501__S_0__b0330805627445d7a0acc0e7d22305f2.jpg\" \/>\n\t<meta property=\"og:image:width\" content=\"1024\" \/>\n\t<meta property=\"og:image:height\" content=\"1024\" \/>\n\t<meta property=\"og:image:type\" content=\"image\/jpeg\" \/>\n<meta name=\"twitter:card\" content=\"summary_large_image\" \/>\n<script type=\"application\/ld+json\" class=\"yoast-schema-graph\">{\"@context\":\"https:\/\/schema.org\",\"@graph\":[{\"@type\":\"WebPage\",\"@id\":\"https:\/\/swiss-peak.com\/es\/producto\/portafolio-swiss-peak-script-aware-a4-negro\/\",\"url\":\"https:\/\/swiss-peak.com\/es\/producto\/portafolio-swiss-peak-script-aware-a4-negro\/\",\"name\":\"Portafolio Script AWARE\u2122 A4, negro - Swiss Peak\",\"isPartOf\":{\"@id\":\"https:\/\/swiss-peak.com\/es\/#website\"},\"primaryImageOfPage\":{\"@id\":\"https:\/\/swiss-peak.com\/es\/producto\/portafolio-swiss-peak-script-aware-a4-negro\/#primaryimage\"},\"image\":{\"@id\":\"https:\/\/swiss-peak.com\/es\/producto\/portafolio-swiss-peak-script-aware-a4-negro\/#primaryimage\"},\"thumbnailUrl\":\"https:\/\/swiss-peak.com\/wp-content\/uploads\/sites\/9\/2024\/02\/P774.501__S_0__b0330805627445d7a0acc0e7d22305f2.jpg\",\"datePublished\":\"2024-01-03T02:00:20+00:00\",\"dateModified\":\"2026-03-12T02:08:34+00:00\",\"breadcrumb\":{\"@id\":\"https:\/\/swiss-peak.com\/es\/producto\/portafolio-swiss-peak-script-aware-a4-negro\/#breadcrumb\"},\"inLanguage\":\"es\",\"potentialAction\":[{\"@type\":\"ReadAction\",\"target\":[\"https:\/\/swiss-peak.com\/es\/producto\/portafolio-swiss-peak-script-aware-a4-negro\/\"]}]},{\"@type\":\"ImageObject\",\"inLanguage\":\"es\",\"@id\":\"https:\/\/swiss-peak.com\/es\/producto\/portafolio-swiss-peak-script-aware-a4-negro\/#primaryimage\",\"url\":\"https:\/\/swiss-peak.com\/wp-content\/uploads\/sites\/9\/2024\/02\/P774.501__S_0__b0330805627445d7a0acc0e7d22305f2.jpg\",\"contentUrl\":\"https:\/\/swiss-peak.com\/wp-content\/uploads\/sites\/9\/2024\/02\/P774.501__S_0__b0330805627445d7a0acc0e7d22305f2.jpg\",\"width\":1024,\"height\":1024},{\"@type\":\"BreadcrumbList\",\"@id\":\"https:\/\/swiss-peak.com\/es\/producto\/portafolio-swiss-peak-script-aware-a4-negro\/#breadcrumb\",\"itemListElement\":[{\"@type\":\"ListItem\",\"position\":1,\"name\":\"Home\",\"item\":\"https:\/\/swiss-peak.com\/es\/\"},{\"@type\":\"ListItem\",\"position\":2,\"name\":\"Colecci\u00f3n\",\"item\":\"https:\/\/swiss-peak.com\/es\/coleccion\/\"},{\"@type\":\"ListItem\",\"position\":3,\"name\":\"Portafolio Script AWARE\u2122 A4, negro\"}]},{\"@type\":\"WebSite\",\"@id\":\"https:\/\/swiss-peak.com\/es\/#website\",\"url\":\"https:\/\/swiss-peak.com\/es\/\",\"name\":\"Swiss Peak\",\"description\":\"Where will today take you?\",\"potentialAction\":[{\"@type\":\"SearchAction\",\"target\":{\"@type\":\"EntryPoint\",\"urlTemplate\":\"https:\/\/swiss-peak.com\/es\/?s={search_term_string}\"},\"query-input\":{\"@type\":\"PropertyValueSpecification\",\"valueRequired\":true,\"valueName\":\"search_term_string\"}}],\"inLanguage\":\"es\"}]}<\/script>\n<!-- \/ Yoast SEO plugin. -->","yoast_head_json":{"title":"Portafolio Script AWARE\u2122 A4, negro - Swiss Peak","robots":{"index":"index","follow":"follow","max-snippet":"max-snippet:-1","max-image-preview":"max-image-preview:large","max-video-preview":"max-video-preview:-1"},"canonical":"https:\/\/swiss-peak.com\/es\/producto\/portafolio-swiss-peak-script-aware-a4-negro\/","og_locale":"es_ES","og_type":"article","og_title":"Portafolio Script AWARE\u2122 A4, negro - Swiss Peak","og_description":"Confeccionado 100% con poli\u00e9ster reciclado AWARE 300D y PU reciclado con certificaci\u00f3n RCS. Este portafolio combina estilo y bajo impacto. Cuenta con ranuras para tarjetas de visita, portabol\u00edgrafos y un espacioso bolsillo A4. Siempre organizado con el bloc de notas rayado A4 recargable (20 p\u00e1ginas de 70 g\/m2) elaborado con papel mixto color crema FSC\u00ae. [&hellip;]","og_url":"https:\/\/swiss-peak.com\/es\/producto\/portafolio-swiss-peak-script-aware-a4-negro\/","og_site_name":"Swiss Peak","article_modified_time":"2026-03-12T02:08:34+00:00","og_image":[{"width":1024,"height":1024,"url":"https:\/\/swiss-peak.com\/wp-content\/uploads\/sites\/9\/2024\/02\/P774.501__S_0__b0330805627445d7a0acc0e7d22305f2.jpg","type":"image\/jpeg"}],"twitter_card":"summary_large_image","schema":{"@context":"https:\/\/schema.org","@graph":[{"@type":"WebPage","@id":"https:\/\/swiss-peak.com\/es\/producto\/portafolio-swiss-peak-script-aware-a4-negro\/","url":"https:\/\/swiss-peak.com\/es\/producto\/portafolio-swiss-peak-script-aware-a4-negro\/","name":"Portafolio Script AWARE\u2122 A4, negro - Swiss Peak","isPartOf":{"@id":"https:\/\/swiss-peak.com\/es\/#website"},"primaryImageOfPage":{"@id":"https:\/\/swiss-peak.com\/es\/producto\/portafolio-swiss-peak-script-aware-a4-negro\/#primaryimage"},"image":{"@id":"https:\/\/swiss-peak.com\/es\/producto\/portafolio-swiss-peak-script-aware-a4-negro\/#primaryimage"},"thumbnailUrl":"https:\/\/swiss-peak.com\/wp-content\/uploads\/sites\/9\/2024\/02\/P774.501__S_0__b0330805627445d7a0acc0e7d22305f2.jpg","datePublished":"2024-01-03T02:00:20+00:00","dateModified":"2026-03-12T02:08:34+00:00","breadcrumb":{"@id":"https:\/\/swiss-peak.com\/es\/producto\/portafolio-swiss-peak-script-aware-a4-negro\/#breadcrumb"},"inLanguage":"es","potentialAction":[{"@type":"ReadAction","target":["https:\/\/swiss-peak.com\/es\/producto\/portafolio-swiss-peak-script-aware-a4-negro\/"]}]},{"@type":"ImageObject","inLanguage":"es","@id":"https:\/\/swiss-peak.com\/es\/producto\/portafolio-swiss-peak-script-aware-a4-negro\/#primaryimage","url":"https:\/\/swiss-peak.com\/wp-content\/uploads\/sites\/9\/2024\/02\/P774.501__S_0__b0330805627445d7a0acc0e7d22305f2.jpg","contentUrl":"https:\/\/swiss-peak.com\/wp-content\/uploads\/sites\/9\/2024\/02\/P774.501__S_0__b0330805627445d7a0acc0e7d22305f2.jpg","width":1024,"height":1024},{"@type":"BreadcrumbList","@id":"https:\/\/swiss-peak.com\/es\/producto\/portafolio-swiss-peak-script-aware-a4-negro\/#breadcrumb","itemListElement":[{"@type":"ListItem","position":1,"name":"Home","item":"https:\/\/swiss-peak.com\/es\/"},{"@type":"ListItem","position":2,"name":"Colecci\u00f3n","item":"https:\/\/swiss-peak.com\/es\/coleccion\/"},{"@type":"ListItem","position":3,"name":"Portafolio Script AWARE\u2122 A4, negro"}]},{"@type":"WebSite","@id":"https:\/\/swiss-peak.com\/es\/#website","url":"https:\/\/swiss-peak.com\/es\/","name":"Swiss Peak","description":"Where will today take you?","potentialAction":[{"@type":"SearchAction","target":{"@type":"EntryPoint","urlTemplate":"https:\/\/swiss-peak.com\/es\/?s={search_term_string}"},"query-input":{"@type":"PropertyValueSpecification","valueRequired":true,"valueName":"search_term_string"}}],"inLanguage":"es"}]}},"_links":{"self":[{"href":"https:\/\/swiss-peak.com\/es\/wp-json\/wp\/v2\/product\/22540","targetHints":{"allow":["GET"]}}],"collection":[{"href":"https:\/\/swiss-peak.com\/es\/wp-json\/wp\/v2\/product"}],"about":[{"href":"https:\/\/swiss-peak.com\/es\/wp-json\/wp\/v2\/types\/product"}],"wp:featuredmedia":[{"embeddable":true,"href":"https:\/\/swiss-peak.com\/es\/wp-json\/wp\/v2\/media\/39253"}],"wp:attachment":[{"href":"https:\/\/swiss-peak.com\/es\/wp-json\/wp\/v2\/media?parent=22540"}],"wp:term":[{"taxonomy":"product_cat","embeddable":true,"href":"https:\/\/swiss-peak.com\/es\/wp-json\/wp\/v2\/product_cat?post=22540"},{"taxonomy":"product_tag","embeddable":true,"href":"https:\/\/swiss-peak.com\/es\/wp-json\/wp\/v2\/product_tag?post=22540"}],"curies":[{"name":"wp","href":"https:\/\/api.w.org\/{rel}","templated":true}]}}