{"id":22539,"date":"2024-01-03T03:00:30","date_gmt":"2024-01-03T02:00:15","guid":{"rendered":"https:\/\/swiss-peak.com\/boligrafo-swiss-peak-storm-rcs-de-doble-punta-de-aluminio-negro\/"},"modified":"2026-03-12T04:04:22","modified_gmt":"2026-03-12T02:04:22","slug":"boligrafo-swiss-peak-storm-rcs-de-doble-punta-de-aluminio-negro","status":"publish","type":"product","link":"https:\/\/swiss-peak.com\/es\/producto\/boligrafo-swiss-peak-storm-rcs-de-doble-punta-de-aluminio-negro\/","title":{"rendered":"Bol\u00edgrafo Storm RCS de doble punta de aluminio, negro"},"content":{"rendered":"<p>Experimente una escritura superior con este bol\u00edgrafo excepcional fabricado con aluminio reciclado con certificaci\u00f3n RCS. Combina estilo y bajo impacto con un 83% de contenido de aluminio reciclado certificado RCS. El bol\u00edgrafo cuenta con dos puntas: una punta de grafito en un lado y un bol\u00edgrafo en el otro, lo que garantiza una escritura suave y precisa con tinta azul. Ancho de escritura 1 mm, largo de escritura 1200 metros. Su dise\u00f1o \u00fanico respira sofisticaci\u00f3n. Presentado en una caja de regalo Swiss Peak negra mezclada FSC\u00ae. Contenido reciclado total basado en el peso del art\u00edculo: 83%<\/p>\n","protected":false},"excerpt":{"rendered":"<p>Experimente una escritura superior con este bol\u00edgrafo excepcional fabricado con aluminio reciclado con certificaci\u00f3n RCS. Combina estilo y bajo impacto con un 83% de contenido de aluminio reciclado certificado RCS. El bol\u00edgrafo cuenta con dos puntas: una punta de grafito en un lado y un bol\u00edgrafo en el otro, lo que garantiza una escritura suave [&hellip;]<\/p>\n","protected":false},"featured_media":28994,"template":"","meta":{"_acf_changed":false},"product_cat":[290,300],"product_tag":[],"class_list":["post-22539","product","type-product","status-publish","has-post-thumbnail","hentry","product_cat-business-es","product_cat-oficina-escritura","pa_color-black-es"],"acf":[],"yoast_head":"<!-- This site is optimized with the Yoast SEO plugin v27.0 - https:\/\/yoast.com\/product\/yoast-seo-wordpress\/ -->\n<title>Bol\u00edgrafo Storm RCS de doble punta de aluminio, negro - Swiss Peak<\/title>\n<meta name=\"robots\" content=\"index, follow, max-snippet:-1, max-image-preview:large, max-video-preview:-1\" \/>\n<link rel=\"canonical\" href=\"https:\/\/swiss-peak.com\/es\/producto\/boligrafo-swiss-peak-storm-rcs-de-doble-punta-de-aluminio-negro\/\" \/>\n<meta property=\"og:locale\" content=\"es_ES\" \/>\n<meta property=\"og:type\" content=\"article\" \/>\n<meta property=\"og:title\" content=\"Bol\u00edgrafo Storm RCS de doble punta de aluminio, negro - Swiss Peak\" \/>\n<meta property=\"og:description\" content=\"Experimente una escritura superior con este bol\u00edgrafo excepcional fabricado con aluminio reciclado con certificaci\u00f3n RCS. Combina estilo y bajo impacto con un 83% de contenido de aluminio reciclado certificado RCS. El bol\u00edgrafo cuenta con dos puntas: una punta de grafito en un lado y un bol\u00edgrafo en el otro, lo que garantiza una escritura suave [&hellip;]\" \/>\n<meta property=\"og:url\" content=\"https:\/\/swiss-peak.com\/es\/producto\/boligrafo-swiss-peak-storm-rcs-de-doble-punta-de-aluminio-negro\/\" \/>\n<meta property=\"og:site_name\" content=\"Swiss Peak\" \/>\n<meta property=\"article:modified_time\" content=\"2026-03-12T02:04:22+00:00\" \/>\n<meta property=\"og:image\" content=\"https:\/\/swiss-peak.com\/wp-content\/uploads\/sites\/9\/2024\/02\/P611.251__S_0__c3c3b2d921dd4937839884e466a1e0fd.jpg\" \/>\n\t<meta property=\"og:image:width\" content=\"1024\" \/>\n\t<meta property=\"og:image:height\" content=\"1024\" \/>\n\t<meta property=\"og:image:type\" content=\"image\/jpeg\" \/>\n<meta name=\"twitter:card\" content=\"summary_large_image\" \/>\n<script type=\"application\/ld+json\" class=\"yoast-schema-graph\">{\"@context\":\"https:\/\/schema.org\",\"@graph\":[{\"@type\":\"WebPage\",\"@id\":\"https:\/\/swiss-peak.com\/es\/producto\/boligrafo-swiss-peak-storm-rcs-de-doble-punta-de-aluminio-negro\/\",\"url\":\"https:\/\/swiss-peak.com\/es\/producto\/boligrafo-swiss-peak-storm-rcs-de-doble-punta-de-aluminio-negro\/\",\"name\":\"Bol\u00edgrafo Storm RCS de doble punta de aluminio, negro - Swiss Peak\",\"isPartOf\":{\"@id\":\"https:\/\/swiss-peak.com\/es\/#website\"},\"primaryImageOfPage\":{\"@id\":\"https:\/\/swiss-peak.com\/es\/producto\/boligrafo-swiss-peak-storm-rcs-de-doble-punta-de-aluminio-negro\/#primaryimage\"},\"image\":{\"@id\":\"https:\/\/swiss-peak.com\/es\/producto\/boligrafo-swiss-peak-storm-rcs-de-doble-punta-de-aluminio-negro\/#primaryimage\"},\"thumbnailUrl\":\"https:\/\/swiss-peak.com\/wp-content\/uploads\/sites\/9\/2024\/02\/P611.251__S_0__c3c3b2d921dd4937839884e466a1e0fd.jpg\",\"datePublished\":\"2024-01-03T02:00:15+00:00\",\"dateModified\":\"2026-03-12T02:04:22+00:00\",\"breadcrumb\":{\"@id\":\"https:\/\/swiss-peak.com\/es\/producto\/boligrafo-swiss-peak-storm-rcs-de-doble-punta-de-aluminio-negro\/#breadcrumb\"},\"inLanguage\":\"es\",\"potentialAction\":[{\"@type\":\"ReadAction\",\"target\":[\"https:\/\/swiss-peak.com\/es\/producto\/boligrafo-swiss-peak-storm-rcs-de-doble-punta-de-aluminio-negro\/\"]}]},{\"@type\":\"ImageObject\",\"inLanguage\":\"es\",\"@id\":\"https:\/\/swiss-peak.com\/es\/producto\/boligrafo-swiss-peak-storm-rcs-de-doble-punta-de-aluminio-negro\/#primaryimage\",\"url\":\"https:\/\/swiss-peak.com\/wp-content\/uploads\/sites\/9\/2024\/02\/P611.251__S_0__c3c3b2d921dd4937839884e466a1e0fd.jpg\",\"contentUrl\":\"https:\/\/swiss-peak.com\/wp-content\/uploads\/sites\/9\/2024\/02\/P611.251__S_0__c3c3b2d921dd4937839884e466a1e0fd.jpg\",\"width\":1024,\"height\":1024},{\"@type\":\"BreadcrumbList\",\"@id\":\"https:\/\/swiss-peak.com\/es\/producto\/boligrafo-swiss-peak-storm-rcs-de-doble-punta-de-aluminio-negro\/#breadcrumb\",\"itemListElement\":[{\"@type\":\"ListItem\",\"position\":1,\"name\":\"Home\",\"item\":\"https:\/\/swiss-peak.com\/es\/\"},{\"@type\":\"ListItem\",\"position\":2,\"name\":\"Colecci\u00f3n\",\"item\":\"https:\/\/swiss-peak.com\/es\/coleccion\/\"},{\"@type\":\"ListItem\",\"position\":3,\"name\":\"Bol\u00edgrafo Storm RCS de doble punta de aluminio, negro\"}]},{\"@type\":\"WebSite\",\"@id\":\"https:\/\/swiss-peak.com\/es\/#website\",\"url\":\"https:\/\/swiss-peak.com\/es\/\",\"name\":\"Swiss Peak\",\"description\":\"Where will today take you?\",\"potentialAction\":[{\"@type\":\"SearchAction\",\"target\":{\"@type\":\"EntryPoint\",\"urlTemplate\":\"https:\/\/swiss-peak.com\/es\/?s={search_term_string}\"},\"query-input\":{\"@type\":\"PropertyValueSpecification\",\"valueRequired\":true,\"valueName\":\"search_term_string\"}}],\"inLanguage\":\"es\"}]}<\/script>\n<!-- \/ Yoast SEO plugin. -->","yoast_head_json":{"title":"Bol\u00edgrafo Storm RCS de doble punta de aluminio, negro - Swiss Peak","robots":{"index":"index","follow":"follow","max-snippet":"max-snippet:-1","max-image-preview":"max-image-preview:large","max-video-preview":"max-video-preview:-1"},"canonical":"https:\/\/swiss-peak.com\/es\/producto\/boligrafo-swiss-peak-storm-rcs-de-doble-punta-de-aluminio-negro\/","og_locale":"es_ES","og_type":"article","og_title":"Bol\u00edgrafo Storm RCS de doble punta de aluminio, negro - Swiss Peak","og_description":"Experimente una escritura superior con este bol\u00edgrafo excepcional fabricado con aluminio reciclado con certificaci\u00f3n RCS. Combina estilo y bajo impacto con un 83% de contenido de aluminio reciclado certificado RCS. El bol\u00edgrafo cuenta con dos puntas: una punta de grafito en un lado y un bol\u00edgrafo en el otro, lo que garantiza una escritura suave [&hellip;]","og_url":"https:\/\/swiss-peak.com\/es\/producto\/boligrafo-swiss-peak-storm-rcs-de-doble-punta-de-aluminio-negro\/","og_site_name":"Swiss Peak","article_modified_time":"2026-03-12T02:04:22+00:00","og_image":[{"width":1024,"height":1024,"url":"https:\/\/swiss-peak.com\/wp-content\/uploads\/sites\/9\/2024\/02\/P611.251__S_0__c3c3b2d921dd4937839884e466a1e0fd.jpg","type":"image\/jpeg"}],"twitter_card":"summary_large_image","schema":{"@context":"https:\/\/schema.org","@graph":[{"@type":"WebPage","@id":"https:\/\/swiss-peak.com\/es\/producto\/boligrafo-swiss-peak-storm-rcs-de-doble-punta-de-aluminio-negro\/","url":"https:\/\/swiss-peak.com\/es\/producto\/boligrafo-swiss-peak-storm-rcs-de-doble-punta-de-aluminio-negro\/","name":"Bol\u00edgrafo Storm RCS de doble punta de aluminio, negro - Swiss Peak","isPartOf":{"@id":"https:\/\/swiss-peak.com\/es\/#website"},"primaryImageOfPage":{"@id":"https:\/\/swiss-peak.com\/es\/producto\/boligrafo-swiss-peak-storm-rcs-de-doble-punta-de-aluminio-negro\/#primaryimage"},"image":{"@id":"https:\/\/swiss-peak.com\/es\/producto\/boligrafo-swiss-peak-storm-rcs-de-doble-punta-de-aluminio-negro\/#primaryimage"},"thumbnailUrl":"https:\/\/swiss-peak.com\/wp-content\/uploads\/sites\/9\/2024\/02\/P611.251__S_0__c3c3b2d921dd4937839884e466a1e0fd.jpg","datePublished":"2024-01-03T02:00:15+00:00","dateModified":"2026-03-12T02:04:22+00:00","breadcrumb":{"@id":"https:\/\/swiss-peak.com\/es\/producto\/boligrafo-swiss-peak-storm-rcs-de-doble-punta-de-aluminio-negro\/#breadcrumb"},"inLanguage":"es","potentialAction":[{"@type":"ReadAction","target":["https:\/\/swiss-peak.com\/es\/producto\/boligrafo-swiss-peak-storm-rcs-de-doble-punta-de-aluminio-negro\/"]}]},{"@type":"ImageObject","inLanguage":"es","@id":"https:\/\/swiss-peak.com\/es\/producto\/boligrafo-swiss-peak-storm-rcs-de-doble-punta-de-aluminio-negro\/#primaryimage","url":"https:\/\/swiss-peak.com\/wp-content\/uploads\/sites\/9\/2024\/02\/P611.251__S_0__c3c3b2d921dd4937839884e466a1e0fd.jpg","contentUrl":"https:\/\/swiss-peak.com\/wp-content\/uploads\/sites\/9\/2024\/02\/P611.251__S_0__c3c3b2d921dd4937839884e466a1e0fd.jpg","width":1024,"height":1024},{"@type":"BreadcrumbList","@id":"https:\/\/swiss-peak.com\/es\/producto\/boligrafo-swiss-peak-storm-rcs-de-doble-punta-de-aluminio-negro\/#breadcrumb","itemListElement":[{"@type":"ListItem","position":1,"name":"Home","item":"https:\/\/swiss-peak.com\/es\/"},{"@type":"ListItem","position":2,"name":"Colecci\u00f3n","item":"https:\/\/swiss-peak.com\/es\/coleccion\/"},{"@type":"ListItem","position":3,"name":"Bol\u00edgrafo Storm RCS de doble punta de aluminio, negro"}]},{"@type":"WebSite","@id":"https:\/\/swiss-peak.com\/es\/#website","url":"https:\/\/swiss-peak.com\/es\/","name":"Swiss Peak","description":"Where will today take you?","potentialAction":[{"@type":"SearchAction","target":{"@type":"EntryPoint","urlTemplate":"https:\/\/swiss-peak.com\/es\/?s={search_term_string}"},"query-input":{"@type":"PropertyValueSpecification","valueRequired":true,"valueName":"search_term_string"}}],"inLanguage":"es"}]}},"_links":{"self":[{"href":"https:\/\/swiss-peak.com\/es\/wp-json\/wp\/v2\/product\/22539","targetHints":{"allow":["GET"]}}],"collection":[{"href":"https:\/\/swiss-peak.com\/es\/wp-json\/wp\/v2\/product"}],"about":[{"href":"https:\/\/swiss-peak.com\/es\/wp-json\/wp\/v2\/types\/product"}],"wp:featuredmedia":[{"embeddable":true,"href":"https:\/\/swiss-peak.com\/es\/wp-json\/wp\/v2\/media\/28994"}],"wp:attachment":[{"href":"https:\/\/swiss-peak.com\/es\/wp-json\/wp\/v2\/media?parent=22539"}],"wp:term":[{"taxonomy":"product_cat","embeddable":true,"href":"https:\/\/swiss-peak.com\/es\/wp-json\/wp\/v2\/product_cat?post=22539"},{"taxonomy":"product_tag","embeddable":true,"href":"https:\/\/swiss-peak.com\/es\/wp-json\/wp\/v2\/product_tag?post=22539"}],"curies":[{"name":"wp","href":"https:\/\/api.w.org\/{rel}","templated":true}]}}