{"id":20000,"date":"2023-08-09T02:00:17","date_gmt":"2023-08-09T01:02:10","guid":{"rendered":"https:\/\/swiss-peak.com\/cargador-viaje-inalambrico-swiss-peak-rcs-rplastic-3-en-1-gris\/"},"modified":"2026-03-12T04:02:16","modified_gmt":"2026-03-12T02:02:16","slug":"cargador-viaje-inalambrico-swiss-peak-rcs-rplastic-3-en-1-gris","status":"publish","type":"product","link":"https:\/\/swiss-peak.com\/es\/producto\/cargador-viaje-inalambrico-swiss-peak-rcs-rplastic-3-en-1-gris\/","title":{"rendered":"Cargador viaje inal\u00e1mbrico RCS rplastic 3 en 1, gris"},"content":{"rendered":"<p>Cargador inal\u00e1mbrico 3 en 1 plegable de lujo fabricado con ABS reciclado RCS. Contenido reciclado total: 46% basado en el peso total del art\u00edculo. La certificaci\u00f3n RCS garantiza una cadena de suministro completamente certificada de los materiales reciclados. El cargador inal\u00e1mbrico viene equipado con una bater\u00eda magn\u00e9tica de 15W y un cargador inal\u00e1mbrico adicional de 5W adecuado para fundas de auriculares u otros dispositivos inal\u00e1mbricos peque\u00f1os que se pueden cargar. Dispone de cargador inal\u00e1mbrico de 2,5W para relojes inteligentes (solo relojes Apple). Incluye cable TPE reciclado de 120 cm con certificaci\u00f3n RCS. Presentado en embalaje kraft mixto FSC\u00ae. Art\u00edculo y accesorios 100% libres de PVC. Entrada: 9V\/3A para un uso \u00f3ptimo. Salida: Tel\u00e9fono: 9V\/1.1A; 9 V\/1,67 A\/(15W), auriculares: 5 V\/1 A (5W), reloj: 5 V\/0,5 A.<\/p>\n","protected":false},"excerpt":{"rendered":"<p>Cargador inal\u00e1mbrico 3 en 1 plegable de lujo fabricado con ABS reciclado RCS. Contenido reciclado total: 46% basado en el peso total del art\u00edculo. La certificaci\u00f3n RCS garantiza una cadena de suministro completamente certificada de los materiales reciclados. El cargador inal\u00e1mbrico viene equipado con una bater\u00eda magn\u00e9tica de 15W y un cargador inal\u00e1mbrico adicional de [&hellip;]<\/p>\n","protected":false},"featured_media":22967,"template":"","meta":{"_acf_changed":false},"product_cat":[290,304],"product_tag":[],"class_list":["post-20000","product","type-product","status-publish","has-post-thumbnail","hentry","product_cat-business-es","product_cat-tecnologia-movil","pa_color-black-es","pa_color-grey-es"],"acf":[],"yoast_head":"<!-- This site is optimized with the Yoast SEO plugin v27.0 - https:\/\/yoast.com\/product\/yoast-seo-wordpress\/ -->\n<title>Cargador viaje inal\u00e1mbrico RCS rplastic 3 en 1, gris - Swiss Peak<\/title>\n<meta name=\"robots\" content=\"index, follow, max-snippet:-1, max-image-preview:large, max-video-preview:-1\" \/>\n<link rel=\"canonical\" href=\"https:\/\/swiss-peak.com\/es\/producto\/cargador-viaje-inalambrico-swiss-peak-rcs-rplastic-3-en-1-gris\/\" \/>\n<meta property=\"og:locale\" content=\"es_ES\" \/>\n<meta property=\"og:type\" content=\"article\" \/>\n<meta property=\"og:title\" content=\"Cargador viaje inal\u00e1mbrico RCS rplastic 3 en 1, gris - Swiss Peak\" \/>\n<meta property=\"og:description\" content=\"Cargador inal\u00e1mbrico 3 en 1 plegable de lujo fabricado con ABS reciclado RCS. Contenido reciclado total: 46% basado en el peso total del art\u00edculo. La certificaci\u00f3n RCS garantiza una cadena de suministro completamente certificada de los materiales reciclados. El cargador inal\u00e1mbrico viene equipado con una bater\u00eda magn\u00e9tica de 15W y un cargador inal\u00e1mbrico adicional de [&hellip;]\" \/>\n<meta property=\"og:url\" content=\"https:\/\/swiss-peak.com\/es\/producto\/cargador-viaje-inalambrico-swiss-peak-rcs-rplastic-3-en-1-gris\/\" \/>\n<meta property=\"og:site_name\" content=\"Swiss Peak\" \/>\n<meta property=\"article:modified_time\" content=\"2026-03-12T02:02:16+00:00\" \/>\n<meta property=\"og:image\" content=\"https:\/\/swiss-peak.com\/wp-content\/uploads\/sites\/9\/2024\/02\/P308.531__S_0__1ffd691bdf6240daa7083520a9153ee7.jpg\" \/>\n\t<meta property=\"og:image:width\" content=\"1024\" \/>\n\t<meta property=\"og:image:height\" content=\"1024\" \/>\n\t<meta property=\"og:image:type\" content=\"image\/jpeg\" \/>\n<meta name=\"twitter:card\" content=\"summary_large_image\" \/>\n<meta name=\"twitter:label1\" content=\"Tiempo de lectura\" \/>\n\t<meta name=\"twitter:data1\" content=\"1 minuto\" \/>\n<script type=\"application\/ld+json\" class=\"yoast-schema-graph\">{\"@context\":\"https:\/\/schema.org\",\"@graph\":[{\"@type\":\"WebPage\",\"@id\":\"https:\/\/swiss-peak.com\/es\/producto\/cargador-viaje-inalambrico-swiss-peak-rcs-rplastic-3-en-1-gris\/\",\"url\":\"https:\/\/swiss-peak.com\/es\/producto\/cargador-viaje-inalambrico-swiss-peak-rcs-rplastic-3-en-1-gris\/\",\"name\":\"Cargador viaje inal\u00e1mbrico RCS rplastic 3 en 1, gris - Swiss Peak\",\"isPartOf\":{\"@id\":\"https:\/\/swiss-peak.com\/es\/#website\"},\"primaryImageOfPage\":{\"@id\":\"https:\/\/swiss-peak.com\/es\/producto\/cargador-viaje-inalambrico-swiss-peak-rcs-rplastic-3-en-1-gris\/#primaryimage\"},\"image\":{\"@id\":\"https:\/\/swiss-peak.com\/es\/producto\/cargador-viaje-inalambrico-swiss-peak-rcs-rplastic-3-en-1-gris\/#primaryimage\"},\"thumbnailUrl\":\"https:\/\/swiss-peak.com\/wp-content\/uploads\/sites\/9\/2024\/02\/P308.531__S_0__1ffd691bdf6240daa7083520a9153ee7.jpg\",\"datePublished\":\"2023-08-09T01:02:10+00:00\",\"dateModified\":\"2026-03-12T02:02:16+00:00\",\"breadcrumb\":{\"@id\":\"https:\/\/swiss-peak.com\/es\/producto\/cargador-viaje-inalambrico-swiss-peak-rcs-rplastic-3-en-1-gris\/#breadcrumb\"},\"inLanguage\":\"es\",\"potentialAction\":[{\"@type\":\"ReadAction\",\"target\":[\"https:\/\/swiss-peak.com\/es\/producto\/cargador-viaje-inalambrico-swiss-peak-rcs-rplastic-3-en-1-gris\/\"]}]},{\"@type\":\"ImageObject\",\"inLanguage\":\"es\",\"@id\":\"https:\/\/swiss-peak.com\/es\/producto\/cargador-viaje-inalambrico-swiss-peak-rcs-rplastic-3-en-1-gris\/#primaryimage\",\"url\":\"https:\/\/swiss-peak.com\/wp-content\/uploads\/sites\/9\/2024\/02\/P308.531__S_0__1ffd691bdf6240daa7083520a9153ee7.jpg\",\"contentUrl\":\"https:\/\/swiss-peak.com\/wp-content\/uploads\/sites\/9\/2024\/02\/P308.531__S_0__1ffd691bdf6240daa7083520a9153ee7.jpg\",\"width\":1024,\"height\":1024},{\"@type\":\"BreadcrumbList\",\"@id\":\"https:\/\/swiss-peak.com\/es\/producto\/cargador-viaje-inalambrico-swiss-peak-rcs-rplastic-3-en-1-gris\/#breadcrumb\",\"itemListElement\":[{\"@type\":\"ListItem\",\"position\":1,\"name\":\"Home\",\"item\":\"https:\/\/swiss-peak.com\/es\/\"},{\"@type\":\"ListItem\",\"position\":2,\"name\":\"Colecci\u00f3n\",\"item\":\"https:\/\/swiss-peak.com\/es\/coleccion\/\"},{\"@type\":\"ListItem\",\"position\":3,\"name\":\"Cargador viaje inal\u00e1mbrico RCS rplastic 3 en 1, gris\"}]},{\"@type\":\"WebSite\",\"@id\":\"https:\/\/swiss-peak.com\/es\/#website\",\"url\":\"https:\/\/swiss-peak.com\/es\/\",\"name\":\"Swiss Peak\",\"description\":\"Where will today take you?\",\"potentialAction\":[{\"@type\":\"SearchAction\",\"target\":{\"@type\":\"EntryPoint\",\"urlTemplate\":\"https:\/\/swiss-peak.com\/es\/?s={search_term_string}\"},\"query-input\":{\"@type\":\"PropertyValueSpecification\",\"valueRequired\":true,\"valueName\":\"search_term_string\"}}],\"inLanguage\":\"es\"}]}<\/script>\n<!-- \/ Yoast SEO plugin. -->","yoast_head_json":{"title":"Cargador viaje inal\u00e1mbrico RCS rplastic 3 en 1, gris - Swiss Peak","robots":{"index":"index","follow":"follow","max-snippet":"max-snippet:-1","max-image-preview":"max-image-preview:large","max-video-preview":"max-video-preview:-1"},"canonical":"https:\/\/swiss-peak.com\/es\/producto\/cargador-viaje-inalambrico-swiss-peak-rcs-rplastic-3-en-1-gris\/","og_locale":"es_ES","og_type":"article","og_title":"Cargador viaje inal\u00e1mbrico RCS rplastic 3 en 1, gris - Swiss Peak","og_description":"Cargador inal\u00e1mbrico 3 en 1 plegable de lujo fabricado con ABS reciclado RCS. Contenido reciclado total: 46% basado en el peso total del art\u00edculo. La certificaci\u00f3n RCS garantiza una cadena de suministro completamente certificada de los materiales reciclados. El cargador inal\u00e1mbrico viene equipado con una bater\u00eda magn\u00e9tica de 15W y un cargador inal\u00e1mbrico adicional de [&hellip;]","og_url":"https:\/\/swiss-peak.com\/es\/producto\/cargador-viaje-inalambrico-swiss-peak-rcs-rplastic-3-en-1-gris\/","og_site_name":"Swiss Peak","article_modified_time":"2026-03-12T02:02:16+00:00","og_image":[{"width":1024,"height":1024,"url":"https:\/\/swiss-peak.com\/wp-content\/uploads\/sites\/9\/2024\/02\/P308.531__S_0__1ffd691bdf6240daa7083520a9153ee7.jpg","type":"image\/jpeg"}],"twitter_card":"summary_large_image","twitter_misc":{"Tiempo de lectura":"1 minuto"},"schema":{"@context":"https:\/\/schema.org","@graph":[{"@type":"WebPage","@id":"https:\/\/swiss-peak.com\/es\/producto\/cargador-viaje-inalambrico-swiss-peak-rcs-rplastic-3-en-1-gris\/","url":"https:\/\/swiss-peak.com\/es\/producto\/cargador-viaje-inalambrico-swiss-peak-rcs-rplastic-3-en-1-gris\/","name":"Cargador viaje inal\u00e1mbrico RCS rplastic 3 en 1, gris - Swiss Peak","isPartOf":{"@id":"https:\/\/swiss-peak.com\/es\/#website"},"primaryImageOfPage":{"@id":"https:\/\/swiss-peak.com\/es\/producto\/cargador-viaje-inalambrico-swiss-peak-rcs-rplastic-3-en-1-gris\/#primaryimage"},"image":{"@id":"https:\/\/swiss-peak.com\/es\/producto\/cargador-viaje-inalambrico-swiss-peak-rcs-rplastic-3-en-1-gris\/#primaryimage"},"thumbnailUrl":"https:\/\/swiss-peak.com\/wp-content\/uploads\/sites\/9\/2024\/02\/P308.531__S_0__1ffd691bdf6240daa7083520a9153ee7.jpg","datePublished":"2023-08-09T01:02:10+00:00","dateModified":"2026-03-12T02:02:16+00:00","breadcrumb":{"@id":"https:\/\/swiss-peak.com\/es\/producto\/cargador-viaje-inalambrico-swiss-peak-rcs-rplastic-3-en-1-gris\/#breadcrumb"},"inLanguage":"es","potentialAction":[{"@type":"ReadAction","target":["https:\/\/swiss-peak.com\/es\/producto\/cargador-viaje-inalambrico-swiss-peak-rcs-rplastic-3-en-1-gris\/"]}]},{"@type":"ImageObject","inLanguage":"es","@id":"https:\/\/swiss-peak.com\/es\/producto\/cargador-viaje-inalambrico-swiss-peak-rcs-rplastic-3-en-1-gris\/#primaryimage","url":"https:\/\/swiss-peak.com\/wp-content\/uploads\/sites\/9\/2024\/02\/P308.531__S_0__1ffd691bdf6240daa7083520a9153ee7.jpg","contentUrl":"https:\/\/swiss-peak.com\/wp-content\/uploads\/sites\/9\/2024\/02\/P308.531__S_0__1ffd691bdf6240daa7083520a9153ee7.jpg","width":1024,"height":1024},{"@type":"BreadcrumbList","@id":"https:\/\/swiss-peak.com\/es\/producto\/cargador-viaje-inalambrico-swiss-peak-rcs-rplastic-3-en-1-gris\/#breadcrumb","itemListElement":[{"@type":"ListItem","position":1,"name":"Home","item":"https:\/\/swiss-peak.com\/es\/"},{"@type":"ListItem","position":2,"name":"Colecci\u00f3n","item":"https:\/\/swiss-peak.com\/es\/coleccion\/"},{"@type":"ListItem","position":3,"name":"Cargador viaje inal\u00e1mbrico RCS rplastic 3 en 1, gris"}]},{"@type":"WebSite","@id":"https:\/\/swiss-peak.com\/es\/#website","url":"https:\/\/swiss-peak.com\/es\/","name":"Swiss Peak","description":"Where will today take you?","potentialAction":[{"@type":"SearchAction","target":{"@type":"EntryPoint","urlTemplate":"https:\/\/swiss-peak.com\/es\/?s={search_term_string}"},"query-input":{"@type":"PropertyValueSpecification","valueRequired":true,"valueName":"search_term_string"}}],"inLanguage":"es"}]}},"_links":{"self":[{"href":"https:\/\/swiss-peak.com\/es\/wp-json\/wp\/v2\/product\/20000","targetHints":{"allow":["GET"]}}],"collection":[{"href":"https:\/\/swiss-peak.com\/es\/wp-json\/wp\/v2\/product"}],"about":[{"href":"https:\/\/swiss-peak.com\/es\/wp-json\/wp\/v2\/types\/product"}],"wp:featuredmedia":[{"embeddable":true,"href":"https:\/\/swiss-peak.com\/es\/wp-json\/wp\/v2\/media\/22967"}],"wp:attachment":[{"href":"https:\/\/swiss-peak.com\/es\/wp-json\/wp\/v2\/media?parent=20000"}],"wp:term":[{"taxonomy":"product_cat","embeddable":true,"href":"https:\/\/swiss-peak.com\/es\/wp-json\/wp\/v2\/product_cat?post=20000"},{"taxonomy":"product_tag","embeddable":true,"href":"https:\/\/swiss-peak.com\/es\/wp-json\/wp\/v2\/product_tag?post=20000"}],"curies":[{"name":"wp","href":"https:\/\/api.w.org\/{rel}","templated":true}]}}