{"id":19769,"date":"2023-07-18T02:00:14","date_gmt":"2023-07-18T01:02:12","guid":{"rendered":"https:\/\/swiss-peak.com\/cargador-inalambrico-magnetico-swiss-peak-rcs-rpu-15w-3-en-1-negro\/"},"modified":"2026-04-16T03:00:23","modified_gmt":"2026-04-16T01:00:23","slug":"cargador-inalambrico-magnetico-swiss-peak-rcs-rpu-15w-3-en-1-negro","status":"publish","type":"product","link":"https:\/\/swiss-peak.com\/es\/producto\/cargador-inalambrico-magnetico-swiss-peak-rcs-rpu-15w-3-en-1-negro\/","title":{"rendered":"Cargador inal\u00e1mbrico magn\u00e9tico RCS rPU 15W 3 en 1, negro"},"content":{"rendered":"<p>Cargador inal\u00e1mbrico 3 en 1 de lujo y plegable fabricado con PU reciclado certificado por RCS. Contenido reciclado total: 5% basado en el peso total del art\u00edculo. La certificaci\u00f3n RCS garantiza una cadena de suministro completamente certificada de los materiales reciclados. El cargador inal\u00e1mbrico viene equipado con una bater\u00eda magn\u00e9tica de 15W en la parte delantera. En la parte trasera hay un cargador inal\u00e1mbrico adicional de 5W adecuado para fundas de auriculares u otros dispositivos inal\u00e1mbricos peque\u00f1os con carga y un cargador inal\u00e1mbrico de 2,5W para relojes inteligentes (solo relojes Apple). Incluye cable TPE reciclado de 120 cm con certificaci\u00f3n RCS. Presentado en embalaje kraft mixto FSC\u00ae. Art\u00edculo y accesorios 100% libres de PVC. Entrada: 9V\/3A para un uso \u00f3ptimo. Salida: Frontal: 9V\/1.1A; 9 V\/1,67 A\/(15W), auriculares: 5 V\/1 A (5W), reloj: 5 V\/0,5 A.<\/p>\n","protected":false},"excerpt":{"rendered":"<p>Cargador inal\u00e1mbrico 3 en 1 de lujo y plegable fabricado con PU reciclado certificado por RCS. Contenido reciclado total: 5% basado en el peso total del art\u00edculo. La certificaci\u00f3n RCS garantiza una cadena de suministro completamente certificada de los materiales reciclados. El cargador inal\u00e1mbrico viene equipado con una bater\u00eda magn\u00e9tica de 15W en la parte [&hellip;]<\/p>\n","protected":false},"featured_media":46104,"template":"","meta":{"_acf_changed":false},"product_cat":[290,304],"product_tag":[],"class_list":["post-19769","product","type-product","status-publish","has-post-thumbnail","hentry","product_cat-business-es","product_cat-tecnologia-movil","pa_color-black-es"],"acf":[],"yoast_head":"<!-- This site is optimized with the Yoast SEO plugin v27.0 - https:\/\/yoast.com\/product\/yoast-seo-wordpress\/ -->\n<title>Cargador inal\u00e1mbrico magn\u00e9tico RCS rPU 15W 3 en 1, negro - Swiss Peak<\/title>\n<meta name=\"robots\" content=\"index, follow, max-snippet:-1, max-image-preview:large, max-video-preview:-1\" \/>\n<link rel=\"canonical\" href=\"https:\/\/swiss-peak.com\/es\/producto\/cargador-inalambrico-magnetico-swiss-peak-rcs-rpu-15w-3-en-1-negro\/\" \/>\n<meta property=\"og:locale\" content=\"es_ES\" \/>\n<meta property=\"og:type\" content=\"article\" \/>\n<meta property=\"og:title\" content=\"Cargador inal\u00e1mbrico magn\u00e9tico RCS rPU 15W 3 en 1, negro - Swiss Peak\" \/>\n<meta property=\"og:description\" content=\"Cargador inal\u00e1mbrico 3 en 1 de lujo y plegable fabricado con PU reciclado certificado por RCS. Contenido reciclado total: 5% basado en el peso total del art\u00edculo. La certificaci\u00f3n RCS garantiza una cadena de suministro completamente certificada de los materiales reciclados. El cargador inal\u00e1mbrico viene equipado con una bater\u00eda magn\u00e9tica de 15W en la parte [&hellip;]\" \/>\n<meta property=\"og:url\" content=\"https:\/\/swiss-peak.com\/es\/producto\/cargador-inalambrico-magnetico-swiss-peak-rcs-rpu-15w-3-en-1-negro\/\" \/>\n<meta property=\"og:site_name\" content=\"Swiss Peak\" \/>\n<meta property=\"article:modified_time\" content=\"2026-04-16T01:00:23+00:00\" \/>\n<meta property=\"og:image\" content=\"https:\/\/swiss-peak.com\/wp-content\/uploads\/sites\/9\/2026\/04\/P308.541__S_0__056545e7fe9d4d22a40ea843b5d77e36.jpg\" \/>\n\t<meta property=\"og:image:width\" content=\"1024\" \/>\n\t<meta property=\"og:image:height\" content=\"1024\" \/>\n\t<meta property=\"og:image:type\" content=\"image\/jpeg\" \/>\n<meta name=\"twitter:card\" content=\"summary_large_image\" \/>\n<meta name=\"twitter:label1\" content=\"Tiempo de lectura\" \/>\n\t<meta name=\"twitter:data1\" content=\"1 minuto\" \/>\n<script type=\"application\/ld+json\" class=\"yoast-schema-graph\">{\"@context\":\"https:\/\/schema.org\",\"@graph\":[{\"@type\":\"WebPage\",\"@id\":\"https:\/\/swiss-peak.com\/es\/producto\/cargador-inalambrico-magnetico-swiss-peak-rcs-rpu-15w-3-en-1-negro\/\",\"url\":\"https:\/\/swiss-peak.com\/es\/producto\/cargador-inalambrico-magnetico-swiss-peak-rcs-rpu-15w-3-en-1-negro\/\",\"name\":\"Cargador inal\u00e1mbrico magn\u00e9tico RCS rPU 15W 3 en 1, negro - Swiss Peak\",\"isPartOf\":{\"@id\":\"https:\/\/swiss-peak.com\/es\/#website\"},\"primaryImageOfPage\":{\"@id\":\"https:\/\/swiss-peak.com\/es\/producto\/cargador-inalambrico-magnetico-swiss-peak-rcs-rpu-15w-3-en-1-negro\/#primaryimage\"},\"image\":{\"@id\":\"https:\/\/swiss-peak.com\/es\/producto\/cargador-inalambrico-magnetico-swiss-peak-rcs-rpu-15w-3-en-1-negro\/#primaryimage\"},\"thumbnailUrl\":\"https:\/\/swiss-peak.com\/wp-content\/uploads\/sites\/9\/2026\/04\/P308.541__S_0__056545e7fe9d4d22a40ea843b5d77e36.jpg\",\"datePublished\":\"2023-07-18T01:02:12+00:00\",\"dateModified\":\"2026-04-16T01:00:23+00:00\",\"breadcrumb\":{\"@id\":\"https:\/\/swiss-peak.com\/es\/producto\/cargador-inalambrico-magnetico-swiss-peak-rcs-rpu-15w-3-en-1-negro\/#breadcrumb\"},\"inLanguage\":\"es\",\"potentialAction\":[{\"@type\":\"ReadAction\",\"target\":[\"https:\/\/swiss-peak.com\/es\/producto\/cargador-inalambrico-magnetico-swiss-peak-rcs-rpu-15w-3-en-1-negro\/\"]}]},{\"@type\":\"ImageObject\",\"inLanguage\":\"es\",\"@id\":\"https:\/\/swiss-peak.com\/es\/producto\/cargador-inalambrico-magnetico-swiss-peak-rcs-rpu-15w-3-en-1-negro\/#primaryimage\",\"url\":\"https:\/\/swiss-peak.com\/wp-content\/uploads\/sites\/9\/2026\/04\/P308.541__S_0__056545e7fe9d4d22a40ea843b5d77e36.jpg\",\"contentUrl\":\"https:\/\/swiss-peak.com\/wp-content\/uploads\/sites\/9\/2026\/04\/P308.541__S_0__056545e7fe9d4d22a40ea843b5d77e36.jpg\",\"width\":1024,\"height\":1024},{\"@type\":\"BreadcrumbList\",\"@id\":\"https:\/\/swiss-peak.com\/es\/producto\/cargador-inalambrico-magnetico-swiss-peak-rcs-rpu-15w-3-en-1-negro\/#breadcrumb\",\"itemListElement\":[{\"@type\":\"ListItem\",\"position\":1,\"name\":\"Home\",\"item\":\"https:\/\/swiss-peak.com\/es\/\"},{\"@type\":\"ListItem\",\"position\":2,\"name\":\"Colecci\u00f3n\",\"item\":\"https:\/\/swiss-peak.com\/es\/coleccion\/\"},{\"@type\":\"ListItem\",\"position\":3,\"name\":\"Cargador inal\u00e1mbrico magn\u00e9tico RCS rPU 15W 3 en 1, negro\"}]},{\"@type\":\"WebSite\",\"@id\":\"https:\/\/swiss-peak.com\/es\/#website\",\"url\":\"https:\/\/swiss-peak.com\/es\/\",\"name\":\"Swiss Peak\",\"description\":\"Where will today take you?\",\"potentialAction\":[{\"@type\":\"SearchAction\",\"target\":{\"@type\":\"EntryPoint\",\"urlTemplate\":\"https:\/\/swiss-peak.com\/es\/?s={search_term_string}\"},\"query-input\":{\"@type\":\"PropertyValueSpecification\",\"valueRequired\":true,\"valueName\":\"search_term_string\"}}],\"inLanguage\":\"es\"}]}<\/script>\n<!-- \/ Yoast SEO plugin. -->","yoast_head_json":{"title":"Cargador inal\u00e1mbrico magn\u00e9tico RCS rPU 15W 3 en 1, negro - Swiss Peak","robots":{"index":"index","follow":"follow","max-snippet":"max-snippet:-1","max-image-preview":"max-image-preview:large","max-video-preview":"max-video-preview:-1"},"canonical":"https:\/\/swiss-peak.com\/es\/producto\/cargador-inalambrico-magnetico-swiss-peak-rcs-rpu-15w-3-en-1-negro\/","og_locale":"es_ES","og_type":"article","og_title":"Cargador inal\u00e1mbrico magn\u00e9tico RCS rPU 15W 3 en 1, negro - Swiss Peak","og_description":"Cargador inal\u00e1mbrico 3 en 1 de lujo y plegable fabricado con PU reciclado certificado por RCS. Contenido reciclado total: 5% basado en el peso total del art\u00edculo. La certificaci\u00f3n RCS garantiza una cadena de suministro completamente certificada de los materiales reciclados. El cargador inal\u00e1mbrico viene equipado con una bater\u00eda magn\u00e9tica de 15W en la parte [&hellip;]","og_url":"https:\/\/swiss-peak.com\/es\/producto\/cargador-inalambrico-magnetico-swiss-peak-rcs-rpu-15w-3-en-1-negro\/","og_site_name":"Swiss Peak","article_modified_time":"2026-04-16T01:00:23+00:00","og_image":[{"width":1024,"height":1024,"url":"https:\/\/swiss-peak.com\/wp-content\/uploads\/sites\/9\/2026\/04\/P308.541__S_0__056545e7fe9d4d22a40ea843b5d77e36.jpg","type":"image\/jpeg"}],"twitter_card":"summary_large_image","twitter_misc":{"Tiempo de lectura":"1 minuto"},"schema":{"@context":"https:\/\/schema.org","@graph":[{"@type":"WebPage","@id":"https:\/\/swiss-peak.com\/es\/producto\/cargador-inalambrico-magnetico-swiss-peak-rcs-rpu-15w-3-en-1-negro\/","url":"https:\/\/swiss-peak.com\/es\/producto\/cargador-inalambrico-magnetico-swiss-peak-rcs-rpu-15w-3-en-1-negro\/","name":"Cargador inal\u00e1mbrico magn\u00e9tico RCS rPU 15W 3 en 1, negro - Swiss Peak","isPartOf":{"@id":"https:\/\/swiss-peak.com\/es\/#website"},"primaryImageOfPage":{"@id":"https:\/\/swiss-peak.com\/es\/producto\/cargador-inalambrico-magnetico-swiss-peak-rcs-rpu-15w-3-en-1-negro\/#primaryimage"},"image":{"@id":"https:\/\/swiss-peak.com\/es\/producto\/cargador-inalambrico-magnetico-swiss-peak-rcs-rpu-15w-3-en-1-negro\/#primaryimage"},"thumbnailUrl":"https:\/\/swiss-peak.com\/wp-content\/uploads\/sites\/9\/2026\/04\/P308.541__S_0__056545e7fe9d4d22a40ea843b5d77e36.jpg","datePublished":"2023-07-18T01:02:12+00:00","dateModified":"2026-04-16T01:00:23+00:00","breadcrumb":{"@id":"https:\/\/swiss-peak.com\/es\/producto\/cargador-inalambrico-magnetico-swiss-peak-rcs-rpu-15w-3-en-1-negro\/#breadcrumb"},"inLanguage":"es","potentialAction":[{"@type":"ReadAction","target":["https:\/\/swiss-peak.com\/es\/producto\/cargador-inalambrico-magnetico-swiss-peak-rcs-rpu-15w-3-en-1-negro\/"]}]},{"@type":"ImageObject","inLanguage":"es","@id":"https:\/\/swiss-peak.com\/es\/producto\/cargador-inalambrico-magnetico-swiss-peak-rcs-rpu-15w-3-en-1-negro\/#primaryimage","url":"https:\/\/swiss-peak.com\/wp-content\/uploads\/sites\/9\/2026\/04\/P308.541__S_0__056545e7fe9d4d22a40ea843b5d77e36.jpg","contentUrl":"https:\/\/swiss-peak.com\/wp-content\/uploads\/sites\/9\/2026\/04\/P308.541__S_0__056545e7fe9d4d22a40ea843b5d77e36.jpg","width":1024,"height":1024},{"@type":"BreadcrumbList","@id":"https:\/\/swiss-peak.com\/es\/producto\/cargador-inalambrico-magnetico-swiss-peak-rcs-rpu-15w-3-en-1-negro\/#breadcrumb","itemListElement":[{"@type":"ListItem","position":1,"name":"Home","item":"https:\/\/swiss-peak.com\/es\/"},{"@type":"ListItem","position":2,"name":"Colecci\u00f3n","item":"https:\/\/swiss-peak.com\/es\/coleccion\/"},{"@type":"ListItem","position":3,"name":"Cargador inal\u00e1mbrico magn\u00e9tico RCS rPU 15W 3 en 1, negro"}]},{"@type":"WebSite","@id":"https:\/\/swiss-peak.com\/es\/#website","url":"https:\/\/swiss-peak.com\/es\/","name":"Swiss Peak","description":"Where will today take you?","potentialAction":[{"@type":"SearchAction","target":{"@type":"EntryPoint","urlTemplate":"https:\/\/swiss-peak.com\/es\/?s={search_term_string}"},"query-input":{"@type":"PropertyValueSpecification","valueRequired":true,"valueName":"search_term_string"}}],"inLanguage":"es"}]}},"_links":{"self":[{"href":"https:\/\/swiss-peak.com\/es\/wp-json\/wp\/v2\/product\/19769","targetHints":{"allow":["GET"]}}],"collection":[{"href":"https:\/\/swiss-peak.com\/es\/wp-json\/wp\/v2\/product"}],"about":[{"href":"https:\/\/swiss-peak.com\/es\/wp-json\/wp\/v2\/types\/product"}],"wp:featuredmedia":[{"embeddable":true,"href":"https:\/\/swiss-peak.com\/es\/wp-json\/wp\/v2\/media\/46104"}],"wp:attachment":[{"href":"https:\/\/swiss-peak.com\/es\/wp-json\/wp\/v2\/media?parent=19769"}],"wp:term":[{"taxonomy":"product_cat","embeddable":true,"href":"https:\/\/swiss-peak.com\/es\/wp-json\/wp\/v2\/product_cat?post=19769"},{"taxonomy":"product_tag","embeddable":true,"href":"https:\/\/swiss-peak.com\/es\/wp-json\/wp\/v2\/product_tag?post=19769"}],"curies":[{"name":"wp","href":"https:\/\/api.w.org\/{rel}","templated":true}]}}