{"id":19479,"date":"2023-07-12T02:02:18","date_gmt":"2023-07-12T01:02:10","guid":{"rendered":"https:\/\/swiss-peak.com\/boligrafo-cedar-rcs-de-aluminio-reciclado-swiss-peak-negro\/"},"modified":"2026-03-12T04:04:14","modified_gmt":"2026-03-12T02:04:14","slug":"boligrafo-cedar-rcs-de-aluminio-reciclado-swiss-peak-negro","status":"publish","type":"product","link":"https:\/\/swiss-peak.com\/es\/producto\/boligrafo-cedar-rcs-de-aluminio-reciclado-swiss-peak-negro\/","title":{"rendered":"Bol\u00edgrafo Cedar RCS de aluminio reciclado, negro"},"content":{"rendered":"<p>El bol\u00edgrafo de aluminio reciclado certificado Cedar RCS es la combinaci\u00f3n perfecta de bajo impacto y estilo. Fabricado con aluminio reciclado, este bol\u00edgrafo no solo tiene estilo, sino que tambi\u00e9n ayuda a reducir el impacto ambiental. Su dise\u00f1o elegante y moderno seguramente impresionar\u00e1, lo que lo convierte en el instrumento de escritura perfecto para cualquier ocasi\u00f3n. Una experiencia de escritura suave garantizada de 1200 metros con tinta azul Dokumental. Fabricado con materiales reciclados certificados RCS (Recycled Claim Standard). La certificaci\u00f3n RCS garantiza una cadena de suministro completamente certificada de los materiales reciclados. Contenido reciclado total: 17% basado en el peso total del art\u00edculo. Incluye embalaje certificado FSC\u00ae.<\/p>\n","protected":false},"excerpt":{"rendered":"<p>El bol\u00edgrafo de aluminio reciclado certificado Cedar RCS es la combinaci\u00f3n perfecta de bajo impacto y estilo. Fabricado con aluminio reciclado, este bol\u00edgrafo no solo tiene estilo, sino que tambi\u00e9n ayuda a reducir el impacto ambiental. Su dise\u00f1o elegante y moderno seguramente impresionar\u00e1, lo que lo convierte en el instrumento de escritura perfecto para cualquier [&hellip;]<\/p>\n","protected":false},"featured_media":28380,"template":"","meta":{"_acf_changed":false},"product_cat":[290,300],"product_tag":[],"class_list":["post-19479","product","type-product","status-publish","has-post-thumbnail","hentry","product_cat-business-es","product_cat-oficina-escritura","pa_color-black-es"],"acf":[],"yoast_head":"<!-- This site is optimized with the Yoast SEO plugin v27.0 - https:\/\/yoast.com\/product\/yoast-seo-wordpress\/ -->\n<title>Bol\u00edgrafo Cedar RCS de aluminio reciclado, negro - Swiss Peak<\/title>\n<meta name=\"robots\" content=\"index, follow, max-snippet:-1, max-image-preview:large, max-video-preview:-1\" \/>\n<link rel=\"canonical\" href=\"https:\/\/swiss-peak.com\/es\/producto\/boligrafo-cedar-rcs-de-aluminio-reciclado-swiss-peak-negro\/\" \/>\n<meta property=\"og:locale\" content=\"es_ES\" \/>\n<meta property=\"og:type\" content=\"article\" \/>\n<meta property=\"og:title\" content=\"Bol\u00edgrafo Cedar RCS de aluminio reciclado, negro - Swiss Peak\" \/>\n<meta property=\"og:description\" content=\"El bol\u00edgrafo de aluminio reciclado certificado Cedar RCS es la combinaci\u00f3n perfecta de bajo impacto y estilo. Fabricado con aluminio reciclado, este bol\u00edgrafo no solo tiene estilo, sino que tambi\u00e9n ayuda a reducir el impacto ambiental. Su dise\u00f1o elegante y moderno seguramente impresionar\u00e1, lo que lo convierte en el instrumento de escritura perfecto para cualquier [&hellip;]\" \/>\n<meta property=\"og:url\" content=\"https:\/\/swiss-peak.com\/es\/producto\/boligrafo-cedar-rcs-de-aluminio-reciclado-swiss-peak-negro\/\" \/>\n<meta property=\"og:site_name\" content=\"Swiss Peak\" \/>\n<meta property=\"article:modified_time\" content=\"2026-03-12T02:04:14+00:00\" \/>\n<meta property=\"og:image\" content=\"https:\/\/swiss-peak.com\/wp-content\/uploads\/sites\/9\/2024\/02\/P611.151__S_0__a0b603b0904e4fad82afddc7543d2f48.jpg\" \/>\n\t<meta property=\"og:image:width\" content=\"1024\" \/>\n\t<meta property=\"og:image:height\" content=\"1024\" \/>\n\t<meta property=\"og:image:type\" content=\"image\/jpeg\" \/>\n<meta name=\"twitter:card\" content=\"summary_large_image\" \/>\n<meta name=\"twitter:label1\" content=\"Tiempo de lectura\" \/>\n\t<meta name=\"twitter:data1\" content=\"1 minuto\" \/>\n<script type=\"application\/ld+json\" class=\"yoast-schema-graph\">{\"@context\":\"https:\/\/schema.org\",\"@graph\":[{\"@type\":\"WebPage\",\"@id\":\"https:\/\/swiss-peak.com\/es\/producto\/boligrafo-cedar-rcs-de-aluminio-reciclado-swiss-peak-negro\/\",\"url\":\"https:\/\/swiss-peak.com\/es\/producto\/boligrafo-cedar-rcs-de-aluminio-reciclado-swiss-peak-negro\/\",\"name\":\"Bol\u00edgrafo Cedar RCS de aluminio reciclado, negro - Swiss Peak\",\"isPartOf\":{\"@id\":\"https:\/\/swiss-peak.com\/es\/#website\"},\"primaryImageOfPage\":{\"@id\":\"https:\/\/swiss-peak.com\/es\/producto\/boligrafo-cedar-rcs-de-aluminio-reciclado-swiss-peak-negro\/#primaryimage\"},\"image\":{\"@id\":\"https:\/\/swiss-peak.com\/es\/producto\/boligrafo-cedar-rcs-de-aluminio-reciclado-swiss-peak-negro\/#primaryimage\"},\"thumbnailUrl\":\"https:\/\/swiss-peak.com\/wp-content\/uploads\/sites\/9\/2024\/02\/P611.151__S_0__a0b603b0904e4fad82afddc7543d2f48.jpg\",\"datePublished\":\"2023-07-12T01:02:10+00:00\",\"dateModified\":\"2026-03-12T02:04:14+00:00\",\"breadcrumb\":{\"@id\":\"https:\/\/swiss-peak.com\/es\/producto\/boligrafo-cedar-rcs-de-aluminio-reciclado-swiss-peak-negro\/#breadcrumb\"},\"inLanguage\":\"es\",\"potentialAction\":[{\"@type\":\"ReadAction\",\"target\":[\"https:\/\/swiss-peak.com\/es\/producto\/boligrafo-cedar-rcs-de-aluminio-reciclado-swiss-peak-negro\/\"]}]},{\"@type\":\"ImageObject\",\"inLanguage\":\"es\",\"@id\":\"https:\/\/swiss-peak.com\/es\/producto\/boligrafo-cedar-rcs-de-aluminio-reciclado-swiss-peak-negro\/#primaryimage\",\"url\":\"https:\/\/swiss-peak.com\/wp-content\/uploads\/sites\/9\/2024\/02\/P611.151__S_0__a0b603b0904e4fad82afddc7543d2f48.jpg\",\"contentUrl\":\"https:\/\/swiss-peak.com\/wp-content\/uploads\/sites\/9\/2024\/02\/P611.151__S_0__a0b603b0904e4fad82afddc7543d2f48.jpg\",\"width\":1024,\"height\":1024},{\"@type\":\"BreadcrumbList\",\"@id\":\"https:\/\/swiss-peak.com\/es\/producto\/boligrafo-cedar-rcs-de-aluminio-reciclado-swiss-peak-negro\/#breadcrumb\",\"itemListElement\":[{\"@type\":\"ListItem\",\"position\":1,\"name\":\"Home\",\"item\":\"https:\/\/swiss-peak.com\/es\/\"},{\"@type\":\"ListItem\",\"position\":2,\"name\":\"Colecci\u00f3n\",\"item\":\"https:\/\/swiss-peak.com\/es\/coleccion\/\"},{\"@type\":\"ListItem\",\"position\":3,\"name\":\"Bol\u00edgrafo Cedar RCS de aluminio reciclado, negro\"}]},{\"@type\":\"WebSite\",\"@id\":\"https:\/\/swiss-peak.com\/es\/#website\",\"url\":\"https:\/\/swiss-peak.com\/es\/\",\"name\":\"Swiss Peak\",\"description\":\"Where will today take you?\",\"potentialAction\":[{\"@type\":\"SearchAction\",\"target\":{\"@type\":\"EntryPoint\",\"urlTemplate\":\"https:\/\/swiss-peak.com\/es\/?s={search_term_string}\"},\"query-input\":{\"@type\":\"PropertyValueSpecification\",\"valueRequired\":true,\"valueName\":\"search_term_string\"}}],\"inLanguage\":\"es\"}]}<\/script>\n<!-- \/ Yoast SEO plugin. -->","yoast_head_json":{"title":"Bol\u00edgrafo Cedar RCS de aluminio reciclado, negro - Swiss Peak","robots":{"index":"index","follow":"follow","max-snippet":"max-snippet:-1","max-image-preview":"max-image-preview:large","max-video-preview":"max-video-preview:-1"},"canonical":"https:\/\/swiss-peak.com\/es\/producto\/boligrafo-cedar-rcs-de-aluminio-reciclado-swiss-peak-negro\/","og_locale":"es_ES","og_type":"article","og_title":"Bol\u00edgrafo Cedar RCS de aluminio reciclado, negro - Swiss Peak","og_description":"El bol\u00edgrafo de aluminio reciclado certificado Cedar RCS es la combinaci\u00f3n perfecta de bajo impacto y estilo. Fabricado con aluminio reciclado, este bol\u00edgrafo no solo tiene estilo, sino que tambi\u00e9n ayuda a reducir el impacto ambiental. Su dise\u00f1o elegante y moderno seguramente impresionar\u00e1, lo que lo convierte en el instrumento de escritura perfecto para cualquier [&hellip;]","og_url":"https:\/\/swiss-peak.com\/es\/producto\/boligrafo-cedar-rcs-de-aluminio-reciclado-swiss-peak-negro\/","og_site_name":"Swiss Peak","article_modified_time":"2026-03-12T02:04:14+00:00","og_image":[{"width":1024,"height":1024,"url":"https:\/\/swiss-peak.com\/wp-content\/uploads\/sites\/9\/2024\/02\/P611.151__S_0__a0b603b0904e4fad82afddc7543d2f48.jpg","type":"image\/jpeg"}],"twitter_card":"summary_large_image","twitter_misc":{"Tiempo de lectura":"1 minuto"},"schema":{"@context":"https:\/\/schema.org","@graph":[{"@type":"WebPage","@id":"https:\/\/swiss-peak.com\/es\/producto\/boligrafo-cedar-rcs-de-aluminio-reciclado-swiss-peak-negro\/","url":"https:\/\/swiss-peak.com\/es\/producto\/boligrafo-cedar-rcs-de-aluminio-reciclado-swiss-peak-negro\/","name":"Bol\u00edgrafo Cedar RCS de aluminio reciclado, negro - Swiss Peak","isPartOf":{"@id":"https:\/\/swiss-peak.com\/es\/#website"},"primaryImageOfPage":{"@id":"https:\/\/swiss-peak.com\/es\/producto\/boligrafo-cedar-rcs-de-aluminio-reciclado-swiss-peak-negro\/#primaryimage"},"image":{"@id":"https:\/\/swiss-peak.com\/es\/producto\/boligrafo-cedar-rcs-de-aluminio-reciclado-swiss-peak-negro\/#primaryimage"},"thumbnailUrl":"https:\/\/swiss-peak.com\/wp-content\/uploads\/sites\/9\/2024\/02\/P611.151__S_0__a0b603b0904e4fad82afddc7543d2f48.jpg","datePublished":"2023-07-12T01:02:10+00:00","dateModified":"2026-03-12T02:04:14+00:00","breadcrumb":{"@id":"https:\/\/swiss-peak.com\/es\/producto\/boligrafo-cedar-rcs-de-aluminio-reciclado-swiss-peak-negro\/#breadcrumb"},"inLanguage":"es","potentialAction":[{"@type":"ReadAction","target":["https:\/\/swiss-peak.com\/es\/producto\/boligrafo-cedar-rcs-de-aluminio-reciclado-swiss-peak-negro\/"]}]},{"@type":"ImageObject","inLanguage":"es","@id":"https:\/\/swiss-peak.com\/es\/producto\/boligrafo-cedar-rcs-de-aluminio-reciclado-swiss-peak-negro\/#primaryimage","url":"https:\/\/swiss-peak.com\/wp-content\/uploads\/sites\/9\/2024\/02\/P611.151__S_0__a0b603b0904e4fad82afddc7543d2f48.jpg","contentUrl":"https:\/\/swiss-peak.com\/wp-content\/uploads\/sites\/9\/2024\/02\/P611.151__S_0__a0b603b0904e4fad82afddc7543d2f48.jpg","width":1024,"height":1024},{"@type":"BreadcrumbList","@id":"https:\/\/swiss-peak.com\/es\/producto\/boligrafo-cedar-rcs-de-aluminio-reciclado-swiss-peak-negro\/#breadcrumb","itemListElement":[{"@type":"ListItem","position":1,"name":"Home","item":"https:\/\/swiss-peak.com\/es\/"},{"@type":"ListItem","position":2,"name":"Colecci\u00f3n","item":"https:\/\/swiss-peak.com\/es\/coleccion\/"},{"@type":"ListItem","position":3,"name":"Bol\u00edgrafo Cedar RCS de aluminio reciclado, negro"}]},{"@type":"WebSite","@id":"https:\/\/swiss-peak.com\/es\/#website","url":"https:\/\/swiss-peak.com\/es\/","name":"Swiss Peak","description":"Where will today take you?","potentialAction":[{"@type":"SearchAction","target":{"@type":"EntryPoint","urlTemplate":"https:\/\/swiss-peak.com\/es\/?s={search_term_string}"},"query-input":{"@type":"PropertyValueSpecification","valueRequired":true,"valueName":"search_term_string"}}],"inLanguage":"es"}]}},"_links":{"self":[{"href":"https:\/\/swiss-peak.com\/es\/wp-json\/wp\/v2\/product\/19479","targetHints":{"allow":["GET"]}}],"collection":[{"href":"https:\/\/swiss-peak.com\/es\/wp-json\/wp\/v2\/product"}],"about":[{"href":"https:\/\/swiss-peak.com\/es\/wp-json\/wp\/v2\/types\/product"}],"wp:featuredmedia":[{"embeddable":true,"href":"https:\/\/swiss-peak.com\/es\/wp-json\/wp\/v2\/media\/28380"}],"wp:attachment":[{"href":"https:\/\/swiss-peak.com\/es\/wp-json\/wp\/v2\/media?parent=19479"}],"wp:term":[{"taxonomy":"product_cat","embeddable":true,"href":"https:\/\/swiss-peak.com\/es\/wp-json\/wp\/v2\/product_cat?post=19479"},{"taxonomy":"product_tag","embeddable":true,"href":"https:\/\/swiss-peak.com\/es\/wp-json\/wp\/v2\/product_tag?post=19479"}],"curies":[{"name":"wp","href":"https:\/\/api.w.org\/{rel}","templated":true}]}}