{"id":16325,"date":"2023-06-21T02:02:17","date_gmt":"2023-06-21T01:00:19","guid":{"rendered":"https:\/\/swiss-peak.com\/paraguas-extensible-swiss-peak-aware-de-23-a-27-negro\/"},"modified":"2026-03-12T04:10:36","modified_gmt":"2026-03-12T02:10:36","slug":"paraguas-extensible-swiss-peak-aware-de-23-a-27-negro","status":"publish","type":"product","link":"https:\/\/swiss-peak.com\/es\/producto\/paraguas-extensible-swiss-peak-aware-de-23-a-27-negro\/","title":{"rendered":"Paraguas extensible AWARE\u2122 de 23&#8243; a 27&#8243;, negro"},"content":{"rendered":"<p>Este paraguas de apertura autom\u00e1tica est\u00e1 dise\u00f1ado para ser compacto y espacioso, brindando una amplia protecci\u00f3n contra la lluvia. Cuando est\u00e1 plegado, es tan peque\u00f1o y liviano como un paraguas de 23&#8243;, por lo que es f\u00e1cil de transportar. Al abrirse, se expande autom\u00e1ticamente a un tama\u00f1o de 27&#8243;, brindando cobertura suficiente para dos personas. Cuenta con un eje de metal, costillas de fibra de vidrio y puntas de PP, y cuenta con un asa negro mate. La funci\u00f3n a prueba de tormentas asegura que te mantendr\u00e1s seco. Fabricado con marcador AWARE\u2122 que valida el uso genuino de materiales reciclados. 100% poli\u00e9ster reciclado de pongis 190T. El 2% de las ganancias de cada producto Aware\u2122 vendido se donar\u00e1 a Water.org.<\/p>\n","protected":false},"excerpt":{"rendered":"<p>Este paraguas de apertura autom\u00e1tica est\u00e1 dise\u00f1ado para ser compacto y espacioso, brindando una amplia protecci\u00f3n contra la lluvia. Cuando est\u00e1 plegado, es tan peque\u00f1o y liviano como un paraguas de 23&#8243;, por lo que es f\u00e1cil de transportar. Al abrirse, se expande autom\u00e1ticamente a un tama\u00f1o de 27&#8243;, brindando cobertura suficiente para dos personas. [&hellip;]<\/p>\n","protected":false},"featured_media":45757,"template":"","meta":{"_acf_changed":false},"product_cat":[309,321],"product_tag":[],"class_list":["post-16325","product","type-product","status-publish","has-post-thumbnail","hentry","product_cat-ocio-deporte","product_cat-paraguas","pa_color-black-es","pa_color-grey-es"],"acf":[],"yoast_head":"<!-- This site is optimized with the Yoast SEO plugin v27.0 - https:\/\/yoast.com\/product\/yoast-seo-wordpress\/ -->\n<title>Paraguas extensible AWARE\u2122 de 23&quot; a 27&quot;, negro - Swiss Peak<\/title>\n<meta name=\"robots\" content=\"index, follow, max-snippet:-1, max-image-preview:large, max-video-preview:-1\" \/>\n<link rel=\"canonical\" href=\"https:\/\/swiss-peak.com\/es\/producto\/paraguas-extensible-swiss-peak-aware-de-23-a-27-negro\/\" \/>\n<meta property=\"og:locale\" content=\"es_ES\" \/>\n<meta property=\"og:type\" content=\"article\" \/>\n<meta property=\"og:title\" content=\"Paraguas extensible AWARE\u2122 de 23&quot; a 27&quot;, negro - Swiss Peak\" \/>\n<meta property=\"og:description\" content=\"Este paraguas de apertura autom\u00e1tica est\u00e1 dise\u00f1ado para ser compacto y espacioso, brindando una amplia protecci\u00f3n contra la lluvia. Cuando est\u00e1 plegado, es tan peque\u00f1o y liviano como un paraguas de 23&#8243;, por lo que es f\u00e1cil de transportar. Al abrirse, se expande autom\u00e1ticamente a un tama\u00f1o de 27&#8243;, brindando cobertura suficiente para dos personas. [&hellip;]\" \/>\n<meta property=\"og:url\" content=\"https:\/\/swiss-peak.com\/es\/producto\/paraguas-extensible-swiss-peak-aware-de-23-a-27-negro\/\" \/>\n<meta property=\"og:site_name\" content=\"Swiss Peak\" \/>\n<meta property=\"article:modified_time\" content=\"2026-03-12T02:10:36+00:00\" \/>\n<meta property=\"og:image\" content=\"https:\/\/swiss-peak.com\/wp-content\/uploads\/sites\/9\/2025\/11\/P850.451__S_0__409d780ef1fc4abe9d2afce54132b39c.jpg\" \/>\n\t<meta property=\"og:image:width\" content=\"1024\" \/>\n\t<meta property=\"og:image:height\" content=\"1024\" \/>\n\t<meta property=\"og:image:type\" content=\"image\/jpeg\" \/>\n<meta name=\"twitter:card\" content=\"summary_large_image\" \/>\n<meta name=\"twitter:label1\" content=\"Tiempo de lectura\" \/>\n\t<meta name=\"twitter:data1\" content=\"1 minuto\" \/>\n<script type=\"application\/ld+json\" class=\"yoast-schema-graph\">{\"@context\":\"https:\/\/schema.org\",\"@graph\":[{\"@type\":\"WebPage\",\"@id\":\"https:\/\/swiss-peak.com\/es\/producto\/paraguas-extensible-swiss-peak-aware-de-23-a-27-negro\/\",\"url\":\"https:\/\/swiss-peak.com\/es\/producto\/paraguas-extensible-swiss-peak-aware-de-23-a-27-negro\/\",\"name\":\"Paraguas extensible AWARE\u2122 de 23\\\" a 27\\\", negro - Swiss Peak\",\"isPartOf\":{\"@id\":\"https:\/\/swiss-peak.com\/es\/#website\"},\"primaryImageOfPage\":{\"@id\":\"https:\/\/swiss-peak.com\/es\/producto\/paraguas-extensible-swiss-peak-aware-de-23-a-27-negro\/#primaryimage\"},\"image\":{\"@id\":\"https:\/\/swiss-peak.com\/es\/producto\/paraguas-extensible-swiss-peak-aware-de-23-a-27-negro\/#primaryimage\"},\"thumbnailUrl\":\"https:\/\/swiss-peak.com\/wp-content\/uploads\/sites\/9\/2025\/11\/P850.451__S_0__409d780ef1fc4abe9d2afce54132b39c.jpg\",\"datePublished\":\"2023-06-21T01:00:19+00:00\",\"dateModified\":\"2026-03-12T02:10:36+00:00\",\"breadcrumb\":{\"@id\":\"https:\/\/swiss-peak.com\/es\/producto\/paraguas-extensible-swiss-peak-aware-de-23-a-27-negro\/#breadcrumb\"},\"inLanguage\":\"es\",\"potentialAction\":[{\"@type\":\"ReadAction\",\"target\":[\"https:\/\/swiss-peak.com\/es\/producto\/paraguas-extensible-swiss-peak-aware-de-23-a-27-negro\/\"]}]},{\"@type\":\"ImageObject\",\"inLanguage\":\"es\",\"@id\":\"https:\/\/swiss-peak.com\/es\/producto\/paraguas-extensible-swiss-peak-aware-de-23-a-27-negro\/#primaryimage\",\"url\":\"https:\/\/swiss-peak.com\/wp-content\/uploads\/sites\/9\/2025\/11\/P850.451__S_0__409d780ef1fc4abe9d2afce54132b39c.jpg\",\"contentUrl\":\"https:\/\/swiss-peak.com\/wp-content\/uploads\/sites\/9\/2025\/11\/P850.451__S_0__409d780ef1fc4abe9d2afce54132b39c.jpg\",\"width\":1024,\"height\":1024},{\"@type\":\"BreadcrumbList\",\"@id\":\"https:\/\/swiss-peak.com\/es\/producto\/paraguas-extensible-swiss-peak-aware-de-23-a-27-negro\/#breadcrumb\",\"itemListElement\":[{\"@type\":\"ListItem\",\"position\":1,\"name\":\"Home\",\"item\":\"https:\/\/swiss-peak.com\/es\/\"},{\"@type\":\"ListItem\",\"position\":2,\"name\":\"Colecci\u00f3n\",\"item\":\"https:\/\/swiss-peak.com\/es\/coleccion\/\"},{\"@type\":\"ListItem\",\"position\":3,\"name\":\"Paraguas extensible AWARE\u2122 de 23&#8243; a 27&#8243;, negro\"}]},{\"@type\":\"WebSite\",\"@id\":\"https:\/\/swiss-peak.com\/es\/#website\",\"url\":\"https:\/\/swiss-peak.com\/es\/\",\"name\":\"Swiss Peak\",\"description\":\"Where will today take you?\",\"potentialAction\":[{\"@type\":\"SearchAction\",\"target\":{\"@type\":\"EntryPoint\",\"urlTemplate\":\"https:\/\/swiss-peak.com\/es\/?s={search_term_string}\"},\"query-input\":{\"@type\":\"PropertyValueSpecification\",\"valueRequired\":true,\"valueName\":\"search_term_string\"}}],\"inLanguage\":\"es\"}]}<\/script>\n<!-- \/ Yoast SEO plugin. -->","yoast_head_json":{"title":"Paraguas extensible AWARE\u2122 de 23\" a 27\", negro - Swiss Peak","robots":{"index":"index","follow":"follow","max-snippet":"max-snippet:-1","max-image-preview":"max-image-preview:large","max-video-preview":"max-video-preview:-1"},"canonical":"https:\/\/swiss-peak.com\/es\/producto\/paraguas-extensible-swiss-peak-aware-de-23-a-27-negro\/","og_locale":"es_ES","og_type":"article","og_title":"Paraguas extensible AWARE\u2122 de 23\" a 27\", negro - Swiss Peak","og_description":"Este paraguas de apertura autom\u00e1tica est\u00e1 dise\u00f1ado para ser compacto y espacioso, brindando una amplia protecci\u00f3n contra la lluvia. Cuando est\u00e1 plegado, es tan peque\u00f1o y liviano como un paraguas de 23&#8243;, por lo que es f\u00e1cil de transportar. Al abrirse, se expande autom\u00e1ticamente a un tama\u00f1o de 27&#8243;, brindando cobertura suficiente para dos personas. [&hellip;]","og_url":"https:\/\/swiss-peak.com\/es\/producto\/paraguas-extensible-swiss-peak-aware-de-23-a-27-negro\/","og_site_name":"Swiss Peak","article_modified_time":"2026-03-12T02:10:36+00:00","og_image":[{"width":1024,"height":1024,"url":"https:\/\/swiss-peak.com\/wp-content\/uploads\/sites\/9\/2025\/11\/P850.451__S_0__409d780ef1fc4abe9d2afce54132b39c.jpg","type":"image\/jpeg"}],"twitter_card":"summary_large_image","twitter_misc":{"Tiempo de lectura":"1 minuto"},"schema":{"@context":"https:\/\/schema.org","@graph":[{"@type":"WebPage","@id":"https:\/\/swiss-peak.com\/es\/producto\/paraguas-extensible-swiss-peak-aware-de-23-a-27-negro\/","url":"https:\/\/swiss-peak.com\/es\/producto\/paraguas-extensible-swiss-peak-aware-de-23-a-27-negro\/","name":"Paraguas extensible AWARE\u2122 de 23\" a 27\", negro - Swiss Peak","isPartOf":{"@id":"https:\/\/swiss-peak.com\/es\/#website"},"primaryImageOfPage":{"@id":"https:\/\/swiss-peak.com\/es\/producto\/paraguas-extensible-swiss-peak-aware-de-23-a-27-negro\/#primaryimage"},"image":{"@id":"https:\/\/swiss-peak.com\/es\/producto\/paraguas-extensible-swiss-peak-aware-de-23-a-27-negro\/#primaryimage"},"thumbnailUrl":"https:\/\/swiss-peak.com\/wp-content\/uploads\/sites\/9\/2025\/11\/P850.451__S_0__409d780ef1fc4abe9d2afce54132b39c.jpg","datePublished":"2023-06-21T01:00:19+00:00","dateModified":"2026-03-12T02:10:36+00:00","breadcrumb":{"@id":"https:\/\/swiss-peak.com\/es\/producto\/paraguas-extensible-swiss-peak-aware-de-23-a-27-negro\/#breadcrumb"},"inLanguage":"es","potentialAction":[{"@type":"ReadAction","target":["https:\/\/swiss-peak.com\/es\/producto\/paraguas-extensible-swiss-peak-aware-de-23-a-27-negro\/"]}]},{"@type":"ImageObject","inLanguage":"es","@id":"https:\/\/swiss-peak.com\/es\/producto\/paraguas-extensible-swiss-peak-aware-de-23-a-27-negro\/#primaryimage","url":"https:\/\/swiss-peak.com\/wp-content\/uploads\/sites\/9\/2025\/11\/P850.451__S_0__409d780ef1fc4abe9d2afce54132b39c.jpg","contentUrl":"https:\/\/swiss-peak.com\/wp-content\/uploads\/sites\/9\/2025\/11\/P850.451__S_0__409d780ef1fc4abe9d2afce54132b39c.jpg","width":1024,"height":1024},{"@type":"BreadcrumbList","@id":"https:\/\/swiss-peak.com\/es\/producto\/paraguas-extensible-swiss-peak-aware-de-23-a-27-negro\/#breadcrumb","itemListElement":[{"@type":"ListItem","position":1,"name":"Home","item":"https:\/\/swiss-peak.com\/es\/"},{"@type":"ListItem","position":2,"name":"Colecci\u00f3n","item":"https:\/\/swiss-peak.com\/es\/coleccion\/"},{"@type":"ListItem","position":3,"name":"Paraguas extensible AWARE\u2122 de 23&#8243; a 27&#8243;, negro"}]},{"@type":"WebSite","@id":"https:\/\/swiss-peak.com\/es\/#website","url":"https:\/\/swiss-peak.com\/es\/","name":"Swiss Peak","description":"Where will today take you?","potentialAction":[{"@type":"SearchAction","target":{"@type":"EntryPoint","urlTemplate":"https:\/\/swiss-peak.com\/es\/?s={search_term_string}"},"query-input":{"@type":"PropertyValueSpecification","valueRequired":true,"valueName":"search_term_string"}}],"inLanguage":"es"}]}},"_links":{"self":[{"href":"https:\/\/swiss-peak.com\/es\/wp-json\/wp\/v2\/product\/16325","targetHints":{"allow":["GET"]}}],"collection":[{"href":"https:\/\/swiss-peak.com\/es\/wp-json\/wp\/v2\/product"}],"about":[{"href":"https:\/\/swiss-peak.com\/es\/wp-json\/wp\/v2\/types\/product"}],"wp:featuredmedia":[{"embeddable":true,"href":"https:\/\/swiss-peak.com\/es\/wp-json\/wp\/v2\/media\/45757"}],"wp:attachment":[{"href":"https:\/\/swiss-peak.com\/es\/wp-json\/wp\/v2\/media?parent=16325"}],"wp:term":[{"taxonomy":"product_cat","embeddable":true,"href":"https:\/\/swiss-peak.com\/es\/wp-json\/wp\/v2\/product_cat?post=16325"},{"taxonomy":"product_tag","embeddable":true,"href":"https:\/\/swiss-peak.com\/es\/wp-json\/wp\/v2\/product_tag?post=16325"}],"curies":[{"name":"wp","href":"https:\/\/api.w.org\/{rel}","templated":true}]}}