{"id":15937,"date":"2023-05-24T02:00:16","date_gmt":"2023-05-24T01:00:14","guid":{"rendered":"https:\/\/swiss-peak.com\/mochila-para-portatil-de-156-swiss-peak-brooke-aware-rpet-negro\/"},"modified":"2026-03-12T04:06:47","modified_gmt":"2026-03-12T02:06:47","slug":"mochila-para-portatil-de-156-swiss-peak-brooke-aware-rpet-negro","status":"publish","type":"product","link":"https:\/\/swiss-peak.com\/es\/producto\/mochila-para-portatil-de-156-swiss-peak-brooke-aware-rpet-negro\/","title":{"rendered":"Mochila para port\u00e1til de 15,6&#8243; Brooke AWARE\u2122 RPET, negro"},"content":{"rendered":"<p>Una mochila elegante con muchos compartimentos de almacenamiento es el accesorio perfecto para quienes est\u00e1n en movimiento, ya sea de camino al trabajo o recorriendo la ciudad. Con su dise\u00f1o elegante y caracter\u00edsticas pr\u00e1cticas, esta mochila es una excelente opci\u00f3n para cualquiera que busque una opci\u00f3n elegante. Con trazador AWARE\u2122 que valida el uso genuino de materiales reciclados. El 2% de las ganancias de cada producto AWARE\u2122 vendido se donar\u00e1 a Water.org. Composici\u00f3n 100% poli\u00e9ster reciclado.<\/p>\n","protected":false},"excerpt":{"rendered":"<p>Una mochila elegante con muchos compartimentos de almacenamiento es el accesorio perfecto para quienes est\u00e1n en movimiento, ya sea de camino al trabajo o recorriendo la ciudad. Con su dise\u00f1o elegante y caracter\u00edsticas pr\u00e1cticas, esta mochila es una excelente opci\u00f3n para cualquiera que busque una opci\u00f3n elegante. Con trazador AWARE\u2122 que valida el uso genuino [&hellip;]<\/p>\n","protected":false},"featured_media":35233,"template":"","meta":{"_acf_changed":false},"product_cat":[254,293,290,260],"product_tag":[],"class_list":["post-15937","product","type-product","status-publish","has-post-thumbnail","hentry","product_cat-bolsas-viaje","product_cat-bolsas-portatil","product_cat-business-es","product_cat-mochilas","pa_color-black-es"],"acf":[],"yoast_head":"<!-- This site is optimized with the Yoast SEO plugin v27.0 - https:\/\/yoast.com\/product\/yoast-seo-wordpress\/ -->\n<title>Mochila para port\u00e1til de 15,6&quot; Brooke AWARE\u2122 RPET, negro - Swiss Peak<\/title>\n<meta name=\"robots\" content=\"index, follow, max-snippet:-1, max-image-preview:large, max-video-preview:-1\" \/>\n<link rel=\"canonical\" href=\"https:\/\/swiss-peak.com\/es\/producto\/mochila-para-portatil-de-156-swiss-peak-brooke-aware-rpet-negro\/\" \/>\n<meta property=\"og:locale\" content=\"es_ES\" \/>\n<meta property=\"og:type\" content=\"article\" \/>\n<meta property=\"og:title\" content=\"Mochila para port\u00e1til de 15,6&quot; Brooke AWARE\u2122 RPET, negro - Swiss Peak\" \/>\n<meta property=\"og:description\" content=\"Una mochila elegante con muchos compartimentos de almacenamiento es el accesorio perfecto para quienes est\u00e1n en movimiento, ya sea de camino al trabajo o recorriendo la ciudad. Con su dise\u00f1o elegante y caracter\u00edsticas pr\u00e1cticas, esta mochila es una excelente opci\u00f3n para cualquiera que busque una opci\u00f3n elegante. Con trazador AWARE\u2122 que valida el uso genuino [&hellip;]\" \/>\n<meta property=\"og:url\" content=\"https:\/\/swiss-peak.com\/es\/producto\/mochila-para-portatil-de-156-swiss-peak-brooke-aware-rpet-negro\/\" \/>\n<meta property=\"og:site_name\" content=\"Swiss Peak\" \/>\n<meta property=\"article:modified_time\" content=\"2026-03-12T02:06:47+00:00\" \/>\n<meta property=\"og:image\" content=\"https:\/\/swiss-peak.com\/wp-content\/uploads\/sites\/9\/2024\/02\/P763.031__S_0__fe8f87c2303845a4887413a5c709635c.jpg\" \/>\n\t<meta property=\"og:image:width\" content=\"1024\" \/>\n\t<meta property=\"og:image:height\" content=\"1024\" \/>\n\t<meta property=\"og:image:type\" content=\"image\/jpeg\" \/>\n<meta name=\"twitter:card\" content=\"summary_large_image\" \/>\n<script type=\"application\/ld+json\" class=\"yoast-schema-graph\">{\"@context\":\"https:\/\/schema.org\",\"@graph\":[{\"@type\":\"WebPage\",\"@id\":\"https:\/\/swiss-peak.com\/es\/producto\/mochila-para-portatil-de-156-swiss-peak-brooke-aware-rpet-negro\/\",\"url\":\"https:\/\/swiss-peak.com\/es\/producto\/mochila-para-portatil-de-156-swiss-peak-brooke-aware-rpet-negro\/\",\"name\":\"Mochila para port\u00e1til de 15,6\\\" Brooke AWARE\u2122 RPET, negro - Swiss Peak\",\"isPartOf\":{\"@id\":\"https:\/\/swiss-peak.com\/es\/#website\"},\"primaryImageOfPage\":{\"@id\":\"https:\/\/swiss-peak.com\/es\/producto\/mochila-para-portatil-de-156-swiss-peak-brooke-aware-rpet-negro\/#primaryimage\"},\"image\":{\"@id\":\"https:\/\/swiss-peak.com\/es\/producto\/mochila-para-portatil-de-156-swiss-peak-brooke-aware-rpet-negro\/#primaryimage\"},\"thumbnailUrl\":\"https:\/\/swiss-peak.com\/wp-content\/uploads\/sites\/9\/2024\/02\/P763.031__S_0__fe8f87c2303845a4887413a5c709635c.jpg\",\"datePublished\":\"2023-05-24T01:00:14+00:00\",\"dateModified\":\"2026-03-12T02:06:47+00:00\",\"breadcrumb\":{\"@id\":\"https:\/\/swiss-peak.com\/es\/producto\/mochila-para-portatil-de-156-swiss-peak-brooke-aware-rpet-negro\/#breadcrumb\"},\"inLanguage\":\"es\",\"potentialAction\":[{\"@type\":\"ReadAction\",\"target\":[\"https:\/\/swiss-peak.com\/es\/producto\/mochila-para-portatil-de-156-swiss-peak-brooke-aware-rpet-negro\/\"]}]},{\"@type\":\"ImageObject\",\"inLanguage\":\"es\",\"@id\":\"https:\/\/swiss-peak.com\/es\/producto\/mochila-para-portatil-de-156-swiss-peak-brooke-aware-rpet-negro\/#primaryimage\",\"url\":\"https:\/\/swiss-peak.com\/wp-content\/uploads\/sites\/9\/2024\/02\/P763.031__S_0__fe8f87c2303845a4887413a5c709635c.jpg\",\"contentUrl\":\"https:\/\/swiss-peak.com\/wp-content\/uploads\/sites\/9\/2024\/02\/P763.031__S_0__fe8f87c2303845a4887413a5c709635c.jpg\",\"width\":1024,\"height\":1024},{\"@type\":\"BreadcrumbList\",\"@id\":\"https:\/\/swiss-peak.com\/es\/producto\/mochila-para-portatil-de-156-swiss-peak-brooke-aware-rpet-negro\/#breadcrumb\",\"itemListElement\":[{\"@type\":\"ListItem\",\"position\":1,\"name\":\"Home\",\"item\":\"https:\/\/swiss-peak.com\/es\/\"},{\"@type\":\"ListItem\",\"position\":2,\"name\":\"Colecci\u00f3n\",\"item\":\"https:\/\/swiss-peak.com\/es\/coleccion\/\"},{\"@type\":\"ListItem\",\"position\":3,\"name\":\"Mochila para port\u00e1til de 15,6&#8243; Brooke AWARE\u2122 RPET, negro\"}]},{\"@type\":\"WebSite\",\"@id\":\"https:\/\/swiss-peak.com\/es\/#website\",\"url\":\"https:\/\/swiss-peak.com\/es\/\",\"name\":\"Swiss Peak\",\"description\":\"Where will today take you?\",\"potentialAction\":[{\"@type\":\"SearchAction\",\"target\":{\"@type\":\"EntryPoint\",\"urlTemplate\":\"https:\/\/swiss-peak.com\/es\/?s={search_term_string}\"},\"query-input\":{\"@type\":\"PropertyValueSpecification\",\"valueRequired\":true,\"valueName\":\"search_term_string\"}}],\"inLanguage\":\"es\"}]}<\/script>\n<!-- \/ Yoast SEO plugin. -->","yoast_head_json":{"title":"Mochila para port\u00e1til de 15,6\" Brooke AWARE\u2122 RPET, negro - Swiss Peak","robots":{"index":"index","follow":"follow","max-snippet":"max-snippet:-1","max-image-preview":"max-image-preview:large","max-video-preview":"max-video-preview:-1"},"canonical":"https:\/\/swiss-peak.com\/es\/producto\/mochila-para-portatil-de-156-swiss-peak-brooke-aware-rpet-negro\/","og_locale":"es_ES","og_type":"article","og_title":"Mochila para port\u00e1til de 15,6\" Brooke AWARE\u2122 RPET, negro - Swiss Peak","og_description":"Una mochila elegante con muchos compartimentos de almacenamiento es el accesorio perfecto para quienes est\u00e1n en movimiento, ya sea de camino al trabajo o recorriendo la ciudad. Con su dise\u00f1o elegante y caracter\u00edsticas pr\u00e1cticas, esta mochila es una excelente opci\u00f3n para cualquiera que busque una opci\u00f3n elegante. Con trazador AWARE\u2122 que valida el uso genuino [&hellip;]","og_url":"https:\/\/swiss-peak.com\/es\/producto\/mochila-para-portatil-de-156-swiss-peak-brooke-aware-rpet-negro\/","og_site_name":"Swiss Peak","article_modified_time":"2026-03-12T02:06:47+00:00","og_image":[{"width":1024,"height":1024,"url":"https:\/\/swiss-peak.com\/wp-content\/uploads\/sites\/9\/2024\/02\/P763.031__S_0__fe8f87c2303845a4887413a5c709635c.jpg","type":"image\/jpeg"}],"twitter_card":"summary_large_image","schema":{"@context":"https:\/\/schema.org","@graph":[{"@type":"WebPage","@id":"https:\/\/swiss-peak.com\/es\/producto\/mochila-para-portatil-de-156-swiss-peak-brooke-aware-rpet-negro\/","url":"https:\/\/swiss-peak.com\/es\/producto\/mochila-para-portatil-de-156-swiss-peak-brooke-aware-rpet-negro\/","name":"Mochila para port\u00e1til de 15,6\" Brooke AWARE\u2122 RPET, negro - Swiss Peak","isPartOf":{"@id":"https:\/\/swiss-peak.com\/es\/#website"},"primaryImageOfPage":{"@id":"https:\/\/swiss-peak.com\/es\/producto\/mochila-para-portatil-de-156-swiss-peak-brooke-aware-rpet-negro\/#primaryimage"},"image":{"@id":"https:\/\/swiss-peak.com\/es\/producto\/mochila-para-portatil-de-156-swiss-peak-brooke-aware-rpet-negro\/#primaryimage"},"thumbnailUrl":"https:\/\/swiss-peak.com\/wp-content\/uploads\/sites\/9\/2024\/02\/P763.031__S_0__fe8f87c2303845a4887413a5c709635c.jpg","datePublished":"2023-05-24T01:00:14+00:00","dateModified":"2026-03-12T02:06:47+00:00","breadcrumb":{"@id":"https:\/\/swiss-peak.com\/es\/producto\/mochila-para-portatil-de-156-swiss-peak-brooke-aware-rpet-negro\/#breadcrumb"},"inLanguage":"es","potentialAction":[{"@type":"ReadAction","target":["https:\/\/swiss-peak.com\/es\/producto\/mochila-para-portatil-de-156-swiss-peak-brooke-aware-rpet-negro\/"]}]},{"@type":"ImageObject","inLanguage":"es","@id":"https:\/\/swiss-peak.com\/es\/producto\/mochila-para-portatil-de-156-swiss-peak-brooke-aware-rpet-negro\/#primaryimage","url":"https:\/\/swiss-peak.com\/wp-content\/uploads\/sites\/9\/2024\/02\/P763.031__S_0__fe8f87c2303845a4887413a5c709635c.jpg","contentUrl":"https:\/\/swiss-peak.com\/wp-content\/uploads\/sites\/9\/2024\/02\/P763.031__S_0__fe8f87c2303845a4887413a5c709635c.jpg","width":1024,"height":1024},{"@type":"BreadcrumbList","@id":"https:\/\/swiss-peak.com\/es\/producto\/mochila-para-portatil-de-156-swiss-peak-brooke-aware-rpet-negro\/#breadcrumb","itemListElement":[{"@type":"ListItem","position":1,"name":"Home","item":"https:\/\/swiss-peak.com\/es\/"},{"@type":"ListItem","position":2,"name":"Colecci\u00f3n","item":"https:\/\/swiss-peak.com\/es\/coleccion\/"},{"@type":"ListItem","position":3,"name":"Mochila para port\u00e1til de 15,6&#8243; Brooke AWARE\u2122 RPET, negro"}]},{"@type":"WebSite","@id":"https:\/\/swiss-peak.com\/es\/#website","url":"https:\/\/swiss-peak.com\/es\/","name":"Swiss Peak","description":"Where will today take you?","potentialAction":[{"@type":"SearchAction","target":{"@type":"EntryPoint","urlTemplate":"https:\/\/swiss-peak.com\/es\/?s={search_term_string}"},"query-input":{"@type":"PropertyValueSpecification","valueRequired":true,"valueName":"search_term_string"}}],"inLanguage":"es"}]}},"_links":{"self":[{"href":"https:\/\/swiss-peak.com\/es\/wp-json\/wp\/v2\/product\/15937","targetHints":{"allow":["GET"]}}],"collection":[{"href":"https:\/\/swiss-peak.com\/es\/wp-json\/wp\/v2\/product"}],"about":[{"href":"https:\/\/swiss-peak.com\/es\/wp-json\/wp\/v2\/types\/product"}],"wp:featuredmedia":[{"embeddable":true,"href":"https:\/\/swiss-peak.com\/es\/wp-json\/wp\/v2\/media\/35233"}],"wp:attachment":[{"href":"https:\/\/swiss-peak.com\/es\/wp-json\/wp\/v2\/media?parent=15937"}],"wp:term":[{"taxonomy":"product_cat","embeddable":true,"href":"https:\/\/swiss-peak.com\/es\/wp-json\/wp\/v2\/product_cat?post=15937"},{"taxonomy":"product_tag","embeddable":true,"href":"https:\/\/swiss-peak.com\/es\/wp-json\/wp\/v2\/product_tag?post=15937"}],"curies":[{"name":"wp","href":"https:\/\/api.w.org\/{rel}","templated":true}]}}