{"id":15819,"date":"2023-05-20T02:00:11","date_gmt":"2023-05-20T01:02:10","guid":{"rendered":"https:\/\/swiss-peak.com\/altavoz-de-graves-de-3w-de-aluminio-reciclado-swiss-peak-rcs-gris\/"},"modified":"2026-03-12T04:02:45","modified_gmt":"2026-03-12T02:02:45","slug":"altavoz-de-graves-de-3w-de-aluminio-reciclado-swiss-peak-rcs-gris","status":"publish","type":"product","link":"https:\/\/swiss-peak.com\/es\/producto\/altavoz-de-graves-de-3w-de-aluminio-reciclado-swiss-peak-rcs-gris\/","title":{"rendered":"Altavoz de graves 3W aluminio reciclado RCS, gris"},"content":{"rendered":"<p>Peque\u00f1o pero potente altavoz inal\u00e1mbrico de 3W fabricado con aluminio reciclado certificado RCS (Recycled Claim Standard) y ABS reciclado. Contenido reciclado total: 28% basado en el peso total del art\u00edculo. La certificaci\u00f3n RCS garantiza una cadena de suministro completamente certificada de los materiales reciclados. El aluminio no pierde sus caracter\u00edsticas en el proceso de reciclaje y puede reciclarse infinitamente. Incluye cable de carga tipo C reciclado fabricado con TPE reciclado certificado por RCS. Envasado en envase mixto FSC\u00ae. La bater\u00eda de 500 mah permite un tiempo de reproducci\u00f3n de hasta 4 horas y se puede recargar por completo en 2 horas. Con BT 5.0 para una conexi\u00f3n fluida hasta 10 metros. Art\u00edculo y accesorios libres de PVC.<\/p>\n","protected":false},"excerpt":{"rendered":"<p>Peque\u00f1o pero potente altavoz inal\u00e1mbrico de 3W fabricado con aluminio reciclado certificado RCS (Recycled Claim Standard) y ABS reciclado. Contenido reciclado total: 28% basado en el peso total del art\u00edculo. La certificaci\u00f3n RCS garantiza una cadena de suministro completamente certificada de los materiales reciclados. El aluminio no pierde sus caracter\u00edsticas en el proceso de reciclaje [&hellip;]<\/p>\n","protected":false},"featured_media":24535,"template":"","meta":{"_acf_changed":false},"product_cat":[314,309],"product_tag":[],"class_list":["post-15819","product","type-product","status-publish","has-post-thumbnail","hentry","product_cat-audio-es","product_cat-ocio-deporte","pa_color-grey-es"],"acf":[],"yoast_head":"<!-- This site is optimized with the Yoast SEO plugin v27.0 - https:\/\/yoast.com\/product\/yoast-seo-wordpress\/ -->\n<title>Altavoz de graves 3W aluminio reciclado RCS, gris - Swiss Peak<\/title>\n<meta name=\"robots\" content=\"index, follow, max-snippet:-1, max-image-preview:large, max-video-preview:-1\" \/>\n<link rel=\"canonical\" href=\"https:\/\/swiss-peak.com\/es\/producto\/altavoz-de-graves-de-3w-de-aluminio-reciclado-swiss-peak-rcs-gris\/\" \/>\n<meta property=\"og:locale\" content=\"es_ES\" \/>\n<meta property=\"og:type\" content=\"article\" \/>\n<meta property=\"og:title\" content=\"Altavoz de graves 3W aluminio reciclado RCS, gris - Swiss Peak\" \/>\n<meta property=\"og:description\" content=\"Peque\u00f1o pero potente altavoz inal\u00e1mbrico de 3W fabricado con aluminio reciclado certificado RCS (Recycled Claim Standard) y ABS reciclado. Contenido reciclado total: 28% basado en el peso total del art\u00edculo. La certificaci\u00f3n RCS garantiza una cadena de suministro completamente certificada de los materiales reciclados. El aluminio no pierde sus caracter\u00edsticas en el proceso de reciclaje [&hellip;]\" \/>\n<meta property=\"og:url\" content=\"https:\/\/swiss-peak.com\/es\/producto\/altavoz-de-graves-de-3w-de-aluminio-reciclado-swiss-peak-rcs-gris\/\" \/>\n<meta property=\"og:site_name\" content=\"Swiss Peak\" \/>\n<meta property=\"article:modified_time\" content=\"2026-03-12T02:02:45+00:00\" \/>\n<meta property=\"og:image\" content=\"https:\/\/swiss-peak.com\/wp-content\/uploads\/sites\/9\/2024\/02\/P331.002__S_0__ea0ac5be37f943a192dc0da5b2ca0294.jpg\" \/>\n\t<meta property=\"og:image:width\" content=\"1024\" \/>\n\t<meta property=\"og:image:height\" content=\"1024\" \/>\n\t<meta property=\"og:image:type\" content=\"image\/jpeg\" \/>\n<meta name=\"twitter:card\" content=\"summary_large_image\" \/>\n<meta name=\"twitter:label1\" content=\"Tiempo de lectura\" \/>\n\t<meta name=\"twitter:data1\" content=\"1 minuto\" \/>\n<script type=\"application\/ld+json\" class=\"yoast-schema-graph\">{\"@context\":\"https:\/\/schema.org\",\"@graph\":[{\"@type\":\"WebPage\",\"@id\":\"https:\/\/swiss-peak.com\/es\/producto\/altavoz-de-graves-de-3w-de-aluminio-reciclado-swiss-peak-rcs-gris\/\",\"url\":\"https:\/\/swiss-peak.com\/es\/producto\/altavoz-de-graves-de-3w-de-aluminio-reciclado-swiss-peak-rcs-gris\/\",\"name\":\"Altavoz de graves 3W aluminio reciclado RCS, gris - Swiss Peak\",\"isPartOf\":{\"@id\":\"https:\/\/swiss-peak.com\/es\/#website\"},\"primaryImageOfPage\":{\"@id\":\"https:\/\/swiss-peak.com\/es\/producto\/altavoz-de-graves-de-3w-de-aluminio-reciclado-swiss-peak-rcs-gris\/#primaryimage\"},\"image\":{\"@id\":\"https:\/\/swiss-peak.com\/es\/producto\/altavoz-de-graves-de-3w-de-aluminio-reciclado-swiss-peak-rcs-gris\/#primaryimage\"},\"thumbnailUrl\":\"https:\/\/swiss-peak.com\/wp-content\/uploads\/sites\/9\/2024\/02\/P331.002__S_0__ea0ac5be37f943a192dc0da5b2ca0294.jpg\",\"datePublished\":\"2023-05-20T01:02:10+00:00\",\"dateModified\":\"2026-03-12T02:02:45+00:00\",\"breadcrumb\":{\"@id\":\"https:\/\/swiss-peak.com\/es\/producto\/altavoz-de-graves-de-3w-de-aluminio-reciclado-swiss-peak-rcs-gris\/#breadcrumb\"},\"inLanguage\":\"es\",\"potentialAction\":[{\"@type\":\"ReadAction\",\"target\":[\"https:\/\/swiss-peak.com\/es\/producto\/altavoz-de-graves-de-3w-de-aluminio-reciclado-swiss-peak-rcs-gris\/\"]}]},{\"@type\":\"ImageObject\",\"inLanguage\":\"es\",\"@id\":\"https:\/\/swiss-peak.com\/es\/producto\/altavoz-de-graves-de-3w-de-aluminio-reciclado-swiss-peak-rcs-gris\/#primaryimage\",\"url\":\"https:\/\/swiss-peak.com\/wp-content\/uploads\/sites\/9\/2024\/02\/P331.002__S_0__ea0ac5be37f943a192dc0da5b2ca0294.jpg\",\"contentUrl\":\"https:\/\/swiss-peak.com\/wp-content\/uploads\/sites\/9\/2024\/02\/P331.002__S_0__ea0ac5be37f943a192dc0da5b2ca0294.jpg\",\"width\":1024,\"height\":1024},{\"@type\":\"BreadcrumbList\",\"@id\":\"https:\/\/swiss-peak.com\/es\/producto\/altavoz-de-graves-de-3w-de-aluminio-reciclado-swiss-peak-rcs-gris\/#breadcrumb\",\"itemListElement\":[{\"@type\":\"ListItem\",\"position\":1,\"name\":\"Home\",\"item\":\"https:\/\/swiss-peak.com\/es\/\"},{\"@type\":\"ListItem\",\"position\":2,\"name\":\"Colecci\u00f3n\",\"item\":\"https:\/\/swiss-peak.com\/es\/coleccion\/\"},{\"@type\":\"ListItem\",\"position\":3,\"name\":\"Altavoz de graves 3W aluminio reciclado RCS, gris\"}]},{\"@type\":\"WebSite\",\"@id\":\"https:\/\/swiss-peak.com\/es\/#website\",\"url\":\"https:\/\/swiss-peak.com\/es\/\",\"name\":\"Swiss Peak\",\"description\":\"Where will today take you?\",\"potentialAction\":[{\"@type\":\"SearchAction\",\"target\":{\"@type\":\"EntryPoint\",\"urlTemplate\":\"https:\/\/swiss-peak.com\/es\/?s={search_term_string}\"},\"query-input\":{\"@type\":\"PropertyValueSpecification\",\"valueRequired\":true,\"valueName\":\"search_term_string\"}}],\"inLanguage\":\"es\"}]}<\/script>\n<!-- \/ Yoast SEO plugin. -->","yoast_head_json":{"title":"Altavoz de graves 3W aluminio reciclado RCS, gris - Swiss Peak","robots":{"index":"index","follow":"follow","max-snippet":"max-snippet:-1","max-image-preview":"max-image-preview:large","max-video-preview":"max-video-preview:-1"},"canonical":"https:\/\/swiss-peak.com\/es\/producto\/altavoz-de-graves-de-3w-de-aluminio-reciclado-swiss-peak-rcs-gris\/","og_locale":"es_ES","og_type":"article","og_title":"Altavoz de graves 3W aluminio reciclado RCS, gris - Swiss Peak","og_description":"Peque\u00f1o pero potente altavoz inal\u00e1mbrico de 3W fabricado con aluminio reciclado certificado RCS (Recycled Claim Standard) y ABS reciclado. Contenido reciclado total: 28% basado en el peso total del art\u00edculo. La certificaci\u00f3n RCS garantiza una cadena de suministro completamente certificada de los materiales reciclados. El aluminio no pierde sus caracter\u00edsticas en el proceso de reciclaje [&hellip;]","og_url":"https:\/\/swiss-peak.com\/es\/producto\/altavoz-de-graves-de-3w-de-aluminio-reciclado-swiss-peak-rcs-gris\/","og_site_name":"Swiss Peak","article_modified_time":"2026-03-12T02:02:45+00:00","og_image":[{"width":1024,"height":1024,"url":"https:\/\/swiss-peak.com\/wp-content\/uploads\/sites\/9\/2024\/02\/P331.002__S_0__ea0ac5be37f943a192dc0da5b2ca0294.jpg","type":"image\/jpeg"}],"twitter_card":"summary_large_image","twitter_misc":{"Tiempo de lectura":"1 minuto"},"schema":{"@context":"https:\/\/schema.org","@graph":[{"@type":"WebPage","@id":"https:\/\/swiss-peak.com\/es\/producto\/altavoz-de-graves-de-3w-de-aluminio-reciclado-swiss-peak-rcs-gris\/","url":"https:\/\/swiss-peak.com\/es\/producto\/altavoz-de-graves-de-3w-de-aluminio-reciclado-swiss-peak-rcs-gris\/","name":"Altavoz de graves 3W aluminio reciclado RCS, gris - Swiss Peak","isPartOf":{"@id":"https:\/\/swiss-peak.com\/es\/#website"},"primaryImageOfPage":{"@id":"https:\/\/swiss-peak.com\/es\/producto\/altavoz-de-graves-de-3w-de-aluminio-reciclado-swiss-peak-rcs-gris\/#primaryimage"},"image":{"@id":"https:\/\/swiss-peak.com\/es\/producto\/altavoz-de-graves-de-3w-de-aluminio-reciclado-swiss-peak-rcs-gris\/#primaryimage"},"thumbnailUrl":"https:\/\/swiss-peak.com\/wp-content\/uploads\/sites\/9\/2024\/02\/P331.002__S_0__ea0ac5be37f943a192dc0da5b2ca0294.jpg","datePublished":"2023-05-20T01:02:10+00:00","dateModified":"2026-03-12T02:02:45+00:00","breadcrumb":{"@id":"https:\/\/swiss-peak.com\/es\/producto\/altavoz-de-graves-de-3w-de-aluminio-reciclado-swiss-peak-rcs-gris\/#breadcrumb"},"inLanguage":"es","potentialAction":[{"@type":"ReadAction","target":["https:\/\/swiss-peak.com\/es\/producto\/altavoz-de-graves-de-3w-de-aluminio-reciclado-swiss-peak-rcs-gris\/"]}]},{"@type":"ImageObject","inLanguage":"es","@id":"https:\/\/swiss-peak.com\/es\/producto\/altavoz-de-graves-de-3w-de-aluminio-reciclado-swiss-peak-rcs-gris\/#primaryimage","url":"https:\/\/swiss-peak.com\/wp-content\/uploads\/sites\/9\/2024\/02\/P331.002__S_0__ea0ac5be37f943a192dc0da5b2ca0294.jpg","contentUrl":"https:\/\/swiss-peak.com\/wp-content\/uploads\/sites\/9\/2024\/02\/P331.002__S_0__ea0ac5be37f943a192dc0da5b2ca0294.jpg","width":1024,"height":1024},{"@type":"BreadcrumbList","@id":"https:\/\/swiss-peak.com\/es\/producto\/altavoz-de-graves-de-3w-de-aluminio-reciclado-swiss-peak-rcs-gris\/#breadcrumb","itemListElement":[{"@type":"ListItem","position":1,"name":"Home","item":"https:\/\/swiss-peak.com\/es\/"},{"@type":"ListItem","position":2,"name":"Colecci\u00f3n","item":"https:\/\/swiss-peak.com\/es\/coleccion\/"},{"@type":"ListItem","position":3,"name":"Altavoz de graves 3W aluminio reciclado RCS, gris"}]},{"@type":"WebSite","@id":"https:\/\/swiss-peak.com\/es\/#website","url":"https:\/\/swiss-peak.com\/es\/","name":"Swiss Peak","description":"Where will today take you?","potentialAction":[{"@type":"SearchAction","target":{"@type":"EntryPoint","urlTemplate":"https:\/\/swiss-peak.com\/es\/?s={search_term_string}"},"query-input":{"@type":"PropertyValueSpecification","valueRequired":true,"valueName":"search_term_string"}}],"inLanguage":"es"}]}},"_links":{"self":[{"href":"https:\/\/swiss-peak.com\/es\/wp-json\/wp\/v2\/product\/15819","targetHints":{"allow":["GET"]}}],"collection":[{"href":"https:\/\/swiss-peak.com\/es\/wp-json\/wp\/v2\/product"}],"about":[{"href":"https:\/\/swiss-peak.com\/es\/wp-json\/wp\/v2\/types\/product"}],"wp:featuredmedia":[{"embeddable":true,"href":"https:\/\/swiss-peak.com\/es\/wp-json\/wp\/v2\/media\/24535"}],"wp:attachment":[{"href":"https:\/\/swiss-peak.com\/es\/wp-json\/wp\/v2\/media?parent=15819"}],"wp:term":[{"taxonomy":"product_cat","embeddable":true,"href":"https:\/\/swiss-peak.com\/es\/wp-json\/wp\/v2\/product_cat?post=15819"},{"taxonomy":"product_tag","embeddable":true,"href":"https:\/\/swiss-peak.com\/es\/wp-json\/wp\/v2\/product_tag?post=15819"}],"curies":[{"name":"wp","href":"https:\/\/api.w.org\/{rel}","templated":true}]}}