{"id":15343,"date":"2023-03-14T12:05:35","date_gmt":"2023-03-14T10:05:35","guid":{"rendered":"https:\/\/xdsomename.tempurl.host\/swisspeak-website\/collection\/sin%20categor\u00eda\/paraguas-ultraligero-automatico-de-205-sp-aware-rpet-negro\/"},"modified":"2026-03-12T04:10:20","modified_gmt":"2026-03-12T02:10:20","slug":"paraguas-ultraligero-automatico-de-205-sp-aware-rpet-negro","status":"publish","type":"product","link":"https:\/\/swiss-peak.com\/es\/producto\/paraguas-ultraligero-automatico-de-205-sp-aware-rpet-negro\/","title":{"rendered":"Paraguas ultraligero autom\u00e1tico de 20,5&#8243; SP Aware\u2122 RPET, negro"},"content":{"rendered":"<p>Este paraguas Swiss Peak Aware\u2122 RPET ultraligero totalmente autom\u00e1tico de 20,5\u201d ofrece una protecci\u00f3n duradera contra la intemperie en una forma ultraligera y plegable. Este miniparaguas port\u00e1til de 3 secciones con apertura\/cierre autom\u00e1tico tiene el tama\u00f1o perfecto para guardarlo en tu bolso o autom\u00f3vil en caso de una emergencia clim\u00e1tica. Estructura de aluminio, varillas de fibra de vidrio con tirador de ABS. Con trazador AWARE\u2122 que valida el uso genuino de materiales reciclados. Este paraguas ha ahorrado 3,2 litros de agua, est\u00e1 fabricado con 5,4 botellas PET (500ml). El 2% de las ganancias de cada producto Impact vendido se donar\u00e1 a Water.org.<\/p>\n","protected":false},"excerpt":{"rendered":"<p>Este paraguas Swiss Peak Aware\u2122 RPET ultraligero totalmente autom\u00e1tico de 20,5\u201d ofrece una protecci\u00f3n duradera contra la intemperie en una forma ultraligera y plegable. Este miniparaguas port\u00e1til de 3 secciones con apertura\/cierre autom\u00e1tico tiene el tama\u00f1o perfecto para guardarlo en tu bolso o autom\u00f3vil en caso de una emergencia clim\u00e1tica. Estructura de aluminio, varillas de [&hellip;]<\/p>\n","protected":false},"featured_media":42537,"template":"","meta":{"_acf_changed":false},"product_cat":[309,321],"product_tag":[],"class_list":["post-15343","product","type-product","status-publish","has-post-thumbnail","hentry","product_cat-ocio-deporte","product_cat-paraguas","pa_color-black-es"],"acf":[],"yoast_head":"<!-- This site is optimized with the Yoast SEO plugin v27.0 - https:\/\/yoast.com\/product\/yoast-seo-wordpress\/ -->\n<title>Paraguas ultraligero autom\u00e1tico de 20,5&quot; SP Aware\u2122 RPET, negro - Swiss Peak<\/title>\n<meta name=\"robots\" content=\"index, follow, max-snippet:-1, max-image-preview:large, max-video-preview:-1\" \/>\n<link rel=\"canonical\" href=\"https:\/\/swiss-peak.com\/es\/producto\/paraguas-ultraligero-automatico-de-205-sp-aware-rpet-negro\/\" \/>\n<meta property=\"og:locale\" content=\"es_ES\" \/>\n<meta property=\"og:type\" content=\"article\" \/>\n<meta property=\"og:title\" content=\"Paraguas ultraligero autom\u00e1tico de 20,5&quot; SP Aware\u2122 RPET, negro - Swiss Peak\" \/>\n<meta property=\"og:description\" content=\"Este paraguas Swiss Peak Aware\u2122 RPET ultraligero totalmente autom\u00e1tico de 20,5\u201d ofrece una protecci\u00f3n duradera contra la intemperie en una forma ultraligera y plegable. Este miniparaguas port\u00e1til de 3 secciones con apertura\/cierre autom\u00e1tico tiene el tama\u00f1o perfecto para guardarlo en tu bolso o autom\u00f3vil en caso de una emergencia clim\u00e1tica. Estructura de aluminio, varillas de [&hellip;]\" \/>\n<meta property=\"og:url\" content=\"https:\/\/swiss-peak.com\/es\/producto\/paraguas-ultraligero-automatico-de-205-sp-aware-rpet-negro\/\" \/>\n<meta property=\"og:site_name\" content=\"Swiss Peak\" \/>\n<meta property=\"article:modified_time\" content=\"2026-03-12T02:10:20+00:00\" \/>\n<meta property=\"og:image\" content=\"https:\/\/swiss-peak.com\/wp-content\/uploads\/sites\/9\/2024\/02\/P850.321__S_0__e54af3d728e3454fb42162f7b24f8a25.jpg\" \/>\n\t<meta property=\"og:image:width\" content=\"1024\" \/>\n\t<meta property=\"og:image:height\" content=\"1024\" \/>\n\t<meta property=\"og:image:type\" content=\"image\/jpeg\" \/>\n<meta name=\"twitter:card\" content=\"summary_large_image\" \/>\n<meta name=\"twitter:label1\" content=\"Tiempo de lectura\" \/>\n\t<meta name=\"twitter:data1\" content=\"1 minuto\" \/>\n<script type=\"application\/ld+json\" class=\"yoast-schema-graph\">{\"@context\":\"https:\/\/schema.org\",\"@graph\":[{\"@type\":\"WebPage\",\"@id\":\"https:\/\/swiss-peak.com\/es\/producto\/paraguas-ultraligero-automatico-de-205-sp-aware-rpet-negro\/\",\"url\":\"https:\/\/swiss-peak.com\/es\/producto\/paraguas-ultraligero-automatico-de-205-sp-aware-rpet-negro\/\",\"name\":\"Paraguas ultraligero autom\u00e1tico de 20,5\\\" SP Aware\u2122 RPET, negro - Swiss Peak\",\"isPartOf\":{\"@id\":\"https:\/\/swiss-peak.com\/es\/#website\"},\"primaryImageOfPage\":{\"@id\":\"https:\/\/swiss-peak.com\/es\/producto\/paraguas-ultraligero-automatico-de-205-sp-aware-rpet-negro\/#primaryimage\"},\"image\":{\"@id\":\"https:\/\/swiss-peak.com\/es\/producto\/paraguas-ultraligero-automatico-de-205-sp-aware-rpet-negro\/#primaryimage\"},\"thumbnailUrl\":\"https:\/\/swiss-peak.com\/wp-content\/uploads\/sites\/9\/2024\/02\/P850.321__S_0__e54af3d728e3454fb42162f7b24f8a25.jpg\",\"datePublished\":\"2023-03-14T10:05:35+00:00\",\"dateModified\":\"2026-03-12T02:10:20+00:00\",\"breadcrumb\":{\"@id\":\"https:\/\/swiss-peak.com\/es\/producto\/paraguas-ultraligero-automatico-de-205-sp-aware-rpet-negro\/#breadcrumb\"},\"inLanguage\":\"es\",\"potentialAction\":[{\"@type\":\"ReadAction\",\"target\":[\"https:\/\/swiss-peak.com\/es\/producto\/paraguas-ultraligero-automatico-de-205-sp-aware-rpet-negro\/\"]}]},{\"@type\":\"ImageObject\",\"inLanguage\":\"es\",\"@id\":\"https:\/\/swiss-peak.com\/es\/producto\/paraguas-ultraligero-automatico-de-205-sp-aware-rpet-negro\/#primaryimage\",\"url\":\"https:\/\/swiss-peak.com\/wp-content\/uploads\/sites\/9\/2024\/02\/P850.321__S_0__e54af3d728e3454fb42162f7b24f8a25.jpg\",\"contentUrl\":\"https:\/\/swiss-peak.com\/wp-content\/uploads\/sites\/9\/2024\/02\/P850.321__S_0__e54af3d728e3454fb42162f7b24f8a25.jpg\",\"width\":1024,\"height\":1024},{\"@type\":\"BreadcrumbList\",\"@id\":\"https:\/\/swiss-peak.com\/es\/producto\/paraguas-ultraligero-automatico-de-205-sp-aware-rpet-negro\/#breadcrumb\",\"itemListElement\":[{\"@type\":\"ListItem\",\"position\":1,\"name\":\"Home\",\"item\":\"https:\/\/swiss-peak.com\/es\/\"},{\"@type\":\"ListItem\",\"position\":2,\"name\":\"Colecci\u00f3n\",\"item\":\"https:\/\/swiss-peak.com\/es\/coleccion\/\"},{\"@type\":\"ListItem\",\"position\":3,\"name\":\"Paraguas ultraligero autom\u00e1tico de 20,5&#8243; SP Aware\u2122 RPET, negro\"}]},{\"@type\":\"WebSite\",\"@id\":\"https:\/\/swiss-peak.com\/es\/#website\",\"url\":\"https:\/\/swiss-peak.com\/es\/\",\"name\":\"Swiss Peak\",\"description\":\"Where will today take you?\",\"potentialAction\":[{\"@type\":\"SearchAction\",\"target\":{\"@type\":\"EntryPoint\",\"urlTemplate\":\"https:\/\/swiss-peak.com\/es\/?s={search_term_string}\"},\"query-input\":{\"@type\":\"PropertyValueSpecification\",\"valueRequired\":true,\"valueName\":\"search_term_string\"}}],\"inLanguage\":\"es\"}]}<\/script>\n<!-- \/ Yoast SEO plugin. -->","yoast_head_json":{"title":"Paraguas ultraligero autom\u00e1tico de 20,5\" SP Aware\u2122 RPET, negro - Swiss Peak","robots":{"index":"index","follow":"follow","max-snippet":"max-snippet:-1","max-image-preview":"max-image-preview:large","max-video-preview":"max-video-preview:-1"},"canonical":"https:\/\/swiss-peak.com\/es\/producto\/paraguas-ultraligero-automatico-de-205-sp-aware-rpet-negro\/","og_locale":"es_ES","og_type":"article","og_title":"Paraguas ultraligero autom\u00e1tico de 20,5\" SP Aware\u2122 RPET, negro - Swiss Peak","og_description":"Este paraguas Swiss Peak Aware\u2122 RPET ultraligero totalmente autom\u00e1tico de 20,5\u201d ofrece una protecci\u00f3n duradera contra la intemperie en una forma ultraligera y plegable. Este miniparaguas port\u00e1til de 3 secciones con apertura\/cierre autom\u00e1tico tiene el tama\u00f1o perfecto para guardarlo en tu bolso o autom\u00f3vil en caso de una emergencia clim\u00e1tica. Estructura de aluminio, varillas de [&hellip;]","og_url":"https:\/\/swiss-peak.com\/es\/producto\/paraguas-ultraligero-automatico-de-205-sp-aware-rpet-negro\/","og_site_name":"Swiss Peak","article_modified_time":"2026-03-12T02:10:20+00:00","og_image":[{"width":1024,"height":1024,"url":"https:\/\/swiss-peak.com\/wp-content\/uploads\/sites\/9\/2024\/02\/P850.321__S_0__e54af3d728e3454fb42162f7b24f8a25.jpg","type":"image\/jpeg"}],"twitter_card":"summary_large_image","twitter_misc":{"Tiempo de lectura":"1 minuto"},"schema":{"@context":"https:\/\/schema.org","@graph":[{"@type":"WebPage","@id":"https:\/\/swiss-peak.com\/es\/producto\/paraguas-ultraligero-automatico-de-205-sp-aware-rpet-negro\/","url":"https:\/\/swiss-peak.com\/es\/producto\/paraguas-ultraligero-automatico-de-205-sp-aware-rpet-negro\/","name":"Paraguas ultraligero autom\u00e1tico de 20,5\" SP Aware\u2122 RPET, negro - Swiss Peak","isPartOf":{"@id":"https:\/\/swiss-peak.com\/es\/#website"},"primaryImageOfPage":{"@id":"https:\/\/swiss-peak.com\/es\/producto\/paraguas-ultraligero-automatico-de-205-sp-aware-rpet-negro\/#primaryimage"},"image":{"@id":"https:\/\/swiss-peak.com\/es\/producto\/paraguas-ultraligero-automatico-de-205-sp-aware-rpet-negro\/#primaryimage"},"thumbnailUrl":"https:\/\/swiss-peak.com\/wp-content\/uploads\/sites\/9\/2024\/02\/P850.321__S_0__e54af3d728e3454fb42162f7b24f8a25.jpg","datePublished":"2023-03-14T10:05:35+00:00","dateModified":"2026-03-12T02:10:20+00:00","breadcrumb":{"@id":"https:\/\/swiss-peak.com\/es\/producto\/paraguas-ultraligero-automatico-de-205-sp-aware-rpet-negro\/#breadcrumb"},"inLanguage":"es","potentialAction":[{"@type":"ReadAction","target":["https:\/\/swiss-peak.com\/es\/producto\/paraguas-ultraligero-automatico-de-205-sp-aware-rpet-negro\/"]}]},{"@type":"ImageObject","inLanguage":"es","@id":"https:\/\/swiss-peak.com\/es\/producto\/paraguas-ultraligero-automatico-de-205-sp-aware-rpet-negro\/#primaryimage","url":"https:\/\/swiss-peak.com\/wp-content\/uploads\/sites\/9\/2024\/02\/P850.321__S_0__e54af3d728e3454fb42162f7b24f8a25.jpg","contentUrl":"https:\/\/swiss-peak.com\/wp-content\/uploads\/sites\/9\/2024\/02\/P850.321__S_0__e54af3d728e3454fb42162f7b24f8a25.jpg","width":1024,"height":1024},{"@type":"BreadcrumbList","@id":"https:\/\/swiss-peak.com\/es\/producto\/paraguas-ultraligero-automatico-de-205-sp-aware-rpet-negro\/#breadcrumb","itemListElement":[{"@type":"ListItem","position":1,"name":"Home","item":"https:\/\/swiss-peak.com\/es\/"},{"@type":"ListItem","position":2,"name":"Colecci\u00f3n","item":"https:\/\/swiss-peak.com\/es\/coleccion\/"},{"@type":"ListItem","position":3,"name":"Paraguas ultraligero autom\u00e1tico de 20,5&#8243; SP Aware\u2122 RPET, negro"}]},{"@type":"WebSite","@id":"https:\/\/swiss-peak.com\/es\/#website","url":"https:\/\/swiss-peak.com\/es\/","name":"Swiss Peak","description":"Where will today take you?","potentialAction":[{"@type":"SearchAction","target":{"@type":"EntryPoint","urlTemplate":"https:\/\/swiss-peak.com\/es\/?s={search_term_string}"},"query-input":{"@type":"PropertyValueSpecification","valueRequired":true,"valueName":"search_term_string"}}],"inLanguage":"es"}]}},"_links":{"self":[{"href":"https:\/\/swiss-peak.com\/es\/wp-json\/wp\/v2\/product\/15343","targetHints":{"allow":["GET"]}}],"collection":[{"href":"https:\/\/swiss-peak.com\/es\/wp-json\/wp\/v2\/product"}],"about":[{"href":"https:\/\/swiss-peak.com\/es\/wp-json\/wp\/v2\/types\/product"}],"wp:featuredmedia":[{"embeddable":true,"href":"https:\/\/swiss-peak.com\/es\/wp-json\/wp\/v2\/media\/42537"}],"wp:attachment":[{"href":"https:\/\/swiss-peak.com\/es\/wp-json\/wp\/v2\/media?parent=15343"}],"wp:term":[{"taxonomy":"product_cat","embeddable":true,"href":"https:\/\/swiss-peak.com\/es\/wp-json\/wp\/v2\/product_cat?post=15343"},{"taxonomy":"product_tag","embeddable":true,"href":"https:\/\/swiss-peak.com\/es\/wp-json\/wp\/v2\/product_tag?post=15343"}],"curies":[{"name":"wp","href":"https:\/\/api.w.org\/{rel}","templated":true}]}}