{"id":15329,"date":"2023-03-14T12:05:08","date_gmt":"2023-03-14T10:05:08","guid":{"rendered":"https:\/\/xdsomename.tempurl.host\/swisspeak-website\/collection\/sin%20categor\u00eda\/bolsa-tecnologica-swiss-peak-aware-sin-pvc-negro\/"},"modified":"2026-04-16T03:05:03","modified_gmt":"2026-04-16T01:05:03","slug":"bolsa-tecnologica-swiss-peak-aware-sin-pvc-negro","status":"publish","type":"product","link":"https:\/\/swiss-peak.com\/es\/producto\/bolsa-tecnologica-swiss-peak-aware-sin-pvc-negro\/","title":{"rendered":"Bolsa tecnol\u00f3gica AWARE\u2122 sin PVC, negro"},"content":{"rendered":"<p>Ya sea para guardar cables, equipo de uso diario o elementos esenciales de viaje, esta bolsa tecnol\u00f3gica ofrece una organizaci\u00f3n perfecta y facilidad de acceso. Los bolsillos crean una enorme eficiencia espacial, lo que te permite meter m\u00e1s en un espacio m\u00e1s peque\u00f1o mientras mantienes tus art\u00edculos perfectamente organizados y f\u00e1ciles de encontrar. Los lazos el\u00e1sticos para accesorios mantienen art\u00edculos como bol\u00edgrafos siempre al alcance. Las asas exteriores y la abertura estilo concha hacen que esta bolsa sea de f\u00e1cil acceso. El bolsillo externo con cremallera tiene un paso de cable para cargar f\u00e1cilmente el dispositivo. Libre de PVC. Cada bolsa ha reutilizado 8,5 botellas de PET. El 2% de las ganancias de cada producto Aware\u2122 vendido se donar\u00e1 a Water.org.<\/p>\n","protected":false},"excerpt":{"rendered":"<p>Ya sea para guardar cables, equipo de uso diario o elementos esenciales de viaje, esta bolsa tecnol\u00f3gica ofrece una organizaci\u00f3n perfecta y facilidad de acceso. Los bolsillos crean una enorme eficiencia espacial, lo que te permite meter m\u00e1s en un espacio m\u00e1s peque\u00f1o mientras mantienes tus art\u00edculos perfectamente organizados y f\u00e1ciles de encontrar. Los lazos [&hellip;]<\/p>\n","protected":false},"featured_media":46531,"template":"","meta":{"_acf_changed":false},"product_cat":[275,254,290,304],"product_tag":[],"class_list":["post-15329","product","type-product","status-publish","has-post-thumbnail","hentry","product_cat-accesorios-de-viaje","product_cat-bolsas-viaje","product_cat-business-es","product_cat-tecnologia-movil","pa_color-black-es"],"acf":[],"yoast_head":"<!-- This site is optimized with the Yoast SEO plugin v27.0 - https:\/\/yoast.com\/product\/yoast-seo-wordpress\/ -->\n<title>Bolsa tecnol\u00f3gica AWARE\u2122 sin PVC, negro - Swiss Peak<\/title>\n<meta name=\"robots\" content=\"index, follow, max-snippet:-1, max-image-preview:large, max-video-preview:-1\" \/>\n<link rel=\"canonical\" href=\"https:\/\/swiss-peak.com\/es\/producto\/bolsa-tecnologica-swiss-peak-aware-sin-pvc-negro\/\" \/>\n<meta property=\"og:locale\" content=\"es_ES\" \/>\n<meta property=\"og:type\" content=\"article\" \/>\n<meta property=\"og:title\" content=\"Bolsa tecnol\u00f3gica AWARE\u2122 sin PVC, negro - Swiss Peak\" \/>\n<meta property=\"og:description\" content=\"Ya sea para guardar cables, equipo de uso diario o elementos esenciales de viaje, esta bolsa tecnol\u00f3gica ofrece una organizaci\u00f3n perfecta y facilidad de acceso. Los bolsillos crean una enorme eficiencia espacial, lo que te permite meter m\u00e1s en un espacio m\u00e1s peque\u00f1o mientras mantienes tus art\u00edculos perfectamente organizados y f\u00e1ciles de encontrar. Los lazos [&hellip;]\" \/>\n<meta property=\"og:url\" content=\"https:\/\/swiss-peak.com\/es\/producto\/bolsa-tecnologica-swiss-peak-aware-sin-pvc-negro\/\" \/>\n<meta property=\"og:site_name\" content=\"Swiss Peak\" \/>\n<meta property=\"article:modified_time\" content=\"2026-04-16T01:05:03+00:00\" \/>\n<meta property=\"og:image\" content=\"https:\/\/swiss-peak.com\/wp-content\/uploads\/sites\/9\/2026\/04\/P820.391__S_0__f10945708ce24fab911a85732b816128.jpg\" \/>\n\t<meta property=\"og:image:width\" content=\"1024\" \/>\n\t<meta property=\"og:image:height\" content=\"1024\" \/>\n\t<meta property=\"og:image:type\" content=\"image\/jpeg\" \/>\n<meta name=\"twitter:card\" content=\"summary_large_image\" \/>\n<meta name=\"twitter:label1\" content=\"Tiempo de lectura\" \/>\n\t<meta name=\"twitter:data1\" content=\"1 minuto\" \/>\n<script type=\"application\/ld+json\" class=\"yoast-schema-graph\">{\"@context\":\"https:\/\/schema.org\",\"@graph\":[{\"@type\":\"WebPage\",\"@id\":\"https:\/\/swiss-peak.com\/es\/producto\/bolsa-tecnologica-swiss-peak-aware-sin-pvc-negro\/\",\"url\":\"https:\/\/swiss-peak.com\/es\/producto\/bolsa-tecnologica-swiss-peak-aware-sin-pvc-negro\/\",\"name\":\"Bolsa tecnol\u00f3gica AWARE\u2122 sin PVC, negro - Swiss Peak\",\"isPartOf\":{\"@id\":\"https:\/\/swiss-peak.com\/es\/#website\"},\"primaryImageOfPage\":{\"@id\":\"https:\/\/swiss-peak.com\/es\/producto\/bolsa-tecnologica-swiss-peak-aware-sin-pvc-negro\/#primaryimage\"},\"image\":{\"@id\":\"https:\/\/swiss-peak.com\/es\/producto\/bolsa-tecnologica-swiss-peak-aware-sin-pvc-negro\/#primaryimage\"},\"thumbnailUrl\":\"https:\/\/swiss-peak.com\/wp-content\/uploads\/sites\/9\/2026\/04\/P820.391__S_0__f10945708ce24fab911a85732b816128.jpg\",\"datePublished\":\"2023-03-14T10:05:08+00:00\",\"dateModified\":\"2026-04-16T01:05:03+00:00\",\"breadcrumb\":{\"@id\":\"https:\/\/swiss-peak.com\/es\/producto\/bolsa-tecnologica-swiss-peak-aware-sin-pvc-negro\/#breadcrumb\"},\"inLanguage\":\"es\",\"potentialAction\":[{\"@type\":\"ReadAction\",\"target\":[\"https:\/\/swiss-peak.com\/es\/producto\/bolsa-tecnologica-swiss-peak-aware-sin-pvc-negro\/\"]}]},{\"@type\":\"ImageObject\",\"inLanguage\":\"es\",\"@id\":\"https:\/\/swiss-peak.com\/es\/producto\/bolsa-tecnologica-swiss-peak-aware-sin-pvc-negro\/#primaryimage\",\"url\":\"https:\/\/swiss-peak.com\/wp-content\/uploads\/sites\/9\/2026\/04\/P820.391__S_0__f10945708ce24fab911a85732b816128.jpg\",\"contentUrl\":\"https:\/\/swiss-peak.com\/wp-content\/uploads\/sites\/9\/2026\/04\/P820.391__S_0__f10945708ce24fab911a85732b816128.jpg\",\"width\":1024,\"height\":1024},{\"@type\":\"BreadcrumbList\",\"@id\":\"https:\/\/swiss-peak.com\/es\/producto\/bolsa-tecnologica-swiss-peak-aware-sin-pvc-negro\/#breadcrumb\",\"itemListElement\":[{\"@type\":\"ListItem\",\"position\":1,\"name\":\"Home\",\"item\":\"https:\/\/swiss-peak.com\/es\/\"},{\"@type\":\"ListItem\",\"position\":2,\"name\":\"Colecci\u00f3n\",\"item\":\"https:\/\/swiss-peak.com\/es\/coleccion\/\"},{\"@type\":\"ListItem\",\"position\":3,\"name\":\"Bolsa tecnol\u00f3gica AWARE\u2122 sin PVC, negro\"}]},{\"@type\":\"WebSite\",\"@id\":\"https:\/\/swiss-peak.com\/es\/#website\",\"url\":\"https:\/\/swiss-peak.com\/es\/\",\"name\":\"Swiss Peak\",\"description\":\"Where will today take you?\",\"potentialAction\":[{\"@type\":\"SearchAction\",\"target\":{\"@type\":\"EntryPoint\",\"urlTemplate\":\"https:\/\/swiss-peak.com\/es\/?s={search_term_string}\"},\"query-input\":{\"@type\":\"PropertyValueSpecification\",\"valueRequired\":true,\"valueName\":\"search_term_string\"}}],\"inLanguage\":\"es\"}]}<\/script>\n<!-- \/ Yoast SEO plugin. -->","yoast_head_json":{"title":"Bolsa tecnol\u00f3gica AWARE\u2122 sin PVC, negro - Swiss Peak","robots":{"index":"index","follow":"follow","max-snippet":"max-snippet:-1","max-image-preview":"max-image-preview:large","max-video-preview":"max-video-preview:-1"},"canonical":"https:\/\/swiss-peak.com\/es\/producto\/bolsa-tecnologica-swiss-peak-aware-sin-pvc-negro\/","og_locale":"es_ES","og_type":"article","og_title":"Bolsa tecnol\u00f3gica AWARE\u2122 sin PVC, negro - Swiss Peak","og_description":"Ya sea para guardar cables, equipo de uso diario o elementos esenciales de viaje, esta bolsa tecnol\u00f3gica ofrece una organizaci\u00f3n perfecta y facilidad de acceso. Los bolsillos crean una enorme eficiencia espacial, lo que te permite meter m\u00e1s en un espacio m\u00e1s peque\u00f1o mientras mantienes tus art\u00edculos perfectamente organizados y f\u00e1ciles de encontrar. Los lazos [&hellip;]","og_url":"https:\/\/swiss-peak.com\/es\/producto\/bolsa-tecnologica-swiss-peak-aware-sin-pvc-negro\/","og_site_name":"Swiss Peak","article_modified_time":"2026-04-16T01:05:03+00:00","og_image":[{"width":1024,"height":1024,"url":"https:\/\/swiss-peak.com\/wp-content\/uploads\/sites\/9\/2026\/04\/P820.391__S_0__f10945708ce24fab911a85732b816128.jpg","type":"image\/jpeg"}],"twitter_card":"summary_large_image","twitter_misc":{"Tiempo de lectura":"1 minuto"},"schema":{"@context":"https:\/\/schema.org","@graph":[{"@type":"WebPage","@id":"https:\/\/swiss-peak.com\/es\/producto\/bolsa-tecnologica-swiss-peak-aware-sin-pvc-negro\/","url":"https:\/\/swiss-peak.com\/es\/producto\/bolsa-tecnologica-swiss-peak-aware-sin-pvc-negro\/","name":"Bolsa tecnol\u00f3gica AWARE\u2122 sin PVC, negro - Swiss Peak","isPartOf":{"@id":"https:\/\/swiss-peak.com\/es\/#website"},"primaryImageOfPage":{"@id":"https:\/\/swiss-peak.com\/es\/producto\/bolsa-tecnologica-swiss-peak-aware-sin-pvc-negro\/#primaryimage"},"image":{"@id":"https:\/\/swiss-peak.com\/es\/producto\/bolsa-tecnologica-swiss-peak-aware-sin-pvc-negro\/#primaryimage"},"thumbnailUrl":"https:\/\/swiss-peak.com\/wp-content\/uploads\/sites\/9\/2026\/04\/P820.391__S_0__f10945708ce24fab911a85732b816128.jpg","datePublished":"2023-03-14T10:05:08+00:00","dateModified":"2026-04-16T01:05:03+00:00","breadcrumb":{"@id":"https:\/\/swiss-peak.com\/es\/producto\/bolsa-tecnologica-swiss-peak-aware-sin-pvc-negro\/#breadcrumb"},"inLanguage":"es","potentialAction":[{"@type":"ReadAction","target":["https:\/\/swiss-peak.com\/es\/producto\/bolsa-tecnologica-swiss-peak-aware-sin-pvc-negro\/"]}]},{"@type":"ImageObject","inLanguage":"es","@id":"https:\/\/swiss-peak.com\/es\/producto\/bolsa-tecnologica-swiss-peak-aware-sin-pvc-negro\/#primaryimage","url":"https:\/\/swiss-peak.com\/wp-content\/uploads\/sites\/9\/2026\/04\/P820.391__S_0__f10945708ce24fab911a85732b816128.jpg","contentUrl":"https:\/\/swiss-peak.com\/wp-content\/uploads\/sites\/9\/2026\/04\/P820.391__S_0__f10945708ce24fab911a85732b816128.jpg","width":1024,"height":1024},{"@type":"BreadcrumbList","@id":"https:\/\/swiss-peak.com\/es\/producto\/bolsa-tecnologica-swiss-peak-aware-sin-pvc-negro\/#breadcrumb","itemListElement":[{"@type":"ListItem","position":1,"name":"Home","item":"https:\/\/swiss-peak.com\/es\/"},{"@type":"ListItem","position":2,"name":"Colecci\u00f3n","item":"https:\/\/swiss-peak.com\/es\/coleccion\/"},{"@type":"ListItem","position":3,"name":"Bolsa tecnol\u00f3gica AWARE\u2122 sin PVC, negro"}]},{"@type":"WebSite","@id":"https:\/\/swiss-peak.com\/es\/#website","url":"https:\/\/swiss-peak.com\/es\/","name":"Swiss Peak","description":"Where will today take you?","potentialAction":[{"@type":"SearchAction","target":{"@type":"EntryPoint","urlTemplate":"https:\/\/swiss-peak.com\/es\/?s={search_term_string}"},"query-input":{"@type":"PropertyValueSpecification","valueRequired":true,"valueName":"search_term_string"}}],"inLanguage":"es"}]}},"_links":{"self":[{"href":"https:\/\/swiss-peak.com\/es\/wp-json\/wp\/v2\/product\/15329","targetHints":{"allow":["GET"]}}],"collection":[{"href":"https:\/\/swiss-peak.com\/es\/wp-json\/wp\/v2\/product"}],"about":[{"href":"https:\/\/swiss-peak.com\/es\/wp-json\/wp\/v2\/types\/product"}],"wp:featuredmedia":[{"embeddable":true,"href":"https:\/\/swiss-peak.com\/es\/wp-json\/wp\/v2\/media\/46531"}],"wp:attachment":[{"href":"https:\/\/swiss-peak.com\/es\/wp-json\/wp\/v2\/media?parent=15329"}],"wp:term":[{"taxonomy":"product_cat","embeddable":true,"href":"https:\/\/swiss-peak.com\/es\/wp-json\/wp\/v2\/product_cat?post=15329"},{"taxonomy":"product_tag","embeddable":true,"href":"https:\/\/swiss-peak.com\/es\/wp-json\/wp\/v2\/product_tag?post=15329"}],"curies":[{"name":"wp","href":"https:\/\/api.w.org\/{rel}","templated":true}]}}