{"id":15327,"date":"2023-03-14T12:04:44","date_gmt":"2023-03-14T10:04:44","guid":{"rendered":"https:\/\/xdsomename.tempurl.host\/swisspeak-website\/collection\/sin%20categor\u00eda\/portadocumentos-de-viaje-heritage-rcs-rpu-rfid-negro\/"},"modified":"2026-04-16T03:05:00","modified_gmt":"2026-04-16T01:05:00","slug":"portadocumentos-de-viaje-heritage-rcs-rpu-rfid-negro","status":"publish","type":"product","link":"https:\/\/swiss-peak.com\/es\/producto\/portadocumentos-de-viaje-heritage-rcs-rpu-rfid-negro\/","title":{"rendered":"Portadocumentos de viaje Heritage RCS rPU RFID, negro"},"content":{"rendered":"<p>La billetera de viaje de lujo con protecci\u00f3n RFID mantiene seguros todos tus documentos, como pasaporte, boletos y dinero. Con 4 ranuras para tarjetas, un lazo para bol\u00edgrafo y espacio para tu tel\u00e9fono m\u00f3vil. Fabricado con materiales reciclados certificados RCS (Recycled Claim Standard). La certificaci\u00f3n RCS garantiza una cadena de suministro completamente certificada de los materiales reciclados. Fabricado con PU reciclado y certificado RCS. Contenido reciclado total: 21% basado en el peso total del art\u00edculo. Libre de PVC.<\/p>\n","protected":false},"excerpt":{"rendered":"<p>La billetera de viaje de lujo con protecci\u00f3n RFID mantiene seguros todos tus documentos, como pasaporte, boletos y dinero. Con 4 ranuras para tarjetas, un lazo para bol\u00edgrafo y espacio para tu tel\u00e9fono m\u00f3vil. Fabricado con materiales reciclados certificados RCS (Recycled Claim Standard). La certificaci\u00f3n RCS garantiza una cadena de suministro completamente certificada de los [&hellip;]<\/p>\n","protected":false},"featured_media":46524,"template":"","meta":{"_acf_changed":false},"product_cat":[275,254],"product_tag":[],"class_list":["post-15327","product","type-product","status-publish","has-post-thumbnail","hentry","product_cat-accesorios-de-viaje","product_cat-bolsas-viaje","pa_color-black-es"],"acf":[],"yoast_head":"<!-- This site is optimized with the Yoast SEO plugin v27.0 - https:\/\/yoast.com\/product\/yoast-seo-wordpress\/ -->\n<title>Portadocumentos de viaje Heritage RCS rPU RFID, negro - Swiss Peak<\/title>\n<meta name=\"robots\" content=\"index, follow, max-snippet:-1, max-image-preview:large, max-video-preview:-1\" \/>\n<link rel=\"canonical\" href=\"https:\/\/swiss-peak.com\/es\/producto\/portadocumentos-de-viaje-heritage-rcs-rpu-rfid-negro\/\" \/>\n<meta property=\"og:locale\" content=\"es_ES\" \/>\n<meta property=\"og:type\" content=\"article\" \/>\n<meta property=\"og:title\" content=\"Portadocumentos de viaje Heritage RCS rPU RFID, negro - Swiss Peak\" \/>\n<meta property=\"og:description\" content=\"La billetera de viaje de lujo con protecci\u00f3n RFID mantiene seguros todos tus documentos, como pasaporte, boletos y dinero. Con 4 ranuras para tarjetas, un lazo para bol\u00edgrafo y espacio para tu tel\u00e9fono m\u00f3vil. Fabricado con materiales reciclados certificados RCS (Recycled Claim Standard). La certificaci\u00f3n RCS garantiza una cadena de suministro completamente certificada de los [&hellip;]\" \/>\n<meta property=\"og:url\" content=\"https:\/\/swiss-peak.com\/es\/producto\/portadocumentos-de-viaje-heritage-rcs-rpu-rfid-negro\/\" \/>\n<meta property=\"og:site_name\" content=\"Swiss Peak\" \/>\n<meta property=\"article:modified_time\" content=\"2026-04-16T01:05:00+00:00\" \/>\n<meta property=\"og:image\" content=\"https:\/\/swiss-peak.com\/wp-content\/uploads\/sites\/9\/2026\/04\/P820.341__S_0__72a0b516104e43bf84c3d57f48da3bda.jpg\" \/>\n\t<meta property=\"og:image:width\" content=\"1024\" \/>\n\t<meta property=\"og:image:height\" content=\"1024\" \/>\n\t<meta property=\"og:image:type\" content=\"image\/jpeg\" \/>\n<meta name=\"twitter:card\" content=\"summary_large_image\" \/>\n<script type=\"application\/ld+json\" class=\"yoast-schema-graph\">{\"@context\":\"https:\/\/schema.org\",\"@graph\":[{\"@type\":\"WebPage\",\"@id\":\"https:\/\/swiss-peak.com\/es\/producto\/portadocumentos-de-viaje-heritage-rcs-rpu-rfid-negro\/\",\"url\":\"https:\/\/swiss-peak.com\/es\/producto\/portadocumentos-de-viaje-heritage-rcs-rpu-rfid-negro\/\",\"name\":\"Portadocumentos de viaje Heritage RCS rPU RFID, negro - Swiss Peak\",\"isPartOf\":{\"@id\":\"https:\/\/swiss-peak.com\/es\/#website\"},\"primaryImageOfPage\":{\"@id\":\"https:\/\/swiss-peak.com\/es\/producto\/portadocumentos-de-viaje-heritage-rcs-rpu-rfid-negro\/#primaryimage\"},\"image\":{\"@id\":\"https:\/\/swiss-peak.com\/es\/producto\/portadocumentos-de-viaje-heritage-rcs-rpu-rfid-negro\/#primaryimage\"},\"thumbnailUrl\":\"https:\/\/swiss-peak.com\/wp-content\/uploads\/sites\/9\/2026\/04\/P820.341__S_0__72a0b516104e43bf84c3d57f48da3bda.jpg\",\"datePublished\":\"2023-03-14T10:04:44+00:00\",\"dateModified\":\"2026-04-16T01:05:00+00:00\",\"breadcrumb\":{\"@id\":\"https:\/\/swiss-peak.com\/es\/producto\/portadocumentos-de-viaje-heritage-rcs-rpu-rfid-negro\/#breadcrumb\"},\"inLanguage\":\"es\",\"potentialAction\":[{\"@type\":\"ReadAction\",\"target\":[\"https:\/\/swiss-peak.com\/es\/producto\/portadocumentos-de-viaje-heritage-rcs-rpu-rfid-negro\/\"]}]},{\"@type\":\"ImageObject\",\"inLanguage\":\"es\",\"@id\":\"https:\/\/swiss-peak.com\/es\/producto\/portadocumentos-de-viaje-heritage-rcs-rpu-rfid-negro\/#primaryimage\",\"url\":\"https:\/\/swiss-peak.com\/wp-content\/uploads\/sites\/9\/2026\/04\/P820.341__S_0__72a0b516104e43bf84c3d57f48da3bda.jpg\",\"contentUrl\":\"https:\/\/swiss-peak.com\/wp-content\/uploads\/sites\/9\/2026\/04\/P820.341__S_0__72a0b516104e43bf84c3d57f48da3bda.jpg\",\"width\":1024,\"height\":1024},{\"@type\":\"BreadcrumbList\",\"@id\":\"https:\/\/swiss-peak.com\/es\/producto\/portadocumentos-de-viaje-heritage-rcs-rpu-rfid-negro\/#breadcrumb\",\"itemListElement\":[{\"@type\":\"ListItem\",\"position\":1,\"name\":\"Home\",\"item\":\"https:\/\/swiss-peak.com\/es\/\"},{\"@type\":\"ListItem\",\"position\":2,\"name\":\"Colecci\u00f3n\",\"item\":\"https:\/\/swiss-peak.com\/es\/coleccion\/\"},{\"@type\":\"ListItem\",\"position\":3,\"name\":\"Portadocumentos de viaje Heritage RCS rPU RFID, negro\"}]},{\"@type\":\"WebSite\",\"@id\":\"https:\/\/swiss-peak.com\/es\/#website\",\"url\":\"https:\/\/swiss-peak.com\/es\/\",\"name\":\"Swiss Peak\",\"description\":\"Where will today take you?\",\"potentialAction\":[{\"@type\":\"SearchAction\",\"target\":{\"@type\":\"EntryPoint\",\"urlTemplate\":\"https:\/\/swiss-peak.com\/es\/?s={search_term_string}\"},\"query-input\":{\"@type\":\"PropertyValueSpecification\",\"valueRequired\":true,\"valueName\":\"search_term_string\"}}],\"inLanguage\":\"es\"}]}<\/script>\n<!-- \/ Yoast SEO plugin. -->","yoast_head_json":{"title":"Portadocumentos de viaje Heritage RCS rPU RFID, negro - Swiss Peak","robots":{"index":"index","follow":"follow","max-snippet":"max-snippet:-1","max-image-preview":"max-image-preview:large","max-video-preview":"max-video-preview:-1"},"canonical":"https:\/\/swiss-peak.com\/es\/producto\/portadocumentos-de-viaje-heritage-rcs-rpu-rfid-negro\/","og_locale":"es_ES","og_type":"article","og_title":"Portadocumentos de viaje Heritage RCS rPU RFID, negro - Swiss Peak","og_description":"La billetera de viaje de lujo con protecci\u00f3n RFID mantiene seguros todos tus documentos, como pasaporte, boletos y dinero. Con 4 ranuras para tarjetas, un lazo para bol\u00edgrafo y espacio para tu tel\u00e9fono m\u00f3vil. Fabricado con materiales reciclados certificados RCS (Recycled Claim Standard). La certificaci\u00f3n RCS garantiza una cadena de suministro completamente certificada de los [&hellip;]","og_url":"https:\/\/swiss-peak.com\/es\/producto\/portadocumentos-de-viaje-heritage-rcs-rpu-rfid-negro\/","og_site_name":"Swiss Peak","article_modified_time":"2026-04-16T01:05:00+00:00","og_image":[{"width":1024,"height":1024,"url":"https:\/\/swiss-peak.com\/wp-content\/uploads\/sites\/9\/2026\/04\/P820.341__S_0__72a0b516104e43bf84c3d57f48da3bda.jpg","type":"image\/jpeg"}],"twitter_card":"summary_large_image","schema":{"@context":"https:\/\/schema.org","@graph":[{"@type":"WebPage","@id":"https:\/\/swiss-peak.com\/es\/producto\/portadocumentos-de-viaje-heritage-rcs-rpu-rfid-negro\/","url":"https:\/\/swiss-peak.com\/es\/producto\/portadocumentos-de-viaje-heritage-rcs-rpu-rfid-negro\/","name":"Portadocumentos de viaje Heritage RCS rPU RFID, negro - Swiss Peak","isPartOf":{"@id":"https:\/\/swiss-peak.com\/es\/#website"},"primaryImageOfPage":{"@id":"https:\/\/swiss-peak.com\/es\/producto\/portadocumentos-de-viaje-heritage-rcs-rpu-rfid-negro\/#primaryimage"},"image":{"@id":"https:\/\/swiss-peak.com\/es\/producto\/portadocumentos-de-viaje-heritage-rcs-rpu-rfid-negro\/#primaryimage"},"thumbnailUrl":"https:\/\/swiss-peak.com\/wp-content\/uploads\/sites\/9\/2026\/04\/P820.341__S_0__72a0b516104e43bf84c3d57f48da3bda.jpg","datePublished":"2023-03-14T10:04:44+00:00","dateModified":"2026-04-16T01:05:00+00:00","breadcrumb":{"@id":"https:\/\/swiss-peak.com\/es\/producto\/portadocumentos-de-viaje-heritage-rcs-rpu-rfid-negro\/#breadcrumb"},"inLanguage":"es","potentialAction":[{"@type":"ReadAction","target":["https:\/\/swiss-peak.com\/es\/producto\/portadocumentos-de-viaje-heritage-rcs-rpu-rfid-negro\/"]}]},{"@type":"ImageObject","inLanguage":"es","@id":"https:\/\/swiss-peak.com\/es\/producto\/portadocumentos-de-viaje-heritage-rcs-rpu-rfid-negro\/#primaryimage","url":"https:\/\/swiss-peak.com\/wp-content\/uploads\/sites\/9\/2026\/04\/P820.341__S_0__72a0b516104e43bf84c3d57f48da3bda.jpg","contentUrl":"https:\/\/swiss-peak.com\/wp-content\/uploads\/sites\/9\/2026\/04\/P820.341__S_0__72a0b516104e43bf84c3d57f48da3bda.jpg","width":1024,"height":1024},{"@type":"BreadcrumbList","@id":"https:\/\/swiss-peak.com\/es\/producto\/portadocumentos-de-viaje-heritage-rcs-rpu-rfid-negro\/#breadcrumb","itemListElement":[{"@type":"ListItem","position":1,"name":"Home","item":"https:\/\/swiss-peak.com\/es\/"},{"@type":"ListItem","position":2,"name":"Colecci\u00f3n","item":"https:\/\/swiss-peak.com\/es\/coleccion\/"},{"@type":"ListItem","position":3,"name":"Portadocumentos de viaje Heritage RCS rPU RFID, negro"}]},{"@type":"WebSite","@id":"https:\/\/swiss-peak.com\/es\/#website","url":"https:\/\/swiss-peak.com\/es\/","name":"Swiss Peak","description":"Where will today take you?","potentialAction":[{"@type":"SearchAction","target":{"@type":"EntryPoint","urlTemplate":"https:\/\/swiss-peak.com\/es\/?s={search_term_string}"},"query-input":{"@type":"PropertyValueSpecification","valueRequired":true,"valueName":"search_term_string"}}],"inLanguage":"es"}]}},"_links":{"self":[{"href":"https:\/\/swiss-peak.com\/es\/wp-json\/wp\/v2\/product\/15327","targetHints":{"allow":["GET"]}}],"collection":[{"href":"https:\/\/swiss-peak.com\/es\/wp-json\/wp\/v2\/product"}],"about":[{"href":"https:\/\/swiss-peak.com\/es\/wp-json\/wp\/v2\/types\/product"}],"wp:featuredmedia":[{"embeddable":true,"href":"https:\/\/swiss-peak.com\/es\/wp-json\/wp\/v2\/media\/46524"}],"wp:attachment":[{"href":"https:\/\/swiss-peak.com\/es\/wp-json\/wp\/v2\/media?parent=15327"}],"wp:term":[{"taxonomy":"product_cat","embeddable":true,"href":"https:\/\/swiss-peak.com\/es\/wp-json\/wp\/v2\/product_cat?post=15327"},{"taxonomy":"product_tag","embeddable":true,"href":"https:\/\/swiss-peak.com\/es\/wp-json\/wp\/v2\/product_tag?post=15327"}],"curies":[{"name":"wp","href":"https:\/\/api.w.org\/{rel}","templated":true}]}}