{"id":15317,"date":"2023-03-14T12:04:19","date_gmt":"2023-03-14T10:04:19","guid":{"rendered":"https:\/\/xdsomename.tempurl.host\/swisspeak-website\/collection\/sin%20categor\u00eda\/portadocumentos-heritage-rcs-rpu-a4-con-cremallera-negro\/"},"modified":"2026-03-12T04:08:26","modified_gmt":"2026-03-12T02:08:26","slug":"portadocumentos-heritage-rcs-rpu-a4-con-cremallera-negro","status":"publish","type":"product","link":"https:\/\/swiss-peak.com\/es\/producto\/portadocumentos-heritage-rcs-rpu-a4-con-cremallera-negro\/","title":{"rendered":"Portadocumentos Heritage RCS rPU A4 con cremallera, negro"},"content":{"rendered":"<p>La colecci\u00f3n Swiss Peak Heritage habla el idioma de la elegancia moderna. Viene con la ic\u00f3nica cubierta de PU reciclado italiano con cremallera. El interior proporciona un soporte para tablet\/tel\u00e9fono, soportes para dispositivos, ranuras para tarjetas de visita, fundas para tus notas y papeles y un lazo para bol\u00edgrafo. Con bloc de notas de papel piedra A4 de 20 hojas rayadas. Est\u00e1 fabricado con materiales reciclados certificados RCS (Recycled Claim Standard). La certificaci\u00f3n RCS garantiza una cadena de suministro completamente certificada de los materiales reciclados. Fabricado con PU reciclado y certificado RCS. Contenido reciclado total: 9% basado en el peso total del art\u00edculo. Libre de PVC.<\/p>\n","protected":false},"excerpt":{"rendered":"<p>La colecci\u00f3n Swiss Peak Heritage habla el idioma de la elegancia moderna. Viene con la ic\u00f3nica cubierta de PU reciclado italiano con cremallera. El interior proporciona un soporte para tablet\/tel\u00e9fono, soportes para dispositivos, ranuras para tarjetas de visita, fundas para tus notas y papeles y un lazo para bol\u00edgrafo. Con bloc de notas de papel [&hellip;]<\/p>\n","protected":false},"featured_media":38735,"template":"","meta":{"_acf_changed":false},"product_cat":[290,300],"product_tag":[],"class_list":["post-15317","product","type-product","status-publish","has-post-thumbnail","hentry","product_cat-business-es","product_cat-oficina-escritura","pa_color-black-es"],"acf":[],"yoast_head":"<!-- This site is optimized with the Yoast SEO plugin v27.0 - https:\/\/yoast.com\/product\/yoast-seo-wordpress\/ -->\n<title>Portadocumentos Heritage RCS rPU A4 con cremallera, negro - Swiss Peak<\/title>\n<meta name=\"robots\" content=\"index, follow, max-snippet:-1, max-image-preview:large, max-video-preview:-1\" \/>\n<link rel=\"canonical\" href=\"https:\/\/swiss-peak.com\/es\/producto\/portadocumentos-heritage-rcs-rpu-a4-con-cremallera-negro\/\" \/>\n<meta property=\"og:locale\" content=\"es_ES\" \/>\n<meta property=\"og:type\" content=\"article\" \/>\n<meta property=\"og:title\" content=\"Portadocumentos Heritage RCS rPU A4 con cremallera, negro - Swiss Peak\" \/>\n<meta property=\"og:description\" content=\"La colecci\u00f3n Swiss Peak Heritage habla el idioma de la elegancia moderna. Viene con la ic\u00f3nica cubierta de PU reciclado italiano con cremallera. El interior proporciona un soporte para tablet\/tel\u00e9fono, soportes para dispositivos, ranuras para tarjetas de visita, fundas para tus notas y papeles y un lazo para bol\u00edgrafo. Con bloc de notas de papel [&hellip;]\" \/>\n<meta property=\"og:url\" content=\"https:\/\/swiss-peak.com\/es\/producto\/portadocumentos-heritage-rcs-rpu-a4-con-cremallera-negro\/\" \/>\n<meta property=\"og:site_name\" content=\"Swiss Peak\" \/>\n<meta property=\"article:modified_time\" content=\"2026-03-12T02:08:26+00:00\" \/>\n<meta property=\"og:image\" content=\"https:\/\/swiss-peak.com\/wp-content\/uploads\/sites\/9\/2024\/02\/P774.411__S_0__d54593019f7a4412b1b22b0615470149.jpg\" \/>\n\t<meta property=\"og:image:width\" content=\"1024\" \/>\n\t<meta property=\"og:image:height\" content=\"1024\" \/>\n\t<meta property=\"og:image:type\" content=\"image\/jpeg\" \/>\n<meta name=\"twitter:card\" content=\"summary_large_image\" \/>\n<meta name=\"twitter:label1\" content=\"Tiempo de lectura\" \/>\n\t<meta name=\"twitter:data1\" content=\"1 minuto\" \/>\n<script type=\"application\/ld+json\" class=\"yoast-schema-graph\">{\"@context\":\"https:\/\/schema.org\",\"@graph\":[{\"@type\":\"WebPage\",\"@id\":\"https:\/\/swiss-peak.com\/es\/producto\/portadocumentos-heritage-rcs-rpu-a4-con-cremallera-negro\/\",\"url\":\"https:\/\/swiss-peak.com\/es\/producto\/portadocumentos-heritage-rcs-rpu-a4-con-cremallera-negro\/\",\"name\":\"Portadocumentos Heritage RCS rPU A4 con cremallera, negro - Swiss Peak\",\"isPartOf\":{\"@id\":\"https:\/\/swiss-peak.com\/es\/#website\"},\"primaryImageOfPage\":{\"@id\":\"https:\/\/swiss-peak.com\/es\/producto\/portadocumentos-heritage-rcs-rpu-a4-con-cremallera-negro\/#primaryimage\"},\"image\":{\"@id\":\"https:\/\/swiss-peak.com\/es\/producto\/portadocumentos-heritage-rcs-rpu-a4-con-cremallera-negro\/#primaryimage\"},\"thumbnailUrl\":\"https:\/\/swiss-peak.com\/wp-content\/uploads\/sites\/9\/2024\/02\/P774.411__S_0__d54593019f7a4412b1b22b0615470149.jpg\",\"datePublished\":\"2023-03-14T10:04:19+00:00\",\"dateModified\":\"2026-03-12T02:08:26+00:00\",\"breadcrumb\":{\"@id\":\"https:\/\/swiss-peak.com\/es\/producto\/portadocumentos-heritage-rcs-rpu-a4-con-cremallera-negro\/#breadcrumb\"},\"inLanguage\":\"es\",\"potentialAction\":[{\"@type\":\"ReadAction\",\"target\":[\"https:\/\/swiss-peak.com\/es\/producto\/portadocumentos-heritage-rcs-rpu-a4-con-cremallera-negro\/\"]}]},{\"@type\":\"ImageObject\",\"inLanguage\":\"es\",\"@id\":\"https:\/\/swiss-peak.com\/es\/producto\/portadocumentos-heritage-rcs-rpu-a4-con-cremallera-negro\/#primaryimage\",\"url\":\"https:\/\/swiss-peak.com\/wp-content\/uploads\/sites\/9\/2024\/02\/P774.411__S_0__d54593019f7a4412b1b22b0615470149.jpg\",\"contentUrl\":\"https:\/\/swiss-peak.com\/wp-content\/uploads\/sites\/9\/2024\/02\/P774.411__S_0__d54593019f7a4412b1b22b0615470149.jpg\",\"width\":1024,\"height\":1024},{\"@type\":\"BreadcrumbList\",\"@id\":\"https:\/\/swiss-peak.com\/es\/producto\/portadocumentos-heritage-rcs-rpu-a4-con-cremallera-negro\/#breadcrumb\",\"itemListElement\":[{\"@type\":\"ListItem\",\"position\":1,\"name\":\"Home\",\"item\":\"https:\/\/swiss-peak.com\/es\/\"},{\"@type\":\"ListItem\",\"position\":2,\"name\":\"Colecci\u00f3n\",\"item\":\"https:\/\/swiss-peak.com\/es\/coleccion\/\"},{\"@type\":\"ListItem\",\"position\":3,\"name\":\"Portadocumentos Heritage RCS rPU A4 con cremallera, negro\"}]},{\"@type\":\"WebSite\",\"@id\":\"https:\/\/swiss-peak.com\/es\/#website\",\"url\":\"https:\/\/swiss-peak.com\/es\/\",\"name\":\"Swiss Peak\",\"description\":\"Where will today take you?\",\"potentialAction\":[{\"@type\":\"SearchAction\",\"target\":{\"@type\":\"EntryPoint\",\"urlTemplate\":\"https:\/\/swiss-peak.com\/es\/?s={search_term_string}\"},\"query-input\":{\"@type\":\"PropertyValueSpecification\",\"valueRequired\":true,\"valueName\":\"search_term_string\"}}],\"inLanguage\":\"es\"}]}<\/script>\n<!-- \/ Yoast SEO plugin. -->","yoast_head_json":{"title":"Portadocumentos Heritage RCS rPU A4 con cremallera, negro - Swiss Peak","robots":{"index":"index","follow":"follow","max-snippet":"max-snippet:-1","max-image-preview":"max-image-preview:large","max-video-preview":"max-video-preview:-1"},"canonical":"https:\/\/swiss-peak.com\/es\/producto\/portadocumentos-heritage-rcs-rpu-a4-con-cremallera-negro\/","og_locale":"es_ES","og_type":"article","og_title":"Portadocumentos Heritage RCS rPU A4 con cremallera, negro - Swiss Peak","og_description":"La colecci\u00f3n Swiss Peak Heritage habla el idioma de la elegancia moderna. Viene con la ic\u00f3nica cubierta de PU reciclado italiano con cremallera. El interior proporciona un soporte para tablet\/tel\u00e9fono, soportes para dispositivos, ranuras para tarjetas de visita, fundas para tus notas y papeles y un lazo para bol\u00edgrafo. Con bloc de notas de papel [&hellip;]","og_url":"https:\/\/swiss-peak.com\/es\/producto\/portadocumentos-heritage-rcs-rpu-a4-con-cremallera-negro\/","og_site_name":"Swiss Peak","article_modified_time":"2026-03-12T02:08:26+00:00","og_image":[{"width":1024,"height":1024,"url":"https:\/\/swiss-peak.com\/wp-content\/uploads\/sites\/9\/2024\/02\/P774.411__S_0__d54593019f7a4412b1b22b0615470149.jpg","type":"image\/jpeg"}],"twitter_card":"summary_large_image","twitter_misc":{"Tiempo de lectura":"1 minuto"},"schema":{"@context":"https:\/\/schema.org","@graph":[{"@type":"WebPage","@id":"https:\/\/swiss-peak.com\/es\/producto\/portadocumentos-heritage-rcs-rpu-a4-con-cremallera-negro\/","url":"https:\/\/swiss-peak.com\/es\/producto\/portadocumentos-heritage-rcs-rpu-a4-con-cremallera-negro\/","name":"Portadocumentos Heritage RCS rPU A4 con cremallera, negro - Swiss Peak","isPartOf":{"@id":"https:\/\/swiss-peak.com\/es\/#website"},"primaryImageOfPage":{"@id":"https:\/\/swiss-peak.com\/es\/producto\/portadocumentos-heritage-rcs-rpu-a4-con-cremallera-negro\/#primaryimage"},"image":{"@id":"https:\/\/swiss-peak.com\/es\/producto\/portadocumentos-heritage-rcs-rpu-a4-con-cremallera-negro\/#primaryimage"},"thumbnailUrl":"https:\/\/swiss-peak.com\/wp-content\/uploads\/sites\/9\/2024\/02\/P774.411__S_0__d54593019f7a4412b1b22b0615470149.jpg","datePublished":"2023-03-14T10:04:19+00:00","dateModified":"2026-03-12T02:08:26+00:00","breadcrumb":{"@id":"https:\/\/swiss-peak.com\/es\/producto\/portadocumentos-heritage-rcs-rpu-a4-con-cremallera-negro\/#breadcrumb"},"inLanguage":"es","potentialAction":[{"@type":"ReadAction","target":["https:\/\/swiss-peak.com\/es\/producto\/portadocumentos-heritage-rcs-rpu-a4-con-cremallera-negro\/"]}]},{"@type":"ImageObject","inLanguage":"es","@id":"https:\/\/swiss-peak.com\/es\/producto\/portadocumentos-heritage-rcs-rpu-a4-con-cremallera-negro\/#primaryimage","url":"https:\/\/swiss-peak.com\/wp-content\/uploads\/sites\/9\/2024\/02\/P774.411__S_0__d54593019f7a4412b1b22b0615470149.jpg","contentUrl":"https:\/\/swiss-peak.com\/wp-content\/uploads\/sites\/9\/2024\/02\/P774.411__S_0__d54593019f7a4412b1b22b0615470149.jpg","width":1024,"height":1024},{"@type":"BreadcrumbList","@id":"https:\/\/swiss-peak.com\/es\/producto\/portadocumentos-heritage-rcs-rpu-a4-con-cremallera-negro\/#breadcrumb","itemListElement":[{"@type":"ListItem","position":1,"name":"Home","item":"https:\/\/swiss-peak.com\/es\/"},{"@type":"ListItem","position":2,"name":"Colecci\u00f3n","item":"https:\/\/swiss-peak.com\/es\/coleccion\/"},{"@type":"ListItem","position":3,"name":"Portadocumentos Heritage RCS rPU A4 con cremallera, negro"}]},{"@type":"WebSite","@id":"https:\/\/swiss-peak.com\/es\/#website","url":"https:\/\/swiss-peak.com\/es\/","name":"Swiss Peak","description":"Where will today take you?","potentialAction":[{"@type":"SearchAction","target":{"@type":"EntryPoint","urlTemplate":"https:\/\/swiss-peak.com\/es\/?s={search_term_string}"},"query-input":{"@type":"PropertyValueSpecification","valueRequired":true,"valueName":"search_term_string"}}],"inLanguage":"es"}]}},"_links":{"self":[{"href":"https:\/\/swiss-peak.com\/es\/wp-json\/wp\/v2\/product\/15317","targetHints":{"allow":["GET"]}}],"collection":[{"href":"https:\/\/swiss-peak.com\/es\/wp-json\/wp\/v2\/product"}],"about":[{"href":"https:\/\/swiss-peak.com\/es\/wp-json\/wp\/v2\/types\/product"}],"wp:featuredmedia":[{"embeddable":true,"href":"https:\/\/swiss-peak.com\/es\/wp-json\/wp\/v2\/media\/38735"}],"wp:attachment":[{"href":"https:\/\/swiss-peak.com\/es\/wp-json\/wp\/v2\/media?parent=15317"}],"wp:term":[{"taxonomy":"product_cat","embeddable":true,"href":"https:\/\/swiss-peak.com\/es\/wp-json\/wp\/v2\/product_cat?post=15317"},{"taxonomy":"product_tag","embeddable":true,"href":"https:\/\/swiss-peak.com\/es\/wp-json\/wp\/v2\/product_tag?post=15317"}],"curies":[{"name":"wp","href":"https:\/\/api.w.org\/{rel}","templated":true}]}}