{"id":15315,"date":"2023-03-14T12:04:19","date_gmt":"2023-03-14T10:04:19","guid":{"rendered":"https:\/\/xdsomename.tempurl.host\/swisspeak-website\/collection\/sin%20categor\u00eda\/set-de-libreta-intercambiable-con-boligrafo-negro\/"},"modified":"2026-03-12T04:08:18","modified_gmt":"2026-03-12T02:08:18","slug":"set-de-libreta-intercambiable-con-boligrafo-negro","status":"publish","type":"product","link":"https:\/\/swiss-peak.com\/es\/producto\/set-de-libreta-intercambiable-con-boligrafo-negro\/","title":{"rendered":"Set de libreta intercambiable con bol\u00edgrafo, negro"},"content":{"rendered":"<p>Tapa de poli\u00e9ster 1680D y 600D que incluye libreta reemplazable con 192 p\u00e1ginas de 80g\/m2. Dispone de bolsillo exterior para el bol\u00edgrafo, tarjetas, dinero, tel\u00e9fono, etc. Presentado en caja Swiss Peak de regalo.<\/p>\n","protected":false},"excerpt":{"rendered":"<p>Tapa de poli\u00e9ster 1680D y 600D que incluye libreta reemplazable con 192 p\u00e1ginas de 80g\/m2. Dispone de bolsillo exterior para el bol\u00edgrafo, tarjetas, dinero, tel\u00e9fono, etc. Presentado en caja Swiss Peak de regalo.<\/p>\n","protected":false},"featured_media":44022,"template":"","meta":{"_acf_changed":false},"product_cat":[290,300],"product_tag":[],"class_list":["post-15315","product","type-product","status-publish","has-post-thumbnail","hentry","product_cat-business-es","product_cat-oficina-escritura","pa_color-black-es"],"acf":[],"yoast_head":"<!-- This site is optimized with the Yoast SEO plugin v27.0 - https:\/\/yoast.com\/product\/yoast-seo-wordpress\/ -->\n<title>Set de libreta intercambiable con bol\u00edgrafo, negro - Swiss Peak<\/title>\n<meta name=\"robots\" content=\"index, follow, max-snippet:-1, max-image-preview:large, max-video-preview:-1\" \/>\n<link rel=\"canonical\" href=\"https:\/\/swiss-peak.com\/es\/producto\/set-de-libreta-intercambiable-con-boligrafo-negro\/\" \/>\n<meta property=\"og:locale\" content=\"es_ES\" \/>\n<meta property=\"og:type\" content=\"article\" \/>\n<meta property=\"og:title\" content=\"Set de libreta intercambiable con bol\u00edgrafo, negro - Swiss Peak\" \/>\n<meta property=\"og:description\" content=\"Tapa de poli\u00e9ster 1680D y 600D que incluye libreta reemplazable con 192 p\u00e1ginas de 80g\/m2. Dispone de bolsillo exterior para el bol\u00edgrafo, tarjetas, dinero, tel\u00e9fono, etc. Presentado en caja Swiss Peak de regalo.\" \/>\n<meta property=\"og:url\" content=\"https:\/\/swiss-peak.com\/es\/producto\/set-de-libreta-intercambiable-con-boligrafo-negro\/\" \/>\n<meta property=\"og:site_name\" content=\"Swiss Peak\" \/>\n<meta property=\"article:modified_time\" content=\"2026-03-12T02:08:18+00:00\" \/>\n<meta property=\"og:image\" content=\"https:\/\/swiss-peak.com\/wp-content\/uploads\/sites\/9\/2024\/05\/P773.320__S_0__ce2b859d391b4ab7b88e8dec2e4173fb.jpg\" \/>\n\t<meta property=\"og:image:width\" content=\"1024\" \/>\n\t<meta property=\"og:image:height\" content=\"1024\" \/>\n\t<meta property=\"og:image:type\" content=\"image\/jpeg\" \/>\n<meta name=\"twitter:card\" content=\"summary_large_image\" \/>\n<script type=\"application\/ld+json\" class=\"yoast-schema-graph\">{\"@context\":\"https:\/\/schema.org\",\"@graph\":[{\"@type\":\"WebPage\",\"@id\":\"https:\/\/swiss-peak.com\/es\/producto\/set-de-libreta-intercambiable-con-boligrafo-negro\/\",\"url\":\"https:\/\/swiss-peak.com\/es\/producto\/set-de-libreta-intercambiable-con-boligrafo-negro\/\",\"name\":\"Set de libreta intercambiable con bol\u00edgrafo, negro - Swiss Peak\",\"isPartOf\":{\"@id\":\"https:\/\/swiss-peak.com\/es\/#website\"},\"primaryImageOfPage\":{\"@id\":\"https:\/\/swiss-peak.com\/es\/producto\/set-de-libreta-intercambiable-con-boligrafo-negro\/#primaryimage\"},\"image\":{\"@id\":\"https:\/\/swiss-peak.com\/es\/producto\/set-de-libreta-intercambiable-con-boligrafo-negro\/#primaryimage\"},\"thumbnailUrl\":\"https:\/\/swiss-peak.com\/wp-content\/uploads\/sites\/9\/2024\/05\/P773.320__S_0__ce2b859d391b4ab7b88e8dec2e4173fb.jpg\",\"datePublished\":\"2023-03-14T10:04:19+00:00\",\"dateModified\":\"2026-03-12T02:08:18+00:00\",\"breadcrumb\":{\"@id\":\"https:\/\/swiss-peak.com\/es\/producto\/set-de-libreta-intercambiable-con-boligrafo-negro\/#breadcrumb\"},\"inLanguage\":\"es\",\"potentialAction\":[{\"@type\":\"ReadAction\",\"target\":[\"https:\/\/swiss-peak.com\/es\/producto\/set-de-libreta-intercambiable-con-boligrafo-negro\/\"]}]},{\"@type\":\"ImageObject\",\"inLanguage\":\"es\",\"@id\":\"https:\/\/swiss-peak.com\/es\/producto\/set-de-libreta-intercambiable-con-boligrafo-negro\/#primaryimage\",\"url\":\"https:\/\/swiss-peak.com\/wp-content\/uploads\/sites\/9\/2024\/05\/P773.320__S_0__ce2b859d391b4ab7b88e8dec2e4173fb.jpg\",\"contentUrl\":\"https:\/\/swiss-peak.com\/wp-content\/uploads\/sites\/9\/2024\/05\/P773.320__S_0__ce2b859d391b4ab7b88e8dec2e4173fb.jpg\",\"width\":1024,\"height\":1024},{\"@type\":\"BreadcrumbList\",\"@id\":\"https:\/\/swiss-peak.com\/es\/producto\/set-de-libreta-intercambiable-con-boligrafo-negro\/#breadcrumb\",\"itemListElement\":[{\"@type\":\"ListItem\",\"position\":1,\"name\":\"Home\",\"item\":\"https:\/\/swiss-peak.com\/es\/\"},{\"@type\":\"ListItem\",\"position\":2,\"name\":\"Colecci\u00f3n\",\"item\":\"https:\/\/swiss-peak.com\/es\/coleccion\/\"},{\"@type\":\"ListItem\",\"position\":3,\"name\":\"Set de libreta intercambiable con bol\u00edgrafo, negro\"}]},{\"@type\":\"WebSite\",\"@id\":\"https:\/\/swiss-peak.com\/es\/#website\",\"url\":\"https:\/\/swiss-peak.com\/es\/\",\"name\":\"Swiss Peak\",\"description\":\"Where will today take you?\",\"potentialAction\":[{\"@type\":\"SearchAction\",\"target\":{\"@type\":\"EntryPoint\",\"urlTemplate\":\"https:\/\/swiss-peak.com\/es\/?s={search_term_string}\"},\"query-input\":{\"@type\":\"PropertyValueSpecification\",\"valueRequired\":true,\"valueName\":\"search_term_string\"}}],\"inLanguage\":\"es\"}]}<\/script>\n<!-- \/ Yoast SEO plugin. -->","yoast_head_json":{"title":"Set de libreta intercambiable con bol\u00edgrafo, negro - Swiss Peak","robots":{"index":"index","follow":"follow","max-snippet":"max-snippet:-1","max-image-preview":"max-image-preview:large","max-video-preview":"max-video-preview:-1"},"canonical":"https:\/\/swiss-peak.com\/es\/producto\/set-de-libreta-intercambiable-con-boligrafo-negro\/","og_locale":"es_ES","og_type":"article","og_title":"Set de libreta intercambiable con bol\u00edgrafo, negro - Swiss Peak","og_description":"Tapa de poli\u00e9ster 1680D y 600D que incluye libreta reemplazable con 192 p\u00e1ginas de 80g\/m2. Dispone de bolsillo exterior para el bol\u00edgrafo, tarjetas, dinero, tel\u00e9fono, etc. Presentado en caja Swiss Peak de regalo.","og_url":"https:\/\/swiss-peak.com\/es\/producto\/set-de-libreta-intercambiable-con-boligrafo-negro\/","og_site_name":"Swiss Peak","article_modified_time":"2026-03-12T02:08:18+00:00","og_image":[{"width":1024,"height":1024,"url":"https:\/\/swiss-peak.com\/wp-content\/uploads\/sites\/9\/2024\/05\/P773.320__S_0__ce2b859d391b4ab7b88e8dec2e4173fb.jpg","type":"image\/jpeg"}],"twitter_card":"summary_large_image","schema":{"@context":"https:\/\/schema.org","@graph":[{"@type":"WebPage","@id":"https:\/\/swiss-peak.com\/es\/producto\/set-de-libreta-intercambiable-con-boligrafo-negro\/","url":"https:\/\/swiss-peak.com\/es\/producto\/set-de-libreta-intercambiable-con-boligrafo-negro\/","name":"Set de libreta intercambiable con bol\u00edgrafo, negro - Swiss Peak","isPartOf":{"@id":"https:\/\/swiss-peak.com\/es\/#website"},"primaryImageOfPage":{"@id":"https:\/\/swiss-peak.com\/es\/producto\/set-de-libreta-intercambiable-con-boligrafo-negro\/#primaryimage"},"image":{"@id":"https:\/\/swiss-peak.com\/es\/producto\/set-de-libreta-intercambiable-con-boligrafo-negro\/#primaryimage"},"thumbnailUrl":"https:\/\/swiss-peak.com\/wp-content\/uploads\/sites\/9\/2024\/05\/P773.320__S_0__ce2b859d391b4ab7b88e8dec2e4173fb.jpg","datePublished":"2023-03-14T10:04:19+00:00","dateModified":"2026-03-12T02:08:18+00:00","breadcrumb":{"@id":"https:\/\/swiss-peak.com\/es\/producto\/set-de-libreta-intercambiable-con-boligrafo-negro\/#breadcrumb"},"inLanguage":"es","potentialAction":[{"@type":"ReadAction","target":["https:\/\/swiss-peak.com\/es\/producto\/set-de-libreta-intercambiable-con-boligrafo-negro\/"]}]},{"@type":"ImageObject","inLanguage":"es","@id":"https:\/\/swiss-peak.com\/es\/producto\/set-de-libreta-intercambiable-con-boligrafo-negro\/#primaryimage","url":"https:\/\/swiss-peak.com\/wp-content\/uploads\/sites\/9\/2024\/05\/P773.320__S_0__ce2b859d391b4ab7b88e8dec2e4173fb.jpg","contentUrl":"https:\/\/swiss-peak.com\/wp-content\/uploads\/sites\/9\/2024\/05\/P773.320__S_0__ce2b859d391b4ab7b88e8dec2e4173fb.jpg","width":1024,"height":1024},{"@type":"BreadcrumbList","@id":"https:\/\/swiss-peak.com\/es\/producto\/set-de-libreta-intercambiable-con-boligrafo-negro\/#breadcrumb","itemListElement":[{"@type":"ListItem","position":1,"name":"Home","item":"https:\/\/swiss-peak.com\/es\/"},{"@type":"ListItem","position":2,"name":"Colecci\u00f3n","item":"https:\/\/swiss-peak.com\/es\/coleccion\/"},{"@type":"ListItem","position":3,"name":"Set de libreta intercambiable con bol\u00edgrafo, negro"}]},{"@type":"WebSite","@id":"https:\/\/swiss-peak.com\/es\/#website","url":"https:\/\/swiss-peak.com\/es\/","name":"Swiss Peak","description":"Where will today take you?","potentialAction":[{"@type":"SearchAction","target":{"@type":"EntryPoint","urlTemplate":"https:\/\/swiss-peak.com\/es\/?s={search_term_string}"},"query-input":{"@type":"PropertyValueSpecification","valueRequired":true,"valueName":"search_term_string"}}],"inLanguage":"es"}]}},"_links":{"self":[{"href":"https:\/\/swiss-peak.com\/es\/wp-json\/wp\/v2\/product\/15315","targetHints":{"allow":["GET"]}}],"collection":[{"href":"https:\/\/swiss-peak.com\/es\/wp-json\/wp\/v2\/product"}],"about":[{"href":"https:\/\/swiss-peak.com\/es\/wp-json\/wp\/v2\/types\/product"}],"wp:featuredmedia":[{"embeddable":true,"href":"https:\/\/swiss-peak.com\/es\/wp-json\/wp\/v2\/media\/44022"}],"wp:attachment":[{"href":"https:\/\/swiss-peak.com\/es\/wp-json\/wp\/v2\/media?parent=15315"}],"wp:term":[{"taxonomy":"product_cat","embeddable":true,"href":"https:\/\/swiss-peak.com\/es\/wp-json\/wp\/v2\/product_cat?post=15315"},{"taxonomy":"product_tag","embeddable":true,"href":"https:\/\/swiss-peak.com\/es\/wp-json\/wp\/v2\/product_tag?post=15315"}],"curies":[{"name":"wp","href":"https:\/\/api.w.org\/{rel}","templated":true}]}}