{"id":15312,"date":"2023-03-14T12:04:19","date_gmt":"2023-03-14T10:04:19","guid":{"rendered":"https:\/\/xdsomename.tempurl.host\/swisspeak-website\/collection\/sin%20categor\u00eda\/mochila-para-portatil-swiss-peak-aware-rfid-y-usb-negro\/"},"modified":"2026-04-16T03:04:28","modified_gmt":"2026-04-16T01:04:28","slug":"mochila-para-portatil-swiss-peak-aware-rfid-y-usb-negro","status":"publish","type":"product","link":"https:\/\/swiss-peak.com\/es\/producto\/mochila-para-portatil-swiss-peak-aware-rfid-y-usb-negro\/","title":{"rendered":"Mochila para port\u00e1til AWARE\u2122 RFID y USB A, negro"},"content":{"rendered":"<p>Esta elegante mochila de mano para port\u00e1til est\u00e1 pensada para viajes de negocios y de ocio. Est\u00e1 dise\u00f1ada con un compartimento acolchado para port\u00e1til de 15,6&#8243; para proteger tu dispositivo. Incluye correa para trolley y salida USB A. Bolsillo lateral de acceso r\u00e1pido con protecci\u00f3n RFID NFC (13.56 MHz) Blocking. Frontal con tira reflectante de seguridad. Libre de PVC. Con marcador AWARE\u2122 que valida el uso genuino de materiales reciclados Cada mochila reutiliza 22 botellas de PET. El 2% de las ganancias de cada producto Aware\u2122 vendido se donar\u00e1 a Water.org.<\/p>\n","protected":false},"excerpt":{"rendered":"<p>Esta elegante mochila de mano para port\u00e1til est\u00e1 pensada para viajes de negocios y de ocio. Est\u00e1 dise\u00f1ada con un compartimento acolchado para port\u00e1til de 15,6&#8243; para proteger tu dispositivo. Incluye correa para trolley y salida USB A. Bolsillo lateral de acceso r\u00e1pido con protecci\u00f3n RFID NFC (13.56 MHz) Blocking. Frontal con tira reflectante de [&hellip;]<\/p>\n","protected":false},"featured_media":46468,"template":"","meta":{"_acf_changed":false},"product_cat":[254,260],"product_tag":[],"class_list":["post-15312","product","type-product","status-publish","has-post-thumbnail","hentry","product_cat-bolsas-viaje","product_cat-mochilas","pa_color-black-es"],"acf":[],"yoast_head":"<!-- This site is optimized with the Yoast SEO plugin v27.0 - https:\/\/yoast.com\/product\/yoast-seo-wordpress\/ -->\n<title>Mochila para port\u00e1til AWARE\u2122 RFID y USB A, negro - Swiss Peak<\/title>\n<meta name=\"robots\" content=\"index, follow, max-snippet:-1, max-image-preview:large, max-video-preview:-1\" \/>\n<link rel=\"canonical\" href=\"https:\/\/swiss-peak.com\/es\/producto\/mochila-para-portatil-swiss-peak-aware-rfid-y-usb-negro\/\" \/>\n<meta property=\"og:locale\" content=\"es_ES\" \/>\n<meta property=\"og:type\" content=\"article\" \/>\n<meta property=\"og:title\" content=\"Mochila para port\u00e1til AWARE\u2122 RFID y USB A, negro - Swiss Peak\" \/>\n<meta property=\"og:description\" content=\"Esta elegante mochila de mano para port\u00e1til est\u00e1 pensada para viajes de negocios y de ocio. Est\u00e1 dise\u00f1ada con un compartimento acolchado para port\u00e1til de 15,6&#8243; para proteger tu dispositivo. Incluye correa para trolley y salida USB A. Bolsillo lateral de acceso r\u00e1pido con protecci\u00f3n RFID NFC (13.56 MHz) Blocking. Frontal con tira reflectante de [&hellip;]\" \/>\n<meta property=\"og:url\" content=\"https:\/\/swiss-peak.com\/es\/producto\/mochila-para-portatil-swiss-peak-aware-rfid-y-usb-negro\/\" \/>\n<meta property=\"og:site_name\" content=\"Swiss Peak\" \/>\n<meta property=\"article:modified_time\" content=\"2026-04-16T01:04:28+00:00\" \/>\n<meta property=\"og:image\" content=\"https:\/\/swiss-peak.com\/wp-content\/uploads\/sites\/9\/2026\/04\/P763.161__S_0__fea5a87e5a984d62bbec1ebf3116c832.jpg\" \/>\n\t<meta property=\"og:image:width\" content=\"1024\" \/>\n\t<meta property=\"og:image:height\" content=\"1024\" \/>\n\t<meta property=\"og:image:type\" content=\"image\/jpeg\" \/>\n<meta name=\"twitter:card\" content=\"summary_large_image\" \/>\n<script type=\"application\/ld+json\" class=\"yoast-schema-graph\">{\"@context\":\"https:\/\/schema.org\",\"@graph\":[{\"@type\":\"WebPage\",\"@id\":\"https:\/\/swiss-peak.com\/es\/producto\/mochila-para-portatil-swiss-peak-aware-rfid-y-usb-negro\/\",\"url\":\"https:\/\/swiss-peak.com\/es\/producto\/mochila-para-portatil-swiss-peak-aware-rfid-y-usb-negro\/\",\"name\":\"Mochila para port\u00e1til AWARE\u2122 RFID y USB A, negro - Swiss Peak\",\"isPartOf\":{\"@id\":\"https:\/\/swiss-peak.com\/es\/#website\"},\"primaryImageOfPage\":{\"@id\":\"https:\/\/swiss-peak.com\/es\/producto\/mochila-para-portatil-swiss-peak-aware-rfid-y-usb-negro\/#primaryimage\"},\"image\":{\"@id\":\"https:\/\/swiss-peak.com\/es\/producto\/mochila-para-portatil-swiss-peak-aware-rfid-y-usb-negro\/#primaryimage\"},\"thumbnailUrl\":\"https:\/\/swiss-peak.com\/wp-content\/uploads\/sites\/9\/2026\/04\/P763.161__S_0__fea5a87e5a984d62bbec1ebf3116c832.jpg\",\"datePublished\":\"2023-03-14T10:04:19+00:00\",\"dateModified\":\"2026-04-16T01:04:28+00:00\",\"breadcrumb\":{\"@id\":\"https:\/\/swiss-peak.com\/es\/producto\/mochila-para-portatil-swiss-peak-aware-rfid-y-usb-negro\/#breadcrumb\"},\"inLanguage\":\"es\",\"potentialAction\":[{\"@type\":\"ReadAction\",\"target\":[\"https:\/\/swiss-peak.com\/es\/producto\/mochila-para-portatil-swiss-peak-aware-rfid-y-usb-negro\/\"]}]},{\"@type\":\"ImageObject\",\"inLanguage\":\"es\",\"@id\":\"https:\/\/swiss-peak.com\/es\/producto\/mochila-para-portatil-swiss-peak-aware-rfid-y-usb-negro\/#primaryimage\",\"url\":\"https:\/\/swiss-peak.com\/wp-content\/uploads\/sites\/9\/2026\/04\/P763.161__S_0__fea5a87e5a984d62bbec1ebf3116c832.jpg\",\"contentUrl\":\"https:\/\/swiss-peak.com\/wp-content\/uploads\/sites\/9\/2026\/04\/P763.161__S_0__fea5a87e5a984d62bbec1ebf3116c832.jpg\",\"width\":1024,\"height\":1024},{\"@type\":\"BreadcrumbList\",\"@id\":\"https:\/\/swiss-peak.com\/es\/producto\/mochila-para-portatil-swiss-peak-aware-rfid-y-usb-negro\/#breadcrumb\",\"itemListElement\":[{\"@type\":\"ListItem\",\"position\":1,\"name\":\"Home\",\"item\":\"https:\/\/swiss-peak.com\/es\/\"},{\"@type\":\"ListItem\",\"position\":2,\"name\":\"Colecci\u00f3n\",\"item\":\"https:\/\/swiss-peak.com\/es\/coleccion\/\"},{\"@type\":\"ListItem\",\"position\":3,\"name\":\"Mochila para port\u00e1til AWARE\u2122 RFID y USB A, negro\"}]},{\"@type\":\"WebSite\",\"@id\":\"https:\/\/swiss-peak.com\/es\/#website\",\"url\":\"https:\/\/swiss-peak.com\/es\/\",\"name\":\"Swiss Peak\",\"description\":\"Where will today take you?\",\"potentialAction\":[{\"@type\":\"SearchAction\",\"target\":{\"@type\":\"EntryPoint\",\"urlTemplate\":\"https:\/\/swiss-peak.com\/es\/?s={search_term_string}\"},\"query-input\":{\"@type\":\"PropertyValueSpecification\",\"valueRequired\":true,\"valueName\":\"search_term_string\"}}],\"inLanguage\":\"es\"}]}<\/script>\n<!-- \/ Yoast SEO plugin. -->","yoast_head_json":{"title":"Mochila para port\u00e1til AWARE\u2122 RFID y USB A, negro - Swiss Peak","robots":{"index":"index","follow":"follow","max-snippet":"max-snippet:-1","max-image-preview":"max-image-preview:large","max-video-preview":"max-video-preview:-1"},"canonical":"https:\/\/swiss-peak.com\/es\/producto\/mochila-para-portatil-swiss-peak-aware-rfid-y-usb-negro\/","og_locale":"es_ES","og_type":"article","og_title":"Mochila para port\u00e1til AWARE\u2122 RFID y USB A, negro - Swiss Peak","og_description":"Esta elegante mochila de mano para port\u00e1til est\u00e1 pensada para viajes de negocios y de ocio. Est\u00e1 dise\u00f1ada con un compartimento acolchado para port\u00e1til de 15,6&#8243; para proteger tu dispositivo. Incluye correa para trolley y salida USB A. Bolsillo lateral de acceso r\u00e1pido con protecci\u00f3n RFID NFC (13.56 MHz) Blocking. Frontal con tira reflectante de [&hellip;]","og_url":"https:\/\/swiss-peak.com\/es\/producto\/mochila-para-portatil-swiss-peak-aware-rfid-y-usb-negro\/","og_site_name":"Swiss Peak","article_modified_time":"2026-04-16T01:04:28+00:00","og_image":[{"width":1024,"height":1024,"url":"https:\/\/swiss-peak.com\/wp-content\/uploads\/sites\/9\/2026\/04\/P763.161__S_0__fea5a87e5a984d62bbec1ebf3116c832.jpg","type":"image\/jpeg"}],"twitter_card":"summary_large_image","schema":{"@context":"https:\/\/schema.org","@graph":[{"@type":"WebPage","@id":"https:\/\/swiss-peak.com\/es\/producto\/mochila-para-portatil-swiss-peak-aware-rfid-y-usb-negro\/","url":"https:\/\/swiss-peak.com\/es\/producto\/mochila-para-portatil-swiss-peak-aware-rfid-y-usb-negro\/","name":"Mochila para port\u00e1til AWARE\u2122 RFID y USB A, negro - Swiss Peak","isPartOf":{"@id":"https:\/\/swiss-peak.com\/es\/#website"},"primaryImageOfPage":{"@id":"https:\/\/swiss-peak.com\/es\/producto\/mochila-para-portatil-swiss-peak-aware-rfid-y-usb-negro\/#primaryimage"},"image":{"@id":"https:\/\/swiss-peak.com\/es\/producto\/mochila-para-portatil-swiss-peak-aware-rfid-y-usb-negro\/#primaryimage"},"thumbnailUrl":"https:\/\/swiss-peak.com\/wp-content\/uploads\/sites\/9\/2026\/04\/P763.161__S_0__fea5a87e5a984d62bbec1ebf3116c832.jpg","datePublished":"2023-03-14T10:04:19+00:00","dateModified":"2026-04-16T01:04:28+00:00","breadcrumb":{"@id":"https:\/\/swiss-peak.com\/es\/producto\/mochila-para-portatil-swiss-peak-aware-rfid-y-usb-negro\/#breadcrumb"},"inLanguage":"es","potentialAction":[{"@type":"ReadAction","target":["https:\/\/swiss-peak.com\/es\/producto\/mochila-para-portatil-swiss-peak-aware-rfid-y-usb-negro\/"]}]},{"@type":"ImageObject","inLanguage":"es","@id":"https:\/\/swiss-peak.com\/es\/producto\/mochila-para-portatil-swiss-peak-aware-rfid-y-usb-negro\/#primaryimage","url":"https:\/\/swiss-peak.com\/wp-content\/uploads\/sites\/9\/2026\/04\/P763.161__S_0__fea5a87e5a984d62bbec1ebf3116c832.jpg","contentUrl":"https:\/\/swiss-peak.com\/wp-content\/uploads\/sites\/9\/2026\/04\/P763.161__S_0__fea5a87e5a984d62bbec1ebf3116c832.jpg","width":1024,"height":1024},{"@type":"BreadcrumbList","@id":"https:\/\/swiss-peak.com\/es\/producto\/mochila-para-portatil-swiss-peak-aware-rfid-y-usb-negro\/#breadcrumb","itemListElement":[{"@type":"ListItem","position":1,"name":"Home","item":"https:\/\/swiss-peak.com\/es\/"},{"@type":"ListItem","position":2,"name":"Colecci\u00f3n","item":"https:\/\/swiss-peak.com\/es\/coleccion\/"},{"@type":"ListItem","position":3,"name":"Mochila para port\u00e1til AWARE\u2122 RFID y USB A, negro"}]},{"@type":"WebSite","@id":"https:\/\/swiss-peak.com\/es\/#website","url":"https:\/\/swiss-peak.com\/es\/","name":"Swiss Peak","description":"Where will today take you?","potentialAction":[{"@type":"SearchAction","target":{"@type":"EntryPoint","urlTemplate":"https:\/\/swiss-peak.com\/es\/?s={search_term_string}"},"query-input":{"@type":"PropertyValueSpecification","valueRequired":true,"valueName":"search_term_string"}}],"inLanguage":"es"}]}},"_links":{"self":[{"href":"https:\/\/swiss-peak.com\/es\/wp-json\/wp\/v2\/product\/15312","targetHints":{"allow":["GET"]}}],"collection":[{"href":"https:\/\/swiss-peak.com\/es\/wp-json\/wp\/v2\/product"}],"about":[{"href":"https:\/\/swiss-peak.com\/es\/wp-json\/wp\/v2\/types\/product"}],"wp:featuredmedia":[{"embeddable":true,"href":"https:\/\/swiss-peak.com\/es\/wp-json\/wp\/v2\/media\/46468"}],"wp:attachment":[{"href":"https:\/\/swiss-peak.com\/es\/wp-json\/wp\/v2\/media?parent=15312"}],"wp:term":[{"taxonomy":"product_cat","embeddable":true,"href":"https:\/\/swiss-peak.com\/es\/wp-json\/wp\/v2\/product_cat?post=15312"},{"taxonomy":"product_tag","embeddable":true,"href":"https:\/\/swiss-peak.com\/es\/wp-json\/wp\/v2\/product_tag?post=15312"}],"curies":[{"name":"wp","href":"https:\/\/api.w.org\/{rel}","templated":true}]}}