{"id":15311,"date":"2023-03-14T12:04:19","date_gmt":"2023-03-14T10:04:19","guid":{"rendered":"https:\/\/xdsomename.tempurl.host\/swisspeak-website\/collection\/sin%20categor\u00eda\/mochila-de-viaje-de-fin-de-semana-swiss-peak-aware-xxl-negro\/"},"modified":"2026-03-20T04:02:19","modified_gmt":"2026-03-20T02:02:19","slug":"mochila-de-viaje-de-fin-de-semana-swiss-peak-aware-xxl-negro","status":"publish","type":"product","link":"https:\/\/swiss-peak.com\/es\/producto\/mochila-de-viaje-de-fin-de-semana-swiss-peak-aware-xxl-negro\/","title":{"rendered":"Mochila XXL viaje fin de semana AWARE\u2122, negro"},"content":{"rendered":"<p>Esta mochila est\u00e1 dise\u00f1ada para viajes diarios o de fin de semana. Est\u00e1 dise\u00f1ada con un compartimento acolchado para ordenador port\u00e1til de 17&#8243; para proteger tu dispositivo. Tiene la capacidad de una trolley sin el peso de las ruedas y el asa, adem\u00e1s, el uso de una mochila la hace m\u00e1s m\u00f3vil, manos libres y simplifica tu experiencia de viaje. Deja tus ruedas en casa y viaja f\u00e1cilmente. Incluye correa para trolley, bolsillo lateral para botella de agua y salida USB A. Bolsillo superior de acceso r\u00e1pido, bolsillo frontal con cremallera y bolsillos protegidos por RFID. Con marcador AWARE\u2122 que valida el uso genuino de materiales reciclados. Cada bolsa reutiliza 35,5 botellas de PET de 0,5 L. El 2% de las ganancias de cada producto Impact vendido se donar\u00e1 a Water.org. Sin PVC.<\/p>\n","protected":false},"excerpt":{"rendered":"<p>Esta mochila est\u00e1 dise\u00f1ada para viajes diarios o de fin de semana. Est\u00e1 dise\u00f1ada con un compartimento acolchado para ordenador port\u00e1til de 17&#8243; para proteger tu dispositivo. Tiene la capacidad de una trolley sin el peso de las ruedas y el asa, adem\u00e1s, el uso de una mochila la hace m\u00e1s m\u00f3vil, manos libres y [&hellip;]<\/p>\n","protected":false},"featured_media":37349,"template":"","meta":{"_acf_changed":false},"product_cat":[254,284,260],"product_tag":[],"class_list":["post-15311","product","type-product","status-publish","has-post-thumbnail","hentry","product_cat-bolsas-viaje","product_cat-bolsas-de-fin-de-semana","product_cat-mochilas","pa_color-black-es"],"acf":[],"yoast_head":"<!-- This site is optimized with the Yoast SEO plugin v27.0 - https:\/\/yoast.com\/product\/yoast-seo-wordpress\/ -->\n<title>Mochila XXL viaje fin de semana AWARE\u2122, negro - Swiss Peak<\/title>\n<meta name=\"robots\" content=\"index, follow, max-snippet:-1, max-image-preview:large, max-video-preview:-1\" \/>\n<link rel=\"canonical\" href=\"https:\/\/swiss-peak.com\/es\/producto\/mochila-de-viaje-de-fin-de-semana-swiss-peak-aware-xxl-negro\/\" \/>\n<meta property=\"og:locale\" content=\"es_ES\" \/>\n<meta property=\"og:type\" content=\"article\" \/>\n<meta property=\"og:title\" content=\"Mochila XXL viaje fin de semana AWARE\u2122, negro - Swiss Peak\" \/>\n<meta property=\"og:description\" content=\"Esta mochila est\u00e1 dise\u00f1ada para viajes diarios o de fin de semana. Est\u00e1 dise\u00f1ada con un compartimento acolchado para ordenador port\u00e1til de 17&#8243; para proteger tu dispositivo. Tiene la capacidad de una trolley sin el peso de las ruedas y el asa, adem\u00e1s, el uso de una mochila la hace m\u00e1s m\u00f3vil, manos libres y [&hellip;]\" \/>\n<meta property=\"og:url\" content=\"https:\/\/swiss-peak.com\/es\/producto\/mochila-de-viaje-de-fin-de-semana-swiss-peak-aware-xxl-negro\/\" \/>\n<meta property=\"og:site_name\" content=\"Swiss Peak\" \/>\n<meta property=\"article:modified_time\" content=\"2026-03-20T02:02:19+00:00\" \/>\n<meta property=\"og:image\" content=\"https:\/\/swiss-peak.com\/wp-content\/uploads\/sites\/9\/2024\/02\/P763.141__S_0__51b20055e12d44c985254150f321161a.jpg\" \/>\n\t<meta property=\"og:image:width\" content=\"1024\" \/>\n\t<meta property=\"og:image:height\" content=\"1024\" \/>\n\t<meta property=\"og:image:type\" content=\"image\/jpeg\" \/>\n<meta name=\"twitter:card\" content=\"summary_large_image\" \/>\n<meta name=\"twitter:label1\" content=\"Tiempo de lectura\" \/>\n\t<meta name=\"twitter:data1\" content=\"1 minuto\" \/>\n<script type=\"application\/ld+json\" class=\"yoast-schema-graph\">{\"@context\":\"https:\/\/schema.org\",\"@graph\":[{\"@type\":\"WebPage\",\"@id\":\"https:\/\/swiss-peak.com\/es\/producto\/mochila-de-viaje-de-fin-de-semana-swiss-peak-aware-xxl-negro\/\",\"url\":\"https:\/\/swiss-peak.com\/es\/producto\/mochila-de-viaje-de-fin-de-semana-swiss-peak-aware-xxl-negro\/\",\"name\":\"Mochila XXL viaje fin de semana AWARE\u2122, negro - Swiss Peak\",\"isPartOf\":{\"@id\":\"https:\/\/swiss-peak.com\/es\/#website\"},\"primaryImageOfPage\":{\"@id\":\"https:\/\/swiss-peak.com\/es\/producto\/mochila-de-viaje-de-fin-de-semana-swiss-peak-aware-xxl-negro\/#primaryimage\"},\"image\":{\"@id\":\"https:\/\/swiss-peak.com\/es\/producto\/mochila-de-viaje-de-fin-de-semana-swiss-peak-aware-xxl-negro\/#primaryimage\"},\"thumbnailUrl\":\"https:\/\/swiss-peak.com\/wp-content\/uploads\/sites\/9\/2024\/02\/P763.141__S_0__51b20055e12d44c985254150f321161a.jpg\",\"datePublished\":\"2023-03-14T10:04:19+00:00\",\"dateModified\":\"2026-03-20T02:02:19+00:00\",\"breadcrumb\":{\"@id\":\"https:\/\/swiss-peak.com\/es\/producto\/mochila-de-viaje-de-fin-de-semana-swiss-peak-aware-xxl-negro\/#breadcrumb\"},\"inLanguage\":\"es\",\"potentialAction\":[{\"@type\":\"ReadAction\",\"target\":[\"https:\/\/swiss-peak.com\/es\/producto\/mochila-de-viaje-de-fin-de-semana-swiss-peak-aware-xxl-negro\/\"]}]},{\"@type\":\"ImageObject\",\"inLanguage\":\"es\",\"@id\":\"https:\/\/swiss-peak.com\/es\/producto\/mochila-de-viaje-de-fin-de-semana-swiss-peak-aware-xxl-negro\/#primaryimage\",\"url\":\"https:\/\/swiss-peak.com\/wp-content\/uploads\/sites\/9\/2024\/02\/P763.141__S_0__51b20055e12d44c985254150f321161a.jpg\",\"contentUrl\":\"https:\/\/swiss-peak.com\/wp-content\/uploads\/sites\/9\/2024\/02\/P763.141__S_0__51b20055e12d44c985254150f321161a.jpg\",\"width\":1024,\"height\":1024},{\"@type\":\"BreadcrumbList\",\"@id\":\"https:\/\/swiss-peak.com\/es\/producto\/mochila-de-viaje-de-fin-de-semana-swiss-peak-aware-xxl-negro\/#breadcrumb\",\"itemListElement\":[{\"@type\":\"ListItem\",\"position\":1,\"name\":\"Home\",\"item\":\"https:\/\/swiss-peak.com\/es\/\"},{\"@type\":\"ListItem\",\"position\":2,\"name\":\"Colecci\u00f3n\",\"item\":\"https:\/\/swiss-peak.com\/es\/coleccion\/\"},{\"@type\":\"ListItem\",\"position\":3,\"name\":\"Mochila XXL viaje fin de semana AWARE\u2122, negro\"}]},{\"@type\":\"WebSite\",\"@id\":\"https:\/\/swiss-peak.com\/es\/#website\",\"url\":\"https:\/\/swiss-peak.com\/es\/\",\"name\":\"Swiss Peak\",\"description\":\"Where will today take you?\",\"potentialAction\":[{\"@type\":\"SearchAction\",\"target\":{\"@type\":\"EntryPoint\",\"urlTemplate\":\"https:\/\/swiss-peak.com\/es\/?s={search_term_string}\"},\"query-input\":{\"@type\":\"PropertyValueSpecification\",\"valueRequired\":true,\"valueName\":\"search_term_string\"}}],\"inLanguage\":\"es\"}]}<\/script>\n<!-- \/ Yoast SEO plugin. -->","yoast_head_json":{"title":"Mochila XXL viaje fin de semana AWARE\u2122, negro - Swiss Peak","robots":{"index":"index","follow":"follow","max-snippet":"max-snippet:-1","max-image-preview":"max-image-preview:large","max-video-preview":"max-video-preview:-1"},"canonical":"https:\/\/swiss-peak.com\/es\/producto\/mochila-de-viaje-de-fin-de-semana-swiss-peak-aware-xxl-negro\/","og_locale":"es_ES","og_type":"article","og_title":"Mochila XXL viaje fin de semana AWARE\u2122, negro - Swiss Peak","og_description":"Esta mochila est\u00e1 dise\u00f1ada para viajes diarios o de fin de semana. Est\u00e1 dise\u00f1ada con un compartimento acolchado para ordenador port\u00e1til de 17&#8243; para proteger tu dispositivo. Tiene la capacidad de una trolley sin el peso de las ruedas y el asa, adem\u00e1s, el uso de una mochila la hace m\u00e1s m\u00f3vil, manos libres y [&hellip;]","og_url":"https:\/\/swiss-peak.com\/es\/producto\/mochila-de-viaje-de-fin-de-semana-swiss-peak-aware-xxl-negro\/","og_site_name":"Swiss Peak","article_modified_time":"2026-03-20T02:02:19+00:00","og_image":[{"width":1024,"height":1024,"url":"https:\/\/swiss-peak.com\/wp-content\/uploads\/sites\/9\/2024\/02\/P763.141__S_0__51b20055e12d44c985254150f321161a.jpg","type":"image\/jpeg"}],"twitter_card":"summary_large_image","twitter_misc":{"Tiempo de lectura":"1 minuto"},"schema":{"@context":"https:\/\/schema.org","@graph":[{"@type":"WebPage","@id":"https:\/\/swiss-peak.com\/es\/producto\/mochila-de-viaje-de-fin-de-semana-swiss-peak-aware-xxl-negro\/","url":"https:\/\/swiss-peak.com\/es\/producto\/mochila-de-viaje-de-fin-de-semana-swiss-peak-aware-xxl-negro\/","name":"Mochila XXL viaje fin de semana AWARE\u2122, negro - Swiss Peak","isPartOf":{"@id":"https:\/\/swiss-peak.com\/es\/#website"},"primaryImageOfPage":{"@id":"https:\/\/swiss-peak.com\/es\/producto\/mochila-de-viaje-de-fin-de-semana-swiss-peak-aware-xxl-negro\/#primaryimage"},"image":{"@id":"https:\/\/swiss-peak.com\/es\/producto\/mochila-de-viaje-de-fin-de-semana-swiss-peak-aware-xxl-negro\/#primaryimage"},"thumbnailUrl":"https:\/\/swiss-peak.com\/wp-content\/uploads\/sites\/9\/2024\/02\/P763.141__S_0__51b20055e12d44c985254150f321161a.jpg","datePublished":"2023-03-14T10:04:19+00:00","dateModified":"2026-03-20T02:02:19+00:00","breadcrumb":{"@id":"https:\/\/swiss-peak.com\/es\/producto\/mochila-de-viaje-de-fin-de-semana-swiss-peak-aware-xxl-negro\/#breadcrumb"},"inLanguage":"es","potentialAction":[{"@type":"ReadAction","target":["https:\/\/swiss-peak.com\/es\/producto\/mochila-de-viaje-de-fin-de-semana-swiss-peak-aware-xxl-negro\/"]}]},{"@type":"ImageObject","inLanguage":"es","@id":"https:\/\/swiss-peak.com\/es\/producto\/mochila-de-viaje-de-fin-de-semana-swiss-peak-aware-xxl-negro\/#primaryimage","url":"https:\/\/swiss-peak.com\/wp-content\/uploads\/sites\/9\/2024\/02\/P763.141__S_0__51b20055e12d44c985254150f321161a.jpg","contentUrl":"https:\/\/swiss-peak.com\/wp-content\/uploads\/sites\/9\/2024\/02\/P763.141__S_0__51b20055e12d44c985254150f321161a.jpg","width":1024,"height":1024},{"@type":"BreadcrumbList","@id":"https:\/\/swiss-peak.com\/es\/producto\/mochila-de-viaje-de-fin-de-semana-swiss-peak-aware-xxl-negro\/#breadcrumb","itemListElement":[{"@type":"ListItem","position":1,"name":"Home","item":"https:\/\/swiss-peak.com\/es\/"},{"@type":"ListItem","position":2,"name":"Colecci\u00f3n","item":"https:\/\/swiss-peak.com\/es\/coleccion\/"},{"@type":"ListItem","position":3,"name":"Mochila XXL viaje fin de semana AWARE\u2122, negro"}]},{"@type":"WebSite","@id":"https:\/\/swiss-peak.com\/es\/#website","url":"https:\/\/swiss-peak.com\/es\/","name":"Swiss Peak","description":"Where will today take you?","potentialAction":[{"@type":"SearchAction","target":{"@type":"EntryPoint","urlTemplate":"https:\/\/swiss-peak.com\/es\/?s={search_term_string}"},"query-input":{"@type":"PropertyValueSpecification","valueRequired":true,"valueName":"search_term_string"}}],"inLanguage":"es"}]}},"_links":{"self":[{"href":"https:\/\/swiss-peak.com\/es\/wp-json\/wp\/v2\/product\/15311","targetHints":{"allow":["GET"]}}],"collection":[{"href":"https:\/\/swiss-peak.com\/es\/wp-json\/wp\/v2\/product"}],"about":[{"href":"https:\/\/swiss-peak.com\/es\/wp-json\/wp\/v2\/types\/product"}],"wp:featuredmedia":[{"embeddable":true,"href":"https:\/\/swiss-peak.com\/es\/wp-json\/wp\/v2\/media\/37349"}],"wp:attachment":[{"href":"https:\/\/swiss-peak.com\/es\/wp-json\/wp\/v2\/media?parent=15311"}],"wp:term":[{"taxonomy":"product_cat","embeddable":true,"href":"https:\/\/swiss-peak.com\/es\/wp-json\/wp\/v2\/product_cat?post=15311"},{"taxonomy":"product_tag","embeddable":true,"href":"https:\/\/swiss-peak.com\/es\/wp-json\/wp\/v2\/product_tag?post=15311"}],"curies":[{"name":"wp","href":"https:\/\/api.w.org\/{rel}","templated":true}]}}