{"id":15306,"date":"2023-03-14T12:03:52","date_gmt":"2023-03-14T10:03:52","guid":{"rendered":"https:\/\/xdsomename.tempurl.host\/swisspeak-website\/collection\/sin%20categor\u00eda\/mochila-para-portatil-de-15-aware-negro\/"},"modified":"2026-03-24T04:02:17","modified_gmt":"2026-03-24T02:02:17","slug":"mochila-para-portatil-de-15-aware-negro","status":"publish","type":"product","link":"https:\/\/swiss-peak.com\/es\/producto\/mochila-para-portatil-de-15-aware-negro\/","title":{"rendered":"Mochila ordenador 15,6&#8243; AWARE\u2122, negro"},"content":{"rendered":"<p>Esta moderna y minimalista mochila para ordenador port\u00e1til de poli\u00e9ster reciclado te acompa\u00f1a en cada viaje o reuni\u00f3n. Con profundos bolsillos frontales verticales y una elegante parte superior con cremallera f\u00e1cil de abrir. Revela un espacioso interior completo con secciones para un ordenador port\u00e1til y un iPad. Incluye bolsillos con protecci\u00f3n RFID en el interior. Con trazador AWARE\u2122 que valida el uso genuino de materiales reciclados. Cada bolsa reutiliza 21,4 botellas PET. El 2% de las ganancias de cada producto Aware\u2122 vendido se donar\u00e1 a Water.org. Libre de PVC.<\/p>\n","protected":false},"excerpt":{"rendered":"<p>Esta moderna y minimalista mochila para ordenador port\u00e1til de poli\u00e9ster reciclado te acompa\u00f1a en cada viaje o reuni\u00f3n. Con profundos bolsillos frontales verticales y una elegante parte superior con cremallera f\u00e1cil de abrir. Revela un espacioso interior completo con secciones para un ordenador port\u00e1til y un iPad. Incluye bolsillos con protecci\u00f3n RFID en el interior. [&hellip;]<\/p>\n","protected":false},"featured_media":36469,"template":"","meta":{"_acf_changed":false},"product_cat":[254,260],"product_tag":[],"class_list":["post-15306","product","type-product","status-publish","has-post-thumbnail","hentry","product_cat-bolsas-viaje","product_cat-mochilas","pa_color-black-es"],"acf":[],"yoast_head":"<!-- This site is optimized with the Yoast SEO plugin v27.0 - https:\/\/yoast.com\/product\/yoast-seo-wordpress\/ -->\n<title>Mochila ordenador 15,6&quot; AWARE\u2122, negro - Swiss Peak<\/title>\n<meta name=\"robots\" content=\"index, follow, max-snippet:-1, max-image-preview:large, max-video-preview:-1\" \/>\n<link rel=\"canonical\" href=\"https:\/\/swiss-peak.com\/es\/producto\/mochila-para-portatil-de-15-aware-negro\/\" \/>\n<meta property=\"og:locale\" content=\"es_ES\" \/>\n<meta property=\"og:type\" content=\"article\" \/>\n<meta property=\"og:title\" content=\"Mochila ordenador 15,6&quot; AWARE\u2122, negro - Swiss Peak\" \/>\n<meta property=\"og:description\" content=\"Esta moderna y minimalista mochila para ordenador port\u00e1til de poli\u00e9ster reciclado te acompa\u00f1a en cada viaje o reuni\u00f3n. Con profundos bolsillos frontales verticales y una elegante parte superior con cremallera f\u00e1cil de abrir. Revela un espacioso interior completo con secciones para un ordenador port\u00e1til y un iPad. Incluye bolsillos con protecci\u00f3n RFID en el interior. [&hellip;]\" \/>\n<meta property=\"og:url\" content=\"https:\/\/swiss-peak.com\/es\/producto\/mochila-para-portatil-de-15-aware-negro\/\" \/>\n<meta property=\"og:site_name\" content=\"Swiss Peak\" \/>\n<meta property=\"article:modified_time\" content=\"2026-03-24T02:02:17+00:00\" \/>\n<meta property=\"og:image\" content=\"https:\/\/swiss-peak.com\/wp-content\/uploads\/sites\/9\/2024\/02\/P763.111__S_0__336485fba7f64ff29deb11b619b14e23.jpg\" \/>\n\t<meta property=\"og:image:width\" content=\"1024\" \/>\n\t<meta property=\"og:image:height\" content=\"1024\" \/>\n\t<meta property=\"og:image:type\" content=\"image\/jpeg\" \/>\n<meta name=\"twitter:card\" content=\"summary_large_image\" \/>\n<script type=\"application\/ld+json\" class=\"yoast-schema-graph\">{\"@context\":\"https:\/\/schema.org\",\"@graph\":[{\"@type\":\"WebPage\",\"@id\":\"https:\/\/swiss-peak.com\/es\/producto\/mochila-para-portatil-de-15-aware-negro\/\",\"url\":\"https:\/\/swiss-peak.com\/es\/producto\/mochila-para-portatil-de-15-aware-negro\/\",\"name\":\"Mochila ordenador 15,6\\\" AWARE\u2122, negro - Swiss Peak\",\"isPartOf\":{\"@id\":\"https:\/\/swiss-peak.com\/es\/#website\"},\"primaryImageOfPage\":{\"@id\":\"https:\/\/swiss-peak.com\/es\/producto\/mochila-para-portatil-de-15-aware-negro\/#primaryimage\"},\"image\":{\"@id\":\"https:\/\/swiss-peak.com\/es\/producto\/mochila-para-portatil-de-15-aware-negro\/#primaryimage\"},\"thumbnailUrl\":\"https:\/\/swiss-peak.com\/wp-content\/uploads\/sites\/9\/2024\/02\/P763.111__S_0__336485fba7f64ff29deb11b619b14e23.jpg\",\"datePublished\":\"2023-03-14T10:03:52+00:00\",\"dateModified\":\"2026-03-24T02:02:17+00:00\",\"breadcrumb\":{\"@id\":\"https:\/\/swiss-peak.com\/es\/producto\/mochila-para-portatil-de-15-aware-negro\/#breadcrumb\"},\"inLanguage\":\"es\",\"potentialAction\":[{\"@type\":\"ReadAction\",\"target\":[\"https:\/\/swiss-peak.com\/es\/producto\/mochila-para-portatil-de-15-aware-negro\/\"]}]},{\"@type\":\"ImageObject\",\"inLanguage\":\"es\",\"@id\":\"https:\/\/swiss-peak.com\/es\/producto\/mochila-para-portatil-de-15-aware-negro\/#primaryimage\",\"url\":\"https:\/\/swiss-peak.com\/wp-content\/uploads\/sites\/9\/2024\/02\/P763.111__S_0__336485fba7f64ff29deb11b619b14e23.jpg\",\"contentUrl\":\"https:\/\/swiss-peak.com\/wp-content\/uploads\/sites\/9\/2024\/02\/P763.111__S_0__336485fba7f64ff29deb11b619b14e23.jpg\",\"width\":1024,\"height\":1024},{\"@type\":\"BreadcrumbList\",\"@id\":\"https:\/\/swiss-peak.com\/es\/producto\/mochila-para-portatil-de-15-aware-negro\/#breadcrumb\",\"itemListElement\":[{\"@type\":\"ListItem\",\"position\":1,\"name\":\"Home\",\"item\":\"https:\/\/swiss-peak.com\/es\/\"},{\"@type\":\"ListItem\",\"position\":2,\"name\":\"Colecci\u00f3n\",\"item\":\"https:\/\/swiss-peak.com\/es\/coleccion\/\"},{\"@type\":\"ListItem\",\"position\":3,\"name\":\"Mochila ordenador 15,6&#8243; AWARE\u2122, negro\"}]},{\"@type\":\"WebSite\",\"@id\":\"https:\/\/swiss-peak.com\/es\/#website\",\"url\":\"https:\/\/swiss-peak.com\/es\/\",\"name\":\"Swiss Peak\",\"description\":\"Where will today take you?\",\"potentialAction\":[{\"@type\":\"SearchAction\",\"target\":{\"@type\":\"EntryPoint\",\"urlTemplate\":\"https:\/\/swiss-peak.com\/es\/?s={search_term_string}\"},\"query-input\":{\"@type\":\"PropertyValueSpecification\",\"valueRequired\":true,\"valueName\":\"search_term_string\"}}],\"inLanguage\":\"es\"}]}<\/script>\n<!-- \/ Yoast SEO plugin. -->","yoast_head_json":{"title":"Mochila ordenador 15,6\" AWARE\u2122, negro - Swiss Peak","robots":{"index":"index","follow":"follow","max-snippet":"max-snippet:-1","max-image-preview":"max-image-preview:large","max-video-preview":"max-video-preview:-1"},"canonical":"https:\/\/swiss-peak.com\/es\/producto\/mochila-para-portatil-de-15-aware-negro\/","og_locale":"es_ES","og_type":"article","og_title":"Mochila ordenador 15,6\" AWARE\u2122, negro - Swiss Peak","og_description":"Esta moderna y minimalista mochila para ordenador port\u00e1til de poli\u00e9ster reciclado te acompa\u00f1a en cada viaje o reuni\u00f3n. Con profundos bolsillos frontales verticales y una elegante parte superior con cremallera f\u00e1cil de abrir. Revela un espacioso interior completo con secciones para un ordenador port\u00e1til y un iPad. Incluye bolsillos con protecci\u00f3n RFID en el interior. [&hellip;]","og_url":"https:\/\/swiss-peak.com\/es\/producto\/mochila-para-portatil-de-15-aware-negro\/","og_site_name":"Swiss Peak","article_modified_time":"2026-03-24T02:02:17+00:00","og_image":[{"width":1024,"height":1024,"url":"https:\/\/swiss-peak.com\/wp-content\/uploads\/sites\/9\/2024\/02\/P763.111__S_0__336485fba7f64ff29deb11b619b14e23.jpg","type":"image\/jpeg"}],"twitter_card":"summary_large_image","schema":{"@context":"https:\/\/schema.org","@graph":[{"@type":"WebPage","@id":"https:\/\/swiss-peak.com\/es\/producto\/mochila-para-portatil-de-15-aware-negro\/","url":"https:\/\/swiss-peak.com\/es\/producto\/mochila-para-portatil-de-15-aware-negro\/","name":"Mochila ordenador 15,6\" AWARE\u2122, negro - Swiss Peak","isPartOf":{"@id":"https:\/\/swiss-peak.com\/es\/#website"},"primaryImageOfPage":{"@id":"https:\/\/swiss-peak.com\/es\/producto\/mochila-para-portatil-de-15-aware-negro\/#primaryimage"},"image":{"@id":"https:\/\/swiss-peak.com\/es\/producto\/mochila-para-portatil-de-15-aware-negro\/#primaryimage"},"thumbnailUrl":"https:\/\/swiss-peak.com\/wp-content\/uploads\/sites\/9\/2024\/02\/P763.111__S_0__336485fba7f64ff29deb11b619b14e23.jpg","datePublished":"2023-03-14T10:03:52+00:00","dateModified":"2026-03-24T02:02:17+00:00","breadcrumb":{"@id":"https:\/\/swiss-peak.com\/es\/producto\/mochila-para-portatil-de-15-aware-negro\/#breadcrumb"},"inLanguage":"es","potentialAction":[{"@type":"ReadAction","target":["https:\/\/swiss-peak.com\/es\/producto\/mochila-para-portatil-de-15-aware-negro\/"]}]},{"@type":"ImageObject","inLanguage":"es","@id":"https:\/\/swiss-peak.com\/es\/producto\/mochila-para-portatil-de-15-aware-negro\/#primaryimage","url":"https:\/\/swiss-peak.com\/wp-content\/uploads\/sites\/9\/2024\/02\/P763.111__S_0__336485fba7f64ff29deb11b619b14e23.jpg","contentUrl":"https:\/\/swiss-peak.com\/wp-content\/uploads\/sites\/9\/2024\/02\/P763.111__S_0__336485fba7f64ff29deb11b619b14e23.jpg","width":1024,"height":1024},{"@type":"BreadcrumbList","@id":"https:\/\/swiss-peak.com\/es\/producto\/mochila-para-portatil-de-15-aware-negro\/#breadcrumb","itemListElement":[{"@type":"ListItem","position":1,"name":"Home","item":"https:\/\/swiss-peak.com\/es\/"},{"@type":"ListItem","position":2,"name":"Colecci\u00f3n","item":"https:\/\/swiss-peak.com\/es\/coleccion\/"},{"@type":"ListItem","position":3,"name":"Mochila ordenador 15,6&#8243; AWARE\u2122, negro"}]},{"@type":"WebSite","@id":"https:\/\/swiss-peak.com\/es\/#website","url":"https:\/\/swiss-peak.com\/es\/","name":"Swiss Peak","description":"Where will today take you?","potentialAction":[{"@type":"SearchAction","target":{"@type":"EntryPoint","urlTemplate":"https:\/\/swiss-peak.com\/es\/?s={search_term_string}"},"query-input":{"@type":"PropertyValueSpecification","valueRequired":true,"valueName":"search_term_string"}}],"inLanguage":"es"}]}},"_links":{"self":[{"href":"https:\/\/swiss-peak.com\/es\/wp-json\/wp\/v2\/product\/15306","targetHints":{"allow":["GET"]}}],"collection":[{"href":"https:\/\/swiss-peak.com\/es\/wp-json\/wp\/v2\/product"}],"about":[{"href":"https:\/\/swiss-peak.com\/es\/wp-json\/wp\/v2\/types\/product"}],"wp:featuredmedia":[{"embeddable":true,"href":"https:\/\/swiss-peak.com\/es\/wp-json\/wp\/v2\/media\/36469"}],"wp:attachment":[{"href":"https:\/\/swiss-peak.com\/es\/wp-json\/wp\/v2\/media?parent=15306"}],"wp:term":[{"taxonomy":"product_cat","embeddable":true,"href":"https:\/\/swiss-peak.com\/es\/wp-json\/wp\/v2\/product_cat?post=15306"},{"taxonomy":"product_tag","embeddable":true,"href":"https:\/\/swiss-peak.com\/es\/wp-json\/wp\/v2\/product_tag?post=15306"}],"curies":[{"name":"wp","href":"https:\/\/api.w.org\/{rel}","templated":true}]}}