{"id":15303,"date":"2023-03-14T12:03:52","date_gmt":"2023-03-14T10:03:52","guid":{"rendered":"https:\/\/xdsomename.tempurl.host\/swisspeak-website\/collection\/sin%20categor\u00eda\/mochila-de-negocios-aware-rpet-de-156-negro\/"},"modified":"2026-04-16T03:03:22","modified_gmt":"2026-04-16T01:03:22","slug":"mochila-de-negocios-aware-rpet-de-156-negro","status":"publish","type":"product","link":"https:\/\/swiss-peak.com\/es\/producto\/mochila-de-negocios-aware-rpet-de-156-negro\/","title":{"rendered":"Mochila negocios ordenador 15,6\u00a8 AWARE\u2122 RPET, negro"},"content":{"rendered":"<p>La mochila de negocios Swiss Peak AWARE \u2122 RPET de 15,6 pulgadas es una mochila resistente a la intemperie para el trabajo y las aventuras diarias. La mochila cuenta con un compartimento principal espacioso y un acceso r\u00e1pido a tu ordenador port\u00e1til sobre la marcha a trav\u00e9s de la cremallera lateral. C\u00f3modo de llevar gracias a las correas para los hombros transpirables y contorneadas. Panel trasero acolchado y las correas para el pecho totalmente ajustables. Los bolsillos superiores con cremallera contienen todos tus elementos esenciales diarios. El exterior est\u00e1 fabricado con PU y poli\u00e9ster reciclado 1200D. El forro 150D esta confeccionado con poli\u00e9ster reciclado 100% . Con trazador AWARE \u2122 que valida el uso genuino de materiales reciclados. El 2% de las ganancias de cada producto vendido que contenga AWARE \u2122 se donar\u00e1n a Water.org.<\/p>\n","protected":false},"excerpt":{"rendered":"<p>La mochila de negocios Swiss Peak AWARE \u2122 RPET de 15,6 pulgadas es una mochila resistente a la intemperie para el trabajo y las aventuras diarias. La mochila cuenta con un compartimento principal espacioso y un acceso r\u00e1pido a tu ordenador port\u00e1til sobre la marcha a trav\u00e9s de la cremallera lateral. C\u00f3modo de llevar gracias [&hellip;]<\/p>\n","protected":false},"featured_media":46398,"template":"","meta":{"_acf_changed":false},"product_cat":[254,260],"product_tag":[],"class_list":["post-15303","product","type-product","status-publish","has-post-thumbnail","hentry","product_cat-bolsas-viaje","product_cat-mochilas","pa_color-black-es"],"acf":[],"yoast_head":"<!-- This site is optimized with the Yoast SEO plugin v27.0 - https:\/\/yoast.com\/product\/yoast-seo-wordpress\/ -->\n<title>Mochila negocios ordenador 15,6\u00a8 AWARE\u2122 RPET, negro - Swiss Peak<\/title>\n<meta name=\"robots\" content=\"index, follow, max-snippet:-1, max-image-preview:large, max-video-preview:-1\" \/>\n<link rel=\"canonical\" href=\"https:\/\/swiss-peak.com\/es\/producto\/mochila-de-negocios-aware-rpet-de-156-negro\/\" \/>\n<meta property=\"og:locale\" content=\"es_ES\" \/>\n<meta property=\"og:type\" content=\"article\" \/>\n<meta property=\"og:title\" content=\"Mochila negocios ordenador 15,6\u00a8 AWARE\u2122 RPET, negro - Swiss Peak\" \/>\n<meta property=\"og:description\" content=\"La mochila de negocios Swiss Peak AWARE \u2122 RPET de 15,6 pulgadas es una mochila resistente a la intemperie para el trabajo y las aventuras diarias. La mochila cuenta con un compartimento principal espacioso y un acceso r\u00e1pido a tu ordenador port\u00e1til sobre la marcha a trav\u00e9s de la cremallera lateral. C\u00f3modo de llevar gracias [&hellip;]\" \/>\n<meta property=\"og:url\" content=\"https:\/\/swiss-peak.com\/es\/producto\/mochila-de-negocios-aware-rpet-de-156-negro\/\" \/>\n<meta property=\"og:site_name\" content=\"Swiss Peak\" \/>\n<meta property=\"article:modified_time\" content=\"2026-04-16T01:03:22+00:00\" \/>\n<meta property=\"og:image\" content=\"https:\/\/swiss-peak.com\/wp-content\/uploads\/sites\/9\/2026\/04\/P762.891__S_0__814f9a9973ae4c40ab9515c3e4179e33.jpg\" \/>\n\t<meta property=\"og:image:width\" content=\"1024\" \/>\n\t<meta property=\"og:image:height\" content=\"1024\" \/>\n\t<meta property=\"og:image:type\" content=\"image\/jpeg\" \/>\n<meta name=\"twitter:card\" content=\"summary_large_image\" \/>\n<meta name=\"twitter:label1\" content=\"Tiempo de lectura\" \/>\n\t<meta name=\"twitter:data1\" content=\"1 minuto\" \/>\n<script type=\"application\/ld+json\" class=\"yoast-schema-graph\">{\"@context\":\"https:\/\/schema.org\",\"@graph\":[{\"@type\":\"WebPage\",\"@id\":\"https:\/\/swiss-peak.com\/es\/producto\/mochila-de-negocios-aware-rpet-de-156-negro\/\",\"url\":\"https:\/\/swiss-peak.com\/es\/producto\/mochila-de-negocios-aware-rpet-de-156-negro\/\",\"name\":\"Mochila negocios ordenador 15,6\u00a8 AWARE\u2122 RPET, negro - Swiss Peak\",\"isPartOf\":{\"@id\":\"https:\/\/swiss-peak.com\/es\/#website\"},\"primaryImageOfPage\":{\"@id\":\"https:\/\/swiss-peak.com\/es\/producto\/mochila-de-negocios-aware-rpet-de-156-negro\/#primaryimage\"},\"image\":{\"@id\":\"https:\/\/swiss-peak.com\/es\/producto\/mochila-de-negocios-aware-rpet-de-156-negro\/#primaryimage\"},\"thumbnailUrl\":\"https:\/\/swiss-peak.com\/wp-content\/uploads\/sites\/9\/2026\/04\/P762.891__S_0__814f9a9973ae4c40ab9515c3e4179e33.jpg\",\"datePublished\":\"2023-03-14T10:03:52+00:00\",\"dateModified\":\"2026-04-16T01:03:22+00:00\",\"breadcrumb\":{\"@id\":\"https:\/\/swiss-peak.com\/es\/producto\/mochila-de-negocios-aware-rpet-de-156-negro\/#breadcrumb\"},\"inLanguage\":\"es\",\"potentialAction\":[{\"@type\":\"ReadAction\",\"target\":[\"https:\/\/swiss-peak.com\/es\/producto\/mochila-de-negocios-aware-rpet-de-156-negro\/\"]}]},{\"@type\":\"ImageObject\",\"inLanguage\":\"es\",\"@id\":\"https:\/\/swiss-peak.com\/es\/producto\/mochila-de-negocios-aware-rpet-de-156-negro\/#primaryimage\",\"url\":\"https:\/\/swiss-peak.com\/wp-content\/uploads\/sites\/9\/2026\/04\/P762.891__S_0__814f9a9973ae4c40ab9515c3e4179e33.jpg\",\"contentUrl\":\"https:\/\/swiss-peak.com\/wp-content\/uploads\/sites\/9\/2026\/04\/P762.891__S_0__814f9a9973ae4c40ab9515c3e4179e33.jpg\",\"width\":1024,\"height\":1024},{\"@type\":\"BreadcrumbList\",\"@id\":\"https:\/\/swiss-peak.com\/es\/producto\/mochila-de-negocios-aware-rpet-de-156-negro\/#breadcrumb\",\"itemListElement\":[{\"@type\":\"ListItem\",\"position\":1,\"name\":\"Home\",\"item\":\"https:\/\/swiss-peak.com\/es\/\"},{\"@type\":\"ListItem\",\"position\":2,\"name\":\"Colecci\u00f3n\",\"item\":\"https:\/\/swiss-peak.com\/es\/coleccion\/\"},{\"@type\":\"ListItem\",\"position\":3,\"name\":\"Mochila negocios ordenador 15,6\u00a8 AWARE\u2122 RPET, negro\"}]},{\"@type\":\"WebSite\",\"@id\":\"https:\/\/swiss-peak.com\/es\/#website\",\"url\":\"https:\/\/swiss-peak.com\/es\/\",\"name\":\"Swiss Peak\",\"description\":\"Where will today take you?\",\"potentialAction\":[{\"@type\":\"SearchAction\",\"target\":{\"@type\":\"EntryPoint\",\"urlTemplate\":\"https:\/\/swiss-peak.com\/es\/?s={search_term_string}\"},\"query-input\":{\"@type\":\"PropertyValueSpecification\",\"valueRequired\":true,\"valueName\":\"search_term_string\"}}],\"inLanguage\":\"es\"}]}<\/script>\n<!-- \/ Yoast SEO plugin. -->","yoast_head_json":{"title":"Mochila negocios ordenador 15,6\u00a8 AWARE\u2122 RPET, negro - Swiss Peak","robots":{"index":"index","follow":"follow","max-snippet":"max-snippet:-1","max-image-preview":"max-image-preview:large","max-video-preview":"max-video-preview:-1"},"canonical":"https:\/\/swiss-peak.com\/es\/producto\/mochila-de-negocios-aware-rpet-de-156-negro\/","og_locale":"es_ES","og_type":"article","og_title":"Mochila negocios ordenador 15,6\u00a8 AWARE\u2122 RPET, negro - Swiss Peak","og_description":"La mochila de negocios Swiss Peak AWARE \u2122 RPET de 15,6 pulgadas es una mochila resistente a la intemperie para el trabajo y las aventuras diarias. La mochila cuenta con un compartimento principal espacioso y un acceso r\u00e1pido a tu ordenador port\u00e1til sobre la marcha a trav\u00e9s de la cremallera lateral. C\u00f3modo de llevar gracias [&hellip;]","og_url":"https:\/\/swiss-peak.com\/es\/producto\/mochila-de-negocios-aware-rpet-de-156-negro\/","og_site_name":"Swiss Peak","article_modified_time":"2026-04-16T01:03:22+00:00","og_image":[{"width":1024,"height":1024,"url":"https:\/\/swiss-peak.com\/wp-content\/uploads\/sites\/9\/2026\/04\/P762.891__S_0__814f9a9973ae4c40ab9515c3e4179e33.jpg","type":"image\/jpeg"}],"twitter_card":"summary_large_image","twitter_misc":{"Tiempo de lectura":"1 minuto"},"schema":{"@context":"https:\/\/schema.org","@graph":[{"@type":"WebPage","@id":"https:\/\/swiss-peak.com\/es\/producto\/mochila-de-negocios-aware-rpet-de-156-negro\/","url":"https:\/\/swiss-peak.com\/es\/producto\/mochila-de-negocios-aware-rpet-de-156-negro\/","name":"Mochila negocios ordenador 15,6\u00a8 AWARE\u2122 RPET, negro - Swiss Peak","isPartOf":{"@id":"https:\/\/swiss-peak.com\/es\/#website"},"primaryImageOfPage":{"@id":"https:\/\/swiss-peak.com\/es\/producto\/mochila-de-negocios-aware-rpet-de-156-negro\/#primaryimage"},"image":{"@id":"https:\/\/swiss-peak.com\/es\/producto\/mochila-de-negocios-aware-rpet-de-156-negro\/#primaryimage"},"thumbnailUrl":"https:\/\/swiss-peak.com\/wp-content\/uploads\/sites\/9\/2026\/04\/P762.891__S_0__814f9a9973ae4c40ab9515c3e4179e33.jpg","datePublished":"2023-03-14T10:03:52+00:00","dateModified":"2026-04-16T01:03:22+00:00","breadcrumb":{"@id":"https:\/\/swiss-peak.com\/es\/producto\/mochila-de-negocios-aware-rpet-de-156-negro\/#breadcrumb"},"inLanguage":"es","potentialAction":[{"@type":"ReadAction","target":["https:\/\/swiss-peak.com\/es\/producto\/mochila-de-negocios-aware-rpet-de-156-negro\/"]}]},{"@type":"ImageObject","inLanguage":"es","@id":"https:\/\/swiss-peak.com\/es\/producto\/mochila-de-negocios-aware-rpet-de-156-negro\/#primaryimage","url":"https:\/\/swiss-peak.com\/wp-content\/uploads\/sites\/9\/2026\/04\/P762.891__S_0__814f9a9973ae4c40ab9515c3e4179e33.jpg","contentUrl":"https:\/\/swiss-peak.com\/wp-content\/uploads\/sites\/9\/2026\/04\/P762.891__S_0__814f9a9973ae4c40ab9515c3e4179e33.jpg","width":1024,"height":1024},{"@type":"BreadcrumbList","@id":"https:\/\/swiss-peak.com\/es\/producto\/mochila-de-negocios-aware-rpet-de-156-negro\/#breadcrumb","itemListElement":[{"@type":"ListItem","position":1,"name":"Home","item":"https:\/\/swiss-peak.com\/es\/"},{"@type":"ListItem","position":2,"name":"Colecci\u00f3n","item":"https:\/\/swiss-peak.com\/es\/coleccion\/"},{"@type":"ListItem","position":3,"name":"Mochila negocios ordenador 15,6\u00a8 AWARE\u2122 RPET, negro"}]},{"@type":"WebSite","@id":"https:\/\/swiss-peak.com\/es\/#website","url":"https:\/\/swiss-peak.com\/es\/","name":"Swiss Peak","description":"Where will today take you?","potentialAction":[{"@type":"SearchAction","target":{"@type":"EntryPoint","urlTemplate":"https:\/\/swiss-peak.com\/es\/?s={search_term_string}"},"query-input":{"@type":"PropertyValueSpecification","valueRequired":true,"valueName":"search_term_string"}}],"inLanguage":"es"}]}},"_links":{"self":[{"href":"https:\/\/swiss-peak.com\/es\/wp-json\/wp\/v2\/product\/15303","targetHints":{"allow":["GET"]}}],"collection":[{"href":"https:\/\/swiss-peak.com\/es\/wp-json\/wp\/v2\/product"}],"about":[{"href":"https:\/\/swiss-peak.com\/es\/wp-json\/wp\/v2\/types\/product"}],"wp:featuredmedia":[{"embeddable":true,"href":"https:\/\/swiss-peak.com\/es\/wp-json\/wp\/v2\/media\/46398"}],"wp:attachment":[{"href":"https:\/\/swiss-peak.com\/es\/wp-json\/wp\/v2\/media?parent=15303"}],"wp:term":[{"taxonomy":"product_cat","embeddable":true,"href":"https:\/\/swiss-peak.com\/es\/wp-json\/wp\/v2\/product_cat?post=15303"},{"taxonomy":"product_tag","embeddable":true,"href":"https:\/\/swiss-peak.com\/es\/wp-json\/wp\/v2\/product_tag?post=15303"}],"curies":[{"name":"wp","href":"https:\/\/api.w.org\/{rel}","templated":true}]}}