{"id":15300,"date":"2023-03-14T12:03:52","date_gmt":"2023-03-14T10:03:52","guid":{"rendered":"https:\/\/xdsomename.tempurl.host\/swisspeak-website\/collection\/sin%20categor\u00eda\/mochila-aware-rpet-de-156-negro-2\/"},"modified":"2026-03-12T04:06:31","modified_gmt":"2026-03-12T02:06:31","slug":"mochila-aware-rpet-de-156-negro-2","status":"publish","type":"product","link":"https:\/\/swiss-peak.com\/es\/producto\/mochila-aware-rpet-de-156-negro-2\/","title":{"rendered":"Mochila ordenador 15,6\u00a8 AWARE\u2122 RPET, negro"},"content":{"rendered":"<p>La mochila definitiva para guardar lo esencial de todos los d\u00edas. La organizaci\u00f3n inteligente se presenta a trav\u00e9s de dos espaciosos compartimentos frontales y un gran compartimento principal con un compartimento para ordenador port\u00e1til de 15,6 pulgadas. Dos bolsillos adicionales para botellas de agua en el lateral. Con trazador AWARE\u2122 que valida el uso genuino de materiales reciclados. Cada bolsa reutiliza 32,8 botellas PET de 0,5L. El 2% de las ganancias de cada producto Impact vendido se donar\u00e1 a Water.org. Libre de PVC.<\/p>\n","protected":false},"excerpt":{"rendered":"<p>La mochila definitiva para guardar lo esencial de todos los d\u00edas. La organizaci\u00f3n inteligente se presenta a trav\u00e9s de dos espaciosos compartimentos frontales y un gran compartimento principal con un compartimento para ordenador port\u00e1til de 15,6 pulgadas. Dos bolsillos adicionales para botellas de agua en el lateral. Con trazador AWARE\u2122 que valida el uso genuino [&hellip;]<\/p>\n","protected":false},"featured_media":34137,"template":"","meta":{"_acf_changed":false},"product_cat":[254,260],"product_tag":[],"class_list":["post-15300","product","type-product","status-publish","has-post-thumbnail","hentry","product_cat-bolsas-viaje","product_cat-mochilas","pa_color-black-es"],"acf":[],"yoast_head":"<!-- This site is optimized with the Yoast SEO plugin v27.0 - https:\/\/yoast.com\/product\/yoast-seo-wordpress\/ -->\n<title>Mochila ordenador 15,6\u00a8 AWARE\u2122 RPET, negro - Swiss Peak<\/title>\n<meta name=\"robots\" content=\"index, follow, max-snippet:-1, max-image-preview:large, max-video-preview:-1\" \/>\n<link rel=\"canonical\" href=\"https:\/\/swiss-peak.com\/es\/producto\/mochila-aware-rpet-de-156-negro-2\/\" \/>\n<meta property=\"og:locale\" content=\"es_ES\" \/>\n<meta property=\"og:type\" content=\"article\" \/>\n<meta property=\"og:title\" content=\"Mochila ordenador 15,6\u00a8 AWARE\u2122 RPET, negro - Swiss Peak\" \/>\n<meta property=\"og:description\" content=\"La mochila definitiva para guardar lo esencial de todos los d\u00edas. La organizaci\u00f3n inteligente se presenta a trav\u00e9s de dos espaciosos compartimentos frontales y un gran compartimento principal con un compartimento para ordenador port\u00e1til de 15,6 pulgadas. Dos bolsillos adicionales para botellas de agua en el lateral. Con trazador AWARE\u2122 que valida el uso genuino [&hellip;]\" \/>\n<meta property=\"og:url\" content=\"https:\/\/swiss-peak.com\/es\/producto\/mochila-aware-rpet-de-156-negro-2\/\" \/>\n<meta property=\"og:site_name\" content=\"Swiss Peak\" \/>\n<meta property=\"article:modified_time\" content=\"2026-03-12T02:06:31+00:00\" \/>\n<meta property=\"og:image\" content=\"https:\/\/swiss-peak.com\/wp-content\/uploads\/sites\/9\/2024\/02\/P762.781__S_0__10e6fe9400f84a67b47cc2bf223790b4.jpg\" \/>\n\t<meta property=\"og:image:width\" content=\"1024\" \/>\n\t<meta property=\"og:image:height\" content=\"1024\" \/>\n\t<meta property=\"og:image:type\" content=\"image\/jpeg\" \/>\n<meta name=\"twitter:card\" content=\"summary_large_image\" \/>\n<script type=\"application\/ld+json\" class=\"yoast-schema-graph\">{\"@context\":\"https:\/\/schema.org\",\"@graph\":[{\"@type\":\"WebPage\",\"@id\":\"https:\/\/swiss-peak.com\/es\/producto\/mochila-aware-rpet-de-156-negro-2\/\",\"url\":\"https:\/\/swiss-peak.com\/es\/producto\/mochila-aware-rpet-de-156-negro-2\/\",\"name\":\"Mochila ordenador 15,6\u00a8 AWARE\u2122 RPET, negro - Swiss Peak\",\"isPartOf\":{\"@id\":\"https:\/\/swiss-peak.com\/es\/#website\"},\"primaryImageOfPage\":{\"@id\":\"https:\/\/swiss-peak.com\/es\/producto\/mochila-aware-rpet-de-156-negro-2\/#primaryimage\"},\"image\":{\"@id\":\"https:\/\/swiss-peak.com\/es\/producto\/mochila-aware-rpet-de-156-negro-2\/#primaryimage\"},\"thumbnailUrl\":\"https:\/\/swiss-peak.com\/wp-content\/uploads\/sites\/9\/2024\/02\/P762.781__S_0__10e6fe9400f84a67b47cc2bf223790b4.jpg\",\"datePublished\":\"2023-03-14T10:03:52+00:00\",\"dateModified\":\"2026-03-12T02:06:31+00:00\",\"breadcrumb\":{\"@id\":\"https:\/\/swiss-peak.com\/es\/producto\/mochila-aware-rpet-de-156-negro-2\/#breadcrumb\"},\"inLanguage\":\"es\",\"potentialAction\":[{\"@type\":\"ReadAction\",\"target\":[\"https:\/\/swiss-peak.com\/es\/producto\/mochila-aware-rpet-de-156-negro-2\/\"]}]},{\"@type\":\"ImageObject\",\"inLanguage\":\"es\",\"@id\":\"https:\/\/swiss-peak.com\/es\/producto\/mochila-aware-rpet-de-156-negro-2\/#primaryimage\",\"url\":\"https:\/\/swiss-peak.com\/wp-content\/uploads\/sites\/9\/2024\/02\/P762.781__S_0__10e6fe9400f84a67b47cc2bf223790b4.jpg\",\"contentUrl\":\"https:\/\/swiss-peak.com\/wp-content\/uploads\/sites\/9\/2024\/02\/P762.781__S_0__10e6fe9400f84a67b47cc2bf223790b4.jpg\",\"width\":1024,\"height\":1024},{\"@type\":\"BreadcrumbList\",\"@id\":\"https:\/\/swiss-peak.com\/es\/producto\/mochila-aware-rpet-de-156-negro-2\/#breadcrumb\",\"itemListElement\":[{\"@type\":\"ListItem\",\"position\":1,\"name\":\"Home\",\"item\":\"https:\/\/swiss-peak.com\/es\/\"},{\"@type\":\"ListItem\",\"position\":2,\"name\":\"Colecci\u00f3n\",\"item\":\"https:\/\/swiss-peak.com\/es\/coleccion\/\"},{\"@type\":\"ListItem\",\"position\":3,\"name\":\"Mochila ordenador 15,6\u00a8 AWARE\u2122 RPET, negro\"}]},{\"@type\":\"WebSite\",\"@id\":\"https:\/\/swiss-peak.com\/es\/#website\",\"url\":\"https:\/\/swiss-peak.com\/es\/\",\"name\":\"Swiss Peak\",\"description\":\"Where will today take you?\",\"potentialAction\":[{\"@type\":\"SearchAction\",\"target\":{\"@type\":\"EntryPoint\",\"urlTemplate\":\"https:\/\/swiss-peak.com\/es\/?s={search_term_string}\"},\"query-input\":{\"@type\":\"PropertyValueSpecification\",\"valueRequired\":true,\"valueName\":\"search_term_string\"}}],\"inLanguage\":\"es\"}]}<\/script>\n<!-- \/ Yoast SEO plugin. -->","yoast_head_json":{"title":"Mochila ordenador 15,6\u00a8 AWARE\u2122 RPET, negro - Swiss Peak","robots":{"index":"index","follow":"follow","max-snippet":"max-snippet:-1","max-image-preview":"max-image-preview:large","max-video-preview":"max-video-preview:-1"},"canonical":"https:\/\/swiss-peak.com\/es\/producto\/mochila-aware-rpet-de-156-negro-2\/","og_locale":"es_ES","og_type":"article","og_title":"Mochila ordenador 15,6\u00a8 AWARE\u2122 RPET, negro - Swiss Peak","og_description":"La mochila definitiva para guardar lo esencial de todos los d\u00edas. La organizaci\u00f3n inteligente se presenta a trav\u00e9s de dos espaciosos compartimentos frontales y un gran compartimento principal con un compartimento para ordenador port\u00e1til de 15,6 pulgadas. Dos bolsillos adicionales para botellas de agua en el lateral. Con trazador AWARE\u2122 que valida el uso genuino [&hellip;]","og_url":"https:\/\/swiss-peak.com\/es\/producto\/mochila-aware-rpet-de-156-negro-2\/","og_site_name":"Swiss Peak","article_modified_time":"2026-03-12T02:06:31+00:00","og_image":[{"width":1024,"height":1024,"url":"https:\/\/swiss-peak.com\/wp-content\/uploads\/sites\/9\/2024\/02\/P762.781__S_0__10e6fe9400f84a67b47cc2bf223790b4.jpg","type":"image\/jpeg"}],"twitter_card":"summary_large_image","schema":{"@context":"https:\/\/schema.org","@graph":[{"@type":"WebPage","@id":"https:\/\/swiss-peak.com\/es\/producto\/mochila-aware-rpet-de-156-negro-2\/","url":"https:\/\/swiss-peak.com\/es\/producto\/mochila-aware-rpet-de-156-negro-2\/","name":"Mochila ordenador 15,6\u00a8 AWARE\u2122 RPET, negro - Swiss Peak","isPartOf":{"@id":"https:\/\/swiss-peak.com\/es\/#website"},"primaryImageOfPage":{"@id":"https:\/\/swiss-peak.com\/es\/producto\/mochila-aware-rpet-de-156-negro-2\/#primaryimage"},"image":{"@id":"https:\/\/swiss-peak.com\/es\/producto\/mochila-aware-rpet-de-156-negro-2\/#primaryimage"},"thumbnailUrl":"https:\/\/swiss-peak.com\/wp-content\/uploads\/sites\/9\/2024\/02\/P762.781__S_0__10e6fe9400f84a67b47cc2bf223790b4.jpg","datePublished":"2023-03-14T10:03:52+00:00","dateModified":"2026-03-12T02:06:31+00:00","breadcrumb":{"@id":"https:\/\/swiss-peak.com\/es\/producto\/mochila-aware-rpet-de-156-negro-2\/#breadcrumb"},"inLanguage":"es","potentialAction":[{"@type":"ReadAction","target":["https:\/\/swiss-peak.com\/es\/producto\/mochila-aware-rpet-de-156-negro-2\/"]}]},{"@type":"ImageObject","inLanguage":"es","@id":"https:\/\/swiss-peak.com\/es\/producto\/mochila-aware-rpet-de-156-negro-2\/#primaryimage","url":"https:\/\/swiss-peak.com\/wp-content\/uploads\/sites\/9\/2024\/02\/P762.781__S_0__10e6fe9400f84a67b47cc2bf223790b4.jpg","contentUrl":"https:\/\/swiss-peak.com\/wp-content\/uploads\/sites\/9\/2024\/02\/P762.781__S_0__10e6fe9400f84a67b47cc2bf223790b4.jpg","width":1024,"height":1024},{"@type":"BreadcrumbList","@id":"https:\/\/swiss-peak.com\/es\/producto\/mochila-aware-rpet-de-156-negro-2\/#breadcrumb","itemListElement":[{"@type":"ListItem","position":1,"name":"Home","item":"https:\/\/swiss-peak.com\/es\/"},{"@type":"ListItem","position":2,"name":"Colecci\u00f3n","item":"https:\/\/swiss-peak.com\/es\/coleccion\/"},{"@type":"ListItem","position":3,"name":"Mochila ordenador 15,6\u00a8 AWARE\u2122 RPET, negro"}]},{"@type":"WebSite","@id":"https:\/\/swiss-peak.com\/es\/#website","url":"https:\/\/swiss-peak.com\/es\/","name":"Swiss Peak","description":"Where will today take you?","potentialAction":[{"@type":"SearchAction","target":{"@type":"EntryPoint","urlTemplate":"https:\/\/swiss-peak.com\/es\/?s={search_term_string}"},"query-input":{"@type":"PropertyValueSpecification","valueRequired":true,"valueName":"search_term_string"}}],"inLanguage":"es"}]}},"_links":{"self":[{"href":"https:\/\/swiss-peak.com\/es\/wp-json\/wp\/v2\/product\/15300","targetHints":{"allow":["GET"]}}],"collection":[{"href":"https:\/\/swiss-peak.com\/es\/wp-json\/wp\/v2\/product"}],"about":[{"href":"https:\/\/swiss-peak.com\/es\/wp-json\/wp\/v2\/types\/product"}],"wp:featuredmedia":[{"embeddable":true,"href":"https:\/\/swiss-peak.com\/es\/wp-json\/wp\/v2\/media\/34137"}],"wp:attachment":[{"href":"https:\/\/swiss-peak.com\/es\/wp-json\/wp\/v2\/media?parent=15300"}],"wp:term":[{"taxonomy":"product_cat","embeddable":true,"href":"https:\/\/swiss-peak.com\/es\/wp-json\/wp\/v2\/product_cat?post=15300"},{"taxonomy":"product_tag","embeddable":true,"href":"https:\/\/swiss-peak.com\/es\/wp-json\/wp\/v2\/product_tag?post=15300"}],"curies":[{"name":"wp","href":"https:\/\/api.w.org\/{rel}","templated":true}]}}