{"id":15297,"date":"2023-03-14T12:03:29","date_gmt":"2023-03-14T10:03:29","guid":{"rendered":"https:\/\/xdsomename.tempurl.host\/swisspeak-website\/collection\/sin%20categor\u00eda\/mochila-ejecutiva-2-en-1-para-portatil-aware-negro\/"},"modified":"2026-03-12T04:06:19","modified_gmt":"2026-03-12T02:06:19","slug":"mochila-ejecutiva-2-en-1-para-portatil-aware-negro","status":"publish","type":"product","link":"https:\/\/swiss-peak.com\/es\/producto\/mochila-ejecutiva-2-en-1-para-portatil-aware-negro\/","title":{"rendered":"Mochila ejecutiva 2 en 1 para port\u00e1til Aware\u2122, negro"},"content":{"rendered":"<p>M\u00e1xima funci\u00f3n en una forma minimalista, la mochila para ordenador port\u00e1til ejecutiva Swiss Peak 2 en 1 combina lo mejor de un malet\u00edn y una mochila, todo en uno. El h\u00edbrido mochila-malet\u00edn cambia muy f\u00e1cilmente de uno a otro. Repleto de caracter\u00edsticas, incluye 2 bolsillos delanteros, varios bolsillos interiores, un compartimento separado acolchado para port\u00e1til de 15,6 pulgadas y un compartimento espacioso para viajes. Completo con una funda oculta para equipaje de mano, este compa\u00f1ero vers\u00e1til es una soluci\u00f3n todo en uno para todos tus viajes. Con trazador AWARE\u2122 que valida el uso genuino de materiales reciclados. Cada mochila reutiliza 49,3 botellas PET. El 2% de las ganancias de cada producto Aware\u2122 vendido se donar\u00e1 a Water.org.<\/p>\n","protected":false},"excerpt":{"rendered":"<p>M\u00e1xima funci\u00f3n en una forma minimalista, la mochila para ordenador port\u00e1til ejecutiva Swiss Peak 2 en 1 combina lo mejor de un malet\u00edn y una mochila, todo en uno. El h\u00edbrido mochila-malet\u00edn cambia muy f\u00e1cilmente de uno a otro. Repleto de caracter\u00edsticas, incluye 2 bolsillos delanteros, varios bolsillos interiores, un compartimento separado acolchado para port\u00e1til [&hellip;]<\/p>\n","protected":false},"featured_media":33424,"template":"","meta":{"_acf_changed":false},"product_cat":[254,260],"product_tag":[],"class_list":["post-15297","product","type-product","status-publish","has-post-thumbnail","hentry","product_cat-bolsas-viaje","product_cat-mochilas","pa_color-black-es"],"acf":[],"yoast_head":"<!-- This site is optimized with the Yoast SEO plugin v27.0 - https:\/\/yoast.com\/product\/yoast-seo-wordpress\/ -->\n<title>Mochila ejecutiva 2 en 1 para port\u00e1til Aware\u2122, negro - Swiss Peak<\/title>\n<meta name=\"robots\" content=\"index, follow, max-snippet:-1, max-image-preview:large, max-video-preview:-1\" \/>\n<link rel=\"canonical\" href=\"https:\/\/swiss-peak.com\/es\/producto\/mochila-ejecutiva-2-en-1-para-portatil-aware-negro\/\" \/>\n<meta property=\"og:locale\" content=\"es_ES\" \/>\n<meta property=\"og:type\" content=\"article\" \/>\n<meta property=\"og:title\" content=\"Mochila ejecutiva 2 en 1 para port\u00e1til Aware\u2122, negro - Swiss Peak\" \/>\n<meta property=\"og:description\" content=\"M\u00e1xima funci\u00f3n en una forma minimalista, la mochila para ordenador port\u00e1til ejecutiva Swiss Peak 2 en 1 combina lo mejor de un malet\u00edn y una mochila, todo en uno. El h\u00edbrido mochila-malet\u00edn cambia muy f\u00e1cilmente de uno a otro. Repleto de caracter\u00edsticas, incluye 2 bolsillos delanteros, varios bolsillos interiores, un compartimento separado acolchado para port\u00e1til [&hellip;]\" \/>\n<meta property=\"og:url\" content=\"https:\/\/swiss-peak.com\/es\/producto\/mochila-ejecutiva-2-en-1-para-portatil-aware-negro\/\" \/>\n<meta property=\"og:site_name\" content=\"Swiss Peak\" \/>\n<meta property=\"article:modified_time\" content=\"2026-03-12T02:06:19+00:00\" \/>\n<meta property=\"og:image\" content=\"https:\/\/swiss-peak.com\/wp-content\/uploads\/sites\/9\/2024\/02\/P762.711__S_0__9005c45d1b6247eb8a6403b8315b92a7.jpg\" \/>\n\t<meta property=\"og:image:width\" content=\"1024\" \/>\n\t<meta property=\"og:image:height\" content=\"1024\" \/>\n\t<meta property=\"og:image:type\" content=\"image\/jpeg\" \/>\n<meta name=\"twitter:card\" content=\"summary_large_image\" \/>\n<meta name=\"twitter:label1\" content=\"Tiempo de lectura\" \/>\n\t<meta name=\"twitter:data1\" content=\"1 minuto\" \/>\n<script type=\"application\/ld+json\" class=\"yoast-schema-graph\">{\"@context\":\"https:\/\/schema.org\",\"@graph\":[{\"@type\":\"WebPage\",\"@id\":\"https:\/\/swiss-peak.com\/es\/producto\/mochila-ejecutiva-2-en-1-para-portatil-aware-negro\/\",\"url\":\"https:\/\/swiss-peak.com\/es\/producto\/mochila-ejecutiva-2-en-1-para-portatil-aware-negro\/\",\"name\":\"Mochila ejecutiva 2 en 1 para port\u00e1til Aware\u2122, negro - Swiss Peak\",\"isPartOf\":{\"@id\":\"https:\/\/swiss-peak.com\/es\/#website\"},\"primaryImageOfPage\":{\"@id\":\"https:\/\/swiss-peak.com\/es\/producto\/mochila-ejecutiva-2-en-1-para-portatil-aware-negro\/#primaryimage\"},\"image\":{\"@id\":\"https:\/\/swiss-peak.com\/es\/producto\/mochila-ejecutiva-2-en-1-para-portatil-aware-negro\/#primaryimage\"},\"thumbnailUrl\":\"https:\/\/swiss-peak.com\/wp-content\/uploads\/sites\/9\/2024\/02\/P762.711__S_0__9005c45d1b6247eb8a6403b8315b92a7.jpg\",\"datePublished\":\"2023-03-14T10:03:29+00:00\",\"dateModified\":\"2026-03-12T02:06:19+00:00\",\"breadcrumb\":{\"@id\":\"https:\/\/swiss-peak.com\/es\/producto\/mochila-ejecutiva-2-en-1-para-portatil-aware-negro\/#breadcrumb\"},\"inLanguage\":\"es\",\"potentialAction\":[{\"@type\":\"ReadAction\",\"target\":[\"https:\/\/swiss-peak.com\/es\/producto\/mochila-ejecutiva-2-en-1-para-portatil-aware-negro\/\"]}]},{\"@type\":\"ImageObject\",\"inLanguage\":\"es\",\"@id\":\"https:\/\/swiss-peak.com\/es\/producto\/mochila-ejecutiva-2-en-1-para-portatil-aware-negro\/#primaryimage\",\"url\":\"https:\/\/swiss-peak.com\/wp-content\/uploads\/sites\/9\/2024\/02\/P762.711__S_0__9005c45d1b6247eb8a6403b8315b92a7.jpg\",\"contentUrl\":\"https:\/\/swiss-peak.com\/wp-content\/uploads\/sites\/9\/2024\/02\/P762.711__S_0__9005c45d1b6247eb8a6403b8315b92a7.jpg\",\"width\":1024,\"height\":1024},{\"@type\":\"BreadcrumbList\",\"@id\":\"https:\/\/swiss-peak.com\/es\/producto\/mochila-ejecutiva-2-en-1-para-portatil-aware-negro\/#breadcrumb\",\"itemListElement\":[{\"@type\":\"ListItem\",\"position\":1,\"name\":\"Home\",\"item\":\"https:\/\/swiss-peak.com\/es\/\"},{\"@type\":\"ListItem\",\"position\":2,\"name\":\"Colecci\u00f3n\",\"item\":\"https:\/\/swiss-peak.com\/es\/coleccion\/\"},{\"@type\":\"ListItem\",\"position\":3,\"name\":\"Mochila ejecutiva 2 en 1 para port\u00e1til Aware\u2122, negro\"}]},{\"@type\":\"WebSite\",\"@id\":\"https:\/\/swiss-peak.com\/es\/#website\",\"url\":\"https:\/\/swiss-peak.com\/es\/\",\"name\":\"Swiss Peak\",\"description\":\"Where will today take you?\",\"potentialAction\":[{\"@type\":\"SearchAction\",\"target\":{\"@type\":\"EntryPoint\",\"urlTemplate\":\"https:\/\/swiss-peak.com\/es\/?s={search_term_string}\"},\"query-input\":{\"@type\":\"PropertyValueSpecification\",\"valueRequired\":true,\"valueName\":\"search_term_string\"}}],\"inLanguage\":\"es\"}]}<\/script>\n<!-- \/ Yoast SEO plugin. -->","yoast_head_json":{"title":"Mochila ejecutiva 2 en 1 para port\u00e1til Aware\u2122, negro - Swiss Peak","robots":{"index":"index","follow":"follow","max-snippet":"max-snippet:-1","max-image-preview":"max-image-preview:large","max-video-preview":"max-video-preview:-1"},"canonical":"https:\/\/swiss-peak.com\/es\/producto\/mochila-ejecutiva-2-en-1-para-portatil-aware-negro\/","og_locale":"es_ES","og_type":"article","og_title":"Mochila ejecutiva 2 en 1 para port\u00e1til Aware\u2122, negro - Swiss Peak","og_description":"M\u00e1xima funci\u00f3n en una forma minimalista, la mochila para ordenador port\u00e1til ejecutiva Swiss Peak 2 en 1 combina lo mejor de un malet\u00edn y una mochila, todo en uno. El h\u00edbrido mochila-malet\u00edn cambia muy f\u00e1cilmente de uno a otro. Repleto de caracter\u00edsticas, incluye 2 bolsillos delanteros, varios bolsillos interiores, un compartimento separado acolchado para port\u00e1til [&hellip;]","og_url":"https:\/\/swiss-peak.com\/es\/producto\/mochila-ejecutiva-2-en-1-para-portatil-aware-negro\/","og_site_name":"Swiss Peak","article_modified_time":"2026-03-12T02:06:19+00:00","og_image":[{"width":1024,"height":1024,"url":"https:\/\/swiss-peak.com\/wp-content\/uploads\/sites\/9\/2024\/02\/P762.711__S_0__9005c45d1b6247eb8a6403b8315b92a7.jpg","type":"image\/jpeg"}],"twitter_card":"summary_large_image","twitter_misc":{"Tiempo de lectura":"1 minuto"},"schema":{"@context":"https:\/\/schema.org","@graph":[{"@type":"WebPage","@id":"https:\/\/swiss-peak.com\/es\/producto\/mochila-ejecutiva-2-en-1-para-portatil-aware-negro\/","url":"https:\/\/swiss-peak.com\/es\/producto\/mochila-ejecutiva-2-en-1-para-portatil-aware-negro\/","name":"Mochila ejecutiva 2 en 1 para port\u00e1til Aware\u2122, negro - Swiss Peak","isPartOf":{"@id":"https:\/\/swiss-peak.com\/es\/#website"},"primaryImageOfPage":{"@id":"https:\/\/swiss-peak.com\/es\/producto\/mochila-ejecutiva-2-en-1-para-portatil-aware-negro\/#primaryimage"},"image":{"@id":"https:\/\/swiss-peak.com\/es\/producto\/mochila-ejecutiva-2-en-1-para-portatil-aware-negro\/#primaryimage"},"thumbnailUrl":"https:\/\/swiss-peak.com\/wp-content\/uploads\/sites\/9\/2024\/02\/P762.711__S_0__9005c45d1b6247eb8a6403b8315b92a7.jpg","datePublished":"2023-03-14T10:03:29+00:00","dateModified":"2026-03-12T02:06:19+00:00","breadcrumb":{"@id":"https:\/\/swiss-peak.com\/es\/producto\/mochila-ejecutiva-2-en-1-para-portatil-aware-negro\/#breadcrumb"},"inLanguage":"es","potentialAction":[{"@type":"ReadAction","target":["https:\/\/swiss-peak.com\/es\/producto\/mochila-ejecutiva-2-en-1-para-portatil-aware-negro\/"]}]},{"@type":"ImageObject","inLanguage":"es","@id":"https:\/\/swiss-peak.com\/es\/producto\/mochila-ejecutiva-2-en-1-para-portatil-aware-negro\/#primaryimage","url":"https:\/\/swiss-peak.com\/wp-content\/uploads\/sites\/9\/2024\/02\/P762.711__S_0__9005c45d1b6247eb8a6403b8315b92a7.jpg","contentUrl":"https:\/\/swiss-peak.com\/wp-content\/uploads\/sites\/9\/2024\/02\/P762.711__S_0__9005c45d1b6247eb8a6403b8315b92a7.jpg","width":1024,"height":1024},{"@type":"BreadcrumbList","@id":"https:\/\/swiss-peak.com\/es\/producto\/mochila-ejecutiva-2-en-1-para-portatil-aware-negro\/#breadcrumb","itemListElement":[{"@type":"ListItem","position":1,"name":"Home","item":"https:\/\/swiss-peak.com\/es\/"},{"@type":"ListItem","position":2,"name":"Colecci\u00f3n","item":"https:\/\/swiss-peak.com\/es\/coleccion\/"},{"@type":"ListItem","position":3,"name":"Mochila ejecutiva 2 en 1 para port\u00e1til Aware\u2122, negro"}]},{"@type":"WebSite","@id":"https:\/\/swiss-peak.com\/es\/#website","url":"https:\/\/swiss-peak.com\/es\/","name":"Swiss Peak","description":"Where will today take you?","potentialAction":[{"@type":"SearchAction","target":{"@type":"EntryPoint","urlTemplate":"https:\/\/swiss-peak.com\/es\/?s={search_term_string}"},"query-input":{"@type":"PropertyValueSpecification","valueRequired":true,"valueName":"search_term_string"}}],"inLanguage":"es"}]}},"_links":{"self":[{"href":"https:\/\/swiss-peak.com\/es\/wp-json\/wp\/v2\/product\/15297","targetHints":{"allow":["GET"]}}],"collection":[{"href":"https:\/\/swiss-peak.com\/es\/wp-json\/wp\/v2\/product"}],"about":[{"href":"https:\/\/swiss-peak.com\/es\/wp-json\/wp\/v2\/types\/product"}],"wp:featuredmedia":[{"embeddable":true,"href":"https:\/\/swiss-peak.com\/es\/wp-json\/wp\/v2\/media\/33424"}],"wp:attachment":[{"href":"https:\/\/swiss-peak.com\/es\/wp-json\/wp\/v2\/media?parent=15297"}],"wp:term":[{"taxonomy":"product_cat","embeddable":true,"href":"https:\/\/swiss-peak.com\/es\/wp-json\/wp\/v2\/product_cat?post=15297"},{"taxonomy":"product_tag","embeddable":true,"href":"https:\/\/swiss-peak.com\/es\/wp-json\/wp\/v2\/product_tag?post=15297"}],"curies":[{"name":"wp","href":"https:\/\/api.w.org\/{rel}","templated":true}]}}