{"id":15294,"date":"2023-03-14T12:03:29","date_gmt":"2023-03-14T10:03:29","guid":{"rendered":"https:\/\/xdsomename.tempurl.host\/swisspeak-website\/collection\/sin%20categor\u00eda\/mochila-con-bolsillo-esterilizador-uv-c-negro\/"},"modified":"2026-03-12T04:05:07","modified_gmt":"2026-03-12T02:05:07","slug":"mochila-con-bolsillo-esterilizador-uv-c-negro","status":"publish","type":"product","link":"https:\/\/swiss-peak.com\/es\/producto\/mochila-con-bolsillo-esterilizador-uv-c-negro\/","title":{"rendered":"Mochila con bolsillo esterilizador UV-C, negro"},"content":{"rendered":"<p>Esta exclusiva mochila para ordenador port\u00e1til Swiss Peak con bolsillo esterilizante UV-C presenta un dise\u00f1o minimalista y tiene un bolsillo frontal externo esterilizante UV-C integrado, matando hasta el 99,9% de las bacterias en los art\u00edculos colocados en la mochila. Perfecto para desinfectar tus llaves y tel\u00e9fono en 3 minutos. Las tres luces LED UV-C en el interior no son t\u00f3xicas y no contienen mercurio. El dise\u00f1o tambi\u00e9n garantizar\u00e1 que la luz LED UV-C se apague autom\u00e1ticamente cuando el bolsillo de esterilizaci\u00f3n est\u00e9 bloqueado mediante la cremallera y el cierre magn\u00e9tico para que el usuario no se exponga a la luz UV-C. La mochila tiene un compartimento para ordenador port\u00e1til 15,6&#8243;, 2 bolsillos abiertos y ranuras para bol\u00edgrafos. Espalda y asas acolchadas de malla para mayor comodidad. Incluye un cable micro USB que puedes usar para conectar tu powerbank para cargar el UV-C. Exterior de poli\u00e9ster recubierto de PU 600D y 900D. Interior de poli\u00e9ster 210D. Cumple con EN62471. Sin PVC<\/p>\n","protected":false},"excerpt":{"rendered":"<p>Esta exclusiva mochila para ordenador port\u00e1til Swiss Peak con bolsillo esterilizante UV-C presenta un dise\u00f1o minimalista y tiene un bolsillo frontal externo esterilizante UV-C integrado, matando hasta el 99,9% de las bacterias en los art\u00edculos colocados en la mochila. Perfecto para desinfectar tus llaves y tel\u00e9fono en 3 minutos. Las tres luces LED UV-C en [&hellip;]<\/p>\n","protected":false},"featured_media":32756,"template":"","meta":{"_acf_changed":false},"product_cat":[254,260],"product_tag":[],"class_list":["post-15294","product","type-product","status-publish","has-post-thumbnail","hentry","product_cat-bolsas-viaje","product_cat-mochilas","pa_color-black-es"],"acf":[],"yoast_head":"<!-- This site is optimized with the Yoast SEO plugin v27.0 - https:\/\/yoast.com\/product\/yoast-seo-wordpress\/ -->\n<title>Mochila con bolsillo esterilizador UV-C, negro - Swiss Peak<\/title>\n<meta name=\"robots\" content=\"index, follow, max-snippet:-1, max-image-preview:large, max-video-preview:-1\" \/>\n<link rel=\"canonical\" href=\"https:\/\/swiss-peak.com\/es\/producto\/mochila-con-bolsillo-esterilizador-uv-c-negro\/\" \/>\n<meta property=\"og:locale\" content=\"es_ES\" \/>\n<meta property=\"og:type\" content=\"article\" \/>\n<meta property=\"og:title\" content=\"Mochila con bolsillo esterilizador UV-C, negro - Swiss Peak\" \/>\n<meta property=\"og:description\" content=\"Esta exclusiva mochila para ordenador port\u00e1til Swiss Peak con bolsillo esterilizante UV-C presenta un dise\u00f1o minimalista y tiene un bolsillo frontal externo esterilizante UV-C integrado, matando hasta el 99,9% de las bacterias en los art\u00edculos colocados en la mochila. Perfecto para desinfectar tus llaves y tel\u00e9fono en 3 minutos. Las tres luces LED UV-C en [&hellip;]\" \/>\n<meta property=\"og:url\" content=\"https:\/\/swiss-peak.com\/es\/producto\/mochila-con-bolsillo-esterilizador-uv-c-negro\/\" \/>\n<meta property=\"og:site_name\" content=\"Swiss Peak\" \/>\n<meta property=\"article:modified_time\" content=\"2026-03-12T02:05:07+00:00\" \/>\n<meta property=\"og:image\" content=\"https:\/\/swiss-peak.com\/wp-content\/uploads\/sites\/9\/2024\/02\/P762.551__S_0__5a47f0abea51456480287446eae0f644.jpg\" \/>\n\t<meta property=\"og:image:width\" content=\"1024\" \/>\n\t<meta property=\"og:image:height\" content=\"1024\" \/>\n\t<meta property=\"og:image:type\" content=\"image\/jpeg\" \/>\n<meta name=\"twitter:card\" content=\"summary_large_image\" \/>\n<meta name=\"twitter:label1\" content=\"Tiempo de lectura\" \/>\n\t<meta name=\"twitter:data1\" content=\"1 minuto\" \/>\n<script type=\"application\/ld+json\" class=\"yoast-schema-graph\">{\"@context\":\"https:\/\/schema.org\",\"@graph\":[{\"@type\":\"WebPage\",\"@id\":\"https:\/\/swiss-peak.com\/es\/producto\/mochila-con-bolsillo-esterilizador-uv-c-negro\/\",\"url\":\"https:\/\/swiss-peak.com\/es\/producto\/mochila-con-bolsillo-esterilizador-uv-c-negro\/\",\"name\":\"Mochila con bolsillo esterilizador UV-C, negro - Swiss Peak\",\"isPartOf\":{\"@id\":\"https:\/\/swiss-peak.com\/es\/#website\"},\"primaryImageOfPage\":{\"@id\":\"https:\/\/swiss-peak.com\/es\/producto\/mochila-con-bolsillo-esterilizador-uv-c-negro\/#primaryimage\"},\"image\":{\"@id\":\"https:\/\/swiss-peak.com\/es\/producto\/mochila-con-bolsillo-esterilizador-uv-c-negro\/#primaryimage\"},\"thumbnailUrl\":\"https:\/\/swiss-peak.com\/wp-content\/uploads\/sites\/9\/2024\/02\/P762.551__S_0__5a47f0abea51456480287446eae0f644.jpg\",\"datePublished\":\"2023-03-14T10:03:29+00:00\",\"dateModified\":\"2026-03-12T02:05:07+00:00\",\"breadcrumb\":{\"@id\":\"https:\/\/swiss-peak.com\/es\/producto\/mochila-con-bolsillo-esterilizador-uv-c-negro\/#breadcrumb\"},\"inLanguage\":\"es\",\"potentialAction\":[{\"@type\":\"ReadAction\",\"target\":[\"https:\/\/swiss-peak.com\/es\/producto\/mochila-con-bolsillo-esterilizador-uv-c-negro\/\"]}]},{\"@type\":\"ImageObject\",\"inLanguage\":\"es\",\"@id\":\"https:\/\/swiss-peak.com\/es\/producto\/mochila-con-bolsillo-esterilizador-uv-c-negro\/#primaryimage\",\"url\":\"https:\/\/swiss-peak.com\/wp-content\/uploads\/sites\/9\/2024\/02\/P762.551__S_0__5a47f0abea51456480287446eae0f644.jpg\",\"contentUrl\":\"https:\/\/swiss-peak.com\/wp-content\/uploads\/sites\/9\/2024\/02\/P762.551__S_0__5a47f0abea51456480287446eae0f644.jpg\",\"width\":1024,\"height\":1024},{\"@type\":\"BreadcrumbList\",\"@id\":\"https:\/\/swiss-peak.com\/es\/producto\/mochila-con-bolsillo-esterilizador-uv-c-negro\/#breadcrumb\",\"itemListElement\":[{\"@type\":\"ListItem\",\"position\":1,\"name\":\"Home\",\"item\":\"https:\/\/swiss-peak.com\/es\/\"},{\"@type\":\"ListItem\",\"position\":2,\"name\":\"Colecci\u00f3n\",\"item\":\"https:\/\/swiss-peak.com\/es\/coleccion\/\"},{\"@type\":\"ListItem\",\"position\":3,\"name\":\"Mochila con bolsillo esterilizador UV-C, negro\"}]},{\"@type\":\"WebSite\",\"@id\":\"https:\/\/swiss-peak.com\/es\/#website\",\"url\":\"https:\/\/swiss-peak.com\/es\/\",\"name\":\"Swiss Peak\",\"description\":\"Where will today take you?\",\"potentialAction\":[{\"@type\":\"SearchAction\",\"target\":{\"@type\":\"EntryPoint\",\"urlTemplate\":\"https:\/\/swiss-peak.com\/es\/?s={search_term_string}\"},\"query-input\":{\"@type\":\"PropertyValueSpecification\",\"valueRequired\":true,\"valueName\":\"search_term_string\"}}],\"inLanguage\":\"es\"}]}<\/script>\n<!-- \/ Yoast SEO plugin. -->","yoast_head_json":{"title":"Mochila con bolsillo esterilizador UV-C, negro - Swiss Peak","robots":{"index":"index","follow":"follow","max-snippet":"max-snippet:-1","max-image-preview":"max-image-preview:large","max-video-preview":"max-video-preview:-1"},"canonical":"https:\/\/swiss-peak.com\/es\/producto\/mochila-con-bolsillo-esterilizador-uv-c-negro\/","og_locale":"es_ES","og_type":"article","og_title":"Mochila con bolsillo esterilizador UV-C, negro - Swiss Peak","og_description":"Esta exclusiva mochila para ordenador port\u00e1til Swiss Peak con bolsillo esterilizante UV-C presenta un dise\u00f1o minimalista y tiene un bolsillo frontal externo esterilizante UV-C integrado, matando hasta el 99,9% de las bacterias en los art\u00edculos colocados en la mochila. Perfecto para desinfectar tus llaves y tel\u00e9fono en 3 minutos. Las tres luces LED UV-C en [&hellip;]","og_url":"https:\/\/swiss-peak.com\/es\/producto\/mochila-con-bolsillo-esterilizador-uv-c-negro\/","og_site_name":"Swiss Peak","article_modified_time":"2026-03-12T02:05:07+00:00","og_image":[{"width":1024,"height":1024,"url":"https:\/\/swiss-peak.com\/wp-content\/uploads\/sites\/9\/2024\/02\/P762.551__S_0__5a47f0abea51456480287446eae0f644.jpg","type":"image\/jpeg"}],"twitter_card":"summary_large_image","twitter_misc":{"Tiempo de lectura":"1 minuto"},"schema":{"@context":"https:\/\/schema.org","@graph":[{"@type":"WebPage","@id":"https:\/\/swiss-peak.com\/es\/producto\/mochila-con-bolsillo-esterilizador-uv-c-negro\/","url":"https:\/\/swiss-peak.com\/es\/producto\/mochila-con-bolsillo-esterilizador-uv-c-negro\/","name":"Mochila con bolsillo esterilizador UV-C, negro - Swiss Peak","isPartOf":{"@id":"https:\/\/swiss-peak.com\/es\/#website"},"primaryImageOfPage":{"@id":"https:\/\/swiss-peak.com\/es\/producto\/mochila-con-bolsillo-esterilizador-uv-c-negro\/#primaryimage"},"image":{"@id":"https:\/\/swiss-peak.com\/es\/producto\/mochila-con-bolsillo-esterilizador-uv-c-negro\/#primaryimage"},"thumbnailUrl":"https:\/\/swiss-peak.com\/wp-content\/uploads\/sites\/9\/2024\/02\/P762.551__S_0__5a47f0abea51456480287446eae0f644.jpg","datePublished":"2023-03-14T10:03:29+00:00","dateModified":"2026-03-12T02:05:07+00:00","breadcrumb":{"@id":"https:\/\/swiss-peak.com\/es\/producto\/mochila-con-bolsillo-esterilizador-uv-c-negro\/#breadcrumb"},"inLanguage":"es","potentialAction":[{"@type":"ReadAction","target":["https:\/\/swiss-peak.com\/es\/producto\/mochila-con-bolsillo-esterilizador-uv-c-negro\/"]}]},{"@type":"ImageObject","inLanguage":"es","@id":"https:\/\/swiss-peak.com\/es\/producto\/mochila-con-bolsillo-esterilizador-uv-c-negro\/#primaryimage","url":"https:\/\/swiss-peak.com\/wp-content\/uploads\/sites\/9\/2024\/02\/P762.551__S_0__5a47f0abea51456480287446eae0f644.jpg","contentUrl":"https:\/\/swiss-peak.com\/wp-content\/uploads\/sites\/9\/2024\/02\/P762.551__S_0__5a47f0abea51456480287446eae0f644.jpg","width":1024,"height":1024},{"@type":"BreadcrumbList","@id":"https:\/\/swiss-peak.com\/es\/producto\/mochila-con-bolsillo-esterilizador-uv-c-negro\/#breadcrumb","itemListElement":[{"@type":"ListItem","position":1,"name":"Home","item":"https:\/\/swiss-peak.com\/es\/"},{"@type":"ListItem","position":2,"name":"Colecci\u00f3n","item":"https:\/\/swiss-peak.com\/es\/coleccion\/"},{"@type":"ListItem","position":3,"name":"Mochila con bolsillo esterilizador UV-C, negro"}]},{"@type":"WebSite","@id":"https:\/\/swiss-peak.com\/es\/#website","url":"https:\/\/swiss-peak.com\/es\/","name":"Swiss Peak","description":"Where will today take you?","potentialAction":[{"@type":"SearchAction","target":{"@type":"EntryPoint","urlTemplate":"https:\/\/swiss-peak.com\/es\/?s={search_term_string}"},"query-input":{"@type":"PropertyValueSpecification","valueRequired":true,"valueName":"search_term_string"}}],"inLanguage":"es"}]}},"_links":{"self":[{"href":"https:\/\/swiss-peak.com\/es\/wp-json\/wp\/v2\/product\/15294","targetHints":{"allow":["GET"]}}],"collection":[{"href":"https:\/\/swiss-peak.com\/es\/wp-json\/wp\/v2\/product"}],"about":[{"href":"https:\/\/swiss-peak.com\/es\/wp-json\/wp\/v2\/types\/product"}],"wp:featuredmedia":[{"embeddable":true,"href":"https:\/\/swiss-peak.com\/es\/wp-json\/wp\/v2\/media\/32756"}],"wp:attachment":[{"href":"https:\/\/swiss-peak.com\/es\/wp-json\/wp\/v2\/media?parent=15294"}],"wp:term":[{"taxonomy":"product_cat","embeddable":true,"href":"https:\/\/swiss-peak.com\/es\/wp-json\/wp\/v2\/product_cat?post=15294"},{"taxonomy":"product_tag","embeddable":true,"href":"https:\/\/swiss-peak.com\/es\/wp-json\/wp\/v2\/product_tag?post=15294"}],"curies":[{"name":"wp","href":"https:\/\/api.w.org\/{rel}","templated":true}]}}