{"id":15289,"date":"2023-03-14T12:03:29","date_gmt":"2023-03-14T10:03:29","guid":{"rendered":"https:\/\/xdsomename.tempurl.host\/swisspeak-website\/collection\/sin%20categor\u00eda\/bolsa-y-mochila-deportiva-rfid-negro\/"},"modified":"2026-04-15T03:04:21","modified_gmt":"2026-04-15T01:04:21","slug":"bolsa-y-mochila-deportiva-rfid-negro","status":"publish","type":"product","link":"https:\/\/swiss-peak.com\/es\/producto\/bolsa-y-mochila-deportiva-rfid-negro\/","title":{"rendered":"Bolsa y mochila deportiva RFID, negro"},"content":{"rendered":"<p>Bolsa 2 en 1 de ligero poli\u00e9ster 1680D y 600D. La puedes utilizar como mochila o como bolsa de mano. Incluye un espacioso compartimento principal superior con cierre de cremallera en forma de U, compartimento lateral para zapatos o compartimento de ropa sucia y un bolsillo lateral con cremallera. Parte trasera con bolsillo para botella y otro bolsillo de acceso r\u00e1pido. Compartimento frontal con cremallera con 2 fundas protegidas con RFID. Asas c\u00f3modas ajustables y vers\u00e1tiles. sin PVC.<\/p>\n","protected":false},"excerpt":{"rendered":"<p>Bolsa 2 en 1 de ligero poli\u00e9ster 1680D y 600D. La puedes utilizar como mochila o como bolsa de mano. Incluye un espacioso compartimento principal superior con cierre de cremallera en forma de U, compartimento lateral para zapatos o compartimento de ropa sucia y un bolsillo lateral con cremallera. Parte trasera con bolsillo para botella [&hellip;]<\/p>\n","protected":false},"featured_media":32014,"template":"","meta":{"_acf_changed":false},"product_cat":[254,269,260],"product_tag":[],"class_list":["post-15289","product","type-product","status-publish","has-post-thumbnail","hentry","product_cat-bolsas-viaje","product_cat-bolsas-de-deporte","product_cat-mochilas","pa_color-black-es"],"acf":[],"yoast_head":"<!-- This site is optimized with the Yoast SEO plugin v27.0 - https:\/\/yoast.com\/product\/yoast-seo-wordpress\/ -->\n<title>Bolsa y mochila deportiva RFID, negro - Swiss Peak<\/title>\n<meta name=\"robots\" content=\"index, follow, max-snippet:-1, max-image-preview:large, max-video-preview:-1\" \/>\n<link rel=\"canonical\" href=\"https:\/\/swiss-peak.com\/es\/producto\/bolsa-y-mochila-deportiva-rfid-negro\/\" \/>\n<meta property=\"og:locale\" content=\"es_ES\" \/>\n<meta property=\"og:type\" content=\"article\" \/>\n<meta property=\"og:title\" content=\"Bolsa y mochila deportiva RFID, negro - Swiss Peak\" \/>\n<meta property=\"og:description\" content=\"Bolsa 2 en 1 de ligero poli\u00e9ster 1680D y 600D. La puedes utilizar como mochila o como bolsa de mano. Incluye un espacioso compartimento principal superior con cierre de cremallera en forma de U, compartimento lateral para zapatos o compartimento de ropa sucia y un bolsillo lateral con cremallera. Parte trasera con bolsillo para botella [&hellip;]\" \/>\n<meta property=\"og:url\" content=\"https:\/\/swiss-peak.com\/es\/producto\/bolsa-y-mochila-deportiva-rfid-negro\/\" \/>\n<meta property=\"og:site_name\" content=\"Swiss Peak\" \/>\n<meta property=\"article:modified_time\" content=\"2026-04-15T01:04:21+00:00\" \/>\n<meta property=\"og:image\" content=\"https:\/\/swiss-peak.com\/wp-content\/uploads\/sites\/9\/2024\/02\/P762.261__B_1__3c7b4ce20b7743dc8e835942780ff818.jpg\" \/>\n\t<meta property=\"og:image:width\" content=\"1024\" \/>\n\t<meta property=\"og:image:height\" content=\"1024\" \/>\n\t<meta property=\"og:image:type\" content=\"image\/jpeg\" \/>\n<meta name=\"twitter:card\" content=\"summary_large_image\" \/>\n<script type=\"application\/ld+json\" class=\"yoast-schema-graph\">{\"@context\":\"https:\/\/schema.org\",\"@graph\":[{\"@type\":\"WebPage\",\"@id\":\"https:\/\/swiss-peak.com\/es\/producto\/bolsa-y-mochila-deportiva-rfid-negro\/\",\"url\":\"https:\/\/swiss-peak.com\/es\/producto\/bolsa-y-mochila-deportiva-rfid-negro\/\",\"name\":\"Bolsa y mochila deportiva RFID, negro - Swiss Peak\",\"isPartOf\":{\"@id\":\"https:\/\/swiss-peak.com\/es\/#website\"},\"primaryImageOfPage\":{\"@id\":\"https:\/\/swiss-peak.com\/es\/producto\/bolsa-y-mochila-deportiva-rfid-negro\/#primaryimage\"},\"image\":{\"@id\":\"https:\/\/swiss-peak.com\/es\/producto\/bolsa-y-mochila-deportiva-rfid-negro\/#primaryimage\"},\"thumbnailUrl\":\"https:\/\/swiss-peak.com\/wp-content\/uploads\/sites\/9\/2024\/02\/P762.261__B_1__3c7b4ce20b7743dc8e835942780ff818.jpg\",\"datePublished\":\"2023-03-14T10:03:29+00:00\",\"dateModified\":\"2026-04-15T01:04:21+00:00\",\"breadcrumb\":{\"@id\":\"https:\/\/swiss-peak.com\/es\/producto\/bolsa-y-mochila-deportiva-rfid-negro\/#breadcrumb\"},\"inLanguage\":\"es\",\"potentialAction\":[{\"@type\":\"ReadAction\",\"target\":[\"https:\/\/swiss-peak.com\/es\/producto\/bolsa-y-mochila-deportiva-rfid-negro\/\"]}]},{\"@type\":\"ImageObject\",\"inLanguage\":\"es\",\"@id\":\"https:\/\/swiss-peak.com\/es\/producto\/bolsa-y-mochila-deportiva-rfid-negro\/#primaryimage\",\"url\":\"https:\/\/swiss-peak.com\/wp-content\/uploads\/sites\/9\/2024\/02\/P762.261__B_1__3c7b4ce20b7743dc8e835942780ff818.jpg\",\"contentUrl\":\"https:\/\/swiss-peak.com\/wp-content\/uploads\/sites\/9\/2024\/02\/P762.261__B_1__3c7b4ce20b7743dc8e835942780ff818.jpg\",\"width\":1024,\"height\":1024},{\"@type\":\"BreadcrumbList\",\"@id\":\"https:\/\/swiss-peak.com\/es\/producto\/bolsa-y-mochila-deportiva-rfid-negro\/#breadcrumb\",\"itemListElement\":[{\"@type\":\"ListItem\",\"position\":1,\"name\":\"Home\",\"item\":\"https:\/\/swiss-peak.com\/es\/\"},{\"@type\":\"ListItem\",\"position\":2,\"name\":\"Colecci\u00f3n\",\"item\":\"https:\/\/swiss-peak.com\/es\/coleccion\/\"},{\"@type\":\"ListItem\",\"position\":3,\"name\":\"Bolsa y mochila deportiva RFID, negro\"}]},{\"@type\":\"WebSite\",\"@id\":\"https:\/\/swiss-peak.com\/es\/#website\",\"url\":\"https:\/\/swiss-peak.com\/es\/\",\"name\":\"Swiss Peak\",\"description\":\"Where will today take you?\",\"potentialAction\":[{\"@type\":\"SearchAction\",\"target\":{\"@type\":\"EntryPoint\",\"urlTemplate\":\"https:\/\/swiss-peak.com\/es\/?s={search_term_string}\"},\"query-input\":{\"@type\":\"PropertyValueSpecification\",\"valueRequired\":true,\"valueName\":\"search_term_string\"}}],\"inLanguage\":\"es\"}]}<\/script>\n<!-- \/ Yoast SEO plugin. -->","yoast_head_json":{"title":"Bolsa y mochila deportiva RFID, negro - Swiss Peak","robots":{"index":"index","follow":"follow","max-snippet":"max-snippet:-1","max-image-preview":"max-image-preview:large","max-video-preview":"max-video-preview:-1"},"canonical":"https:\/\/swiss-peak.com\/es\/producto\/bolsa-y-mochila-deportiva-rfid-negro\/","og_locale":"es_ES","og_type":"article","og_title":"Bolsa y mochila deportiva RFID, negro - Swiss Peak","og_description":"Bolsa 2 en 1 de ligero poli\u00e9ster 1680D y 600D. La puedes utilizar como mochila o como bolsa de mano. Incluye un espacioso compartimento principal superior con cierre de cremallera en forma de U, compartimento lateral para zapatos o compartimento de ropa sucia y un bolsillo lateral con cremallera. Parte trasera con bolsillo para botella [&hellip;]","og_url":"https:\/\/swiss-peak.com\/es\/producto\/bolsa-y-mochila-deportiva-rfid-negro\/","og_site_name":"Swiss Peak","article_modified_time":"2026-04-15T01:04:21+00:00","og_image":[{"width":1024,"height":1024,"url":"https:\/\/swiss-peak.com\/wp-content\/uploads\/sites\/9\/2024\/02\/P762.261__B_1__3c7b4ce20b7743dc8e835942780ff818.jpg","type":"image\/jpeg"}],"twitter_card":"summary_large_image","schema":{"@context":"https:\/\/schema.org","@graph":[{"@type":"WebPage","@id":"https:\/\/swiss-peak.com\/es\/producto\/bolsa-y-mochila-deportiva-rfid-negro\/","url":"https:\/\/swiss-peak.com\/es\/producto\/bolsa-y-mochila-deportiva-rfid-negro\/","name":"Bolsa y mochila deportiva RFID, negro - Swiss Peak","isPartOf":{"@id":"https:\/\/swiss-peak.com\/es\/#website"},"primaryImageOfPage":{"@id":"https:\/\/swiss-peak.com\/es\/producto\/bolsa-y-mochila-deportiva-rfid-negro\/#primaryimage"},"image":{"@id":"https:\/\/swiss-peak.com\/es\/producto\/bolsa-y-mochila-deportiva-rfid-negro\/#primaryimage"},"thumbnailUrl":"https:\/\/swiss-peak.com\/wp-content\/uploads\/sites\/9\/2024\/02\/P762.261__B_1__3c7b4ce20b7743dc8e835942780ff818.jpg","datePublished":"2023-03-14T10:03:29+00:00","dateModified":"2026-04-15T01:04:21+00:00","breadcrumb":{"@id":"https:\/\/swiss-peak.com\/es\/producto\/bolsa-y-mochila-deportiva-rfid-negro\/#breadcrumb"},"inLanguage":"es","potentialAction":[{"@type":"ReadAction","target":["https:\/\/swiss-peak.com\/es\/producto\/bolsa-y-mochila-deportiva-rfid-negro\/"]}]},{"@type":"ImageObject","inLanguage":"es","@id":"https:\/\/swiss-peak.com\/es\/producto\/bolsa-y-mochila-deportiva-rfid-negro\/#primaryimage","url":"https:\/\/swiss-peak.com\/wp-content\/uploads\/sites\/9\/2024\/02\/P762.261__B_1__3c7b4ce20b7743dc8e835942780ff818.jpg","contentUrl":"https:\/\/swiss-peak.com\/wp-content\/uploads\/sites\/9\/2024\/02\/P762.261__B_1__3c7b4ce20b7743dc8e835942780ff818.jpg","width":1024,"height":1024},{"@type":"BreadcrumbList","@id":"https:\/\/swiss-peak.com\/es\/producto\/bolsa-y-mochila-deportiva-rfid-negro\/#breadcrumb","itemListElement":[{"@type":"ListItem","position":1,"name":"Home","item":"https:\/\/swiss-peak.com\/es\/"},{"@type":"ListItem","position":2,"name":"Colecci\u00f3n","item":"https:\/\/swiss-peak.com\/es\/coleccion\/"},{"@type":"ListItem","position":3,"name":"Bolsa y mochila deportiva RFID, negro"}]},{"@type":"WebSite","@id":"https:\/\/swiss-peak.com\/es\/#website","url":"https:\/\/swiss-peak.com\/es\/","name":"Swiss Peak","description":"Where will today take you?","potentialAction":[{"@type":"SearchAction","target":{"@type":"EntryPoint","urlTemplate":"https:\/\/swiss-peak.com\/es\/?s={search_term_string}"},"query-input":{"@type":"PropertyValueSpecification","valueRequired":true,"valueName":"search_term_string"}}],"inLanguage":"es"}]}},"_links":{"self":[{"href":"https:\/\/swiss-peak.com\/es\/wp-json\/wp\/v2\/product\/15289","targetHints":{"allow":["GET"]}}],"collection":[{"href":"https:\/\/swiss-peak.com\/es\/wp-json\/wp\/v2\/product"}],"about":[{"href":"https:\/\/swiss-peak.com\/es\/wp-json\/wp\/v2\/types\/product"}],"wp:featuredmedia":[{"embeddable":true,"href":"https:\/\/swiss-peak.com\/es\/wp-json\/wp\/v2\/media\/32014"}],"wp:attachment":[{"href":"https:\/\/swiss-peak.com\/es\/wp-json\/wp\/v2\/media?parent=15289"}],"wp:term":[{"taxonomy":"product_cat","embeddable":true,"href":"https:\/\/swiss-peak.com\/es\/wp-json\/wp\/v2\/product_cat?post=15289"},{"taxonomy":"product_tag","embeddable":true,"href":"https:\/\/swiss-peak.com\/es\/wp-json\/wp\/v2\/product_tag?post=15289"}],"curies":[{"name":"wp","href":"https:\/\/api.w.org\/{rel}","templated":true}]}}