{"id":15278,"date":"2023-03-14T12:02:39","date_gmt":"2023-03-14T10:02:39","guid":{"rendered":"https:\/\/xdsomename.tempurl.host\/swisspeak-website\/collection\/sin%20categor\u00eda\/maletin-para-portatil-154-negro\/"},"modified":"2026-04-16T03:02:32","modified_gmt":"2026-04-16T01:02:32","slug":"maletin-para-portatil-154-negro","status":"publish","type":"product","link":"https:\/\/swiss-peak.com\/es\/producto\/maletin-para-portatil-154-negro\/","title":{"rendered":"Malet\u00edn para port\u00e1til 15,4&#8243;, negro"},"content":{"rendered":"<p>Podr\u00e1s llevar tu port\u00e1til de 15,4\u201d al trabajo sin problemas gracias a esta bolsa Swiss Peak de poli\u00e9ster 600D y 1680D. Incluye compartimento acolchado para el port\u00e1til, bolsillo separado para tablet o iPad y un bolsillo frontal con cremallera con organizador para bol\u00edgrafos y peque\u00f1os accesorios.  Incluye accesorio para poder a\u00f1adirlo al tirador de una maleta y correa ajustable para el hombro. sin PVC. Capacidad 5L.<\/p>\n","protected":false},"excerpt":{"rendered":"<p>Podr\u00e1s llevar tu port\u00e1til de 15,4\u201d al trabajo sin problemas gracias a esta bolsa Swiss Peak de poli\u00e9ster 600D y 1680D. Incluye compartimento acolchado para el port\u00e1til, bolsillo separado para tablet o iPad y un bolsillo frontal con cremallera con organizador para bol\u00edgrafos y peque\u00f1os accesorios. Incluye accesorio para poder a\u00f1adirlo al tirador de una [&hellip;]<\/p>\n","protected":false},"featured_media":46300,"template":"","meta":{"_acf_changed":false},"product_cat":[293,290],"product_tag":[],"class_list":["post-15278","product","type-product","status-publish","has-post-thumbnail","hentry","product_cat-bolsas-portatil","product_cat-business-es","pa_color-black-es"],"acf":[],"yoast_head":"<!-- This site is optimized with the Yoast SEO plugin v27.0 - https:\/\/yoast.com\/product\/yoast-seo-wordpress\/ -->\n<title>Malet\u00edn para port\u00e1til 15,4&quot;, negro - Swiss Peak<\/title>\n<meta name=\"robots\" content=\"index, follow, max-snippet:-1, max-image-preview:large, max-video-preview:-1\" \/>\n<link rel=\"canonical\" href=\"https:\/\/swiss-peak.com\/es\/producto\/maletin-para-portatil-154-negro\/\" \/>\n<meta property=\"og:locale\" content=\"es_ES\" \/>\n<meta property=\"og:type\" content=\"article\" \/>\n<meta property=\"og:title\" content=\"Malet\u00edn para port\u00e1til 15,4&quot;, negro - Swiss Peak\" \/>\n<meta property=\"og:description\" content=\"Podr\u00e1s llevar tu port\u00e1til de 15,4\u201d al trabajo sin problemas gracias a esta bolsa Swiss Peak de poli\u00e9ster 600D y 1680D. Incluye compartimento acolchado para el port\u00e1til, bolsillo separado para tablet o iPad y un bolsillo frontal con cremallera con organizador para bol\u00edgrafos y peque\u00f1os accesorios. Incluye accesorio para poder a\u00f1adirlo al tirador de una [&hellip;]\" \/>\n<meta property=\"og:url\" content=\"https:\/\/swiss-peak.com\/es\/producto\/maletin-para-portatil-154-negro\/\" \/>\n<meta property=\"og:site_name\" content=\"Swiss Peak\" \/>\n<meta property=\"article:modified_time\" content=\"2026-04-16T01:02:32+00:00\" \/>\n<meta property=\"og:image\" content=\"https:\/\/swiss-peak.com\/wp-content\/uploads\/sites\/9\/2026\/04\/P732.210__S_0__68a5a4536f9d4ccabaf9867aa3cadcc5.jpg\" \/>\n\t<meta property=\"og:image:width\" content=\"1024\" \/>\n\t<meta property=\"og:image:height\" content=\"1024\" \/>\n\t<meta property=\"og:image:type\" content=\"image\/jpeg\" \/>\n<meta name=\"twitter:card\" content=\"summary_large_image\" \/>\n<script type=\"application\/ld+json\" class=\"yoast-schema-graph\">{\"@context\":\"https:\/\/schema.org\",\"@graph\":[{\"@type\":\"WebPage\",\"@id\":\"https:\/\/swiss-peak.com\/es\/producto\/maletin-para-portatil-154-negro\/\",\"url\":\"https:\/\/swiss-peak.com\/es\/producto\/maletin-para-portatil-154-negro\/\",\"name\":\"Malet\u00edn para port\u00e1til 15,4\\\", negro - Swiss Peak\",\"isPartOf\":{\"@id\":\"https:\/\/swiss-peak.com\/es\/#website\"},\"primaryImageOfPage\":{\"@id\":\"https:\/\/swiss-peak.com\/es\/producto\/maletin-para-portatil-154-negro\/#primaryimage\"},\"image\":{\"@id\":\"https:\/\/swiss-peak.com\/es\/producto\/maletin-para-portatil-154-negro\/#primaryimage\"},\"thumbnailUrl\":\"https:\/\/swiss-peak.com\/wp-content\/uploads\/sites\/9\/2026\/04\/P732.210__S_0__68a5a4536f9d4ccabaf9867aa3cadcc5.jpg\",\"datePublished\":\"2023-03-14T10:02:39+00:00\",\"dateModified\":\"2026-04-16T01:02:32+00:00\",\"breadcrumb\":{\"@id\":\"https:\/\/swiss-peak.com\/es\/producto\/maletin-para-portatil-154-negro\/#breadcrumb\"},\"inLanguage\":\"es\",\"potentialAction\":[{\"@type\":\"ReadAction\",\"target\":[\"https:\/\/swiss-peak.com\/es\/producto\/maletin-para-portatil-154-negro\/\"]}]},{\"@type\":\"ImageObject\",\"inLanguage\":\"es\",\"@id\":\"https:\/\/swiss-peak.com\/es\/producto\/maletin-para-portatil-154-negro\/#primaryimage\",\"url\":\"https:\/\/swiss-peak.com\/wp-content\/uploads\/sites\/9\/2026\/04\/P732.210__S_0__68a5a4536f9d4ccabaf9867aa3cadcc5.jpg\",\"contentUrl\":\"https:\/\/swiss-peak.com\/wp-content\/uploads\/sites\/9\/2026\/04\/P732.210__S_0__68a5a4536f9d4ccabaf9867aa3cadcc5.jpg\",\"width\":1024,\"height\":1024},{\"@type\":\"BreadcrumbList\",\"@id\":\"https:\/\/swiss-peak.com\/es\/producto\/maletin-para-portatil-154-negro\/#breadcrumb\",\"itemListElement\":[{\"@type\":\"ListItem\",\"position\":1,\"name\":\"Home\",\"item\":\"https:\/\/swiss-peak.com\/es\/\"},{\"@type\":\"ListItem\",\"position\":2,\"name\":\"Colecci\u00f3n\",\"item\":\"https:\/\/swiss-peak.com\/es\/coleccion\/\"},{\"@type\":\"ListItem\",\"position\":3,\"name\":\"Malet\u00edn para port\u00e1til 15,4&#8243;, negro\"}]},{\"@type\":\"WebSite\",\"@id\":\"https:\/\/swiss-peak.com\/es\/#website\",\"url\":\"https:\/\/swiss-peak.com\/es\/\",\"name\":\"Swiss Peak\",\"description\":\"Where will today take you?\",\"potentialAction\":[{\"@type\":\"SearchAction\",\"target\":{\"@type\":\"EntryPoint\",\"urlTemplate\":\"https:\/\/swiss-peak.com\/es\/?s={search_term_string}\"},\"query-input\":{\"@type\":\"PropertyValueSpecification\",\"valueRequired\":true,\"valueName\":\"search_term_string\"}}],\"inLanguage\":\"es\"}]}<\/script>\n<!-- \/ Yoast SEO plugin. -->","yoast_head_json":{"title":"Malet\u00edn para port\u00e1til 15,4\", negro - Swiss Peak","robots":{"index":"index","follow":"follow","max-snippet":"max-snippet:-1","max-image-preview":"max-image-preview:large","max-video-preview":"max-video-preview:-1"},"canonical":"https:\/\/swiss-peak.com\/es\/producto\/maletin-para-portatil-154-negro\/","og_locale":"es_ES","og_type":"article","og_title":"Malet\u00edn para port\u00e1til 15,4\", negro - Swiss Peak","og_description":"Podr\u00e1s llevar tu port\u00e1til de 15,4\u201d al trabajo sin problemas gracias a esta bolsa Swiss Peak de poli\u00e9ster 600D y 1680D. Incluye compartimento acolchado para el port\u00e1til, bolsillo separado para tablet o iPad y un bolsillo frontal con cremallera con organizador para bol\u00edgrafos y peque\u00f1os accesorios. Incluye accesorio para poder a\u00f1adirlo al tirador de una [&hellip;]","og_url":"https:\/\/swiss-peak.com\/es\/producto\/maletin-para-portatil-154-negro\/","og_site_name":"Swiss Peak","article_modified_time":"2026-04-16T01:02:32+00:00","og_image":[{"width":1024,"height":1024,"url":"https:\/\/swiss-peak.com\/wp-content\/uploads\/sites\/9\/2026\/04\/P732.210__S_0__68a5a4536f9d4ccabaf9867aa3cadcc5.jpg","type":"image\/jpeg"}],"twitter_card":"summary_large_image","schema":{"@context":"https:\/\/schema.org","@graph":[{"@type":"WebPage","@id":"https:\/\/swiss-peak.com\/es\/producto\/maletin-para-portatil-154-negro\/","url":"https:\/\/swiss-peak.com\/es\/producto\/maletin-para-portatil-154-negro\/","name":"Malet\u00edn para port\u00e1til 15,4\", negro - Swiss Peak","isPartOf":{"@id":"https:\/\/swiss-peak.com\/es\/#website"},"primaryImageOfPage":{"@id":"https:\/\/swiss-peak.com\/es\/producto\/maletin-para-portatil-154-negro\/#primaryimage"},"image":{"@id":"https:\/\/swiss-peak.com\/es\/producto\/maletin-para-portatil-154-negro\/#primaryimage"},"thumbnailUrl":"https:\/\/swiss-peak.com\/wp-content\/uploads\/sites\/9\/2026\/04\/P732.210__S_0__68a5a4536f9d4ccabaf9867aa3cadcc5.jpg","datePublished":"2023-03-14T10:02:39+00:00","dateModified":"2026-04-16T01:02:32+00:00","breadcrumb":{"@id":"https:\/\/swiss-peak.com\/es\/producto\/maletin-para-portatil-154-negro\/#breadcrumb"},"inLanguage":"es","potentialAction":[{"@type":"ReadAction","target":["https:\/\/swiss-peak.com\/es\/producto\/maletin-para-portatil-154-negro\/"]}]},{"@type":"ImageObject","inLanguage":"es","@id":"https:\/\/swiss-peak.com\/es\/producto\/maletin-para-portatil-154-negro\/#primaryimage","url":"https:\/\/swiss-peak.com\/wp-content\/uploads\/sites\/9\/2026\/04\/P732.210__S_0__68a5a4536f9d4ccabaf9867aa3cadcc5.jpg","contentUrl":"https:\/\/swiss-peak.com\/wp-content\/uploads\/sites\/9\/2026\/04\/P732.210__S_0__68a5a4536f9d4ccabaf9867aa3cadcc5.jpg","width":1024,"height":1024},{"@type":"BreadcrumbList","@id":"https:\/\/swiss-peak.com\/es\/producto\/maletin-para-portatil-154-negro\/#breadcrumb","itemListElement":[{"@type":"ListItem","position":1,"name":"Home","item":"https:\/\/swiss-peak.com\/es\/"},{"@type":"ListItem","position":2,"name":"Colecci\u00f3n","item":"https:\/\/swiss-peak.com\/es\/coleccion\/"},{"@type":"ListItem","position":3,"name":"Malet\u00edn para port\u00e1til 15,4&#8243;, negro"}]},{"@type":"WebSite","@id":"https:\/\/swiss-peak.com\/es\/#website","url":"https:\/\/swiss-peak.com\/es\/","name":"Swiss Peak","description":"Where will today take you?","potentialAction":[{"@type":"SearchAction","target":{"@type":"EntryPoint","urlTemplate":"https:\/\/swiss-peak.com\/es\/?s={search_term_string}"},"query-input":{"@type":"PropertyValueSpecification","valueRequired":true,"valueName":"search_term_string"}}],"inLanguage":"es"}]}},"_links":{"self":[{"href":"https:\/\/swiss-peak.com\/es\/wp-json\/wp\/v2\/product\/15278","targetHints":{"allow":["GET"]}}],"collection":[{"href":"https:\/\/swiss-peak.com\/es\/wp-json\/wp\/v2\/product"}],"about":[{"href":"https:\/\/swiss-peak.com\/es\/wp-json\/wp\/v2\/types\/product"}],"wp:featuredmedia":[{"embeddable":true,"href":"https:\/\/swiss-peak.com\/es\/wp-json\/wp\/v2\/media\/46300"}],"wp:attachment":[{"href":"https:\/\/swiss-peak.com\/es\/wp-json\/wp\/v2\/media?parent=15278"}],"wp:term":[{"taxonomy":"product_cat","embeddable":true,"href":"https:\/\/swiss-peak.com\/es\/wp-json\/wp\/v2\/product_cat?post=15278"},{"taxonomy":"product_tag","embeddable":true,"href":"https:\/\/swiss-peak.com\/es\/wp-json\/wp\/v2\/product_tag?post=15278"}],"curies":[{"name":"wp","href":"https:\/\/api.w.org\/{rel}","templated":true}]}}