{"id":15277,"date":"2023-03-14T12:02:39","date_gmt":"2023-03-14T10:02:39","guid":{"rendered":"https:\/\/xdsomename.tempurl.host\/swisspeak-website\/collection\/sin%20categor\u00eda\/maletin-para-portatil-de-14-grs-pu-reciclado-swiss-peak-negro\/"},"modified":"2026-03-12T04:04:41","modified_gmt":"2026-03-12T02:04:41","slug":"maletin-para-portatil-de-14-grs-pu-reciclado-swiss-peak-negro","status":"publish","type":"product","link":"https:\/\/swiss-peak.com\/es\/producto\/maletin-para-portatil-de-14-grs-pu-reciclado-swiss-peak-negro\/","title":{"rendered":"Malet\u00edn para port\u00e1til de 14&#8243; GRS PU reciclado, negro"},"content":{"rendered":"<p>El malet\u00edn para port\u00e1til de 14 pulgadas de PU reciclado Swiss Peak GRS respira lujo moderno con un acabado suave en un tono negro intenso. Incluye una correa desmontable, herrajes de color oscuro y dos compartimentos frontales con cremallera. Fabricado con materiales reciclados certificados GRS. Hecho de 100% PU certificado GRS. La certificaci\u00f3n GRS garantiza una cadena de suministro completamente certificada de los materiales reciclados. Contenido reciclado total: 61% basado en el peso total del art\u00edculo. Libre de PVC.<\/p>\n","protected":false},"excerpt":{"rendered":"<p>El malet\u00edn para port\u00e1til de 14 pulgadas de PU reciclado Swiss Peak GRS respira lujo moderno con un acabado suave en un tono negro intenso. Incluye una correa desmontable, herrajes de color oscuro y dos compartimentos frontales con cremallera. Fabricado con materiales reciclados certificados GRS. Hecho de 100% PU certificado GRS. La certificaci\u00f3n GRS garantiza [&hellip;]<\/p>\n","protected":false},"featured_media":30604,"template":"","meta":{"_acf_changed":false},"product_cat":[293,290],"product_tag":[],"class_list":["post-15277","product","type-product","status-publish","has-post-thumbnail","hentry","product_cat-bolsas-portatil","product_cat-business-es","pa_color-black-es"],"acf":[],"yoast_head":"<!-- This site is optimized with the Yoast SEO plugin v27.0 - https:\/\/yoast.com\/product\/yoast-seo-wordpress\/ -->\n<title>Malet\u00edn para port\u00e1til de 14&quot; GRS PU reciclado, negro - Swiss Peak<\/title>\n<meta name=\"robots\" content=\"index, follow, max-snippet:-1, max-image-preview:large, max-video-preview:-1\" \/>\n<link rel=\"canonical\" href=\"https:\/\/swiss-peak.com\/es\/producto\/maletin-para-portatil-de-14-grs-pu-reciclado-swiss-peak-negro\/\" \/>\n<meta property=\"og:locale\" content=\"es_ES\" \/>\n<meta property=\"og:type\" content=\"article\" \/>\n<meta property=\"og:title\" content=\"Malet\u00edn para port\u00e1til de 14&quot; GRS PU reciclado, negro - Swiss Peak\" \/>\n<meta property=\"og:description\" content=\"El malet\u00edn para port\u00e1til de 14 pulgadas de PU reciclado Swiss Peak GRS respira lujo moderno con un acabado suave en un tono negro intenso. Incluye una correa desmontable, herrajes de color oscuro y dos compartimentos frontales con cremallera. Fabricado con materiales reciclados certificados GRS. Hecho de 100% PU certificado GRS. La certificaci\u00f3n GRS garantiza [&hellip;]\" \/>\n<meta property=\"og:url\" content=\"https:\/\/swiss-peak.com\/es\/producto\/maletin-para-portatil-de-14-grs-pu-reciclado-swiss-peak-negro\/\" \/>\n<meta property=\"og:site_name\" content=\"Swiss Peak\" \/>\n<meta property=\"article:modified_time\" content=\"2026-03-12T02:04:41+00:00\" \/>\n<meta property=\"og:image\" content=\"https:\/\/swiss-peak.com\/wp-content\/uploads\/sites\/9\/2024\/02\/P732.191__S_0__167be899c076462b8bd9efff5c49ed35.jpg\" \/>\n\t<meta property=\"og:image:width\" content=\"1024\" \/>\n\t<meta property=\"og:image:height\" content=\"1024\" \/>\n\t<meta property=\"og:image:type\" content=\"image\/jpeg\" \/>\n<meta name=\"twitter:card\" content=\"summary_large_image\" \/>\n<script type=\"application\/ld+json\" class=\"yoast-schema-graph\">{\"@context\":\"https:\/\/schema.org\",\"@graph\":[{\"@type\":\"WebPage\",\"@id\":\"https:\/\/swiss-peak.com\/es\/producto\/maletin-para-portatil-de-14-grs-pu-reciclado-swiss-peak-negro\/\",\"url\":\"https:\/\/swiss-peak.com\/es\/producto\/maletin-para-portatil-de-14-grs-pu-reciclado-swiss-peak-negro\/\",\"name\":\"Malet\u00edn para port\u00e1til de 14\\\" GRS PU reciclado, negro - Swiss Peak\",\"isPartOf\":{\"@id\":\"https:\/\/swiss-peak.com\/es\/#website\"},\"primaryImageOfPage\":{\"@id\":\"https:\/\/swiss-peak.com\/es\/producto\/maletin-para-portatil-de-14-grs-pu-reciclado-swiss-peak-negro\/#primaryimage\"},\"image\":{\"@id\":\"https:\/\/swiss-peak.com\/es\/producto\/maletin-para-portatil-de-14-grs-pu-reciclado-swiss-peak-negro\/#primaryimage\"},\"thumbnailUrl\":\"https:\/\/swiss-peak.com\/wp-content\/uploads\/sites\/9\/2024\/02\/P732.191__S_0__167be899c076462b8bd9efff5c49ed35.jpg\",\"datePublished\":\"2023-03-14T10:02:39+00:00\",\"dateModified\":\"2026-03-12T02:04:41+00:00\",\"breadcrumb\":{\"@id\":\"https:\/\/swiss-peak.com\/es\/producto\/maletin-para-portatil-de-14-grs-pu-reciclado-swiss-peak-negro\/#breadcrumb\"},\"inLanguage\":\"es\",\"potentialAction\":[{\"@type\":\"ReadAction\",\"target\":[\"https:\/\/swiss-peak.com\/es\/producto\/maletin-para-portatil-de-14-grs-pu-reciclado-swiss-peak-negro\/\"]}]},{\"@type\":\"ImageObject\",\"inLanguage\":\"es\",\"@id\":\"https:\/\/swiss-peak.com\/es\/producto\/maletin-para-portatil-de-14-grs-pu-reciclado-swiss-peak-negro\/#primaryimage\",\"url\":\"https:\/\/swiss-peak.com\/wp-content\/uploads\/sites\/9\/2024\/02\/P732.191__S_0__167be899c076462b8bd9efff5c49ed35.jpg\",\"contentUrl\":\"https:\/\/swiss-peak.com\/wp-content\/uploads\/sites\/9\/2024\/02\/P732.191__S_0__167be899c076462b8bd9efff5c49ed35.jpg\",\"width\":1024,\"height\":1024},{\"@type\":\"BreadcrumbList\",\"@id\":\"https:\/\/swiss-peak.com\/es\/producto\/maletin-para-portatil-de-14-grs-pu-reciclado-swiss-peak-negro\/#breadcrumb\",\"itemListElement\":[{\"@type\":\"ListItem\",\"position\":1,\"name\":\"Home\",\"item\":\"https:\/\/swiss-peak.com\/es\/\"},{\"@type\":\"ListItem\",\"position\":2,\"name\":\"Colecci\u00f3n\",\"item\":\"https:\/\/swiss-peak.com\/es\/coleccion\/\"},{\"@type\":\"ListItem\",\"position\":3,\"name\":\"Malet\u00edn para port\u00e1til de 14&#8243; GRS PU reciclado, negro\"}]},{\"@type\":\"WebSite\",\"@id\":\"https:\/\/swiss-peak.com\/es\/#website\",\"url\":\"https:\/\/swiss-peak.com\/es\/\",\"name\":\"Swiss Peak\",\"description\":\"Where will today take you?\",\"potentialAction\":[{\"@type\":\"SearchAction\",\"target\":{\"@type\":\"EntryPoint\",\"urlTemplate\":\"https:\/\/swiss-peak.com\/es\/?s={search_term_string}\"},\"query-input\":{\"@type\":\"PropertyValueSpecification\",\"valueRequired\":true,\"valueName\":\"search_term_string\"}}],\"inLanguage\":\"es\"}]}<\/script>\n<!-- \/ Yoast SEO plugin. -->","yoast_head_json":{"title":"Malet\u00edn para port\u00e1til de 14\" GRS PU reciclado, negro - Swiss Peak","robots":{"index":"index","follow":"follow","max-snippet":"max-snippet:-1","max-image-preview":"max-image-preview:large","max-video-preview":"max-video-preview:-1"},"canonical":"https:\/\/swiss-peak.com\/es\/producto\/maletin-para-portatil-de-14-grs-pu-reciclado-swiss-peak-negro\/","og_locale":"es_ES","og_type":"article","og_title":"Malet\u00edn para port\u00e1til de 14\" GRS PU reciclado, negro - Swiss Peak","og_description":"El malet\u00edn para port\u00e1til de 14 pulgadas de PU reciclado Swiss Peak GRS respira lujo moderno con un acabado suave en un tono negro intenso. Incluye una correa desmontable, herrajes de color oscuro y dos compartimentos frontales con cremallera. Fabricado con materiales reciclados certificados GRS. Hecho de 100% PU certificado GRS. La certificaci\u00f3n GRS garantiza [&hellip;]","og_url":"https:\/\/swiss-peak.com\/es\/producto\/maletin-para-portatil-de-14-grs-pu-reciclado-swiss-peak-negro\/","og_site_name":"Swiss Peak","article_modified_time":"2026-03-12T02:04:41+00:00","og_image":[{"width":1024,"height":1024,"url":"https:\/\/swiss-peak.com\/wp-content\/uploads\/sites\/9\/2024\/02\/P732.191__S_0__167be899c076462b8bd9efff5c49ed35.jpg","type":"image\/jpeg"}],"twitter_card":"summary_large_image","schema":{"@context":"https:\/\/schema.org","@graph":[{"@type":"WebPage","@id":"https:\/\/swiss-peak.com\/es\/producto\/maletin-para-portatil-de-14-grs-pu-reciclado-swiss-peak-negro\/","url":"https:\/\/swiss-peak.com\/es\/producto\/maletin-para-portatil-de-14-grs-pu-reciclado-swiss-peak-negro\/","name":"Malet\u00edn para port\u00e1til de 14\" GRS PU reciclado, negro - Swiss Peak","isPartOf":{"@id":"https:\/\/swiss-peak.com\/es\/#website"},"primaryImageOfPage":{"@id":"https:\/\/swiss-peak.com\/es\/producto\/maletin-para-portatil-de-14-grs-pu-reciclado-swiss-peak-negro\/#primaryimage"},"image":{"@id":"https:\/\/swiss-peak.com\/es\/producto\/maletin-para-portatil-de-14-grs-pu-reciclado-swiss-peak-negro\/#primaryimage"},"thumbnailUrl":"https:\/\/swiss-peak.com\/wp-content\/uploads\/sites\/9\/2024\/02\/P732.191__S_0__167be899c076462b8bd9efff5c49ed35.jpg","datePublished":"2023-03-14T10:02:39+00:00","dateModified":"2026-03-12T02:04:41+00:00","breadcrumb":{"@id":"https:\/\/swiss-peak.com\/es\/producto\/maletin-para-portatil-de-14-grs-pu-reciclado-swiss-peak-negro\/#breadcrumb"},"inLanguage":"es","potentialAction":[{"@type":"ReadAction","target":["https:\/\/swiss-peak.com\/es\/producto\/maletin-para-portatil-de-14-grs-pu-reciclado-swiss-peak-negro\/"]}]},{"@type":"ImageObject","inLanguage":"es","@id":"https:\/\/swiss-peak.com\/es\/producto\/maletin-para-portatil-de-14-grs-pu-reciclado-swiss-peak-negro\/#primaryimage","url":"https:\/\/swiss-peak.com\/wp-content\/uploads\/sites\/9\/2024\/02\/P732.191__S_0__167be899c076462b8bd9efff5c49ed35.jpg","contentUrl":"https:\/\/swiss-peak.com\/wp-content\/uploads\/sites\/9\/2024\/02\/P732.191__S_0__167be899c076462b8bd9efff5c49ed35.jpg","width":1024,"height":1024},{"@type":"BreadcrumbList","@id":"https:\/\/swiss-peak.com\/es\/producto\/maletin-para-portatil-de-14-grs-pu-reciclado-swiss-peak-negro\/#breadcrumb","itemListElement":[{"@type":"ListItem","position":1,"name":"Home","item":"https:\/\/swiss-peak.com\/es\/"},{"@type":"ListItem","position":2,"name":"Colecci\u00f3n","item":"https:\/\/swiss-peak.com\/es\/coleccion\/"},{"@type":"ListItem","position":3,"name":"Malet\u00edn para port\u00e1til de 14&#8243; GRS PU reciclado, negro"}]},{"@type":"WebSite","@id":"https:\/\/swiss-peak.com\/es\/#website","url":"https:\/\/swiss-peak.com\/es\/","name":"Swiss Peak","description":"Where will today take you?","potentialAction":[{"@type":"SearchAction","target":{"@type":"EntryPoint","urlTemplate":"https:\/\/swiss-peak.com\/es\/?s={search_term_string}"},"query-input":{"@type":"PropertyValueSpecification","valueRequired":true,"valueName":"search_term_string"}}],"inLanguage":"es"}]}},"_links":{"self":[{"href":"https:\/\/swiss-peak.com\/es\/wp-json\/wp\/v2\/product\/15277","targetHints":{"allow":["GET"]}}],"collection":[{"href":"https:\/\/swiss-peak.com\/es\/wp-json\/wp\/v2\/product"}],"about":[{"href":"https:\/\/swiss-peak.com\/es\/wp-json\/wp\/v2\/types\/product"}],"wp:featuredmedia":[{"embeddable":true,"href":"https:\/\/swiss-peak.com\/es\/wp-json\/wp\/v2\/media\/30604"}],"wp:attachment":[{"href":"https:\/\/swiss-peak.com\/es\/wp-json\/wp\/v2\/media?parent=15277"}],"wp:term":[{"taxonomy":"product_cat","embeddable":true,"href":"https:\/\/swiss-peak.com\/es\/wp-json\/wp\/v2\/product_cat?post=15277"},{"taxonomy":"product_tag","embeddable":true,"href":"https:\/\/swiss-peak.com\/es\/wp-json\/wp\/v2\/product_tag?post=15277"}],"curies":[{"name":"wp","href":"https:\/\/api.w.org\/{rel}","templated":true}]}}