{"id":15252,"date":"2023-03-14T12:01:49","date_gmt":"2023-03-14T10:01:49","guid":{"rendered":"https:\/\/xdsomename.tempurl.host\/swisspeak-website\/collection\/sin%20categor\u00eda\/tupper-elite-al-vacio-negro\/"},"modified":"2026-03-12T04:03:02","modified_gmt":"2026-03-12T02:03:02","slug":"tupper-elite-al-vacio-negro","status":"publish","type":"product","link":"https:\/\/swiss-peak.com\/es\/producto\/tupper-elite-al-vacio-negro\/","title":{"rendered":"Tupper Elite al vac\u00edo, negro"},"content":{"rendered":"<p>La serie Swiss Peak Elite tiene aislamiento al vac\u00edo y doble pared de acero inoxidable de 18\/8 grados. El color negro con recubrimiento en polvo est\u00e1 hecho para durar!. No se desgasta ni se agrieta! La pared interna est\u00e1 chapada con cobre para una conductividad m\u00e1xima para mantener las bebidas calientes durante 8 horas y las fr\u00edas durante 24 horas. Este recipiente de comida mantiene la comida caliente o fr\u00eda durante todo el d\u00eda! Incluye una cuchara SS 18\/8. Lavar \u00fanicamente a mano. Antigoteo. Contenido 500 ml.<\/p>\n","protected":false},"excerpt":{"rendered":"<p>La serie Swiss Peak Elite tiene aislamiento al vac\u00edo y doble pared de acero inoxidable de 18\/8 grados. El color negro con recubrimiento en polvo est\u00e1 hecho para durar!. No se desgasta ni se agrieta! La pared interna est\u00e1 chapada con cobre para una conductividad m\u00e1xima para mantener las bebidas calientes durante 8 horas y [&hellip;]<\/p>\n","protected":false},"featured_media":25403,"template":"","meta":{"_acf_changed":false},"product_cat":[316,309],"product_tag":[],"class_list":["post-15252","product","type-product","status-publish","has-post-thumbnail","hentry","product_cat-articulos-de-bebida","product_cat-ocio-deporte","pa_color-black-es"],"acf":[],"yoast_head":"<!-- This site is optimized with the Yoast SEO plugin v27.0 - https:\/\/yoast.com\/product\/yoast-seo-wordpress\/ -->\n<title>Tupper Elite al vac\u00edo, negro - Swiss Peak<\/title>\n<meta name=\"robots\" content=\"index, follow, max-snippet:-1, max-image-preview:large, max-video-preview:-1\" \/>\n<link rel=\"canonical\" href=\"https:\/\/swiss-peak.com\/es\/producto\/tupper-elite-al-vacio-negro\/\" \/>\n<meta property=\"og:locale\" content=\"es_ES\" \/>\n<meta property=\"og:type\" content=\"article\" \/>\n<meta property=\"og:title\" content=\"Tupper Elite al vac\u00edo, negro - Swiss Peak\" \/>\n<meta property=\"og:description\" content=\"La serie Swiss Peak Elite tiene aislamiento al vac\u00edo y doble pared de acero inoxidable de 18\/8 grados. El color negro con recubrimiento en polvo est\u00e1 hecho para durar!. No se desgasta ni se agrieta! La pared interna est\u00e1 chapada con cobre para una conductividad m\u00e1xima para mantener las bebidas calientes durante 8 horas y [&hellip;]\" \/>\n<meta property=\"og:url\" content=\"https:\/\/swiss-peak.com\/es\/producto\/tupper-elite-al-vacio-negro\/\" \/>\n<meta property=\"og:site_name\" content=\"Swiss Peak\" \/>\n<meta property=\"article:modified_time\" content=\"2026-03-12T02:03:02+00:00\" \/>\n<meta property=\"og:image\" content=\"https:\/\/swiss-peak.com\/wp-content\/uploads\/sites\/9\/2024\/02\/P432.981__S_0__aeb68d421a594f40b5039737b776bcad.jpg\" \/>\n\t<meta property=\"og:image:width\" content=\"1024\" \/>\n\t<meta property=\"og:image:height\" content=\"1024\" \/>\n\t<meta property=\"og:image:type\" content=\"image\/jpeg\" \/>\n<meta name=\"twitter:card\" content=\"summary_large_image\" \/>\n<script type=\"application\/ld+json\" class=\"yoast-schema-graph\">{\"@context\":\"https:\/\/schema.org\",\"@graph\":[{\"@type\":\"WebPage\",\"@id\":\"https:\/\/swiss-peak.com\/es\/producto\/tupper-elite-al-vacio-negro\/\",\"url\":\"https:\/\/swiss-peak.com\/es\/producto\/tupper-elite-al-vacio-negro\/\",\"name\":\"Tupper Elite al vac\u00edo, negro - Swiss Peak\",\"isPartOf\":{\"@id\":\"https:\/\/swiss-peak.com\/es\/#website\"},\"primaryImageOfPage\":{\"@id\":\"https:\/\/swiss-peak.com\/es\/producto\/tupper-elite-al-vacio-negro\/#primaryimage\"},\"image\":{\"@id\":\"https:\/\/swiss-peak.com\/es\/producto\/tupper-elite-al-vacio-negro\/#primaryimage\"},\"thumbnailUrl\":\"https:\/\/swiss-peak.com\/wp-content\/uploads\/sites\/9\/2024\/02\/P432.981__S_0__aeb68d421a594f40b5039737b776bcad.jpg\",\"datePublished\":\"2023-03-14T10:01:49+00:00\",\"dateModified\":\"2026-03-12T02:03:02+00:00\",\"breadcrumb\":{\"@id\":\"https:\/\/swiss-peak.com\/es\/producto\/tupper-elite-al-vacio-negro\/#breadcrumb\"},\"inLanguage\":\"es\",\"potentialAction\":[{\"@type\":\"ReadAction\",\"target\":[\"https:\/\/swiss-peak.com\/es\/producto\/tupper-elite-al-vacio-negro\/\"]}]},{\"@type\":\"ImageObject\",\"inLanguage\":\"es\",\"@id\":\"https:\/\/swiss-peak.com\/es\/producto\/tupper-elite-al-vacio-negro\/#primaryimage\",\"url\":\"https:\/\/swiss-peak.com\/wp-content\/uploads\/sites\/9\/2024\/02\/P432.981__S_0__aeb68d421a594f40b5039737b776bcad.jpg\",\"contentUrl\":\"https:\/\/swiss-peak.com\/wp-content\/uploads\/sites\/9\/2024\/02\/P432.981__S_0__aeb68d421a594f40b5039737b776bcad.jpg\",\"width\":1024,\"height\":1024},{\"@type\":\"BreadcrumbList\",\"@id\":\"https:\/\/swiss-peak.com\/es\/producto\/tupper-elite-al-vacio-negro\/#breadcrumb\",\"itemListElement\":[{\"@type\":\"ListItem\",\"position\":1,\"name\":\"Home\",\"item\":\"https:\/\/swiss-peak.com\/es\/\"},{\"@type\":\"ListItem\",\"position\":2,\"name\":\"Colecci\u00f3n\",\"item\":\"https:\/\/swiss-peak.com\/es\/coleccion\/\"},{\"@type\":\"ListItem\",\"position\":3,\"name\":\"Tupper Elite al vac\u00edo, negro\"}]},{\"@type\":\"WebSite\",\"@id\":\"https:\/\/swiss-peak.com\/es\/#website\",\"url\":\"https:\/\/swiss-peak.com\/es\/\",\"name\":\"Swiss Peak\",\"description\":\"Where will today take you?\",\"potentialAction\":[{\"@type\":\"SearchAction\",\"target\":{\"@type\":\"EntryPoint\",\"urlTemplate\":\"https:\/\/swiss-peak.com\/es\/?s={search_term_string}\"},\"query-input\":{\"@type\":\"PropertyValueSpecification\",\"valueRequired\":true,\"valueName\":\"search_term_string\"}}],\"inLanguage\":\"es\"}]}<\/script>\n<!-- \/ Yoast SEO plugin. -->","yoast_head_json":{"title":"Tupper Elite al vac\u00edo, negro - Swiss Peak","robots":{"index":"index","follow":"follow","max-snippet":"max-snippet:-1","max-image-preview":"max-image-preview:large","max-video-preview":"max-video-preview:-1"},"canonical":"https:\/\/swiss-peak.com\/es\/producto\/tupper-elite-al-vacio-negro\/","og_locale":"es_ES","og_type":"article","og_title":"Tupper Elite al vac\u00edo, negro - Swiss Peak","og_description":"La serie Swiss Peak Elite tiene aislamiento al vac\u00edo y doble pared de acero inoxidable de 18\/8 grados. El color negro con recubrimiento en polvo est\u00e1 hecho para durar!. No se desgasta ni se agrieta! La pared interna est\u00e1 chapada con cobre para una conductividad m\u00e1xima para mantener las bebidas calientes durante 8 horas y [&hellip;]","og_url":"https:\/\/swiss-peak.com\/es\/producto\/tupper-elite-al-vacio-negro\/","og_site_name":"Swiss Peak","article_modified_time":"2026-03-12T02:03:02+00:00","og_image":[{"width":1024,"height":1024,"url":"https:\/\/swiss-peak.com\/wp-content\/uploads\/sites\/9\/2024\/02\/P432.981__S_0__aeb68d421a594f40b5039737b776bcad.jpg","type":"image\/jpeg"}],"twitter_card":"summary_large_image","schema":{"@context":"https:\/\/schema.org","@graph":[{"@type":"WebPage","@id":"https:\/\/swiss-peak.com\/es\/producto\/tupper-elite-al-vacio-negro\/","url":"https:\/\/swiss-peak.com\/es\/producto\/tupper-elite-al-vacio-negro\/","name":"Tupper Elite al vac\u00edo, negro - Swiss Peak","isPartOf":{"@id":"https:\/\/swiss-peak.com\/es\/#website"},"primaryImageOfPage":{"@id":"https:\/\/swiss-peak.com\/es\/producto\/tupper-elite-al-vacio-negro\/#primaryimage"},"image":{"@id":"https:\/\/swiss-peak.com\/es\/producto\/tupper-elite-al-vacio-negro\/#primaryimage"},"thumbnailUrl":"https:\/\/swiss-peak.com\/wp-content\/uploads\/sites\/9\/2024\/02\/P432.981__S_0__aeb68d421a594f40b5039737b776bcad.jpg","datePublished":"2023-03-14T10:01:49+00:00","dateModified":"2026-03-12T02:03:02+00:00","breadcrumb":{"@id":"https:\/\/swiss-peak.com\/es\/producto\/tupper-elite-al-vacio-negro\/#breadcrumb"},"inLanguage":"es","potentialAction":[{"@type":"ReadAction","target":["https:\/\/swiss-peak.com\/es\/producto\/tupper-elite-al-vacio-negro\/"]}]},{"@type":"ImageObject","inLanguage":"es","@id":"https:\/\/swiss-peak.com\/es\/producto\/tupper-elite-al-vacio-negro\/#primaryimage","url":"https:\/\/swiss-peak.com\/wp-content\/uploads\/sites\/9\/2024\/02\/P432.981__S_0__aeb68d421a594f40b5039737b776bcad.jpg","contentUrl":"https:\/\/swiss-peak.com\/wp-content\/uploads\/sites\/9\/2024\/02\/P432.981__S_0__aeb68d421a594f40b5039737b776bcad.jpg","width":1024,"height":1024},{"@type":"BreadcrumbList","@id":"https:\/\/swiss-peak.com\/es\/producto\/tupper-elite-al-vacio-negro\/#breadcrumb","itemListElement":[{"@type":"ListItem","position":1,"name":"Home","item":"https:\/\/swiss-peak.com\/es\/"},{"@type":"ListItem","position":2,"name":"Colecci\u00f3n","item":"https:\/\/swiss-peak.com\/es\/coleccion\/"},{"@type":"ListItem","position":3,"name":"Tupper Elite al vac\u00edo, negro"}]},{"@type":"WebSite","@id":"https:\/\/swiss-peak.com\/es\/#website","url":"https:\/\/swiss-peak.com\/es\/","name":"Swiss Peak","description":"Where will today take you?","potentialAction":[{"@type":"SearchAction","target":{"@type":"EntryPoint","urlTemplate":"https:\/\/swiss-peak.com\/es\/?s={search_term_string}"},"query-input":{"@type":"PropertyValueSpecification","valueRequired":true,"valueName":"search_term_string"}}],"inLanguage":"es"}]}},"_links":{"self":[{"href":"https:\/\/swiss-peak.com\/es\/wp-json\/wp\/v2\/product\/15252","targetHints":{"allow":["GET"]}}],"collection":[{"href":"https:\/\/swiss-peak.com\/es\/wp-json\/wp\/v2\/product"}],"about":[{"href":"https:\/\/swiss-peak.com\/es\/wp-json\/wp\/v2\/types\/product"}],"wp:featuredmedia":[{"embeddable":true,"href":"https:\/\/swiss-peak.com\/es\/wp-json\/wp\/v2\/media\/25403"}],"wp:attachment":[{"href":"https:\/\/swiss-peak.com\/es\/wp-json\/wp\/v2\/media?parent=15252"}],"wp:term":[{"taxonomy":"product_cat","embeddable":true,"href":"https:\/\/swiss-peak.com\/es\/wp-json\/wp\/v2\/product_cat?post=15252"},{"taxonomy":"product_tag","embeddable":true,"href":"https:\/\/swiss-peak.com\/es\/wp-json\/wp\/v2\/product_tag?post=15252"}],"curies":[{"name":"wp","href":"https:\/\/api.w.org\/{rel}","templated":true}]}}