{"id":15250,"date":"2023-03-14T12:01:49","date_gmt":"2023-03-14T10:01:49","guid":{"rendered":"https:\/\/xdsomename.tempurl.host\/swisspeak-website\/collection\/sin%20categor\u00eda\/lujosa-mochila-nevera-aware-1200d-negro\/"},"modified":"2026-03-12T04:02:59","modified_gmt":"2026-03-12T02:02:59","slug":"lujosa-mochila-nevera-aware-1200d-negro","status":"publish","type":"product","link":"https:\/\/swiss-peak.com\/es\/producto\/lujosa-mochila-nevera-aware-1200d-negro\/","title":{"rendered":"Lujosa mochila nevera AWARE\u2122 1200D, negro"},"content":{"rendered":"<p>Esta mochila nevera de lujo Swiss Peak AWARE\u2122 estar\u00e1 donde necesites una bebida o una comida fr\u00eda. La mochila cuenta con una abertura de boca ancha para facilitar el acceso a tus alimentos y bebidas. Un bolsillo superior con cremallera asegura que puedas guardar todas tus necesidades. Se adapta hasta 6 botellas o 25 latas. Con trazador AWARE\u2122 que valida el uso genuino de materiales reciclados. Est\u00e1 fabricada con 13,9 botellas PET. El 2% de las ganancias de cada producto AWARE\u2122 vendido se donar\u00e1 a Water.org. Composici\u00f3n exterior 100% poli\u00e9ster reciclado. Forro en PEVA.<\/p>\n","protected":false},"excerpt":{"rendered":"<p>Esta mochila nevera de lujo Swiss Peak AWARE\u2122 estar\u00e1 donde necesites una bebida o una comida fr\u00eda. La mochila cuenta con una abertura de boca ancha para facilitar el acceso a tus alimentos y bebidas. Un bolsillo superior con cremallera asegura que puedas guardar todas tus necesidades. Se adapta hasta 6 botellas o 25 latas. [&hellip;]<\/p>\n","protected":false},"featured_media":25088,"template":"","meta":{"_acf_changed":false},"product_cat":[254,261,260],"product_tag":[],"class_list":["post-15250","product","type-product","status-publish","has-post-thumbnail","hentry","product_cat-bolsas-viaje","product_cat-bolsas-para-neveras","product_cat-mochilas","pa_color-black-es"],"acf":[],"yoast_head":"<!-- This site is optimized with the Yoast SEO plugin v27.0 - https:\/\/yoast.com\/product\/yoast-seo-wordpress\/ -->\n<title>Lujosa mochila nevera AWARE\u2122 1200D, negro - Swiss Peak<\/title>\n<meta name=\"robots\" content=\"index, follow, max-snippet:-1, max-image-preview:large, max-video-preview:-1\" \/>\n<link rel=\"canonical\" href=\"https:\/\/swiss-peak.com\/es\/producto\/lujosa-mochila-nevera-aware-1200d-negro\/\" \/>\n<meta property=\"og:locale\" content=\"es_ES\" \/>\n<meta property=\"og:type\" content=\"article\" \/>\n<meta property=\"og:title\" content=\"Lujosa mochila nevera AWARE\u2122 1200D, negro - Swiss Peak\" \/>\n<meta property=\"og:description\" content=\"Esta mochila nevera de lujo Swiss Peak AWARE\u2122 estar\u00e1 donde necesites una bebida o una comida fr\u00eda. La mochila cuenta con una abertura de boca ancha para facilitar el acceso a tus alimentos y bebidas. Un bolsillo superior con cremallera asegura que puedas guardar todas tus necesidades. Se adapta hasta 6 botellas o 25 latas. [&hellip;]\" \/>\n<meta property=\"og:url\" content=\"https:\/\/swiss-peak.com\/es\/producto\/lujosa-mochila-nevera-aware-1200d-negro\/\" \/>\n<meta property=\"og:site_name\" content=\"Swiss Peak\" \/>\n<meta property=\"article:modified_time\" content=\"2026-03-12T02:02:59+00:00\" \/>\n<meta property=\"og:image\" content=\"https:\/\/swiss-peak.com\/wp-content\/uploads\/sites\/9\/2024\/02\/P422.431__S_0__09df194b4b764465b99588d4c48da844.jpg\" \/>\n\t<meta property=\"og:image:width\" content=\"1024\" \/>\n\t<meta property=\"og:image:height\" content=\"1024\" \/>\n\t<meta property=\"og:image:type\" content=\"image\/jpeg\" \/>\n<meta name=\"twitter:card\" content=\"summary_large_image\" \/>\n<script type=\"application\/ld+json\" class=\"yoast-schema-graph\">{\"@context\":\"https:\/\/schema.org\",\"@graph\":[{\"@type\":\"WebPage\",\"@id\":\"https:\/\/swiss-peak.com\/es\/producto\/lujosa-mochila-nevera-aware-1200d-negro\/\",\"url\":\"https:\/\/swiss-peak.com\/es\/producto\/lujosa-mochila-nevera-aware-1200d-negro\/\",\"name\":\"Lujosa mochila nevera AWARE\u2122 1200D, negro - Swiss Peak\",\"isPartOf\":{\"@id\":\"https:\/\/swiss-peak.com\/es\/#website\"},\"primaryImageOfPage\":{\"@id\":\"https:\/\/swiss-peak.com\/es\/producto\/lujosa-mochila-nevera-aware-1200d-negro\/#primaryimage\"},\"image\":{\"@id\":\"https:\/\/swiss-peak.com\/es\/producto\/lujosa-mochila-nevera-aware-1200d-negro\/#primaryimage\"},\"thumbnailUrl\":\"https:\/\/swiss-peak.com\/wp-content\/uploads\/sites\/9\/2024\/02\/P422.431__S_0__09df194b4b764465b99588d4c48da844.jpg\",\"datePublished\":\"2023-03-14T10:01:49+00:00\",\"dateModified\":\"2026-03-12T02:02:59+00:00\",\"breadcrumb\":{\"@id\":\"https:\/\/swiss-peak.com\/es\/producto\/lujosa-mochila-nevera-aware-1200d-negro\/#breadcrumb\"},\"inLanguage\":\"es\",\"potentialAction\":[{\"@type\":\"ReadAction\",\"target\":[\"https:\/\/swiss-peak.com\/es\/producto\/lujosa-mochila-nevera-aware-1200d-negro\/\"]}]},{\"@type\":\"ImageObject\",\"inLanguage\":\"es\",\"@id\":\"https:\/\/swiss-peak.com\/es\/producto\/lujosa-mochila-nevera-aware-1200d-negro\/#primaryimage\",\"url\":\"https:\/\/swiss-peak.com\/wp-content\/uploads\/sites\/9\/2024\/02\/P422.431__S_0__09df194b4b764465b99588d4c48da844.jpg\",\"contentUrl\":\"https:\/\/swiss-peak.com\/wp-content\/uploads\/sites\/9\/2024\/02\/P422.431__S_0__09df194b4b764465b99588d4c48da844.jpg\",\"width\":1024,\"height\":1024},{\"@type\":\"BreadcrumbList\",\"@id\":\"https:\/\/swiss-peak.com\/es\/producto\/lujosa-mochila-nevera-aware-1200d-negro\/#breadcrumb\",\"itemListElement\":[{\"@type\":\"ListItem\",\"position\":1,\"name\":\"Home\",\"item\":\"https:\/\/swiss-peak.com\/es\/\"},{\"@type\":\"ListItem\",\"position\":2,\"name\":\"Colecci\u00f3n\",\"item\":\"https:\/\/swiss-peak.com\/es\/coleccion\/\"},{\"@type\":\"ListItem\",\"position\":3,\"name\":\"Lujosa mochila nevera AWARE\u2122 1200D, negro\"}]},{\"@type\":\"WebSite\",\"@id\":\"https:\/\/swiss-peak.com\/es\/#website\",\"url\":\"https:\/\/swiss-peak.com\/es\/\",\"name\":\"Swiss Peak\",\"description\":\"Where will today take you?\",\"potentialAction\":[{\"@type\":\"SearchAction\",\"target\":{\"@type\":\"EntryPoint\",\"urlTemplate\":\"https:\/\/swiss-peak.com\/es\/?s={search_term_string}\"},\"query-input\":{\"@type\":\"PropertyValueSpecification\",\"valueRequired\":true,\"valueName\":\"search_term_string\"}}],\"inLanguage\":\"es\"}]}<\/script>\n<!-- \/ Yoast SEO plugin. -->","yoast_head_json":{"title":"Lujosa mochila nevera AWARE\u2122 1200D, negro - Swiss Peak","robots":{"index":"index","follow":"follow","max-snippet":"max-snippet:-1","max-image-preview":"max-image-preview:large","max-video-preview":"max-video-preview:-1"},"canonical":"https:\/\/swiss-peak.com\/es\/producto\/lujosa-mochila-nevera-aware-1200d-negro\/","og_locale":"es_ES","og_type":"article","og_title":"Lujosa mochila nevera AWARE\u2122 1200D, negro - Swiss Peak","og_description":"Esta mochila nevera de lujo Swiss Peak AWARE\u2122 estar\u00e1 donde necesites una bebida o una comida fr\u00eda. La mochila cuenta con una abertura de boca ancha para facilitar el acceso a tus alimentos y bebidas. Un bolsillo superior con cremallera asegura que puedas guardar todas tus necesidades. Se adapta hasta 6 botellas o 25 latas. [&hellip;]","og_url":"https:\/\/swiss-peak.com\/es\/producto\/lujosa-mochila-nevera-aware-1200d-negro\/","og_site_name":"Swiss Peak","article_modified_time":"2026-03-12T02:02:59+00:00","og_image":[{"width":1024,"height":1024,"url":"https:\/\/swiss-peak.com\/wp-content\/uploads\/sites\/9\/2024\/02\/P422.431__S_0__09df194b4b764465b99588d4c48da844.jpg","type":"image\/jpeg"}],"twitter_card":"summary_large_image","schema":{"@context":"https:\/\/schema.org","@graph":[{"@type":"WebPage","@id":"https:\/\/swiss-peak.com\/es\/producto\/lujosa-mochila-nevera-aware-1200d-negro\/","url":"https:\/\/swiss-peak.com\/es\/producto\/lujosa-mochila-nevera-aware-1200d-negro\/","name":"Lujosa mochila nevera AWARE\u2122 1200D, negro - Swiss Peak","isPartOf":{"@id":"https:\/\/swiss-peak.com\/es\/#website"},"primaryImageOfPage":{"@id":"https:\/\/swiss-peak.com\/es\/producto\/lujosa-mochila-nevera-aware-1200d-negro\/#primaryimage"},"image":{"@id":"https:\/\/swiss-peak.com\/es\/producto\/lujosa-mochila-nevera-aware-1200d-negro\/#primaryimage"},"thumbnailUrl":"https:\/\/swiss-peak.com\/wp-content\/uploads\/sites\/9\/2024\/02\/P422.431__S_0__09df194b4b764465b99588d4c48da844.jpg","datePublished":"2023-03-14T10:01:49+00:00","dateModified":"2026-03-12T02:02:59+00:00","breadcrumb":{"@id":"https:\/\/swiss-peak.com\/es\/producto\/lujosa-mochila-nevera-aware-1200d-negro\/#breadcrumb"},"inLanguage":"es","potentialAction":[{"@type":"ReadAction","target":["https:\/\/swiss-peak.com\/es\/producto\/lujosa-mochila-nevera-aware-1200d-negro\/"]}]},{"@type":"ImageObject","inLanguage":"es","@id":"https:\/\/swiss-peak.com\/es\/producto\/lujosa-mochila-nevera-aware-1200d-negro\/#primaryimage","url":"https:\/\/swiss-peak.com\/wp-content\/uploads\/sites\/9\/2024\/02\/P422.431__S_0__09df194b4b764465b99588d4c48da844.jpg","contentUrl":"https:\/\/swiss-peak.com\/wp-content\/uploads\/sites\/9\/2024\/02\/P422.431__S_0__09df194b4b764465b99588d4c48da844.jpg","width":1024,"height":1024},{"@type":"BreadcrumbList","@id":"https:\/\/swiss-peak.com\/es\/producto\/lujosa-mochila-nevera-aware-1200d-negro\/#breadcrumb","itemListElement":[{"@type":"ListItem","position":1,"name":"Home","item":"https:\/\/swiss-peak.com\/es\/"},{"@type":"ListItem","position":2,"name":"Colecci\u00f3n","item":"https:\/\/swiss-peak.com\/es\/coleccion\/"},{"@type":"ListItem","position":3,"name":"Lujosa mochila nevera AWARE\u2122 1200D, negro"}]},{"@type":"WebSite","@id":"https:\/\/swiss-peak.com\/es\/#website","url":"https:\/\/swiss-peak.com\/es\/","name":"Swiss Peak","description":"Where will today take you?","potentialAction":[{"@type":"SearchAction","target":{"@type":"EntryPoint","urlTemplate":"https:\/\/swiss-peak.com\/es\/?s={search_term_string}"},"query-input":{"@type":"PropertyValueSpecification","valueRequired":true,"valueName":"search_term_string"}}],"inLanguage":"es"}]}},"_links":{"self":[{"href":"https:\/\/swiss-peak.com\/es\/wp-json\/wp\/v2\/product\/15250","targetHints":{"allow":["GET"]}}],"collection":[{"href":"https:\/\/swiss-peak.com\/es\/wp-json\/wp\/v2\/product"}],"about":[{"href":"https:\/\/swiss-peak.com\/es\/wp-json\/wp\/v2\/types\/product"}],"wp:featuredmedia":[{"embeddable":true,"href":"https:\/\/swiss-peak.com\/es\/wp-json\/wp\/v2\/media\/25088"}],"wp:attachment":[{"href":"https:\/\/swiss-peak.com\/es\/wp-json\/wp\/v2\/media?parent=15250"}],"wp:term":[{"taxonomy":"product_cat","embeddable":true,"href":"https:\/\/swiss-peak.com\/es\/wp-json\/wp\/v2\/product_cat?post=15250"},{"taxonomy":"product_tag","embeddable":true,"href":"https:\/\/swiss-peak.com\/es\/wp-json\/wp\/v2\/product_tag?post=15250"}],"curies":[{"name":"wp","href":"https:\/\/api.w.org\/{rel}","templated":true}]}}