{"id":15244,"date":"2023-03-14T12:01:22","date_gmt":"2023-03-14T10:01:22","guid":{"rendered":"https:\/\/xdsomename.tempurl.host\/swisspeak-website\/collection\/sin%20categor\u00eda\/auriculares-rcs-de-plastico-reciclado-swiss-peak-tws-2-0-negro\/"},"modified":"2026-04-16T03:00:32","modified_gmt":"2026-04-16T01:00:32","slug":"auriculares-rcs-de-plastico-reciclado-swiss-peak-tws-2-0-negro","status":"publish","type":"product","link":"https:\/\/swiss-peak.com\/es\/producto\/auriculares-rcs-de-plastico-reciclado-swiss-peak-tws-2-0-negro\/","title":{"rendered":"Auriculares RCS de pl\u00e1stico reciclado Swiss Peak TWS 2.0, negro"},"content":{"rendered":"<p>Auriculares inal\u00e1mbricos de nueva generaci\u00f3n. Los auriculares y el estuche de carga est\u00e1n fabricados con ABS reciclado certificado RCS (Recycled Claim Standard). Contenido reciclado total: 59% basado en el peso total del art\u00edculo. La certificaci\u00f3n RCS garantiza una cadena de suministro completamente certificada de los materiales reciclados. Vienen en un estuche de carga compacto de 400 mAh que te permite cargar y llevar tus auriculares donde quiera que vayas. Los auriculares usan BT 5.3 para el emparejamiento autom\u00e1tico sin problemas y con una conexi\u00f3n estable. Los auriculares tienen una bater\u00eda de 40 mAh que permite un tiempo de reproducci\u00f3n de hasta 4 horas y se pueden recargar en 1,5 horas en el estuche de carga. El rango de distancia inal\u00e1mbrica es de hasta 10 metros. Incluye cable de carga tipo C fabricado con TPE reciclado certificado GRS. Presentado en caja de regalo con mezcla FSC\u00ae. Art\u00edculo y accesorios 100% libres de PVC<\/p>\n","protected":false},"excerpt":{"rendered":"<p>Auriculares inal\u00e1mbricos de nueva generaci\u00f3n. Los auriculares y el estuche de carga est\u00e1n fabricados con ABS reciclado certificado RCS (Recycled Claim Standard). Contenido reciclado total: 59% basado en el peso total del art\u00edculo. La certificaci\u00f3n RCS garantiza una cadena de suministro completamente certificada de los materiales reciclados. Vienen en un estuche de carga compacto de [&hellip;]<\/p>\n","protected":false},"featured_media":46125,"template":"","meta":{"_acf_changed":false},"product_cat":[314,309],"product_tag":[],"class_list":["post-15244","product","type-product","status-publish","has-post-thumbnail","hentry","product_cat-audio-es","product_cat-ocio-deporte","pa_color-black-es"],"acf":[],"yoast_head":"<!-- This site is optimized with the Yoast SEO plugin v27.0 - https:\/\/yoast.com\/product\/yoast-seo-wordpress\/ -->\n<title>Auriculares RCS de pl\u00e1stico reciclado Swiss Peak TWS 2.0, negro - Swiss Peak<\/title>\n<meta name=\"robots\" content=\"index, follow, max-snippet:-1, max-image-preview:large, max-video-preview:-1\" \/>\n<link rel=\"canonical\" href=\"https:\/\/swiss-peak.com\/es\/producto\/auriculares-rcs-de-plastico-reciclado-swiss-peak-tws-2-0-negro\/\" \/>\n<meta property=\"og:locale\" content=\"es_ES\" \/>\n<meta property=\"og:type\" content=\"article\" \/>\n<meta property=\"og:title\" content=\"Auriculares RCS de pl\u00e1stico reciclado Swiss Peak TWS 2.0, negro - Swiss Peak\" \/>\n<meta property=\"og:description\" content=\"Auriculares inal\u00e1mbricos de nueva generaci\u00f3n. Los auriculares y el estuche de carga est\u00e1n fabricados con ABS reciclado certificado RCS (Recycled Claim Standard). Contenido reciclado total: 59% basado en el peso total del art\u00edculo. La certificaci\u00f3n RCS garantiza una cadena de suministro completamente certificada de los materiales reciclados. Vienen en un estuche de carga compacto de [&hellip;]\" \/>\n<meta property=\"og:url\" content=\"https:\/\/swiss-peak.com\/es\/producto\/auriculares-rcs-de-plastico-reciclado-swiss-peak-tws-2-0-negro\/\" \/>\n<meta property=\"og:site_name\" content=\"Swiss Peak\" \/>\n<meta property=\"article:modified_time\" content=\"2026-04-16T01:00:32+00:00\" \/>\n<meta property=\"og:image\" content=\"https:\/\/swiss-peak.com\/wp-content\/uploads\/sites\/9\/2026\/04\/P329.841__S_0__2e49acd5b0944f719f5539cd5e9a1c41.jpg\" \/>\n\t<meta property=\"og:image:width\" content=\"1024\" \/>\n\t<meta property=\"og:image:height\" content=\"1024\" \/>\n\t<meta property=\"og:image:type\" content=\"image\/jpeg\" \/>\n<meta name=\"twitter:card\" content=\"summary_large_image\" \/>\n<meta name=\"twitter:label1\" content=\"Tiempo de lectura\" \/>\n\t<meta name=\"twitter:data1\" content=\"1 minuto\" \/>\n<script type=\"application\/ld+json\" class=\"yoast-schema-graph\">{\"@context\":\"https:\/\/schema.org\",\"@graph\":[{\"@type\":\"WebPage\",\"@id\":\"https:\/\/swiss-peak.com\/es\/producto\/auriculares-rcs-de-plastico-reciclado-swiss-peak-tws-2-0-negro\/\",\"url\":\"https:\/\/swiss-peak.com\/es\/producto\/auriculares-rcs-de-plastico-reciclado-swiss-peak-tws-2-0-negro\/\",\"name\":\"Auriculares RCS de pl\u00e1stico reciclado Swiss Peak TWS 2.0, negro - Swiss Peak\",\"isPartOf\":{\"@id\":\"https:\/\/swiss-peak.com\/es\/#website\"},\"primaryImageOfPage\":{\"@id\":\"https:\/\/swiss-peak.com\/es\/producto\/auriculares-rcs-de-plastico-reciclado-swiss-peak-tws-2-0-negro\/#primaryimage\"},\"image\":{\"@id\":\"https:\/\/swiss-peak.com\/es\/producto\/auriculares-rcs-de-plastico-reciclado-swiss-peak-tws-2-0-negro\/#primaryimage\"},\"thumbnailUrl\":\"https:\/\/swiss-peak.com\/wp-content\/uploads\/sites\/9\/2026\/04\/P329.841__S_0__2e49acd5b0944f719f5539cd5e9a1c41.jpg\",\"datePublished\":\"2023-03-14T10:01:22+00:00\",\"dateModified\":\"2026-04-16T01:00:32+00:00\",\"breadcrumb\":{\"@id\":\"https:\/\/swiss-peak.com\/es\/producto\/auriculares-rcs-de-plastico-reciclado-swiss-peak-tws-2-0-negro\/#breadcrumb\"},\"inLanguage\":\"es\",\"potentialAction\":[{\"@type\":\"ReadAction\",\"target\":[\"https:\/\/swiss-peak.com\/es\/producto\/auriculares-rcs-de-plastico-reciclado-swiss-peak-tws-2-0-negro\/\"]}]},{\"@type\":\"ImageObject\",\"inLanguage\":\"es\",\"@id\":\"https:\/\/swiss-peak.com\/es\/producto\/auriculares-rcs-de-plastico-reciclado-swiss-peak-tws-2-0-negro\/#primaryimage\",\"url\":\"https:\/\/swiss-peak.com\/wp-content\/uploads\/sites\/9\/2026\/04\/P329.841__S_0__2e49acd5b0944f719f5539cd5e9a1c41.jpg\",\"contentUrl\":\"https:\/\/swiss-peak.com\/wp-content\/uploads\/sites\/9\/2026\/04\/P329.841__S_0__2e49acd5b0944f719f5539cd5e9a1c41.jpg\",\"width\":1024,\"height\":1024},{\"@type\":\"BreadcrumbList\",\"@id\":\"https:\/\/swiss-peak.com\/es\/producto\/auriculares-rcs-de-plastico-reciclado-swiss-peak-tws-2-0-negro\/#breadcrumb\",\"itemListElement\":[{\"@type\":\"ListItem\",\"position\":1,\"name\":\"Home\",\"item\":\"https:\/\/swiss-peak.com\/es\/\"},{\"@type\":\"ListItem\",\"position\":2,\"name\":\"Colecci\u00f3n\",\"item\":\"https:\/\/swiss-peak.com\/es\/coleccion\/\"},{\"@type\":\"ListItem\",\"position\":3,\"name\":\"Auriculares RCS de pl\u00e1stico reciclado Swiss Peak TWS 2.0, negro\"}]},{\"@type\":\"WebSite\",\"@id\":\"https:\/\/swiss-peak.com\/es\/#website\",\"url\":\"https:\/\/swiss-peak.com\/es\/\",\"name\":\"Swiss Peak\",\"description\":\"Where will today take you?\",\"potentialAction\":[{\"@type\":\"SearchAction\",\"target\":{\"@type\":\"EntryPoint\",\"urlTemplate\":\"https:\/\/swiss-peak.com\/es\/?s={search_term_string}\"},\"query-input\":{\"@type\":\"PropertyValueSpecification\",\"valueRequired\":true,\"valueName\":\"search_term_string\"}}],\"inLanguage\":\"es\"}]}<\/script>\n<!-- \/ Yoast SEO plugin. -->","yoast_head_json":{"title":"Auriculares RCS de pl\u00e1stico reciclado Swiss Peak TWS 2.0, negro - Swiss Peak","robots":{"index":"index","follow":"follow","max-snippet":"max-snippet:-1","max-image-preview":"max-image-preview:large","max-video-preview":"max-video-preview:-1"},"canonical":"https:\/\/swiss-peak.com\/es\/producto\/auriculares-rcs-de-plastico-reciclado-swiss-peak-tws-2-0-negro\/","og_locale":"es_ES","og_type":"article","og_title":"Auriculares RCS de pl\u00e1stico reciclado Swiss Peak TWS 2.0, negro - Swiss Peak","og_description":"Auriculares inal\u00e1mbricos de nueva generaci\u00f3n. Los auriculares y el estuche de carga est\u00e1n fabricados con ABS reciclado certificado RCS (Recycled Claim Standard). Contenido reciclado total: 59% basado en el peso total del art\u00edculo. La certificaci\u00f3n RCS garantiza una cadena de suministro completamente certificada de los materiales reciclados. Vienen en un estuche de carga compacto de [&hellip;]","og_url":"https:\/\/swiss-peak.com\/es\/producto\/auriculares-rcs-de-plastico-reciclado-swiss-peak-tws-2-0-negro\/","og_site_name":"Swiss Peak","article_modified_time":"2026-04-16T01:00:32+00:00","og_image":[{"width":1024,"height":1024,"url":"https:\/\/swiss-peak.com\/wp-content\/uploads\/sites\/9\/2026\/04\/P329.841__S_0__2e49acd5b0944f719f5539cd5e9a1c41.jpg","type":"image\/jpeg"}],"twitter_card":"summary_large_image","twitter_misc":{"Tiempo de lectura":"1 minuto"},"schema":{"@context":"https:\/\/schema.org","@graph":[{"@type":"WebPage","@id":"https:\/\/swiss-peak.com\/es\/producto\/auriculares-rcs-de-plastico-reciclado-swiss-peak-tws-2-0-negro\/","url":"https:\/\/swiss-peak.com\/es\/producto\/auriculares-rcs-de-plastico-reciclado-swiss-peak-tws-2-0-negro\/","name":"Auriculares RCS de pl\u00e1stico reciclado Swiss Peak TWS 2.0, negro - Swiss Peak","isPartOf":{"@id":"https:\/\/swiss-peak.com\/es\/#website"},"primaryImageOfPage":{"@id":"https:\/\/swiss-peak.com\/es\/producto\/auriculares-rcs-de-plastico-reciclado-swiss-peak-tws-2-0-negro\/#primaryimage"},"image":{"@id":"https:\/\/swiss-peak.com\/es\/producto\/auriculares-rcs-de-plastico-reciclado-swiss-peak-tws-2-0-negro\/#primaryimage"},"thumbnailUrl":"https:\/\/swiss-peak.com\/wp-content\/uploads\/sites\/9\/2026\/04\/P329.841__S_0__2e49acd5b0944f719f5539cd5e9a1c41.jpg","datePublished":"2023-03-14T10:01:22+00:00","dateModified":"2026-04-16T01:00:32+00:00","breadcrumb":{"@id":"https:\/\/swiss-peak.com\/es\/producto\/auriculares-rcs-de-plastico-reciclado-swiss-peak-tws-2-0-negro\/#breadcrumb"},"inLanguage":"es","potentialAction":[{"@type":"ReadAction","target":["https:\/\/swiss-peak.com\/es\/producto\/auriculares-rcs-de-plastico-reciclado-swiss-peak-tws-2-0-negro\/"]}]},{"@type":"ImageObject","inLanguage":"es","@id":"https:\/\/swiss-peak.com\/es\/producto\/auriculares-rcs-de-plastico-reciclado-swiss-peak-tws-2-0-negro\/#primaryimage","url":"https:\/\/swiss-peak.com\/wp-content\/uploads\/sites\/9\/2026\/04\/P329.841__S_0__2e49acd5b0944f719f5539cd5e9a1c41.jpg","contentUrl":"https:\/\/swiss-peak.com\/wp-content\/uploads\/sites\/9\/2026\/04\/P329.841__S_0__2e49acd5b0944f719f5539cd5e9a1c41.jpg","width":1024,"height":1024},{"@type":"BreadcrumbList","@id":"https:\/\/swiss-peak.com\/es\/producto\/auriculares-rcs-de-plastico-reciclado-swiss-peak-tws-2-0-negro\/#breadcrumb","itemListElement":[{"@type":"ListItem","position":1,"name":"Home","item":"https:\/\/swiss-peak.com\/es\/"},{"@type":"ListItem","position":2,"name":"Colecci\u00f3n","item":"https:\/\/swiss-peak.com\/es\/coleccion\/"},{"@type":"ListItem","position":3,"name":"Auriculares RCS de pl\u00e1stico reciclado Swiss Peak TWS 2.0, negro"}]},{"@type":"WebSite","@id":"https:\/\/swiss-peak.com\/es\/#website","url":"https:\/\/swiss-peak.com\/es\/","name":"Swiss Peak","description":"Where will today take you?","potentialAction":[{"@type":"SearchAction","target":{"@type":"EntryPoint","urlTemplate":"https:\/\/swiss-peak.com\/es\/?s={search_term_string}"},"query-input":{"@type":"PropertyValueSpecification","valueRequired":true,"valueName":"search_term_string"}}],"inLanguage":"es"}]}},"_links":{"self":[{"href":"https:\/\/swiss-peak.com\/es\/wp-json\/wp\/v2\/product\/15244","targetHints":{"allow":["GET"]}}],"collection":[{"href":"https:\/\/swiss-peak.com\/es\/wp-json\/wp\/v2\/product"}],"about":[{"href":"https:\/\/swiss-peak.com\/es\/wp-json\/wp\/v2\/types\/product"}],"wp:featuredmedia":[{"embeddable":true,"href":"https:\/\/swiss-peak.com\/es\/wp-json\/wp\/v2\/media\/46125"}],"wp:attachment":[{"href":"https:\/\/swiss-peak.com\/es\/wp-json\/wp\/v2\/media?parent=15244"}],"wp:term":[{"taxonomy":"product_cat","embeddable":true,"href":"https:\/\/swiss-peak.com\/es\/wp-json\/wp\/v2\/product_cat?post=15244"},{"taxonomy":"product_tag","embeddable":true,"href":"https:\/\/swiss-peak.com\/es\/wp-json\/wp\/v2\/product_tag?post=15244"}],"curies":[{"name":"wp","href":"https:\/\/api.w.org\/{rel}","templated":true}]}}