{"id":15242,"date":"2023-03-14T12:01:22","date_gmt":"2023-03-14T10:01:22","guid":{"rendered":"https:\/\/xdsomename.tempurl.host\/swisspeak-website\/collection\/sin%20categor\u00eda\/auriculares-inalambricos-v3-gris\/"},"modified":"2026-04-16T03:00:28","modified_gmt":"2026-04-16T01:00:28","slug":"auriculares-inalambricos-v3-gris","status":"publish","type":"product","link":"https:\/\/swiss-peak.com\/es\/producto\/auriculares-inalambricos-v3-gris\/","title":{"rendered":"Auriculares inal\u00e1mbricos V3, gris"},"content":{"rendered":"<p>Auriculares est\u00e9reo inal\u00e1mbricos con audio de alta calidad para una experiencia de sonido perfecta. La bater\u00eda de 300 mAh te permite escuchar tu m\u00fasica hasta 11 horas con una sola carga y la recarga en solo 1,5 horas. Distancia de funcionamiento hasta 10 metros. Los auriculares se pueden plegar para que quepan en la bolsa de viaje Swiss Peak EVA incluida. Con carcasa de aluminio y cojines de aire de PU, los auriculares son lo suficientemente c\u00f3modos para usar durante horas. Con micr\u00f3fono para recibir llamadas.<\/p>\n","protected":false},"excerpt":{"rendered":"<p>Auriculares est\u00e9reo inal\u00e1mbricos con audio de alta calidad para una experiencia de sonido perfecta. La bater\u00eda de 300 mAh te permite escuchar tu m\u00fasica hasta 11 horas con una sola carga y la recarga en solo 1,5 horas. Distancia de funcionamiento hasta 10 metros. Los auriculares se pueden plegar para que quepan en la bolsa [&hellip;]<\/p>\n","protected":false},"featured_media":46118,"template":"","meta":{"_acf_changed":false},"product_cat":[314,309],"product_tag":[],"class_list":["post-15242","product","type-product","status-publish","has-post-thumbnail","hentry","product_cat-audio-es","product_cat-ocio-deporte","pa_color-black-es","pa_color-grey-es"],"acf":[],"yoast_head":"<!-- This site is optimized with the Yoast SEO plugin v27.0 - https:\/\/yoast.com\/product\/yoast-seo-wordpress\/ -->\n<title>Auriculares inal\u00e1mbricos V3, gris - Swiss Peak<\/title>\n<meta name=\"robots\" content=\"index, follow, max-snippet:-1, max-image-preview:large, max-video-preview:-1\" \/>\n<link rel=\"canonical\" href=\"https:\/\/swiss-peak.com\/es\/producto\/auriculares-inalambricos-v3-gris\/\" \/>\n<meta property=\"og:locale\" content=\"es_ES\" \/>\n<meta property=\"og:type\" content=\"article\" \/>\n<meta property=\"og:title\" content=\"Auriculares inal\u00e1mbricos V3, gris - Swiss Peak\" \/>\n<meta property=\"og:description\" content=\"Auriculares est\u00e9reo inal\u00e1mbricos con audio de alta calidad para una experiencia de sonido perfecta. La bater\u00eda de 300 mAh te permite escuchar tu m\u00fasica hasta 11 horas con una sola carga y la recarga en solo 1,5 horas. Distancia de funcionamiento hasta 10 metros. Los auriculares se pueden plegar para que quepan en la bolsa [&hellip;]\" \/>\n<meta property=\"og:url\" content=\"https:\/\/swiss-peak.com\/es\/producto\/auriculares-inalambricos-v3-gris\/\" \/>\n<meta property=\"og:site_name\" content=\"Swiss Peak\" \/>\n<meta property=\"article:modified_time\" content=\"2026-04-16T01:00:28+00:00\" \/>\n<meta property=\"og:image\" content=\"https:\/\/swiss-peak.com\/wp-content\/uploads\/sites\/9\/2026\/04\/P329.451__S_0__8e79bd6d7d324869b1be1b3172f7e5dc.jpg\" \/>\n\t<meta property=\"og:image:width\" content=\"1024\" \/>\n\t<meta property=\"og:image:height\" content=\"1024\" \/>\n\t<meta property=\"og:image:type\" content=\"image\/jpeg\" \/>\n<meta name=\"twitter:card\" content=\"summary_large_image\" \/>\n<script type=\"application\/ld+json\" class=\"yoast-schema-graph\">{\"@context\":\"https:\/\/schema.org\",\"@graph\":[{\"@type\":\"WebPage\",\"@id\":\"https:\/\/swiss-peak.com\/es\/producto\/auriculares-inalambricos-v3-gris\/\",\"url\":\"https:\/\/swiss-peak.com\/es\/producto\/auriculares-inalambricos-v3-gris\/\",\"name\":\"Auriculares inal\u00e1mbricos V3, gris - Swiss Peak\",\"isPartOf\":{\"@id\":\"https:\/\/swiss-peak.com\/es\/#website\"},\"primaryImageOfPage\":{\"@id\":\"https:\/\/swiss-peak.com\/es\/producto\/auriculares-inalambricos-v3-gris\/#primaryimage\"},\"image\":{\"@id\":\"https:\/\/swiss-peak.com\/es\/producto\/auriculares-inalambricos-v3-gris\/#primaryimage\"},\"thumbnailUrl\":\"https:\/\/swiss-peak.com\/wp-content\/uploads\/sites\/9\/2026\/04\/P329.451__S_0__8e79bd6d7d324869b1be1b3172f7e5dc.jpg\",\"datePublished\":\"2023-03-14T10:01:22+00:00\",\"dateModified\":\"2026-04-16T01:00:28+00:00\",\"breadcrumb\":{\"@id\":\"https:\/\/swiss-peak.com\/es\/producto\/auriculares-inalambricos-v3-gris\/#breadcrumb\"},\"inLanguage\":\"es\",\"potentialAction\":[{\"@type\":\"ReadAction\",\"target\":[\"https:\/\/swiss-peak.com\/es\/producto\/auriculares-inalambricos-v3-gris\/\"]}]},{\"@type\":\"ImageObject\",\"inLanguage\":\"es\",\"@id\":\"https:\/\/swiss-peak.com\/es\/producto\/auriculares-inalambricos-v3-gris\/#primaryimage\",\"url\":\"https:\/\/swiss-peak.com\/wp-content\/uploads\/sites\/9\/2026\/04\/P329.451__S_0__8e79bd6d7d324869b1be1b3172f7e5dc.jpg\",\"contentUrl\":\"https:\/\/swiss-peak.com\/wp-content\/uploads\/sites\/9\/2026\/04\/P329.451__S_0__8e79bd6d7d324869b1be1b3172f7e5dc.jpg\",\"width\":1024,\"height\":1024},{\"@type\":\"BreadcrumbList\",\"@id\":\"https:\/\/swiss-peak.com\/es\/producto\/auriculares-inalambricos-v3-gris\/#breadcrumb\",\"itemListElement\":[{\"@type\":\"ListItem\",\"position\":1,\"name\":\"Home\",\"item\":\"https:\/\/swiss-peak.com\/es\/\"},{\"@type\":\"ListItem\",\"position\":2,\"name\":\"Colecci\u00f3n\",\"item\":\"https:\/\/swiss-peak.com\/es\/coleccion\/\"},{\"@type\":\"ListItem\",\"position\":3,\"name\":\"Auriculares inal\u00e1mbricos V3, gris\"}]},{\"@type\":\"WebSite\",\"@id\":\"https:\/\/swiss-peak.com\/es\/#website\",\"url\":\"https:\/\/swiss-peak.com\/es\/\",\"name\":\"Swiss Peak\",\"description\":\"Where will today take you?\",\"potentialAction\":[{\"@type\":\"SearchAction\",\"target\":{\"@type\":\"EntryPoint\",\"urlTemplate\":\"https:\/\/swiss-peak.com\/es\/?s={search_term_string}\"},\"query-input\":{\"@type\":\"PropertyValueSpecification\",\"valueRequired\":true,\"valueName\":\"search_term_string\"}}],\"inLanguage\":\"es\"}]}<\/script>\n<!-- \/ Yoast SEO plugin. -->","yoast_head_json":{"title":"Auriculares inal\u00e1mbricos V3, gris - Swiss Peak","robots":{"index":"index","follow":"follow","max-snippet":"max-snippet:-1","max-image-preview":"max-image-preview:large","max-video-preview":"max-video-preview:-1"},"canonical":"https:\/\/swiss-peak.com\/es\/producto\/auriculares-inalambricos-v3-gris\/","og_locale":"es_ES","og_type":"article","og_title":"Auriculares inal\u00e1mbricos V3, gris - Swiss Peak","og_description":"Auriculares est\u00e9reo inal\u00e1mbricos con audio de alta calidad para una experiencia de sonido perfecta. La bater\u00eda de 300 mAh te permite escuchar tu m\u00fasica hasta 11 horas con una sola carga y la recarga en solo 1,5 horas. Distancia de funcionamiento hasta 10 metros. Los auriculares se pueden plegar para que quepan en la bolsa [&hellip;]","og_url":"https:\/\/swiss-peak.com\/es\/producto\/auriculares-inalambricos-v3-gris\/","og_site_name":"Swiss Peak","article_modified_time":"2026-04-16T01:00:28+00:00","og_image":[{"width":1024,"height":1024,"url":"https:\/\/swiss-peak.com\/wp-content\/uploads\/sites\/9\/2026\/04\/P329.451__S_0__8e79bd6d7d324869b1be1b3172f7e5dc.jpg","type":"image\/jpeg"}],"twitter_card":"summary_large_image","schema":{"@context":"https:\/\/schema.org","@graph":[{"@type":"WebPage","@id":"https:\/\/swiss-peak.com\/es\/producto\/auriculares-inalambricos-v3-gris\/","url":"https:\/\/swiss-peak.com\/es\/producto\/auriculares-inalambricos-v3-gris\/","name":"Auriculares inal\u00e1mbricos V3, gris - Swiss Peak","isPartOf":{"@id":"https:\/\/swiss-peak.com\/es\/#website"},"primaryImageOfPage":{"@id":"https:\/\/swiss-peak.com\/es\/producto\/auriculares-inalambricos-v3-gris\/#primaryimage"},"image":{"@id":"https:\/\/swiss-peak.com\/es\/producto\/auriculares-inalambricos-v3-gris\/#primaryimage"},"thumbnailUrl":"https:\/\/swiss-peak.com\/wp-content\/uploads\/sites\/9\/2026\/04\/P329.451__S_0__8e79bd6d7d324869b1be1b3172f7e5dc.jpg","datePublished":"2023-03-14T10:01:22+00:00","dateModified":"2026-04-16T01:00:28+00:00","breadcrumb":{"@id":"https:\/\/swiss-peak.com\/es\/producto\/auriculares-inalambricos-v3-gris\/#breadcrumb"},"inLanguage":"es","potentialAction":[{"@type":"ReadAction","target":["https:\/\/swiss-peak.com\/es\/producto\/auriculares-inalambricos-v3-gris\/"]}]},{"@type":"ImageObject","inLanguage":"es","@id":"https:\/\/swiss-peak.com\/es\/producto\/auriculares-inalambricos-v3-gris\/#primaryimage","url":"https:\/\/swiss-peak.com\/wp-content\/uploads\/sites\/9\/2026\/04\/P329.451__S_0__8e79bd6d7d324869b1be1b3172f7e5dc.jpg","contentUrl":"https:\/\/swiss-peak.com\/wp-content\/uploads\/sites\/9\/2026\/04\/P329.451__S_0__8e79bd6d7d324869b1be1b3172f7e5dc.jpg","width":1024,"height":1024},{"@type":"BreadcrumbList","@id":"https:\/\/swiss-peak.com\/es\/producto\/auriculares-inalambricos-v3-gris\/#breadcrumb","itemListElement":[{"@type":"ListItem","position":1,"name":"Home","item":"https:\/\/swiss-peak.com\/es\/"},{"@type":"ListItem","position":2,"name":"Colecci\u00f3n","item":"https:\/\/swiss-peak.com\/es\/coleccion\/"},{"@type":"ListItem","position":3,"name":"Auriculares inal\u00e1mbricos V3, gris"}]},{"@type":"WebSite","@id":"https:\/\/swiss-peak.com\/es\/#website","url":"https:\/\/swiss-peak.com\/es\/","name":"Swiss Peak","description":"Where will today take you?","potentialAction":[{"@type":"SearchAction","target":{"@type":"EntryPoint","urlTemplate":"https:\/\/swiss-peak.com\/es\/?s={search_term_string}"},"query-input":{"@type":"PropertyValueSpecification","valueRequired":true,"valueName":"search_term_string"}}],"inLanguage":"es"}]}},"_links":{"self":[{"href":"https:\/\/swiss-peak.com\/es\/wp-json\/wp\/v2\/product\/15242","targetHints":{"allow":["GET"]}}],"collection":[{"href":"https:\/\/swiss-peak.com\/es\/wp-json\/wp\/v2\/product"}],"about":[{"href":"https:\/\/swiss-peak.com\/es\/wp-json\/wp\/v2\/types\/product"}],"wp:featuredmedia":[{"embeddable":true,"href":"https:\/\/swiss-peak.com\/es\/wp-json\/wp\/v2\/media\/46118"}],"wp:attachment":[{"href":"https:\/\/swiss-peak.com\/es\/wp-json\/wp\/v2\/media?parent=15242"}],"wp:term":[{"taxonomy":"product_cat","embeddable":true,"href":"https:\/\/swiss-peak.com\/es\/wp-json\/wp\/v2\/product_cat?post=15242"},{"taxonomy":"product_tag","embeddable":true,"href":"https:\/\/swiss-peak.com\/es\/wp-json\/wp\/v2\/product_tag?post=15242"}],"curies":[{"name":"wp","href":"https:\/\/api.w.org\/{rel}","templated":true}]}}