{"id":15231,"date":"2023-03-14T12:00:54","date_gmt":"2023-03-14T10:00:54","guid":{"rendered":"https:\/\/xdsomename.tempurl.host\/swisspeak-website\/collection\/sin%20categor\u00eda\/alfombrilla-de-carga-inalambrica-rcs-pu-reciclada-10w-negro\/"},"modified":"2026-03-12T04:02:10","modified_gmt":"2026-03-12T02:02:10","slug":"alfombrilla-de-carga-inalambrica-rcs-pu-reciclada-10w-negro","status":"publish","type":"product","link":"https:\/\/swiss-peak.com\/es\/producto\/alfombrilla-de-carga-inalambrica-rcs-pu-reciclada-10w-negro\/","title":{"rendered":"Alfombrilla de carga inal\u00e1mbrica RCS PU reciclada 10W, negro"},"content":{"rendered":"<p>Alfombrilla de rat\u00f3n de lujo con cargador inal\u00e1mbrico integrado de 10W. El \u00e1rea de carga tambi\u00e9n se puede usar como soporte para tel\u00e9fono en posici\u00f3n vertical. Fabricado con materiales reciclados certificados RCS (Recycled Claim Standard). La certificaci\u00f3n RCS garantiza una cadena de suministro completamente certificada de los materiales reciclados. La superficie suave y lujosa convierte cualquier escritorio en un excelente entorno de trabajo. Tama\u00f1o: 29x19x2cm. Extra grueso para una experiencia de trabajo perfecta. Material exterior fabricado con PU reciclado y certificado RCS. Contenido reciclado total: 20% basado en el peso total del art\u00edculo Con cable de material TPE libre de PVC de 150cm. Art\u00edculo y accesorios libres de PVC. Carga inal\u00e1mbrica compatible con Android \u00faltimas generaciones, iPhone 8 y superiores Entrada: 9V\/2A Salida inal\u00e1mbrica: 9V\/1.1A.<\/p>\n","protected":false},"excerpt":{"rendered":"<p>Alfombrilla de rat\u00f3n de lujo con cargador inal\u00e1mbrico integrado de 10W. El \u00e1rea de carga tambi\u00e9n se puede usar como soporte para tel\u00e9fono en posici\u00f3n vertical. Fabricado con materiales reciclados certificados RCS (Recycled Claim Standard). La certificaci\u00f3n RCS garantiza una cadena de suministro completamente certificada de los materiales reciclados. La superficie suave y lujosa convierte [&hellip;]<\/p>\n","protected":false},"featured_media":22827,"template":"","meta":{"_acf_changed":false},"product_cat":[290,304],"product_tag":[],"class_list":["post-15231","product","type-product","status-publish","has-post-thumbnail","hentry","product_cat-business-es","product_cat-tecnologia-movil","pa_color-black-es"],"acf":[],"yoast_head":"<!-- This site is optimized with the Yoast SEO plugin v27.0 - https:\/\/yoast.com\/product\/yoast-seo-wordpress\/ -->\n<title>Alfombrilla de carga inal\u00e1mbrica RCS PU reciclada 10W, negro - Swiss Peak<\/title>\n<meta name=\"robots\" content=\"index, follow, max-snippet:-1, max-image-preview:large, max-video-preview:-1\" \/>\n<link rel=\"canonical\" href=\"https:\/\/swiss-peak.com\/es\/producto\/alfombrilla-de-carga-inalambrica-rcs-pu-reciclada-10w-negro\/\" \/>\n<meta property=\"og:locale\" content=\"es_ES\" \/>\n<meta property=\"og:type\" content=\"article\" \/>\n<meta property=\"og:title\" content=\"Alfombrilla de carga inal\u00e1mbrica RCS PU reciclada 10W, negro - Swiss Peak\" \/>\n<meta property=\"og:description\" content=\"Alfombrilla de rat\u00f3n de lujo con cargador inal\u00e1mbrico integrado de 10W. El \u00e1rea de carga tambi\u00e9n se puede usar como soporte para tel\u00e9fono en posici\u00f3n vertical. Fabricado con materiales reciclados certificados RCS (Recycled Claim Standard). La certificaci\u00f3n RCS garantiza una cadena de suministro completamente certificada de los materiales reciclados. La superficie suave y lujosa convierte [&hellip;]\" \/>\n<meta property=\"og:url\" content=\"https:\/\/swiss-peak.com\/es\/producto\/alfombrilla-de-carga-inalambrica-rcs-pu-reciclada-10w-negro\/\" \/>\n<meta property=\"og:site_name\" content=\"Swiss Peak\" \/>\n<meta property=\"article:modified_time\" content=\"2026-03-12T02:02:10+00:00\" \/>\n<meta property=\"og:image\" content=\"https:\/\/swiss-peak.com\/wp-content\/uploads\/sites\/9\/2024\/02\/P300.241__S_0__a6fefeede2e74117ae0a17aba985c14d.jpg\" \/>\n\t<meta property=\"og:image:width\" content=\"1024\" \/>\n\t<meta property=\"og:image:height\" content=\"1024\" \/>\n\t<meta property=\"og:image:type\" content=\"image\/jpeg\" \/>\n<meta name=\"twitter:card\" content=\"summary_large_image\" \/>\n<meta name=\"twitter:label1\" content=\"Tiempo de lectura\" \/>\n\t<meta name=\"twitter:data1\" content=\"1 minuto\" \/>\n<script type=\"application\/ld+json\" class=\"yoast-schema-graph\">{\"@context\":\"https:\/\/schema.org\",\"@graph\":[{\"@type\":\"WebPage\",\"@id\":\"https:\/\/swiss-peak.com\/es\/producto\/alfombrilla-de-carga-inalambrica-rcs-pu-reciclada-10w-negro\/\",\"url\":\"https:\/\/swiss-peak.com\/es\/producto\/alfombrilla-de-carga-inalambrica-rcs-pu-reciclada-10w-negro\/\",\"name\":\"Alfombrilla de carga inal\u00e1mbrica RCS PU reciclada 10W, negro - Swiss Peak\",\"isPartOf\":{\"@id\":\"https:\/\/swiss-peak.com\/es\/#website\"},\"primaryImageOfPage\":{\"@id\":\"https:\/\/swiss-peak.com\/es\/producto\/alfombrilla-de-carga-inalambrica-rcs-pu-reciclada-10w-negro\/#primaryimage\"},\"image\":{\"@id\":\"https:\/\/swiss-peak.com\/es\/producto\/alfombrilla-de-carga-inalambrica-rcs-pu-reciclada-10w-negro\/#primaryimage\"},\"thumbnailUrl\":\"https:\/\/swiss-peak.com\/wp-content\/uploads\/sites\/9\/2024\/02\/P300.241__S_0__a6fefeede2e74117ae0a17aba985c14d.jpg\",\"datePublished\":\"2023-03-14T10:00:54+00:00\",\"dateModified\":\"2026-03-12T02:02:10+00:00\",\"breadcrumb\":{\"@id\":\"https:\/\/swiss-peak.com\/es\/producto\/alfombrilla-de-carga-inalambrica-rcs-pu-reciclada-10w-negro\/#breadcrumb\"},\"inLanguage\":\"es\",\"potentialAction\":[{\"@type\":\"ReadAction\",\"target\":[\"https:\/\/swiss-peak.com\/es\/producto\/alfombrilla-de-carga-inalambrica-rcs-pu-reciclada-10w-negro\/\"]}]},{\"@type\":\"ImageObject\",\"inLanguage\":\"es\",\"@id\":\"https:\/\/swiss-peak.com\/es\/producto\/alfombrilla-de-carga-inalambrica-rcs-pu-reciclada-10w-negro\/#primaryimage\",\"url\":\"https:\/\/swiss-peak.com\/wp-content\/uploads\/sites\/9\/2024\/02\/P300.241__S_0__a6fefeede2e74117ae0a17aba985c14d.jpg\",\"contentUrl\":\"https:\/\/swiss-peak.com\/wp-content\/uploads\/sites\/9\/2024\/02\/P300.241__S_0__a6fefeede2e74117ae0a17aba985c14d.jpg\",\"width\":1024,\"height\":1024},{\"@type\":\"BreadcrumbList\",\"@id\":\"https:\/\/swiss-peak.com\/es\/producto\/alfombrilla-de-carga-inalambrica-rcs-pu-reciclada-10w-negro\/#breadcrumb\",\"itemListElement\":[{\"@type\":\"ListItem\",\"position\":1,\"name\":\"Home\",\"item\":\"https:\/\/swiss-peak.com\/es\/\"},{\"@type\":\"ListItem\",\"position\":2,\"name\":\"Colecci\u00f3n\",\"item\":\"https:\/\/swiss-peak.com\/es\/coleccion\/\"},{\"@type\":\"ListItem\",\"position\":3,\"name\":\"Alfombrilla de carga inal\u00e1mbrica RCS PU reciclada 10W, negro\"}]},{\"@type\":\"WebSite\",\"@id\":\"https:\/\/swiss-peak.com\/es\/#website\",\"url\":\"https:\/\/swiss-peak.com\/es\/\",\"name\":\"Swiss Peak\",\"description\":\"Where will today take you?\",\"potentialAction\":[{\"@type\":\"SearchAction\",\"target\":{\"@type\":\"EntryPoint\",\"urlTemplate\":\"https:\/\/swiss-peak.com\/es\/?s={search_term_string}\"},\"query-input\":{\"@type\":\"PropertyValueSpecification\",\"valueRequired\":true,\"valueName\":\"search_term_string\"}}],\"inLanguage\":\"es\"}]}<\/script>\n<!-- \/ Yoast SEO plugin. -->","yoast_head_json":{"title":"Alfombrilla de carga inal\u00e1mbrica RCS PU reciclada 10W, negro - Swiss Peak","robots":{"index":"index","follow":"follow","max-snippet":"max-snippet:-1","max-image-preview":"max-image-preview:large","max-video-preview":"max-video-preview:-1"},"canonical":"https:\/\/swiss-peak.com\/es\/producto\/alfombrilla-de-carga-inalambrica-rcs-pu-reciclada-10w-negro\/","og_locale":"es_ES","og_type":"article","og_title":"Alfombrilla de carga inal\u00e1mbrica RCS PU reciclada 10W, negro - Swiss Peak","og_description":"Alfombrilla de rat\u00f3n de lujo con cargador inal\u00e1mbrico integrado de 10W. El \u00e1rea de carga tambi\u00e9n se puede usar como soporte para tel\u00e9fono en posici\u00f3n vertical. Fabricado con materiales reciclados certificados RCS (Recycled Claim Standard). La certificaci\u00f3n RCS garantiza una cadena de suministro completamente certificada de los materiales reciclados. La superficie suave y lujosa convierte [&hellip;]","og_url":"https:\/\/swiss-peak.com\/es\/producto\/alfombrilla-de-carga-inalambrica-rcs-pu-reciclada-10w-negro\/","og_site_name":"Swiss Peak","article_modified_time":"2026-03-12T02:02:10+00:00","og_image":[{"width":1024,"height":1024,"url":"https:\/\/swiss-peak.com\/wp-content\/uploads\/sites\/9\/2024\/02\/P300.241__S_0__a6fefeede2e74117ae0a17aba985c14d.jpg","type":"image\/jpeg"}],"twitter_card":"summary_large_image","twitter_misc":{"Tiempo de lectura":"1 minuto"},"schema":{"@context":"https:\/\/schema.org","@graph":[{"@type":"WebPage","@id":"https:\/\/swiss-peak.com\/es\/producto\/alfombrilla-de-carga-inalambrica-rcs-pu-reciclada-10w-negro\/","url":"https:\/\/swiss-peak.com\/es\/producto\/alfombrilla-de-carga-inalambrica-rcs-pu-reciclada-10w-negro\/","name":"Alfombrilla de carga inal\u00e1mbrica RCS PU reciclada 10W, negro - Swiss Peak","isPartOf":{"@id":"https:\/\/swiss-peak.com\/es\/#website"},"primaryImageOfPage":{"@id":"https:\/\/swiss-peak.com\/es\/producto\/alfombrilla-de-carga-inalambrica-rcs-pu-reciclada-10w-negro\/#primaryimage"},"image":{"@id":"https:\/\/swiss-peak.com\/es\/producto\/alfombrilla-de-carga-inalambrica-rcs-pu-reciclada-10w-negro\/#primaryimage"},"thumbnailUrl":"https:\/\/swiss-peak.com\/wp-content\/uploads\/sites\/9\/2024\/02\/P300.241__S_0__a6fefeede2e74117ae0a17aba985c14d.jpg","datePublished":"2023-03-14T10:00:54+00:00","dateModified":"2026-03-12T02:02:10+00:00","breadcrumb":{"@id":"https:\/\/swiss-peak.com\/es\/producto\/alfombrilla-de-carga-inalambrica-rcs-pu-reciclada-10w-negro\/#breadcrumb"},"inLanguage":"es","potentialAction":[{"@type":"ReadAction","target":["https:\/\/swiss-peak.com\/es\/producto\/alfombrilla-de-carga-inalambrica-rcs-pu-reciclada-10w-negro\/"]}]},{"@type":"ImageObject","inLanguage":"es","@id":"https:\/\/swiss-peak.com\/es\/producto\/alfombrilla-de-carga-inalambrica-rcs-pu-reciclada-10w-negro\/#primaryimage","url":"https:\/\/swiss-peak.com\/wp-content\/uploads\/sites\/9\/2024\/02\/P300.241__S_0__a6fefeede2e74117ae0a17aba985c14d.jpg","contentUrl":"https:\/\/swiss-peak.com\/wp-content\/uploads\/sites\/9\/2024\/02\/P300.241__S_0__a6fefeede2e74117ae0a17aba985c14d.jpg","width":1024,"height":1024},{"@type":"BreadcrumbList","@id":"https:\/\/swiss-peak.com\/es\/producto\/alfombrilla-de-carga-inalambrica-rcs-pu-reciclada-10w-negro\/#breadcrumb","itemListElement":[{"@type":"ListItem","position":1,"name":"Home","item":"https:\/\/swiss-peak.com\/es\/"},{"@type":"ListItem","position":2,"name":"Colecci\u00f3n","item":"https:\/\/swiss-peak.com\/es\/coleccion\/"},{"@type":"ListItem","position":3,"name":"Alfombrilla de carga inal\u00e1mbrica RCS PU reciclada 10W, negro"}]},{"@type":"WebSite","@id":"https:\/\/swiss-peak.com\/es\/#website","url":"https:\/\/swiss-peak.com\/es\/","name":"Swiss Peak","description":"Where will today take you?","potentialAction":[{"@type":"SearchAction","target":{"@type":"EntryPoint","urlTemplate":"https:\/\/swiss-peak.com\/es\/?s={search_term_string}"},"query-input":{"@type":"PropertyValueSpecification","valueRequired":true,"valueName":"search_term_string"}}],"inLanguage":"es"}]}},"_links":{"self":[{"href":"https:\/\/swiss-peak.com\/es\/wp-json\/wp\/v2\/product\/15231","targetHints":{"allow":["GET"]}}],"collection":[{"href":"https:\/\/swiss-peak.com\/es\/wp-json\/wp\/v2\/product"}],"about":[{"href":"https:\/\/swiss-peak.com\/es\/wp-json\/wp\/v2\/types\/product"}],"wp:featuredmedia":[{"embeddable":true,"href":"https:\/\/swiss-peak.com\/es\/wp-json\/wp\/v2\/media\/22827"}],"wp:attachment":[{"href":"https:\/\/swiss-peak.com\/es\/wp-json\/wp\/v2\/media?parent=15231"}],"wp:term":[{"taxonomy":"product_cat","embeddable":true,"href":"https:\/\/swiss-peak.com\/es\/wp-json\/wp\/v2\/product_cat?post=15231"},{"taxonomy":"product_tag","embeddable":true,"href":"https:\/\/swiss-peak.com\/es\/wp-json\/wp\/v2\/product_tag?post=15231"}],"curies":[{"name":"wp","href":"https:\/\/api.w.org\/{rel}","templated":true}]}}