{"id":46051,"date":"2026-01-01T03:04:08","date_gmt":"2026-01-01T01:32:12","guid":{"rendered":"https:\/\/swiss-peak.com\/swiss-peak-rcs-deluxe-business-set-mit-flasche-schwarz\/"},"modified":"2026-03-12T03:37:15","modified_gmt":"2026-03-12T01:37:15","slug":"swiss-peak-rcs-deluxe-business-set-mit-flasche-schwarz","status":"publish","type":"product","link":"https:\/\/swiss-peak.com\/de\/produkt\/swiss-peak-rcs-deluxe-business-set-mit-flasche-schwarz\/","title":{"rendered":"Swiss Peak RCS Deluxe Business-Set mit Flasche, schwarz"},"content":{"rendered":"<p>Dieses luxuri\u00f6se Geschenkset enth\u00e4lt alles, was Sie brauchen, um Ihren Arbeitstag komfortabel und stilvoll zu meistern. Die doppelwandige 480ml-Wasserflasche besteht aus recyceltem Edelstahl und verf\u00fcgt \u00fcber eine Vakuumisolierung, die Ihre Getr\u00e4nke stundenlang hei\u00df oder kalt h\u00e4lt. Dank des auslaufsicheren Deckels k\u00f6nnen Sie sie bedenkenlos transportieren. Damit Sie Ihre wichtigsten Schl\u00fcssel immer griffbereit haben, enth\u00e4lt das Set einen hochwertigen Swiss Peak-Schl\u00fcsselanh\u00e4nger mit gl\u00e4nzender Metallic-Oberfl\u00e4che und einem wundersch\u00f6n gearbeiteten PU-Lederband. Sie m\u00fcssen unterwegs Ideen festhalten? Das Set enth\u00e4lt au\u00dferdem einen eleganten blauschreibenden Business-Kugelschreiber mit einer Schreibl\u00e4nge von 1000m, sowie ein Soft-Touch-Notizbuch aus recyceltem Polyester-PU. Im Inneren finden Sie 160 cremefarbene Seiten aus Recyclingpapier. Alle Artikel sind RCS-zertifiziert.<\/p>\n","protected":false},"excerpt":{"rendered":"<p>Dieses luxuri\u00f6se Geschenkset enth\u00e4lt alles, was Sie brauchen, um Ihren Arbeitstag komfortabel und stilvoll zu meistern. Die doppelwandige 480ml-Wasserflasche besteht aus recyceltem Edelstahl und verf\u00fcgt \u00fcber eine Vakuumisolierung, die Ihre Getr\u00e4nke stundenlang hei\u00df oder kalt h\u00e4lt. Dank des auslaufsicheren Deckels k\u00f6nnen Sie sie bedenkenlos transportieren. Damit Sie Ihre wichtigsten Schl\u00fcssel immer griffbereit haben, enth\u00e4lt das [&hellip;]<\/p>\n","protected":false},"featured_media":45941,"template":"","meta":{"_acf_changed":false},"product_cat":[296],"product_tag":[],"class_list":["post-46051","product","type-product","status-publish","has-post-thumbnail","hentry","product_cat-buro-schreibgerate","pa_color-black-de"],"acf":[],"yoast_head":"<!-- This site is optimized with the Yoast SEO plugin v27.0 - https:\/\/yoast.com\/product\/yoast-seo-wordpress\/ -->\n<title>Swiss Peak RCS Deluxe Business-Set mit Flasche, schwarz - Swiss Peak<\/title>\n<meta name=\"robots\" content=\"index, follow, max-snippet:-1, max-image-preview:large, max-video-preview:-1\" \/>\n<link rel=\"canonical\" href=\"https:\/\/swiss-peak.com\/de\/produkt\/swiss-peak-rcs-deluxe-business-set-mit-flasche-schwarz\/\" \/>\n<meta property=\"og:locale\" content=\"de_DE\" \/>\n<meta property=\"og:type\" content=\"article\" \/>\n<meta property=\"og:title\" content=\"Swiss Peak RCS Deluxe Business-Set mit Flasche, schwarz - Swiss Peak\" \/>\n<meta property=\"og:description\" content=\"Dieses luxuri\u00f6se Geschenkset enth\u00e4lt alles, was Sie brauchen, um Ihren Arbeitstag komfortabel und stilvoll zu meistern. Die doppelwandige 480ml-Wasserflasche besteht aus recyceltem Edelstahl und verf\u00fcgt \u00fcber eine Vakuumisolierung, die Ihre Getr\u00e4nke stundenlang hei\u00df oder kalt h\u00e4lt. Dank des auslaufsicheren Deckels k\u00f6nnen Sie sie bedenkenlos transportieren. Damit Sie Ihre wichtigsten Schl\u00fcssel immer griffbereit haben, enth\u00e4lt das [&hellip;]\" \/>\n<meta property=\"og:url\" content=\"https:\/\/swiss-peak.com\/de\/produkt\/swiss-peak-rcs-deluxe-business-set-mit-flasche-schwarz\/\" \/>\n<meta property=\"og:site_name\" content=\"Swiss Peak\" \/>\n<meta property=\"article:modified_time\" content=\"2026-03-12T01:37:15+00:00\" \/>\n<meta property=\"og:image\" content=\"https:\/\/swiss-peak.com\/wp-content\/uploads\/sites\/9\/2026\/01\/P774.6801__S_0__4e3339f5b2c542fea57e835723e1fb62.jpg\" \/>\n\t<meta property=\"og:image:width\" content=\"1024\" \/>\n\t<meta property=\"og:image:height\" content=\"1024\" \/>\n\t<meta property=\"og:image:type\" content=\"image\/jpeg\" \/>\n<meta name=\"twitter:card\" content=\"summary_large_image\" \/>\n<meta name=\"twitter:label1\" content=\"Gesch\u00e4tzte Lesezeit\" \/>\n\t<meta name=\"twitter:data1\" content=\"1\u00a0Minute\" \/>\n<script type=\"application\/ld+json\" class=\"yoast-schema-graph\">{\"@context\":\"https:\/\/schema.org\",\"@graph\":[{\"@type\":\"WebPage\",\"@id\":\"https:\/\/swiss-peak.com\/de\/produkt\/swiss-peak-rcs-deluxe-business-set-mit-flasche-schwarz\/\",\"url\":\"https:\/\/swiss-peak.com\/de\/produkt\/swiss-peak-rcs-deluxe-business-set-mit-flasche-schwarz\/\",\"name\":\"Swiss Peak RCS Deluxe Business-Set mit Flasche, schwarz - Swiss Peak\",\"isPartOf\":{\"@id\":\"https:\/\/swiss-peak.com\/de\/#website\"},\"primaryImageOfPage\":{\"@id\":\"https:\/\/swiss-peak.com\/de\/produkt\/swiss-peak-rcs-deluxe-business-set-mit-flasche-schwarz\/#primaryimage\"},\"image\":{\"@id\":\"https:\/\/swiss-peak.com\/de\/produkt\/swiss-peak-rcs-deluxe-business-set-mit-flasche-schwarz\/#primaryimage\"},\"thumbnailUrl\":\"https:\/\/swiss-peak.com\/wp-content\/uploads\/sites\/9\/2026\/01\/P774.6801__S_0__4e3339f5b2c542fea57e835723e1fb62.jpg\",\"datePublished\":\"2026-01-01T01:32:12+00:00\",\"dateModified\":\"2026-03-12T01:37:15+00:00\",\"breadcrumb\":{\"@id\":\"https:\/\/swiss-peak.com\/de\/produkt\/swiss-peak-rcs-deluxe-business-set-mit-flasche-schwarz\/#breadcrumb\"},\"inLanguage\":\"de\",\"potentialAction\":[{\"@type\":\"ReadAction\",\"target\":[\"https:\/\/swiss-peak.com\/de\/produkt\/swiss-peak-rcs-deluxe-business-set-mit-flasche-schwarz\/\"]}]},{\"@type\":\"ImageObject\",\"inLanguage\":\"de\",\"@id\":\"https:\/\/swiss-peak.com\/de\/produkt\/swiss-peak-rcs-deluxe-business-set-mit-flasche-schwarz\/#primaryimage\",\"url\":\"https:\/\/swiss-peak.com\/wp-content\/uploads\/sites\/9\/2026\/01\/P774.6801__S_0__4e3339f5b2c542fea57e835723e1fb62.jpg\",\"contentUrl\":\"https:\/\/swiss-peak.com\/wp-content\/uploads\/sites\/9\/2026\/01\/P774.6801__S_0__4e3339f5b2c542fea57e835723e1fb62.jpg\",\"width\":1024,\"height\":1024},{\"@type\":\"BreadcrumbList\",\"@id\":\"https:\/\/swiss-peak.com\/de\/produkt\/swiss-peak-rcs-deluxe-business-set-mit-flasche-schwarz\/#breadcrumb\",\"itemListElement\":[{\"@type\":\"ListItem\",\"position\":1,\"name\":\"Home\",\"item\":\"https:\/\/swiss-peak.com\/de\/\"},{\"@type\":\"ListItem\",\"position\":2,\"name\":\"Kollektion\",\"item\":\"https:\/\/swiss-peak.com\/de\/kollektion\/\"},{\"@type\":\"ListItem\",\"position\":3,\"name\":\"Swiss Peak RCS Deluxe Business-Set mit Flasche, schwarz\"}]},{\"@type\":\"WebSite\",\"@id\":\"https:\/\/swiss-peak.com\/de\/#website\",\"url\":\"https:\/\/swiss-peak.com\/de\/\",\"name\":\"Swiss Peak\",\"description\":\"Where will today take you?\",\"potentialAction\":[{\"@type\":\"SearchAction\",\"target\":{\"@type\":\"EntryPoint\",\"urlTemplate\":\"https:\/\/swiss-peak.com\/de\/?s={search_term_string}\"},\"query-input\":{\"@type\":\"PropertyValueSpecification\",\"valueRequired\":true,\"valueName\":\"search_term_string\"}}],\"inLanguage\":\"de\"}]}<\/script>\n<!-- \/ Yoast SEO plugin. -->","yoast_head_json":{"title":"Swiss Peak RCS Deluxe Business-Set mit Flasche, schwarz - Swiss Peak","robots":{"index":"index","follow":"follow","max-snippet":"max-snippet:-1","max-image-preview":"max-image-preview:large","max-video-preview":"max-video-preview:-1"},"canonical":"https:\/\/swiss-peak.com\/de\/produkt\/swiss-peak-rcs-deluxe-business-set-mit-flasche-schwarz\/","og_locale":"de_DE","og_type":"article","og_title":"Swiss Peak RCS Deluxe Business-Set mit Flasche, schwarz - Swiss Peak","og_description":"Dieses luxuri\u00f6se Geschenkset enth\u00e4lt alles, was Sie brauchen, um Ihren Arbeitstag komfortabel und stilvoll zu meistern. Die doppelwandige 480ml-Wasserflasche besteht aus recyceltem Edelstahl und verf\u00fcgt \u00fcber eine Vakuumisolierung, die Ihre Getr\u00e4nke stundenlang hei\u00df oder kalt h\u00e4lt. Dank des auslaufsicheren Deckels k\u00f6nnen Sie sie bedenkenlos transportieren. Damit Sie Ihre wichtigsten Schl\u00fcssel immer griffbereit haben, enth\u00e4lt das [&hellip;]","og_url":"https:\/\/swiss-peak.com\/de\/produkt\/swiss-peak-rcs-deluxe-business-set-mit-flasche-schwarz\/","og_site_name":"Swiss Peak","article_modified_time":"2026-03-12T01:37:15+00:00","og_image":[{"width":1024,"height":1024,"url":"https:\/\/swiss-peak.com\/wp-content\/uploads\/sites\/9\/2026\/01\/P774.6801__S_0__4e3339f5b2c542fea57e835723e1fb62.jpg","type":"image\/jpeg"}],"twitter_card":"summary_large_image","twitter_misc":{"Gesch\u00e4tzte Lesezeit":"1\u00a0Minute"},"schema":{"@context":"https:\/\/schema.org","@graph":[{"@type":"WebPage","@id":"https:\/\/swiss-peak.com\/de\/produkt\/swiss-peak-rcs-deluxe-business-set-mit-flasche-schwarz\/","url":"https:\/\/swiss-peak.com\/de\/produkt\/swiss-peak-rcs-deluxe-business-set-mit-flasche-schwarz\/","name":"Swiss Peak RCS Deluxe Business-Set mit Flasche, schwarz - Swiss Peak","isPartOf":{"@id":"https:\/\/swiss-peak.com\/de\/#website"},"primaryImageOfPage":{"@id":"https:\/\/swiss-peak.com\/de\/produkt\/swiss-peak-rcs-deluxe-business-set-mit-flasche-schwarz\/#primaryimage"},"image":{"@id":"https:\/\/swiss-peak.com\/de\/produkt\/swiss-peak-rcs-deluxe-business-set-mit-flasche-schwarz\/#primaryimage"},"thumbnailUrl":"https:\/\/swiss-peak.com\/wp-content\/uploads\/sites\/9\/2026\/01\/P774.6801__S_0__4e3339f5b2c542fea57e835723e1fb62.jpg","datePublished":"2026-01-01T01:32:12+00:00","dateModified":"2026-03-12T01:37:15+00:00","breadcrumb":{"@id":"https:\/\/swiss-peak.com\/de\/produkt\/swiss-peak-rcs-deluxe-business-set-mit-flasche-schwarz\/#breadcrumb"},"inLanguage":"de","potentialAction":[{"@type":"ReadAction","target":["https:\/\/swiss-peak.com\/de\/produkt\/swiss-peak-rcs-deluxe-business-set-mit-flasche-schwarz\/"]}]},{"@type":"ImageObject","inLanguage":"de","@id":"https:\/\/swiss-peak.com\/de\/produkt\/swiss-peak-rcs-deluxe-business-set-mit-flasche-schwarz\/#primaryimage","url":"https:\/\/swiss-peak.com\/wp-content\/uploads\/sites\/9\/2026\/01\/P774.6801__S_0__4e3339f5b2c542fea57e835723e1fb62.jpg","contentUrl":"https:\/\/swiss-peak.com\/wp-content\/uploads\/sites\/9\/2026\/01\/P774.6801__S_0__4e3339f5b2c542fea57e835723e1fb62.jpg","width":1024,"height":1024},{"@type":"BreadcrumbList","@id":"https:\/\/swiss-peak.com\/de\/produkt\/swiss-peak-rcs-deluxe-business-set-mit-flasche-schwarz\/#breadcrumb","itemListElement":[{"@type":"ListItem","position":1,"name":"Home","item":"https:\/\/swiss-peak.com\/de\/"},{"@type":"ListItem","position":2,"name":"Kollektion","item":"https:\/\/swiss-peak.com\/de\/kollektion\/"},{"@type":"ListItem","position":3,"name":"Swiss Peak RCS Deluxe Business-Set mit Flasche, schwarz"}]},{"@type":"WebSite","@id":"https:\/\/swiss-peak.com\/de\/#website","url":"https:\/\/swiss-peak.com\/de\/","name":"Swiss Peak","description":"Where will today take you?","potentialAction":[{"@type":"SearchAction","target":{"@type":"EntryPoint","urlTemplate":"https:\/\/swiss-peak.com\/de\/?s={search_term_string}"},"query-input":{"@type":"PropertyValueSpecification","valueRequired":true,"valueName":"search_term_string"}}],"inLanguage":"de"}]}},"_links":{"self":[{"href":"https:\/\/swiss-peak.com\/de\/wp-json\/wp\/v2\/product\/46051","targetHints":{"allow":["GET"]}}],"collection":[{"href":"https:\/\/swiss-peak.com\/de\/wp-json\/wp\/v2\/product"}],"about":[{"href":"https:\/\/swiss-peak.com\/de\/wp-json\/wp\/v2\/types\/product"}],"wp:featuredmedia":[{"embeddable":true,"href":"https:\/\/swiss-peak.com\/de\/wp-json\/wp\/v2\/media\/45941"}],"wp:attachment":[{"href":"https:\/\/swiss-peak.com\/de\/wp-json\/wp\/v2\/media?parent=46051"}],"wp:term":[{"taxonomy":"product_cat","embeddable":true,"href":"https:\/\/swiss-peak.com\/de\/wp-json\/wp\/v2\/product_cat?post=46051"},{"taxonomy":"product_tag","embeddable":true,"href":"https:\/\/swiss-peak.com\/de\/wp-json\/wp\/v2\/product_tag?post=46051"}],"curies":[{"name":"wp","href":"https:\/\/api.w.org\/{rel}","templated":true}]}}