{"id":45708,"date":"2025-08-01T02:00:21","date_gmt":"2025-08-01T00:32:09","guid":{"rendered":"https:\/\/swiss-peak.com\/swiss-peak-10w-basslautsprecher-aus-recyceltem-aluminium-grau\/"},"modified":"2026-03-12T03:30:47","modified_gmt":"2026-03-12T01:30:47","slug":"swiss-peak-10w-basslautsprecher-aus-recyceltem-aluminium-grau","status":"publish","type":"product","link":"https:\/\/swiss-peak.com\/de\/produkt\/swiss-peak-10w-basslautsprecher-aus-recyceltem-aluminium-grau\/","title":{"rendered":"Swiss Peak 10W Basslautsprecher aus recyceltem Aluminium, grau"},"content":{"rendered":"<p>Der Swiss Peak RCS Recycled Aluminum 10W Lautsprecher liefert dank seines integrierten Subwoofers und zwei 5W-Lautsprechern einen kraftvollen, hochwertigen Klang mit tiefen, resonanten B\u00e4ssen. Mit BT 5.3 f\u00fcr nahtlose Konnektivit\u00e4t und automatische Kopplung. Der 1200mAh-Polymer-Li-Ionen-Akku bietet bis zu 5h Spielzeit bei 50% Lautst\u00e4rke und l\u00e4sst sich \u00fcber das mitgelieferte USB-C-zu USB-C-Kabel in nur 2,5h vollst\u00e4ndig aufladen. Zu den weiteren Merkmalen geh\u00f6ren ein USB-C-Anschluss und ein AUX-Anschluss. Der Lautsprecher besteht aus RCS-zertifiziert recyceltem Aluminium. RCS (Recycled Claim Standard) ist ein Standard zur \u00dcberpr\u00fcfung des Recyclinganteils eines Produkts \u00fcber die gesamte Lieferkette hinweg. Gesamtanteil an recyceltem Material: 40% bezogen auf das Gesamtgewicht des Artikels. Dieser Lautsprecher ist PVC-frei und in einer FSC-zertifizierten Geschenkbox verpackt. Mit Tragegurt aus rPET.<\/p>\n","protected":false},"excerpt":{"rendered":"<p>Der Swiss Peak RCS Recycled Aluminum 10W Lautsprecher liefert dank seines integrierten Subwoofers und zwei 5W-Lautsprechern einen kraftvollen, hochwertigen Klang mit tiefen, resonanten B\u00e4ssen. Mit BT 5.3 f\u00fcr nahtlose Konnektivit\u00e4t und automatische Kopplung. Der 1200mAh-Polymer-Li-Ionen-Akku bietet bis zu 5h Spielzeit bei 50% Lautst\u00e4rke und l\u00e4sst sich \u00fcber das mitgelieferte USB-C-zu USB-C-Kabel in nur 2,5h vollst\u00e4ndig [&hellip;]<\/p>\n","protected":false},"featured_media":45741,"template":"","meta":{"_acf_changed":false},"product_cat":[311,308],"product_tag":[],"class_list":["post-45708","product","type-product","status-publish","has-post-thumbnail","hentry","product_cat-audio-de","product_cat-freizeit-sport","pa_color-grey-de"],"acf":[],"yoast_head":"<!-- This site is optimized with the Yoast SEO plugin v27.0 - https:\/\/yoast.com\/product\/yoast-seo-wordpress\/ -->\n<title>Swiss Peak 10W Basslautsprecher aus recyceltem Aluminium, grau - Swiss Peak<\/title>\n<meta name=\"robots\" content=\"index, follow, max-snippet:-1, max-image-preview:large, max-video-preview:-1\" \/>\n<link rel=\"canonical\" href=\"https:\/\/swiss-peak.com\/de\/produkt\/swiss-peak-10w-basslautsprecher-aus-recyceltem-aluminium-grau\/\" \/>\n<meta property=\"og:locale\" content=\"de_DE\" \/>\n<meta property=\"og:type\" content=\"article\" \/>\n<meta property=\"og:title\" content=\"Swiss Peak 10W Basslautsprecher aus recyceltem Aluminium, grau - Swiss Peak\" \/>\n<meta property=\"og:description\" content=\"Der Swiss Peak RCS Recycled Aluminum 10W Lautsprecher liefert dank seines integrierten Subwoofers und zwei 5W-Lautsprechern einen kraftvollen, hochwertigen Klang mit tiefen, resonanten B\u00e4ssen. Mit BT 5.3 f\u00fcr nahtlose Konnektivit\u00e4t und automatische Kopplung. Der 1200mAh-Polymer-Li-Ionen-Akku bietet bis zu 5h Spielzeit bei 50% Lautst\u00e4rke und l\u00e4sst sich \u00fcber das mitgelieferte USB-C-zu USB-C-Kabel in nur 2,5h vollst\u00e4ndig [&hellip;]\" \/>\n<meta property=\"og:url\" content=\"https:\/\/swiss-peak.com\/de\/produkt\/swiss-peak-10w-basslautsprecher-aus-recyceltem-aluminium-grau\/\" \/>\n<meta property=\"og:site_name\" content=\"Swiss Peak\" \/>\n<meta property=\"article:modified_time\" content=\"2026-03-12T01:30:47+00:00\" \/>\n<meta property=\"og:image\" content=\"https:\/\/swiss-peak.com\/wp-content\/uploads\/sites\/9\/2025\/10\/P331.0902__S_0__503c815dfef14cfbada4858420dec47a.jpg\" \/>\n\t<meta property=\"og:image:width\" content=\"1024\" \/>\n\t<meta property=\"og:image:height\" content=\"1024\" \/>\n\t<meta property=\"og:image:type\" content=\"image\/jpeg\" \/>\n<meta name=\"twitter:card\" content=\"summary_large_image\" \/>\n<meta name=\"twitter:label1\" content=\"Gesch\u00e4tzte Lesezeit\" \/>\n\t<meta name=\"twitter:data1\" content=\"1\u00a0Minute\" \/>\n<script type=\"application\/ld+json\" class=\"yoast-schema-graph\">{\"@context\":\"https:\/\/schema.org\",\"@graph\":[{\"@type\":\"WebPage\",\"@id\":\"https:\/\/swiss-peak.com\/de\/produkt\/swiss-peak-10w-basslautsprecher-aus-recyceltem-aluminium-grau\/\",\"url\":\"https:\/\/swiss-peak.com\/de\/produkt\/swiss-peak-10w-basslautsprecher-aus-recyceltem-aluminium-grau\/\",\"name\":\"Swiss Peak 10W Basslautsprecher aus recyceltem Aluminium, grau - Swiss Peak\",\"isPartOf\":{\"@id\":\"https:\/\/swiss-peak.com\/de\/#website\"},\"primaryImageOfPage\":{\"@id\":\"https:\/\/swiss-peak.com\/de\/produkt\/swiss-peak-10w-basslautsprecher-aus-recyceltem-aluminium-grau\/#primaryimage\"},\"image\":{\"@id\":\"https:\/\/swiss-peak.com\/de\/produkt\/swiss-peak-10w-basslautsprecher-aus-recyceltem-aluminium-grau\/#primaryimage\"},\"thumbnailUrl\":\"https:\/\/swiss-peak.com\/wp-content\/uploads\/sites\/9\/2025\/10\/P331.0902__S_0__503c815dfef14cfbada4858420dec47a.jpg\",\"datePublished\":\"2025-08-01T00:32:09+00:00\",\"dateModified\":\"2026-03-12T01:30:47+00:00\",\"breadcrumb\":{\"@id\":\"https:\/\/swiss-peak.com\/de\/produkt\/swiss-peak-10w-basslautsprecher-aus-recyceltem-aluminium-grau\/#breadcrumb\"},\"inLanguage\":\"de\",\"potentialAction\":[{\"@type\":\"ReadAction\",\"target\":[\"https:\/\/swiss-peak.com\/de\/produkt\/swiss-peak-10w-basslautsprecher-aus-recyceltem-aluminium-grau\/\"]}]},{\"@type\":\"ImageObject\",\"inLanguage\":\"de\",\"@id\":\"https:\/\/swiss-peak.com\/de\/produkt\/swiss-peak-10w-basslautsprecher-aus-recyceltem-aluminium-grau\/#primaryimage\",\"url\":\"https:\/\/swiss-peak.com\/wp-content\/uploads\/sites\/9\/2025\/10\/P331.0902__S_0__503c815dfef14cfbada4858420dec47a.jpg\",\"contentUrl\":\"https:\/\/swiss-peak.com\/wp-content\/uploads\/sites\/9\/2025\/10\/P331.0902__S_0__503c815dfef14cfbada4858420dec47a.jpg\",\"width\":1024,\"height\":1024},{\"@type\":\"BreadcrumbList\",\"@id\":\"https:\/\/swiss-peak.com\/de\/produkt\/swiss-peak-10w-basslautsprecher-aus-recyceltem-aluminium-grau\/#breadcrumb\",\"itemListElement\":[{\"@type\":\"ListItem\",\"position\":1,\"name\":\"Home\",\"item\":\"https:\/\/swiss-peak.com\/de\/\"},{\"@type\":\"ListItem\",\"position\":2,\"name\":\"Kollektion\",\"item\":\"https:\/\/swiss-peak.com\/de\/kollektion\/\"},{\"@type\":\"ListItem\",\"position\":3,\"name\":\"Swiss Peak 10W Basslautsprecher aus recyceltem Aluminium, grau\"}]},{\"@type\":\"WebSite\",\"@id\":\"https:\/\/swiss-peak.com\/de\/#website\",\"url\":\"https:\/\/swiss-peak.com\/de\/\",\"name\":\"Swiss Peak\",\"description\":\"Where will today take you?\",\"potentialAction\":[{\"@type\":\"SearchAction\",\"target\":{\"@type\":\"EntryPoint\",\"urlTemplate\":\"https:\/\/swiss-peak.com\/de\/?s={search_term_string}\"},\"query-input\":{\"@type\":\"PropertyValueSpecification\",\"valueRequired\":true,\"valueName\":\"search_term_string\"}}],\"inLanguage\":\"de\"}]}<\/script>\n<!-- \/ Yoast SEO plugin. -->","yoast_head_json":{"title":"Swiss Peak 10W Basslautsprecher aus recyceltem Aluminium, grau - Swiss Peak","robots":{"index":"index","follow":"follow","max-snippet":"max-snippet:-1","max-image-preview":"max-image-preview:large","max-video-preview":"max-video-preview:-1"},"canonical":"https:\/\/swiss-peak.com\/de\/produkt\/swiss-peak-10w-basslautsprecher-aus-recyceltem-aluminium-grau\/","og_locale":"de_DE","og_type":"article","og_title":"Swiss Peak 10W Basslautsprecher aus recyceltem Aluminium, grau - Swiss Peak","og_description":"Der Swiss Peak RCS Recycled Aluminum 10W Lautsprecher liefert dank seines integrierten Subwoofers und zwei 5W-Lautsprechern einen kraftvollen, hochwertigen Klang mit tiefen, resonanten B\u00e4ssen. Mit BT 5.3 f\u00fcr nahtlose Konnektivit\u00e4t und automatische Kopplung. Der 1200mAh-Polymer-Li-Ionen-Akku bietet bis zu 5h Spielzeit bei 50% Lautst\u00e4rke und l\u00e4sst sich \u00fcber das mitgelieferte USB-C-zu USB-C-Kabel in nur 2,5h vollst\u00e4ndig [&hellip;]","og_url":"https:\/\/swiss-peak.com\/de\/produkt\/swiss-peak-10w-basslautsprecher-aus-recyceltem-aluminium-grau\/","og_site_name":"Swiss Peak","article_modified_time":"2026-03-12T01:30:47+00:00","og_image":[{"width":1024,"height":1024,"url":"https:\/\/swiss-peak.com\/wp-content\/uploads\/sites\/9\/2025\/10\/P331.0902__S_0__503c815dfef14cfbada4858420dec47a.jpg","type":"image\/jpeg"}],"twitter_card":"summary_large_image","twitter_misc":{"Gesch\u00e4tzte Lesezeit":"1\u00a0Minute"},"schema":{"@context":"https:\/\/schema.org","@graph":[{"@type":"WebPage","@id":"https:\/\/swiss-peak.com\/de\/produkt\/swiss-peak-10w-basslautsprecher-aus-recyceltem-aluminium-grau\/","url":"https:\/\/swiss-peak.com\/de\/produkt\/swiss-peak-10w-basslautsprecher-aus-recyceltem-aluminium-grau\/","name":"Swiss Peak 10W Basslautsprecher aus recyceltem Aluminium, grau - Swiss Peak","isPartOf":{"@id":"https:\/\/swiss-peak.com\/de\/#website"},"primaryImageOfPage":{"@id":"https:\/\/swiss-peak.com\/de\/produkt\/swiss-peak-10w-basslautsprecher-aus-recyceltem-aluminium-grau\/#primaryimage"},"image":{"@id":"https:\/\/swiss-peak.com\/de\/produkt\/swiss-peak-10w-basslautsprecher-aus-recyceltem-aluminium-grau\/#primaryimage"},"thumbnailUrl":"https:\/\/swiss-peak.com\/wp-content\/uploads\/sites\/9\/2025\/10\/P331.0902__S_0__503c815dfef14cfbada4858420dec47a.jpg","datePublished":"2025-08-01T00:32:09+00:00","dateModified":"2026-03-12T01:30:47+00:00","breadcrumb":{"@id":"https:\/\/swiss-peak.com\/de\/produkt\/swiss-peak-10w-basslautsprecher-aus-recyceltem-aluminium-grau\/#breadcrumb"},"inLanguage":"de","potentialAction":[{"@type":"ReadAction","target":["https:\/\/swiss-peak.com\/de\/produkt\/swiss-peak-10w-basslautsprecher-aus-recyceltem-aluminium-grau\/"]}]},{"@type":"ImageObject","inLanguage":"de","@id":"https:\/\/swiss-peak.com\/de\/produkt\/swiss-peak-10w-basslautsprecher-aus-recyceltem-aluminium-grau\/#primaryimage","url":"https:\/\/swiss-peak.com\/wp-content\/uploads\/sites\/9\/2025\/10\/P331.0902__S_0__503c815dfef14cfbada4858420dec47a.jpg","contentUrl":"https:\/\/swiss-peak.com\/wp-content\/uploads\/sites\/9\/2025\/10\/P331.0902__S_0__503c815dfef14cfbada4858420dec47a.jpg","width":1024,"height":1024},{"@type":"BreadcrumbList","@id":"https:\/\/swiss-peak.com\/de\/produkt\/swiss-peak-10w-basslautsprecher-aus-recyceltem-aluminium-grau\/#breadcrumb","itemListElement":[{"@type":"ListItem","position":1,"name":"Home","item":"https:\/\/swiss-peak.com\/de\/"},{"@type":"ListItem","position":2,"name":"Kollektion","item":"https:\/\/swiss-peak.com\/de\/kollektion\/"},{"@type":"ListItem","position":3,"name":"Swiss Peak 10W Basslautsprecher aus recyceltem Aluminium, grau"}]},{"@type":"WebSite","@id":"https:\/\/swiss-peak.com\/de\/#website","url":"https:\/\/swiss-peak.com\/de\/","name":"Swiss Peak","description":"Where will today take you?","potentialAction":[{"@type":"SearchAction","target":{"@type":"EntryPoint","urlTemplate":"https:\/\/swiss-peak.com\/de\/?s={search_term_string}"},"query-input":{"@type":"PropertyValueSpecification","valueRequired":true,"valueName":"search_term_string"}}],"inLanguage":"de"}]}},"_links":{"self":[{"href":"https:\/\/swiss-peak.com\/de\/wp-json\/wp\/v2\/product\/45708","targetHints":{"allow":["GET"]}}],"collection":[{"href":"https:\/\/swiss-peak.com\/de\/wp-json\/wp\/v2\/product"}],"about":[{"href":"https:\/\/swiss-peak.com\/de\/wp-json\/wp\/v2\/types\/product"}],"wp:featuredmedia":[{"embeddable":true,"href":"https:\/\/swiss-peak.com\/de\/wp-json\/wp\/v2\/media\/45741"}],"wp:attachment":[{"href":"https:\/\/swiss-peak.com\/de\/wp-json\/wp\/v2\/media?parent=45708"}],"wp:term":[{"taxonomy":"product_cat","embeddable":true,"href":"https:\/\/swiss-peak.com\/de\/wp-json\/wp\/v2\/product_cat?post=45708"},{"taxonomy":"product_tag","embeddable":true,"href":"https:\/\/swiss-peak.com\/de\/wp-json\/wp\/v2\/product_tag?post=45708"}],"curies":[{"name":"wp","href":"https:\/\/api.w.org\/{rel}","templated":true}]}}