{"id":45605,"date":"2025-05-28T02:00:13","date_gmt":"2025-05-28T00:30:10","guid":{"rendered":"https:\/\/swiss-peak.com\/swiss-peak-magnet-156-laptop-sleeve-mit-15w-ladefunktion-schwarz\/"},"modified":"2026-03-12T03:30:27","modified_gmt":"2026-03-12T01:30:27","slug":"swiss-peak-magnet-156-laptop-sleeve-mit-15w-ladefunktion-schwarz","status":"publish","type":"product","link":"https:\/\/swiss-peak.com\/de\/produkt\/swiss-peak-magnet-156-laptop-sleeve-mit-15w-ladefunktion-schwarz\/","title":{"rendered":"Swiss Peak magnet. 15,6&#8243; Laptop-Sleeve mit 15W Ladefunktion, schwarz"},"content":{"rendered":"<p>Das Swiss Peak 15W Magnetic Charging Laptop Sleeve aus RCS recyceltem Polyester ist f\u00fcr 14-15,6&#8243;-Laptops ausgelegt ist und vereint Stil, Funktionalit\u00e4t und Nachhaltigkeit. Mit ihm k\u00f6nnen Sie Ihren Laptop \u00fcberall hin mitnehmen und es am Zielort in eine Arbeitsstation verwandeln. Es besteht aus RCS (Recycled Claim Standard)-zertifiziert recyceltem Polyester, wobei der Gesamtanteil an recyceltem Material 6% des Gesamtgewichts des Artikels betr\u00e4gt. Das schlanke Sleeve verf\u00fcgt \u00fcber einen Magnetverschluss und bietet eine kabellose magnetische 15W-Ladem\u00f6glichkeit, damit Ihre Ger\u00e4te auch unterwegs mit Strom versorgt werden. Das Sleeve wird mit einem 120cm langen schwarzen RCS-Typ-C-rTPE-Kabel geliefert und ben\u00f6tigt eine Mindestleistung von 9V\/2A. Das Sleeve ist in einer schwarzen, plastikfreien Swiss-Peak FSC-Box verpackt. Artikel und Zubeh\u00f6r PVC-frei.<\/p>\n","protected":false},"excerpt":{"rendered":"<p>Das Swiss Peak 15W Magnetic Charging Laptop Sleeve aus RCS recyceltem Polyester ist f\u00fcr 14-15,6&#8243;-Laptops ausgelegt ist und vereint Stil, Funktionalit\u00e4t und Nachhaltigkeit. Mit ihm k\u00f6nnen Sie Ihren Laptop \u00fcberall hin mitnehmen und es am Zielort in eine Arbeitsstation verwandeln. Es besteht aus RCS (Recycled Claim Standard)-zertifiziert recyceltem Polyester, wobei der Gesamtanteil an recyceltem Material [&hellip;]<\/p>\n","protected":false},"featured_media":45515,"template":"","meta":{"_acf_changed":false},"product_cat":[296],"product_tag":[],"class_list":["post-45605","product","type-product","status-publish","has-post-thumbnail","hentry","product_cat-buro-schreibgerate","pa_color-black-de"],"acf":[],"yoast_head":"<!-- This site is optimized with the Yoast SEO plugin v27.0 - https:\/\/yoast.com\/product\/yoast-seo-wordpress\/ -->\n<title>Swiss Peak magnet. 15,6&quot; Laptop-Sleeve mit 15W Ladefunktion, schwarz - Swiss Peak<\/title>\n<meta name=\"robots\" content=\"index, follow, max-snippet:-1, max-image-preview:large, max-video-preview:-1\" \/>\n<link rel=\"canonical\" href=\"https:\/\/swiss-peak.com\/de\/produkt\/swiss-peak-magnet-156-laptop-sleeve-mit-15w-ladefunktion-schwarz\/\" \/>\n<meta property=\"og:locale\" content=\"de_DE\" \/>\n<meta property=\"og:type\" content=\"article\" \/>\n<meta property=\"og:title\" content=\"Swiss Peak magnet. 15,6&quot; Laptop-Sleeve mit 15W Ladefunktion, schwarz - Swiss Peak\" \/>\n<meta property=\"og:description\" content=\"Das Swiss Peak 15W Magnetic Charging Laptop Sleeve aus RCS recyceltem Polyester ist f\u00fcr 14-15,6&#8243;-Laptops ausgelegt ist und vereint Stil, Funktionalit\u00e4t und Nachhaltigkeit. Mit ihm k\u00f6nnen Sie Ihren Laptop \u00fcberall hin mitnehmen und es am Zielort in eine Arbeitsstation verwandeln. Es besteht aus RCS (Recycled Claim Standard)-zertifiziert recyceltem Polyester, wobei der Gesamtanteil an recyceltem Material [&hellip;]\" \/>\n<meta property=\"og:url\" content=\"https:\/\/swiss-peak.com\/de\/produkt\/swiss-peak-magnet-156-laptop-sleeve-mit-15w-ladefunktion-schwarz\/\" \/>\n<meta property=\"og:site_name\" content=\"Swiss Peak\" \/>\n<meta property=\"article:modified_time\" content=\"2026-03-12T01:30:27+00:00\" \/>\n<meta property=\"og:image\" content=\"https:\/\/swiss-peak.com\/wp-content\/uploads\/sites\/9\/2025\/05\/P309.0701__S_0__e74b4796074f43d2b7c5bcbcd26c829a.jpg\" \/>\n\t<meta property=\"og:image:width\" content=\"1024\" \/>\n\t<meta property=\"og:image:height\" content=\"1024\" \/>\n\t<meta property=\"og:image:type\" content=\"image\/jpeg\" \/>\n<meta name=\"twitter:card\" content=\"summary_large_image\" \/>\n<meta name=\"twitter:label1\" content=\"Gesch\u00e4tzte Lesezeit\" \/>\n\t<meta name=\"twitter:data1\" content=\"1\u00a0Minute\" \/>\n<script type=\"application\/ld+json\" class=\"yoast-schema-graph\">{\"@context\":\"https:\/\/schema.org\",\"@graph\":[{\"@type\":\"WebPage\",\"@id\":\"https:\/\/swiss-peak.com\/de\/produkt\/swiss-peak-magnet-156-laptop-sleeve-mit-15w-ladefunktion-schwarz\/\",\"url\":\"https:\/\/swiss-peak.com\/de\/produkt\/swiss-peak-magnet-156-laptop-sleeve-mit-15w-ladefunktion-schwarz\/\",\"name\":\"Swiss Peak magnet. 15,6\\\" Laptop-Sleeve mit 15W Ladefunktion, schwarz - Swiss Peak\",\"isPartOf\":{\"@id\":\"https:\/\/swiss-peak.com\/de\/#website\"},\"primaryImageOfPage\":{\"@id\":\"https:\/\/swiss-peak.com\/de\/produkt\/swiss-peak-magnet-156-laptop-sleeve-mit-15w-ladefunktion-schwarz\/#primaryimage\"},\"image\":{\"@id\":\"https:\/\/swiss-peak.com\/de\/produkt\/swiss-peak-magnet-156-laptop-sleeve-mit-15w-ladefunktion-schwarz\/#primaryimage\"},\"thumbnailUrl\":\"https:\/\/swiss-peak.com\/wp-content\/uploads\/sites\/9\/2025\/05\/P309.0701__S_0__e74b4796074f43d2b7c5bcbcd26c829a.jpg\",\"datePublished\":\"2025-05-28T00:30:10+00:00\",\"dateModified\":\"2026-03-12T01:30:27+00:00\",\"breadcrumb\":{\"@id\":\"https:\/\/swiss-peak.com\/de\/produkt\/swiss-peak-magnet-156-laptop-sleeve-mit-15w-ladefunktion-schwarz\/#breadcrumb\"},\"inLanguage\":\"de\",\"potentialAction\":[{\"@type\":\"ReadAction\",\"target\":[\"https:\/\/swiss-peak.com\/de\/produkt\/swiss-peak-magnet-156-laptop-sleeve-mit-15w-ladefunktion-schwarz\/\"]}]},{\"@type\":\"ImageObject\",\"inLanguage\":\"de\",\"@id\":\"https:\/\/swiss-peak.com\/de\/produkt\/swiss-peak-magnet-156-laptop-sleeve-mit-15w-ladefunktion-schwarz\/#primaryimage\",\"url\":\"https:\/\/swiss-peak.com\/wp-content\/uploads\/sites\/9\/2025\/05\/P309.0701__S_0__e74b4796074f43d2b7c5bcbcd26c829a.jpg\",\"contentUrl\":\"https:\/\/swiss-peak.com\/wp-content\/uploads\/sites\/9\/2025\/05\/P309.0701__S_0__e74b4796074f43d2b7c5bcbcd26c829a.jpg\",\"width\":1024,\"height\":1024},{\"@type\":\"BreadcrumbList\",\"@id\":\"https:\/\/swiss-peak.com\/de\/produkt\/swiss-peak-magnet-156-laptop-sleeve-mit-15w-ladefunktion-schwarz\/#breadcrumb\",\"itemListElement\":[{\"@type\":\"ListItem\",\"position\":1,\"name\":\"Home\",\"item\":\"https:\/\/swiss-peak.com\/de\/\"},{\"@type\":\"ListItem\",\"position\":2,\"name\":\"Kollektion\",\"item\":\"https:\/\/swiss-peak.com\/de\/kollektion\/\"},{\"@type\":\"ListItem\",\"position\":3,\"name\":\"Swiss Peak magnet. 15,6&#8243; Laptop-Sleeve mit 15W Ladefunktion, schwarz\"}]},{\"@type\":\"WebSite\",\"@id\":\"https:\/\/swiss-peak.com\/de\/#website\",\"url\":\"https:\/\/swiss-peak.com\/de\/\",\"name\":\"Swiss Peak\",\"description\":\"Where will today take you?\",\"potentialAction\":[{\"@type\":\"SearchAction\",\"target\":{\"@type\":\"EntryPoint\",\"urlTemplate\":\"https:\/\/swiss-peak.com\/de\/?s={search_term_string}\"},\"query-input\":{\"@type\":\"PropertyValueSpecification\",\"valueRequired\":true,\"valueName\":\"search_term_string\"}}],\"inLanguage\":\"de\"}]}<\/script>\n<!-- \/ Yoast SEO plugin. -->","yoast_head_json":{"title":"Swiss Peak magnet. 15,6\" Laptop-Sleeve mit 15W Ladefunktion, schwarz - Swiss Peak","robots":{"index":"index","follow":"follow","max-snippet":"max-snippet:-1","max-image-preview":"max-image-preview:large","max-video-preview":"max-video-preview:-1"},"canonical":"https:\/\/swiss-peak.com\/de\/produkt\/swiss-peak-magnet-156-laptop-sleeve-mit-15w-ladefunktion-schwarz\/","og_locale":"de_DE","og_type":"article","og_title":"Swiss Peak magnet. 15,6\" Laptop-Sleeve mit 15W Ladefunktion, schwarz - Swiss Peak","og_description":"Das Swiss Peak 15W Magnetic Charging Laptop Sleeve aus RCS recyceltem Polyester ist f\u00fcr 14-15,6&#8243;-Laptops ausgelegt ist und vereint Stil, Funktionalit\u00e4t und Nachhaltigkeit. Mit ihm k\u00f6nnen Sie Ihren Laptop \u00fcberall hin mitnehmen und es am Zielort in eine Arbeitsstation verwandeln. Es besteht aus RCS (Recycled Claim Standard)-zertifiziert recyceltem Polyester, wobei der Gesamtanteil an recyceltem Material [&hellip;]","og_url":"https:\/\/swiss-peak.com\/de\/produkt\/swiss-peak-magnet-156-laptop-sleeve-mit-15w-ladefunktion-schwarz\/","og_site_name":"Swiss Peak","article_modified_time":"2026-03-12T01:30:27+00:00","og_image":[{"width":1024,"height":1024,"url":"https:\/\/swiss-peak.com\/wp-content\/uploads\/sites\/9\/2025\/05\/P309.0701__S_0__e74b4796074f43d2b7c5bcbcd26c829a.jpg","type":"image\/jpeg"}],"twitter_card":"summary_large_image","twitter_misc":{"Gesch\u00e4tzte Lesezeit":"1\u00a0Minute"},"schema":{"@context":"https:\/\/schema.org","@graph":[{"@type":"WebPage","@id":"https:\/\/swiss-peak.com\/de\/produkt\/swiss-peak-magnet-156-laptop-sleeve-mit-15w-ladefunktion-schwarz\/","url":"https:\/\/swiss-peak.com\/de\/produkt\/swiss-peak-magnet-156-laptop-sleeve-mit-15w-ladefunktion-schwarz\/","name":"Swiss Peak magnet. 15,6\" Laptop-Sleeve mit 15W Ladefunktion, schwarz - Swiss Peak","isPartOf":{"@id":"https:\/\/swiss-peak.com\/de\/#website"},"primaryImageOfPage":{"@id":"https:\/\/swiss-peak.com\/de\/produkt\/swiss-peak-magnet-156-laptop-sleeve-mit-15w-ladefunktion-schwarz\/#primaryimage"},"image":{"@id":"https:\/\/swiss-peak.com\/de\/produkt\/swiss-peak-magnet-156-laptop-sleeve-mit-15w-ladefunktion-schwarz\/#primaryimage"},"thumbnailUrl":"https:\/\/swiss-peak.com\/wp-content\/uploads\/sites\/9\/2025\/05\/P309.0701__S_0__e74b4796074f43d2b7c5bcbcd26c829a.jpg","datePublished":"2025-05-28T00:30:10+00:00","dateModified":"2026-03-12T01:30:27+00:00","breadcrumb":{"@id":"https:\/\/swiss-peak.com\/de\/produkt\/swiss-peak-magnet-156-laptop-sleeve-mit-15w-ladefunktion-schwarz\/#breadcrumb"},"inLanguage":"de","potentialAction":[{"@type":"ReadAction","target":["https:\/\/swiss-peak.com\/de\/produkt\/swiss-peak-magnet-156-laptop-sleeve-mit-15w-ladefunktion-schwarz\/"]}]},{"@type":"ImageObject","inLanguage":"de","@id":"https:\/\/swiss-peak.com\/de\/produkt\/swiss-peak-magnet-156-laptop-sleeve-mit-15w-ladefunktion-schwarz\/#primaryimage","url":"https:\/\/swiss-peak.com\/wp-content\/uploads\/sites\/9\/2025\/05\/P309.0701__S_0__e74b4796074f43d2b7c5bcbcd26c829a.jpg","contentUrl":"https:\/\/swiss-peak.com\/wp-content\/uploads\/sites\/9\/2025\/05\/P309.0701__S_0__e74b4796074f43d2b7c5bcbcd26c829a.jpg","width":1024,"height":1024},{"@type":"BreadcrumbList","@id":"https:\/\/swiss-peak.com\/de\/produkt\/swiss-peak-magnet-156-laptop-sleeve-mit-15w-ladefunktion-schwarz\/#breadcrumb","itemListElement":[{"@type":"ListItem","position":1,"name":"Home","item":"https:\/\/swiss-peak.com\/de\/"},{"@type":"ListItem","position":2,"name":"Kollektion","item":"https:\/\/swiss-peak.com\/de\/kollektion\/"},{"@type":"ListItem","position":3,"name":"Swiss Peak magnet. 15,6&#8243; Laptop-Sleeve mit 15W Ladefunktion, schwarz"}]},{"@type":"WebSite","@id":"https:\/\/swiss-peak.com\/de\/#website","url":"https:\/\/swiss-peak.com\/de\/","name":"Swiss Peak","description":"Where will today take you?","potentialAction":[{"@type":"SearchAction","target":{"@type":"EntryPoint","urlTemplate":"https:\/\/swiss-peak.com\/de\/?s={search_term_string}"},"query-input":{"@type":"PropertyValueSpecification","valueRequired":true,"valueName":"search_term_string"}}],"inLanguage":"de"}]}},"_links":{"self":[{"href":"https:\/\/swiss-peak.com\/de\/wp-json\/wp\/v2\/product\/45605","targetHints":{"allow":["GET"]}}],"collection":[{"href":"https:\/\/swiss-peak.com\/de\/wp-json\/wp\/v2\/product"}],"about":[{"href":"https:\/\/swiss-peak.com\/de\/wp-json\/wp\/v2\/types\/product"}],"wp:featuredmedia":[{"embeddable":true,"href":"https:\/\/swiss-peak.com\/de\/wp-json\/wp\/v2\/media\/45515"}],"wp:attachment":[{"href":"https:\/\/swiss-peak.com\/de\/wp-json\/wp\/v2\/media?parent=45605"}],"wp:term":[{"taxonomy":"product_cat","embeddable":true,"href":"https:\/\/swiss-peak.com\/de\/wp-json\/wp\/v2\/product_cat?post=45605"},{"taxonomy":"product_tag","embeddable":true,"href":"https:\/\/swiss-peak.com\/de\/wp-json\/wp\/v2\/product_tag?post=45605"}],"curies":[{"name":"wp","href":"https:\/\/api.w.org\/{rel}","templated":true}]}}