{"id":45346,"date":"2025-01-22T03:04:06","date_gmt":"2025-01-22T01:32:11","guid":{"rendered":"https:\/\/swiss-peak.com\/swiss-peak-aware-rpet-leonard-156-laptop-rucksack-schwarz\/"},"modified":"2026-03-12T03:36:42","modified_gmt":"2026-03-12T01:36:42","slug":"swiss-peak-aware-rpet-leonard-156-laptop-rucksack-schwarz","status":"publish","type":"product","link":"https:\/\/swiss-peak.com\/de\/produkt\/swiss-peak-aware-rpet-leonard-156-laptop-rucksack-schwarz\/","title":{"rendered":"Swiss Peak Aware\u2122 RPET Leonard 15,6&#8243;-Laptop-Rucksack, schwarz"},"content":{"rendered":"<p>Der Swiss Peak Aware\u2122 RPET Leonard 15,6&#8243;-Laptop-Rucksack ist die perfekte Mischung aus Stil und Funktionalit\u00e4t. Dieser trendige Rucksack besteht zu 100% aus rPET und verf\u00fcgt \u00fcber verstellbare Schultergurte und ein einzigartiges Klappendesign, das bei Bedarf 14cm zus\u00e4tzliche H\u00f6he bietet. Das Hauptfach l\u00e4sst sich f\u00fcr einen einfachen Zugriff in L-Form \u00f6ffnen und bietet durch Gurtband- und Schnallenverschl\u00fcsse zus\u00e4tzliche Sicherheit. Im Inneren bietet er bequem Platz f\u00fcr einen 15,6&#8243;-Laptop, der durch einen Klettverschluss gesichert ist, sowie f\u00fcr eine praktische Innentasche mit Rei\u00dfverschluss. DerRucksack hat au\u00dferdem ein vorderes Rei\u00dfverschlussfach, eine Getr\u00e4nkehaltertasche und einen Tragegriff an der Oberseite. Hergestellt aus recyceltem Polyester, das mit dem AWARE\u2122-Tracer versehen ist. 2% des Erl\u00f6ses jedes mit AWARE\u2122 verkauften Produkts werden an Water.org gespendet. PVC-frei.<\/p>\n","protected":false},"excerpt":{"rendered":"<p>Der Swiss Peak Aware\u2122 RPET Leonard 15,6&#8243;-Laptop-Rucksack ist die perfekte Mischung aus Stil und Funktionalit\u00e4t. Dieser trendige Rucksack besteht zu 100% aus rPET und verf\u00fcgt \u00fcber verstellbare Schultergurte und ein einzigartiges Klappendesign, das bei Bedarf 14cm zus\u00e4tzliche H\u00f6he bietet. Das Hauptfach l\u00e4sst sich f\u00fcr einen einfachen Zugriff in L-Form \u00f6ffnen und bietet durch Gurtband- und [&hellip;]<\/p>\n","protected":false},"featured_media":45270,"template":"","meta":{"_acf_changed":false},"product_cat":[256,252],"product_tag":[],"class_list":["post-45346","product","type-product","status-publish","has-post-thumbnail","hentry","product_cat-rucksacke","product_cat-taschen-reise","pa_color-black-de"],"acf":[],"yoast_head":"<!-- This site is optimized with the Yoast SEO plugin v27.0 - https:\/\/yoast.com\/product\/yoast-seo-wordpress\/ -->\n<title>Swiss Peak Aware\u2122 RPET Leonard 15,6&quot;-Laptop-Rucksack, schwarz - Swiss Peak<\/title>\n<meta name=\"robots\" content=\"index, follow, max-snippet:-1, max-image-preview:large, max-video-preview:-1\" \/>\n<link rel=\"canonical\" href=\"https:\/\/swiss-peak.com\/de\/produkt\/swiss-peak-aware-rpet-leonard-156-laptop-rucksack-schwarz\/\" \/>\n<meta property=\"og:locale\" content=\"de_DE\" \/>\n<meta property=\"og:type\" content=\"article\" \/>\n<meta property=\"og:title\" content=\"Swiss Peak Aware\u2122 RPET Leonard 15,6&quot;-Laptop-Rucksack, schwarz - Swiss Peak\" \/>\n<meta property=\"og:description\" content=\"Der Swiss Peak Aware\u2122 RPET Leonard 15,6&#8243;-Laptop-Rucksack ist die perfekte Mischung aus Stil und Funktionalit\u00e4t. Dieser trendige Rucksack besteht zu 100% aus rPET und verf\u00fcgt \u00fcber verstellbare Schultergurte und ein einzigartiges Klappendesign, das bei Bedarf 14cm zus\u00e4tzliche H\u00f6he bietet. Das Hauptfach l\u00e4sst sich f\u00fcr einen einfachen Zugriff in L-Form \u00f6ffnen und bietet durch Gurtband- und [&hellip;]\" \/>\n<meta property=\"og:url\" content=\"https:\/\/swiss-peak.com\/de\/produkt\/swiss-peak-aware-rpet-leonard-156-laptop-rucksack-schwarz\/\" \/>\n<meta property=\"og:site_name\" content=\"Swiss Peak\" \/>\n<meta property=\"article:modified_time\" content=\"2026-03-12T01:36:42+00:00\" \/>\n<meta property=\"og:image\" content=\"https:\/\/swiss-peak.com\/wp-content\/uploads\/sites\/9\/2025\/01\/P763.4601__S_0__36f7b5b9a80145e49c0b8e4e06304135.jpg\" \/>\n\t<meta property=\"og:image:width\" content=\"1024\" \/>\n\t<meta property=\"og:image:height\" content=\"1024\" \/>\n\t<meta property=\"og:image:type\" content=\"image\/jpeg\" \/>\n<meta name=\"twitter:card\" content=\"summary_large_image\" \/>\n<meta name=\"twitter:label1\" content=\"Gesch\u00e4tzte Lesezeit\" \/>\n\t<meta name=\"twitter:data1\" content=\"1\u00a0Minute\" \/>\n<script type=\"application\/ld+json\" class=\"yoast-schema-graph\">{\"@context\":\"https:\/\/schema.org\",\"@graph\":[{\"@type\":\"WebPage\",\"@id\":\"https:\/\/swiss-peak.com\/de\/produkt\/swiss-peak-aware-rpet-leonard-156-laptop-rucksack-schwarz\/\",\"url\":\"https:\/\/swiss-peak.com\/de\/produkt\/swiss-peak-aware-rpet-leonard-156-laptop-rucksack-schwarz\/\",\"name\":\"Swiss Peak Aware\u2122 RPET Leonard 15,6\\\"-Laptop-Rucksack, schwarz - Swiss Peak\",\"isPartOf\":{\"@id\":\"https:\/\/swiss-peak.com\/de\/#website\"},\"primaryImageOfPage\":{\"@id\":\"https:\/\/swiss-peak.com\/de\/produkt\/swiss-peak-aware-rpet-leonard-156-laptop-rucksack-schwarz\/#primaryimage\"},\"image\":{\"@id\":\"https:\/\/swiss-peak.com\/de\/produkt\/swiss-peak-aware-rpet-leonard-156-laptop-rucksack-schwarz\/#primaryimage\"},\"thumbnailUrl\":\"https:\/\/swiss-peak.com\/wp-content\/uploads\/sites\/9\/2025\/01\/P763.4601__S_0__36f7b5b9a80145e49c0b8e4e06304135.jpg\",\"datePublished\":\"2025-01-22T01:32:11+00:00\",\"dateModified\":\"2026-03-12T01:36:42+00:00\",\"breadcrumb\":{\"@id\":\"https:\/\/swiss-peak.com\/de\/produkt\/swiss-peak-aware-rpet-leonard-156-laptop-rucksack-schwarz\/#breadcrumb\"},\"inLanguage\":\"de\",\"potentialAction\":[{\"@type\":\"ReadAction\",\"target\":[\"https:\/\/swiss-peak.com\/de\/produkt\/swiss-peak-aware-rpet-leonard-156-laptop-rucksack-schwarz\/\"]}]},{\"@type\":\"ImageObject\",\"inLanguage\":\"de\",\"@id\":\"https:\/\/swiss-peak.com\/de\/produkt\/swiss-peak-aware-rpet-leonard-156-laptop-rucksack-schwarz\/#primaryimage\",\"url\":\"https:\/\/swiss-peak.com\/wp-content\/uploads\/sites\/9\/2025\/01\/P763.4601__S_0__36f7b5b9a80145e49c0b8e4e06304135.jpg\",\"contentUrl\":\"https:\/\/swiss-peak.com\/wp-content\/uploads\/sites\/9\/2025\/01\/P763.4601__S_0__36f7b5b9a80145e49c0b8e4e06304135.jpg\",\"width\":1024,\"height\":1024},{\"@type\":\"BreadcrumbList\",\"@id\":\"https:\/\/swiss-peak.com\/de\/produkt\/swiss-peak-aware-rpet-leonard-156-laptop-rucksack-schwarz\/#breadcrumb\",\"itemListElement\":[{\"@type\":\"ListItem\",\"position\":1,\"name\":\"Home\",\"item\":\"https:\/\/swiss-peak.com\/de\/\"},{\"@type\":\"ListItem\",\"position\":2,\"name\":\"Kollektion\",\"item\":\"https:\/\/swiss-peak.com\/de\/kollektion\/\"},{\"@type\":\"ListItem\",\"position\":3,\"name\":\"Swiss Peak Aware\u2122 RPET Leonard 15,6&#8243;-Laptop-Rucksack, schwarz\"}]},{\"@type\":\"WebSite\",\"@id\":\"https:\/\/swiss-peak.com\/de\/#website\",\"url\":\"https:\/\/swiss-peak.com\/de\/\",\"name\":\"Swiss Peak\",\"description\":\"Where will today take you?\",\"potentialAction\":[{\"@type\":\"SearchAction\",\"target\":{\"@type\":\"EntryPoint\",\"urlTemplate\":\"https:\/\/swiss-peak.com\/de\/?s={search_term_string}\"},\"query-input\":{\"@type\":\"PropertyValueSpecification\",\"valueRequired\":true,\"valueName\":\"search_term_string\"}}],\"inLanguage\":\"de\"}]}<\/script>\n<!-- \/ Yoast SEO plugin. -->","yoast_head_json":{"title":"Swiss Peak Aware\u2122 RPET Leonard 15,6\"-Laptop-Rucksack, schwarz - Swiss Peak","robots":{"index":"index","follow":"follow","max-snippet":"max-snippet:-1","max-image-preview":"max-image-preview:large","max-video-preview":"max-video-preview:-1"},"canonical":"https:\/\/swiss-peak.com\/de\/produkt\/swiss-peak-aware-rpet-leonard-156-laptop-rucksack-schwarz\/","og_locale":"de_DE","og_type":"article","og_title":"Swiss Peak Aware\u2122 RPET Leonard 15,6\"-Laptop-Rucksack, schwarz - Swiss Peak","og_description":"Der Swiss Peak Aware\u2122 RPET Leonard 15,6&#8243;-Laptop-Rucksack ist die perfekte Mischung aus Stil und Funktionalit\u00e4t. Dieser trendige Rucksack besteht zu 100% aus rPET und verf\u00fcgt \u00fcber verstellbare Schultergurte und ein einzigartiges Klappendesign, das bei Bedarf 14cm zus\u00e4tzliche H\u00f6he bietet. Das Hauptfach l\u00e4sst sich f\u00fcr einen einfachen Zugriff in L-Form \u00f6ffnen und bietet durch Gurtband- und [&hellip;]","og_url":"https:\/\/swiss-peak.com\/de\/produkt\/swiss-peak-aware-rpet-leonard-156-laptop-rucksack-schwarz\/","og_site_name":"Swiss Peak","article_modified_time":"2026-03-12T01:36:42+00:00","og_image":[{"width":1024,"height":1024,"url":"https:\/\/swiss-peak.com\/wp-content\/uploads\/sites\/9\/2025\/01\/P763.4601__S_0__36f7b5b9a80145e49c0b8e4e06304135.jpg","type":"image\/jpeg"}],"twitter_card":"summary_large_image","twitter_misc":{"Gesch\u00e4tzte Lesezeit":"1\u00a0Minute"},"schema":{"@context":"https:\/\/schema.org","@graph":[{"@type":"WebPage","@id":"https:\/\/swiss-peak.com\/de\/produkt\/swiss-peak-aware-rpet-leonard-156-laptop-rucksack-schwarz\/","url":"https:\/\/swiss-peak.com\/de\/produkt\/swiss-peak-aware-rpet-leonard-156-laptop-rucksack-schwarz\/","name":"Swiss Peak Aware\u2122 RPET Leonard 15,6\"-Laptop-Rucksack, schwarz - Swiss Peak","isPartOf":{"@id":"https:\/\/swiss-peak.com\/de\/#website"},"primaryImageOfPage":{"@id":"https:\/\/swiss-peak.com\/de\/produkt\/swiss-peak-aware-rpet-leonard-156-laptop-rucksack-schwarz\/#primaryimage"},"image":{"@id":"https:\/\/swiss-peak.com\/de\/produkt\/swiss-peak-aware-rpet-leonard-156-laptop-rucksack-schwarz\/#primaryimage"},"thumbnailUrl":"https:\/\/swiss-peak.com\/wp-content\/uploads\/sites\/9\/2025\/01\/P763.4601__S_0__36f7b5b9a80145e49c0b8e4e06304135.jpg","datePublished":"2025-01-22T01:32:11+00:00","dateModified":"2026-03-12T01:36:42+00:00","breadcrumb":{"@id":"https:\/\/swiss-peak.com\/de\/produkt\/swiss-peak-aware-rpet-leonard-156-laptop-rucksack-schwarz\/#breadcrumb"},"inLanguage":"de","potentialAction":[{"@type":"ReadAction","target":["https:\/\/swiss-peak.com\/de\/produkt\/swiss-peak-aware-rpet-leonard-156-laptop-rucksack-schwarz\/"]}]},{"@type":"ImageObject","inLanguage":"de","@id":"https:\/\/swiss-peak.com\/de\/produkt\/swiss-peak-aware-rpet-leonard-156-laptop-rucksack-schwarz\/#primaryimage","url":"https:\/\/swiss-peak.com\/wp-content\/uploads\/sites\/9\/2025\/01\/P763.4601__S_0__36f7b5b9a80145e49c0b8e4e06304135.jpg","contentUrl":"https:\/\/swiss-peak.com\/wp-content\/uploads\/sites\/9\/2025\/01\/P763.4601__S_0__36f7b5b9a80145e49c0b8e4e06304135.jpg","width":1024,"height":1024},{"@type":"BreadcrumbList","@id":"https:\/\/swiss-peak.com\/de\/produkt\/swiss-peak-aware-rpet-leonard-156-laptop-rucksack-schwarz\/#breadcrumb","itemListElement":[{"@type":"ListItem","position":1,"name":"Home","item":"https:\/\/swiss-peak.com\/de\/"},{"@type":"ListItem","position":2,"name":"Kollektion","item":"https:\/\/swiss-peak.com\/de\/kollektion\/"},{"@type":"ListItem","position":3,"name":"Swiss Peak Aware\u2122 RPET Leonard 15,6&#8243;-Laptop-Rucksack, schwarz"}]},{"@type":"WebSite","@id":"https:\/\/swiss-peak.com\/de\/#website","url":"https:\/\/swiss-peak.com\/de\/","name":"Swiss Peak","description":"Where will today take you?","potentialAction":[{"@type":"SearchAction","target":{"@type":"EntryPoint","urlTemplate":"https:\/\/swiss-peak.com\/de\/?s={search_term_string}"},"query-input":{"@type":"PropertyValueSpecification","valueRequired":true,"valueName":"search_term_string"}}],"inLanguage":"de"}]}},"_links":{"self":[{"href":"https:\/\/swiss-peak.com\/de\/wp-json\/wp\/v2\/product\/45346","targetHints":{"allow":["GET"]}}],"collection":[{"href":"https:\/\/swiss-peak.com\/de\/wp-json\/wp\/v2\/product"}],"about":[{"href":"https:\/\/swiss-peak.com\/de\/wp-json\/wp\/v2\/types\/product"}],"wp:featuredmedia":[{"embeddable":true,"href":"https:\/\/swiss-peak.com\/de\/wp-json\/wp\/v2\/media\/45270"}],"wp:attachment":[{"href":"https:\/\/swiss-peak.com\/de\/wp-json\/wp\/v2\/media?parent=45346"}],"wp:term":[{"taxonomy":"product_cat","embeddable":true,"href":"https:\/\/swiss-peak.com\/de\/wp-json\/wp\/v2\/product_cat?post=45346"},{"taxonomy":"product_tag","embeddable":true,"href":"https:\/\/swiss-peak.com\/de\/wp-json\/wp\/v2\/product_tag?post=45346"}],"curies":[{"name":"wp","href":"https:\/\/api.w.org\/{rel}","templated":true}]}}