{"id":45230,"date":"2025-01-01T03:06:31","date_gmt":"2025-01-01T01:32:25","guid":{"rendered":"https:\/\/swiss-peak.com\/swiss-peak-vito-aware-rpet-21-schirm-mit-auto-open-close-schwarz\/"},"modified":"2026-03-12T03:39:04","modified_gmt":"2026-03-12T01:39:04","slug":"swiss-peak-vito-aware-rpet-21-schirm-mit-auto-open-close-schwarz","status":"publish","type":"product","link":"https:\/\/swiss-peak.com\/de\/produkt\/swiss-peak-vito-aware-rpet-21-schirm-mit-auto-open-close-schwarz\/","title":{"rendered":"Swiss Peak Vito Aware\u2122 RPET 21&#8243; Schirm mit auto open\/close, schwarz"},"content":{"rendered":"<p>Der Vito ist ein luxuri\u00f6ser 21&#8243;-Regenschirm mit automatischer \u00d6ffnungs- und Schlie\u00dffunktion und Stormproof-Funktion. Er hat einen Stahlschaft und ein Fiberglasgestell. 8 Rippen, 8 Paneele; 3-teiliger Schirm. Au\u00dferdem ist der Schirm mit dem AWARE\u2122-Tracer versehen, der die Verwendung von tats\u00e4chlich recycelten Materialien best\u00e4tigt und ihn damit zur besseren Wahl macht. Zudem werden 2% des Erl\u00f6ses aus jedem verkauften Aware\u2122-Produkt an Water.org gespendet.<\/p>\n","protected":false},"excerpt":{"rendered":"<p>Der Vito ist ein luxuri\u00f6ser 21&#8243;-Regenschirm mit automatischer \u00d6ffnungs- und Schlie\u00dffunktion und Stormproof-Funktion. Er hat einen Stahlschaft und ein Fiberglasgestell. 8 Rippen, 8 Paneele; 3-teiliger Schirm. Au\u00dferdem ist der Schirm mit dem AWARE\u2122-Tracer versehen, der die Verwendung von tats\u00e4chlich recycelten Materialien best\u00e4tigt und ihn damit zur besseren Wahl macht. Zudem werden 2% des Erl\u00f6ses aus [&hellip;]<\/p>\n","protected":false},"featured_media":45361,"template":"","meta":{"_acf_changed":false},"product_cat":[308,325],"product_tag":[],"class_list":["post-45230","product","type-product","status-publish","has-post-thumbnail","hentry","product_cat-freizeit-sport","product_cat-schirme","pa_color-black-de"],"acf":[],"yoast_head":"<!-- This site is optimized with the Yoast SEO plugin v27.0 - https:\/\/yoast.com\/product\/yoast-seo-wordpress\/ -->\n<title>Swiss Peak Vito Aware\u2122 RPET 21&quot; Schirm mit auto open\/close, schwarz - Swiss Peak<\/title>\n<meta name=\"robots\" content=\"index, follow, max-snippet:-1, max-image-preview:large, max-video-preview:-1\" \/>\n<link rel=\"canonical\" href=\"https:\/\/swiss-peak.com\/de\/produkt\/swiss-peak-vito-aware-rpet-21-schirm-mit-auto-open-close-schwarz\/\" \/>\n<meta property=\"og:locale\" content=\"de_DE\" \/>\n<meta property=\"og:type\" content=\"article\" \/>\n<meta property=\"og:title\" content=\"Swiss Peak Vito Aware\u2122 RPET 21&quot; Schirm mit auto open\/close, schwarz - Swiss Peak\" \/>\n<meta property=\"og:description\" content=\"Der Vito ist ein luxuri\u00f6ser 21&#8243;-Regenschirm mit automatischer \u00d6ffnungs- und Schlie\u00dffunktion und Stormproof-Funktion. Er hat einen Stahlschaft und ein Fiberglasgestell. 8 Rippen, 8 Paneele; 3-teiliger Schirm. Au\u00dferdem ist der Schirm mit dem AWARE\u2122-Tracer versehen, der die Verwendung von tats\u00e4chlich recycelten Materialien best\u00e4tigt und ihn damit zur besseren Wahl macht. Zudem werden 2% des Erl\u00f6ses aus [&hellip;]\" \/>\n<meta property=\"og:url\" content=\"https:\/\/swiss-peak.com\/de\/produkt\/swiss-peak-vito-aware-rpet-21-schirm-mit-auto-open-close-schwarz\/\" \/>\n<meta property=\"og:site_name\" content=\"Swiss Peak\" \/>\n<meta property=\"article:modified_time\" content=\"2026-03-12T01:39:04+00:00\" \/>\n<meta property=\"og:image\" content=\"https:\/\/swiss-peak.com\/wp-content\/uploads\/sites\/9\/2025\/01\/P850.7301__S_0__8f0838ecb0dc49429c0db7a055070a7c.jpg\" \/>\n\t<meta property=\"og:image:width\" content=\"1024\" \/>\n\t<meta property=\"og:image:height\" content=\"1024\" \/>\n\t<meta property=\"og:image:type\" content=\"image\/jpeg\" \/>\n<meta name=\"twitter:card\" content=\"summary_large_image\" \/>\n<script type=\"application\/ld+json\" class=\"yoast-schema-graph\">{\"@context\":\"https:\/\/schema.org\",\"@graph\":[{\"@type\":\"WebPage\",\"@id\":\"https:\/\/swiss-peak.com\/de\/produkt\/swiss-peak-vito-aware-rpet-21-schirm-mit-auto-open-close-schwarz\/\",\"url\":\"https:\/\/swiss-peak.com\/de\/produkt\/swiss-peak-vito-aware-rpet-21-schirm-mit-auto-open-close-schwarz\/\",\"name\":\"Swiss Peak Vito Aware\u2122 RPET 21\\\" Schirm mit auto open\/close, schwarz - Swiss Peak\",\"isPartOf\":{\"@id\":\"https:\/\/swiss-peak.com\/de\/#website\"},\"primaryImageOfPage\":{\"@id\":\"https:\/\/swiss-peak.com\/de\/produkt\/swiss-peak-vito-aware-rpet-21-schirm-mit-auto-open-close-schwarz\/#primaryimage\"},\"image\":{\"@id\":\"https:\/\/swiss-peak.com\/de\/produkt\/swiss-peak-vito-aware-rpet-21-schirm-mit-auto-open-close-schwarz\/#primaryimage\"},\"thumbnailUrl\":\"https:\/\/swiss-peak.com\/wp-content\/uploads\/sites\/9\/2025\/01\/P850.7301__S_0__8f0838ecb0dc49429c0db7a055070a7c.jpg\",\"datePublished\":\"2025-01-01T01:32:25+00:00\",\"dateModified\":\"2026-03-12T01:39:04+00:00\",\"breadcrumb\":{\"@id\":\"https:\/\/swiss-peak.com\/de\/produkt\/swiss-peak-vito-aware-rpet-21-schirm-mit-auto-open-close-schwarz\/#breadcrumb\"},\"inLanguage\":\"de\",\"potentialAction\":[{\"@type\":\"ReadAction\",\"target\":[\"https:\/\/swiss-peak.com\/de\/produkt\/swiss-peak-vito-aware-rpet-21-schirm-mit-auto-open-close-schwarz\/\"]}]},{\"@type\":\"ImageObject\",\"inLanguage\":\"de\",\"@id\":\"https:\/\/swiss-peak.com\/de\/produkt\/swiss-peak-vito-aware-rpet-21-schirm-mit-auto-open-close-schwarz\/#primaryimage\",\"url\":\"https:\/\/swiss-peak.com\/wp-content\/uploads\/sites\/9\/2025\/01\/P850.7301__S_0__8f0838ecb0dc49429c0db7a055070a7c.jpg\",\"contentUrl\":\"https:\/\/swiss-peak.com\/wp-content\/uploads\/sites\/9\/2025\/01\/P850.7301__S_0__8f0838ecb0dc49429c0db7a055070a7c.jpg\",\"width\":1024,\"height\":1024},{\"@type\":\"BreadcrumbList\",\"@id\":\"https:\/\/swiss-peak.com\/de\/produkt\/swiss-peak-vito-aware-rpet-21-schirm-mit-auto-open-close-schwarz\/#breadcrumb\",\"itemListElement\":[{\"@type\":\"ListItem\",\"position\":1,\"name\":\"Home\",\"item\":\"https:\/\/swiss-peak.com\/de\/\"},{\"@type\":\"ListItem\",\"position\":2,\"name\":\"Kollektion\",\"item\":\"https:\/\/swiss-peak.com\/de\/kollektion\/\"},{\"@type\":\"ListItem\",\"position\":3,\"name\":\"Swiss Peak Vito Aware\u2122 RPET 21&#8243; Schirm mit auto open\/close, schwarz\"}]},{\"@type\":\"WebSite\",\"@id\":\"https:\/\/swiss-peak.com\/de\/#website\",\"url\":\"https:\/\/swiss-peak.com\/de\/\",\"name\":\"Swiss Peak\",\"description\":\"Where will today take you?\",\"potentialAction\":[{\"@type\":\"SearchAction\",\"target\":{\"@type\":\"EntryPoint\",\"urlTemplate\":\"https:\/\/swiss-peak.com\/de\/?s={search_term_string}\"},\"query-input\":{\"@type\":\"PropertyValueSpecification\",\"valueRequired\":true,\"valueName\":\"search_term_string\"}}],\"inLanguage\":\"de\"}]}<\/script>\n<!-- \/ Yoast SEO plugin. -->","yoast_head_json":{"title":"Swiss Peak Vito Aware\u2122 RPET 21\" Schirm mit auto open\/close, schwarz - Swiss Peak","robots":{"index":"index","follow":"follow","max-snippet":"max-snippet:-1","max-image-preview":"max-image-preview:large","max-video-preview":"max-video-preview:-1"},"canonical":"https:\/\/swiss-peak.com\/de\/produkt\/swiss-peak-vito-aware-rpet-21-schirm-mit-auto-open-close-schwarz\/","og_locale":"de_DE","og_type":"article","og_title":"Swiss Peak Vito Aware\u2122 RPET 21\" Schirm mit auto open\/close, schwarz - Swiss Peak","og_description":"Der Vito ist ein luxuri\u00f6ser 21&#8243;-Regenschirm mit automatischer \u00d6ffnungs- und Schlie\u00dffunktion und Stormproof-Funktion. Er hat einen Stahlschaft und ein Fiberglasgestell. 8 Rippen, 8 Paneele; 3-teiliger Schirm. Au\u00dferdem ist der Schirm mit dem AWARE\u2122-Tracer versehen, der die Verwendung von tats\u00e4chlich recycelten Materialien best\u00e4tigt und ihn damit zur besseren Wahl macht. Zudem werden 2% des Erl\u00f6ses aus [&hellip;]","og_url":"https:\/\/swiss-peak.com\/de\/produkt\/swiss-peak-vito-aware-rpet-21-schirm-mit-auto-open-close-schwarz\/","og_site_name":"Swiss Peak","article_modified_time":"2026-03-12T01:39:04+00:00","og_image":[{"width":1024,"height":1024,"url":"https:\/\/swiss-peak.com\/wp-content\/uploads\/sites\/9\/2025\/01\/P850.7301__S_0__8f0838ecb0dc49429c0db7a055070a7c.jpg","type":"image\/jpeg"}],"twitter_card":"summary_large_image","schema":{"@context":"https:\/\/schema.org","@graph":[{"@type":"WebPage","@id":"https:\/\/swiss-peak.com\/de\/produkt\/swiss-peak-vito-aware-rpet-21-schirm-mit-auto-open-close-schwarz\/","url":"https:\/\/swiss-peak.com\/de\/produkt\/swiss-peak-vito-aware-rpet-21-schirm-mit-auto-open-close-schwarz\/","name":"Swiss Peak Vito Aware\u2122 RPET 21\" Schirm mit auto open\/close, schwarz - Swiss Peak","isPartOf":{"@id":"https:\/\/swiss-peak.com\/de\/#website"},"primaryImageOfPage":{"@id":"https:\/\/swiss-peak.com\/de\/produkt\/swiss-peak-vito-aware-rpet-21-schirm-mit-auto-open-close-schwarz\/#primaryimage"},"image":{"@id":"https:\/\/swiss-peak.com\/de\/produkt\/swiss-peak-vito-aware-rpet-21-schirm-mit-auto-open-close-schwarz\/#primaryimage"},"thumbnailUrl":"https:\/\/swiss-peak.com\/wp-content\/uploads\/sites\/9\/2025\/01\/P850.7301__S_0__8f0838ecb0dc49429c0db7a055070a7c.jpg","datePublished":"2025-01-01T01:32:25+00:00","dateModified":"2026-03-12T01:39:04+00:00","breadcrumb":{"@id":"https:\/\/swiss-peak.com\/de\/produkt\/swiss-peak-vito-aware-rpet-21-schirm-mit-auto-open-close-schwarz\/#breadcrumb"},"inLanguage":"de","potentialAction":[{"@type":"ReadAction","target":["https:\/\/swiss-peak.com\/de\/produkt\/swiss-peak-vito-aware-rpet-21-schirm-mit-auto-open-close-schwarz\/"]}]},{"@type":"ImageObject","inLanguage":"de","@id":"https:\/\/swiss-peak.com\/de\/produkt\/swiss-peak-vito-aware-rpet-21-schirm-mit-auto-open-close-schwarz\/#primaryimage","url":"https:\/\/swiss-peak.com\/wp-content\/uploads\/sites\/9\/2025\/01\/P850.7301__S_0__8f0838ecb0dc49429c0db7a055070a7c.jpg","contentUrl":"https:\/\/swiss-peak.com\/wp-content\/uploads\/sites\/9\/2025\/01\/P850.7301__S_0__8f0838ecb0dc49429c0db7a055070a7c.jpg","width":1024,"height":1024},{"@type":"BreadcrumbList","@id":"https:\/\/swiss-peak.com\/de\/produkt\/swiss-peak-vito-aware-rpet-21-schirm-mit-auto-open-close-schwarz\/#breadcrumb","itemListElement":[{"@type":"ListItem","position":1,"name":"Home","item":"https:\/\/swiss-peak.com\/de\/"},{"@type":"ListItem","position":2,"name":"Kollektion","item":"https:\/\/swiss-peak.com\/de\/kollektion\/"},{"@type":"ListItem","position":3,"name":"Swiss Peak Vito Aware\u2122 RPET 21&#8243; Schirm mit auto open\/close, schwarz"}]},{"@type":"WebSite","@id":"https:\/\/swiss-peak.com\/de\/#website","url":"https:\/\/swiss-peak.com\/de\/","name":"Swiss Peak","description":"Where will today take you?","potentialAction":[{"@type":"SearchAction","target":{"@type":"EntryPoint","urlTemplate":"https:\/\/swiss-peak.com\/de\/?s={search_term_string}"},"query-input":{"@type":"PropertyValueSpecification","valueRequired":true,"valueName":"search_term_string"}}],"inLanguage":"de"}]}},"_links":{"self":[{"href":"https:\/\/swiss-peak.com\/de\/wp-json\/wp\/v2\/product\/45230","targetHints":{"allow":["GET"]}}],"collection":[{"href":"https:\/\/swiss-peak.com\/de\/wp-json\/wp\/v2\/product"}],"about":[{"href":"https:\/\/swiss-peak.com\/de\/wp-json\/wp\/v2\/types\/product"}],"wp:featuredmedia":[{"embeddable":true,"href":"https:\/\/swiss-peak.com\/de\/wp-json\/wp\/v2\/media\/45361"}],"wp:attachment":[{"href":"https:\/\/swiss-peak.com\/de\/wp-json\/wp\/v2\/media?parent=45230"}],"wp:term":[{"taxonomy":"product_cat","embeddable":true,"href":"https:\/\/swiss-peak.com\/de\/wp-json\/wp\/v2\/product_cat?post=45230"},{"taxonomy":"product_tag","embeddable":true,"href":"https:\/\/swiss-peak.com\/de\/wp-json\/wp\/v2\/product_tag?post=45230"}],"curies":[{"name":"wp","href":"https:\/\/api.w.org\/{rel}","templated":true}]}}