{"id":45229,"date":"2025-01-01T03:06:07","date_gmt":"2025-01-01T01:32:23","guid":{"rendered":"https:\/\/swiss-peak.com\/swiss-peak-aware-rpet-essential-15-6-laptop-sleeve-schwarz\/"},"modified":"2026-03-12T03:38:11","modified_gmt":"2026-03-12T01:38:11","slug":"swiss-peak-aware-rpet-essential-15-6-laptop-sleeve-schwarz","status":"publish","type":"product","link":"https:\/\/swiss-peak.com\/de\/produkt\/swiss-peak-aware-rpet-essential-15-6-laptop-sleeve-schwarz\/","title":{"rendered":"Swiss Peak Aware\u2122 RPET Essential 15.6&#8243; Laptop Sleeve, schwarz"},"content":{"rendered":"<p>Sch\u00fctzen Sie Ihren Laptop stilvoll mit der Swiss Peak Aware\u2122 RPET Essential 15.6&#8243; Laptop Sleeve. Dieses schlanke und moderne Sleeve aus 100% rPET mit passendem rPET-Futter sorgt daf\u00fcr, dass Ihr Laptop sicher bleibt und gleichzeitig einen professionellen Look erh\u00e4lt. Es hat eine Rei\u00dfverschlusstasche auf der Vorderseite f\u00fcr den einfachen Zugriff auf Ihre wichtigsten Utensilien und ein Hauptfach, in das moderne 15,6&#8243; Laptops sicher verstaut werden k\u00f6nnen. Diese Laptoptasche ist perfekt f\u00fcr Gesch\u00e4ftsleute und bietet sowohl Funktionalit\u00e4t als auch Stil. Hergestellt aus recyceltem Polyester, das mit dem AWARE\u2122-Tracer versehen ist. 2% des Erl\u00f6ses aus jedem verkauften Produkt mit AWARE\u2122 werden an Water.org gespendet. PVC-frei.<\/p>\n","protected":false},"excerpt":{"rendered":"<p>Sch\u00fctzen Sie Ihren Laptop stilvoll mit der Swiss Peak Aware\u2122 RPET Essential 15.6&#8243; Laptop Sleeve. Dieses schlanke und moderne Sleeve aus 100% rPET mit passendem rPET-Futter sorgt daf\u00fcr, dass Ihr Laptop sicher bleibt und gleichzeitig einen professionellen Look erh\u00e4lt. Es hat eine Rei\u00dfverschlusstasche auf der Vorderseite f\u00fcr den einfachen Zugriff auf Ihre wichtigsten Utensilien und [&hellip;]<\/p>\n","protected":false},"featured_media":45403,"template":"","meta":{"_acf_changed":false},"product_cat":[296,288,294],"product_tag":[],"class_list":["post-45229","product","type-product","status-publish","has-post-thumbnail","hentry","product_cat-buro-schreibgerate","product_cat-geschafte","product_cat-laptoptaschen","pa_color-black-de"],"acf":[],"yoast_head":"<!-- This site is optimized with the Yoast SEO plugin v27.0 - https:\/\/yoast.com\/product\/yoast-seo-wordpress\/ -->\n<title>Swiss Peak Aware\u2122 RPET Essential 15.6&quot; Laptop Sleeve, schwarz - Swiss Peak<\/title>\n<meta name=\"robots\" content=\"index, follow, max-snippet:-1, max-image-preview:large, max-video-preview:-1\" \/>\n<link rel=\"canonical\" href=\"https:\/\/swiss-peak.com\/de\/produkt\/swiss-peak-aware-rpet-essential-15-6-laptop-sleeve-schwarz\/\" \/>\n<meta property=\"og:locale\" content=\"de_DE\" \/>\n<meta property=\"og:type\" content=\"article\" \/>\n<meta property=\"og:title\" content=\"Swiss Peak Aware\u2122 RPET Essential 15.6&quot; Laptop Sleeve, schwarz - Swiss Peak\" \/>\n<meta property=\"og:description\" content=\"Sch\u00fctzen Sie Ihren Laptop stilvoll mit der Swiss Peak Aware\u2122 RPET Essential 15.6&#8243; Laptop Sleeve. Dieses schlanke und moderne Sleeve aus 100% rPET mit passendem rPET-Futter sorgt daf\u00fcr, dass Ihr Laptop sicher bleibt und gleichzeitig einen professionellen Look erh\u00e4lt. Es hat eine Rei\u00dfverschlusstasche auf der Vorderseite f\u00fcr den einfachen Zugriff auf Ihre wichtigsten Utensilien und [&hellip;]\" \/>\n<meta property=\"og:url\" content=\"https:\/\/swiss-peak.com\/de\/produkt\/swiss-peak-aware-rpet-essential-15-6-laptop-sleeve-schwarz\/\" \/>\n<meta property=\"og:site_name\" content=\"Swiss Peak\" \/>\n<meta property=\"article:modified_time\" content=\"2026-03-12T01:38:11+00:00\" \/>\n<meta property=\"og:image\" content=\"https:\/\/swiss-peak.com\/wp-content\/uploads\/sites\/9\/2025\/02\/P788.1601__S_0__5df5b3a1849c4830b766cea1fb31478c.jpg\" \/>\n\t<meta property=\"og:image:width\" content=\"1024\" \/>\n\t<meta property=\"og:image:height\" content=\"1024\" \/>\n\t<meta property=\"og:image:type\" content=\"image\/jpeg\" \/>\n<meta name=\"twitter:card\" content=\"summary_large_image\" \/>\n<meta name=\"twitter:label1\" content=\"Gesch\u00e4tzte Lesezeit\" \/>\n\t<meta name=\"twitter:data1\" content=\"1\u00a0Minute\" \/>\n<script type=\"application\/ld+json\" class=\"yoast-schema-graph\">{\"@context\":\"https:\/\/schema.org\",\"@graph\":[{\"@type\":\"WebPage\",\"@id\":\"https:\/\/swiss-peak.com\/de\/produkt\/swiss-peak-aware-rpet-essential-15-6-laptop-sleeve-schwarz\/\",\"url\":\"https:\/\/swiss-peak.com\/de\/produkt\/swiss-peak-aware-rpet-essential-15-6-laptop-sleeve-schwarz\/\",\"name\":\"Swiss Peak Aware\u2122 RPET Essential 15.6\\\" Laptop Sleeve, schwarz - Swiss Peak\",\"isPartOf\":{\"@id\":\"https:\/\/swiss-peak.com\/de\/#website\"},\"primaryImageOfPage\":{\"@id\":\"https:\/\/swiss-peak.com\/de\/produkt\/swiss-peak-aware-rpet-essential-15-6-laptop-sleeve-schwarz\/#primaryimage\"},\"image\":{\"@id\":\"https:\/\/swiss-peak.com\/de\/produkt\/swiss-peak-aware-rpet-essential-15-6-laptop-sleeve-schwarz\/#primaryimage\"},\"thumbnailUrl\":\"https:\/\/swiss-peak.com\/wp-content\/uploads\/sites\/9\/2025\/02\/P788.1601__S_0__5df5b3a1849c4830b766cea1fb31478c.jpg\",\"datePublished\":\"2025-01-01T01:32:23+00:00\",\"dateModified\":\"2026-03-12T01:38:11+00:00\",\"breadcrumb\":{\"@id\":\"https:\/\/swiss-peak.com\/de\/produkt\/swiss-peak-aware-rpet-essential-15-6-laptop-sleeve-schwarz\/#breadcrumb\"},\"inLanguage\":\"de\",\"potentialAction\":[{\"@type\":\"ReadAction\",\"target\":[\"https:\/\/swiss-peak.com\/de\/produkt\/swiss-peak-aware-rpet-essential-15-6-laptop-sleeve-schwarz\/\"]}]},{\"@type\":\"ImageObject\",\"inLanguage\":\"de\",\"@id\":\"https:\/\/swiss-peak.com\/de\/produkt\/swiss-peak-aware-rpet-essential-15-6-laptop-sleeve-schwarz\/#primaryimage\",\"url\":\"https:\/\/swiss-peak.com\/wp-content\/uploads\/sites\/9\/2025\/02\/P788.1601__S_0__5df5b3a1849c4830b766cea1fb31478c.jpg\",\"contentUrl\":\"https:\/\/swiss-peak.com\/wp-content\/uploads\/sites\/9\/2025\/02\/P788.1601__S_0__5df5b3a1849c4830b766cea1fb31478c.jpg\",\"width\":1024,\"height\":1024},{\"@type\":\"BreadcrumbList\",\"@id\":\"https:\/\/swiss-peak.com\/de\/produkt\/swiss-peak-aware-rpet-essential-15-6-laptop-sleeve-schwarz\/#breadcrumb\",\"itemListElement\":[{\"@type\":\"ListItem\",\"position\":1,\"name\":\"Home\",\"item\":\"https:\/\/swiss-peak.com\/de\/\"},{\"@type\":\"ListItem\",\"position\":2,\"name\":\"Kollektion\",\"item\":\"https:\/\/swiss-peak.com\/de\/kollektion\/\"},{\"@type\":\"ListItem\",\"position\":3,\"name\":\"Swiss Peak Aware\u2122 RPET Essential 15.6&#8243; Laptop Sleeve, schwarz\"}]},{\"@type\":\"WebSite\",\"@id\":\"https:\/\/swiss-peak.com\/de\/#website\",\"url\":\"https:\/\/swiss-peak.com\/de\/\",\"name\":\"Swiss Peak\",\"description\":\"Where will today take you?\",\"potentialAction\":[{\"@type\":\"SearchAction\",\"target\":{\"@type\":\"EntryPoint\",\"urlTemplate\":\"https:\/\/swiss-peak.com\/de\/?s={search_term_string}\"},\"query-input\":{\"@type\":\"PropertyValueSpecification\",\"valueRequired\":true,\"valueName\":\"search_term_string\"}}],\"inLanguage\":\"de\"}]}<\/script>\n<!-- \/ Yoast SEO plugin. -->","yoast_head_json":{"title":"Swiss Peak Aware\u2122 RPET Essential 15.6\" Laptop Sleeve, schwarz - Swiss Peak","robots":{"index":"index","follow":"follow","max-snippet":"max-snippet:-1","max-image-preview":"max-image-preview:large","max-video-preview":"max-video-preview:-1"},"canonical":"https:\/\/swiss-peak.com\/de\/produkt\/swiss-peak-aware-rpet-essential-15-6-laptop-sleeve-schwarz\/","og_locale":"de_DE","og_type":"article","og_title":"Swiss Peak Aware\u2122 RPET Essential 15.6\" Laptop Sleeve, schwarz - Swiss Peak","og_description":"Sch\u00fctzen Sie Ihren Laptop stilvoll mit der Swiss Peak Aware\u2122 RPET Essential 15.6&#8243; Laptop Sleeve. Dieses schlanke und moderne Sleeve aus 100% rPET mit passendem rPET-Futter sorgt daf\u00fcr, dass Ihr Laptop sicher bleibt und gleichzeitig einen professionellen Look erh\u00e4lt. Es hat eine Rei\u00dfverschlusstasche auf der Vorderseite f\u00fcr den einfachen Zugriff auf Ihre wichtigsten Utensilien und [&hellip;]","og_url":"https:\/\/swiss-peak.com\/de\/produkt\/swiss-peak-aware-rpet-essential-15-6-laptop-sleeve-schwarz\/","og_site_name":"Swiss Peak","article_modified_time":"2026-03-12T01:38:11+00:00","og_image":[{"width":1024,"height":1024,"url":"https:\/\/swiss-peak.com\/wp-content\/uploads\/sites\/9\/2025\/02\/P788.1601__S_0__5df5b3a1849c4830b766cea1fb31478c.jpg","type":"image\/jpeg"}],"twitter_card":"summary_large_image","twitter_misc":{"Gesch\u00e4tzte Lesezeit":"1\u00a0Minute"},"schema":{"@context":"https:\/\/schema.org","@graph":[{"@type":"WebPage","@id":"https:\/\/swiss-peak.com\/de\/produkt\/swiss-peak-aware-rpet-essential-15-6-laptop-sleeve-schwarz\/","url":"https:\/\/swiss-peak.com\/de\/produkt\/swiss-peak-aware-rpet-essential-15-6-laptop-sleeve-schwarz\/","name":"Swiss Peak Aware\u2122 RPET Essential 15.6\" Laptop Sleeve, schwarz - Swiss Peak","isPartOf":{"@id":"https:\/\/swiss-peak.com\/de\/#website"},"primaryImageOfPage":{"@id":"https:\/\/swiss-peak.com\/de\/produkt\/swiss-peak-aware-rpet-essential-15-6-laptop-sleeve-schwarz\/#primaryimage"},"image":{"@id":"https:\/\/swiss-peak.com\/de\/produkt\/swiss-peak-aware-rpet-essential-15-6-laptop-sleeve-schwarz\/#primaryimage"},"thumbnailUrl":"https:\/\/swiss-peak.com\/wp-content\/uploads\/sites\/9\/2025\/02\/P788.1601__S_0__5df5b3a1849c4830b766cea1fb31478c.jpg","datePublished":"2025-01-01T01:32:23+00:00","dateModified":"2026-03-12T01:38:11+00:00","breadcrumb":{"@id":"https:\/\/swiss-peak.com\/de\/produkt\/swiss-peak-aware-rpet-essential-15-6-laptop-sleeve-schwarz\/#breadcrumb"},"inLanguage":"de","potentialAction":[{"@type":"ReadAction","target":["https:\/\/swiss-peak.com\/de\/produkt\/swiss-peak-aware-rpet-essential-15-6-laptop-sleeve-schwarz\/"]}]},{"@type":"ImageObject","inLanguage":"de","@id":"https:\/\/swiss-peak.com\/de\/produkt\/swiss-peak-aware-rpet-essential-15-6-laptop-sleeve-schwarz\/#primaryimage","url":"https:\/\/swiss-peak.com\/wp-content\/uploads\/sites\/9\/2025\/02\/P788.1601__S_0__5df5b3a1849c4830b766cea1fb31478c.jpg","contentUrl":"https:\/\/swiss-peak.com\/wp-content\/uploads\/sites\/9\/2025\/02\/P788.1601__S_0__5df5b3a1849c4830b766cea1fb31478c.jpg","width":1024,"height":1024},{"@type":"BreadcrumbList","@id":"https:\/\/swiss-peak.com\/de\/produkt\/swiss-peak-aware-rpet-essential-15-6-laptop-sleeve-schwarz\/#breadcrumb","itemListElement":[{"@type":"ListItem","position":1,"name":"Home","item":"https:\/\/swiss-peak.com\/de\/"},{"@type":"ListItem","position":2,"name":"Kollektion","item":"https:\/\/swiss-peak.com\/de\/kollektion\/"},{"@type":"ListItem","position":3,"name":"Swiss Peak Aware\u2122 RPET Essential 15.6&#8243; Laptop Sleeve, schwarz"}]},{"@type":"WebSite","@id":"https:\/\/swiss-peak.com\/de\/#website","url":"https:\/\/swiss-peak.com\/de\/","name":"Swiss Peak","description":"Where will today take you?","potentialAction":[{"@type":"SearchAction","target":{"@type":"EntryPoint","urlTemplate":"https:\/\/swiss-peak.com\/de\/?s={search_term_string}"},"query-input":{"@type":"PropertyValueSpecification","valueRequired":true,"valueName":"search_term_string"}}],"inLanguage":"de"}]}},"_links":{"self":[{"href":"https:\/\/swiss-peak.com\/de\/wp-json\/wp\/v2\/product\/45229","targetHints":{"allow":["GET"]}}],"collection":[{"href":"https:\/\/swiss-peak.com\/de\/wp-json\/wp\/v2\/product"}],"about":[{"href":"https:\/\/swiss-peak.com\/de\/wp-json\/wp\/v2\/types\/product"}],"wp:featuredmedia":[{"embeddable":true,"href":"https:\/\/swiss-peak.com\/de\/wp-json\/wp\/v2\/media\/45403"}],"wp:attachment":[{"href":"https:\/\/swiss-peak.com\/de\/wp-json\/wp\/v2\/media?parent=45229"}],"wp:term":[{"taxonomy":"product_cat","embeddable":true,"href":"https:\/\/swiss-peak.com\/de\/wp-json\/wp\/v2\/product_cat?post=45229"},{"taxonomy":"product_tag","embeddable":true,"href":"https:\/\/swiss-peak.com\/de\/wp-json\/wp\/v2\/product_tag?post=45229"}],"curies":[{"name":"wp","href":"https:\/\/api.w.org\/{rel}","templated":true}]}}