{"id":45227,"date":"2025-01-01T03:04:40","date_gmt":"2025-01-01T01:32:20","guid":{"rendered":"https:\/\/swiss-peak.com\/swiss-peak-aware-rpet-essential-15-6-laptop-rucksack-schwarz\/"},"modified":"2026-03-12T03:36:40","modified_gmt":"2026-03-12T01:36:40","slug":"swiss-peak-aware-rpet-essential-15-6-laptop-rucksack-schwarz","status":"publish","type":"product","link":"https:\/\/swiss-peak.com\/de\/produkt\/swiss-peak-aware-rpet-essential-15-6-laptop-rucksack-schwarz\/","title":{"rendered":"Swiss Peak Aware\u2122 RPET Essential 15.6&#8243; Laptop-Rucksack, schwarz"},"content":{"rendered":"<p>Der Swiss Peak Aware\u2122 RPET Essential 15,6&#8243;-Laptop-Rucksack wurde entwickelt, um Ihre t\u00e4glichen Gesch\u00e4ftsanforderungen zu erf\u00fcllen. Dieser schlanke und strapazierf\u00e4hige Rucksack aus 100% rPET verf\u00fcgt \u00fcber ein Hauptfach mit Rei\u00dfverschluss und ein spezielles Laptopfach, das f\u00fcr moderne 15,6&#8243;-Laptops geeignet ist, sowie eine Netztasche mit Rei\u00dfverschluss. Die verstellbaren Schultergurte mit Schnallen sorgen f\u00fcr einen bequemen Sitz, w\u00e4hrend die vordere Rei\u00dfverschlusstasche und die seitliche Getr\u00e4nkehaltertasche zus\u00e4tzlichen Stauraum bieten. Die Tasche verf\u00fcgt au\u00dferdem \u00fcber einen praktischen Gep\u00e4ckriemen auf der R\u00fcckseite und einen Tragegriff auf der Oberseite f\u00fcr eine einfache Handhabung. Das farblich abgestimmte Swiss Peak-Logo und die hochwertigen Swiss Peak-Rei\u00dfverschl\u00fcsse vervollst\u00e4ndigen den professionellen Look. 2% des Erl\u00f6ses jedes verkauften Produkts mit AWARE\u2122 wird an Water.org gespendet. PVC-frei.<\/p>\n","protected":false},"excerpt":{"rendered":"<p>Der Swiss Peak Aware\u2122 RPET Essential 15,6&#8243;-Laptop-Rucksack wurde entwickelt, um Ihre t\u00e4glichen Gesch\u00e4ftsanforderungen zu erf\u00fcllen. Dieser schlanke und strapazierf\u00e4hige Rucksack aus 100% rPET verf\u00fcgt \u00fcber ein Hauptfach mit Rei\u00dfverschluss und ein spezielles Laptopfach, das f\u00fcr moderne 15,6&#8243;-Laptops geeignet ist, sowie eine Netztasche mit Rei\u00dfverschluss. Die verstellbaren Schultergurte mit Schnallen sorgen f\u00fcr einen bequemen Sitz, w\u00e4hrend [&hellip;]<\/p>\n","protected":false},"featured_media":45389,"template":"","meta":{"_acf_changed":false},"product_cat":[288,294],"product_tag":[],"class_list":["post-45227","product","type-product","status-publish","has-post-thumbnail","hentry","product_cat-geschafte","product_cat-laptoptaschen","pa_color-black-de"],"acf":[],"yoast_head":"<!-- This site is optimized with the Yoast SEO plugin v27.0 - https:\/\/yoast.com\/product\/yoast-seo-wordpress\/ -->\n<title>Swiss Peak Aware\u2122 RPET Essential 15.6&quot; Laptop-Rucksack, schwarz - Swiss Peak<\/title>\n<meta name=\"robots\" content=\"index, follow, max-snippet:-1, max-image-preview:large, max-video-preview:-1\" \/>\n<link rel=\"canonical\" href=\"https:\/\/swiss-peak.com\/de\/produkt\/swiss-peak-aware-rpet-essential-15-6-laptop-rucksack-schwarz\/\" \/>\n<meta property=\"og:locale\" content=\"de_DE\" \/>\n<meta property=\"og:type\" content=\"article\" \/>\n<meta property=\"og:title\" content=\"Swiss Peak Aware\u2122 RPET Essential 15.6&quot; Laptop-Rucksack, schwarz - Swiss Peak\" \/>\n<meta property=\"og:description\" content=\"Der Swiss Peak Aware\u2122 RPET Essential 15,6&#8243;-Laptop-Rucksack wurde entwickelt, um Ihre t\u00e4glichen Gesch\u00e4ftsanforderungen zu erf\u00fcllen. Dieser schlanke und strapazierf\u00e4hige Rucksack aus 100% rPET verf\u00fcgt \u00fcber ein Hauptfach mit Rei\u00dfverschluss und ein spezielles Laptopfach, das f\u00fcr moderne 15,6&#8243;-Laptops geeignet ist, sowie eine Netztasche mit Rei\u00dfverschluss. Die verstellbaren Schultergurte mit Schnallen sorgen f\u00fcr einen bequemen Sitz, w\u00e4hrend [&hellip;]\" \/>\n<meta property=\"og:url\" content=\"https:\/\/swiss-peak.com\/de\/produkt\/swiss-peak-aware-rpet-essential-15-6-laptop-rucksack-schwarz\/\" \/>\n<meta property=\"og:site_name\" content=\"Swiss Peak\" \/>\n<meta property=\"article:modified_time\" content=\"2026-03-12T01:36:40+00:00\" \/>\n<meta property=\"og:image\" content=\"https:\/\/swiss-peak.com\/wp-content\/uploads\/sites\/9\/2025\/02\/P763.4301__S_0__e50b23c8853b4d81b08326fd2c93cf03.jpg\" \/>\n\t<meta property=\"og:image:width\" content=\"1024\" \/>\n\t<meta property=\"og:image:height\" content=\"1024\" \/>\n\t<meta property=\"og:image:type\" content=\"image\/jpeg\" \/>\n<meta name=\"twitter:card\" content=\"summary_large_image\" \/>\n<meta name=\"twitter:label1\" content=\"Gesch\u00e4tzte Lesezeit\" \/>\n\t<meta name=\"twitter:data1\" content=\"1\u00a0Minute\" \/>\n<script type=\"application\/ld+json\" class=\"yoast-schema-graph\">{\"@context\":\"https:\/\/schema.org\",\"@graph\":[{\"@type\":\"WebPage\",\"@id\":\"https:\/\/swiss-peak.com\/de\/produkt\/swiss-peak-aware-rpet-essential-15-6-laptop-rucksack-schwarz\/\",\"url\":\"https:\/\/swiss-peak.com\/de\/produkt\/swiss-peak-aware-rpet-essential-15-6-laptop-rucksack-schwarz\/\",\"name\":\"Swiss Peak Aware\u2122 RPET Essential 15.6\\\" Laptop-Rucksack, schwarz - Swiss Peak\",\"isPartOf\":{\"@id\":\"https:\/\/swiss-peak.com\/de\/#website\"},\"primaryImageOfPage\":{\"@id\":\"https:\/\/swiss-peak.com\/de\/produkt\/swiss-peak-aware-rpet-essential-15-6-laptop-rucksack-schwarz\/#primaryimage\"},\"image\":{\"@id\":\"https:\/\/swiss-peak.com\/de\/produkt\/swiss-peak-aware-rpet-essential-15-6-laptop-rucksack-schwarz\/#primaryimage\"},\"thumbnailUrl\":\"https:\/\/swiss-peak.com\/wp-content\/uploads\/sites\/9\/2025\/02\/P763.4301__S_0__e50b23c8853b4d81b08326fd2c93cf03.jpg\",\"datePublished\":\"2025-01-01T01:32:20+00:00\",\"dateModified\":\"2026-03-12T01:36:40+00:00\",\"breadcrumb\":{\"@id\":\"https:\/\/swiss-peak.com\/de\/produkt\/swiss-peak-aware-rpet-essential-15-6-laptop-rucksack-schwarz\/#breadcrumb\"},\"inLanguage\":\"de\",\"potentialAction\":[{\"@type\":\"ReadAction\",\"target\":[\"https:\/\/swiss-peak.com\/de\/produkt\/swiss-peak-aware-rpet-essential-15-6-laptop-rucksack-schwarz\/\"]}]},{\"@type\":\"ImageObject\",\"inLanguage\":\"de\",\"@id\":\"https:\/\/swiss-peak.com\/de\/produkt\/swiss-peak-aware-rpet-essential-15-6-laptop-rucksack-schwarz\/#primaryimage\",\"url\":\"https:\/\/swiss-peak.com\/wp-content\/uploads\/sites\/9\/2025\/02\/P763.4301__S_0__e50b23c8853b4d81b08326fd2c93cf03.jpg\",\"contentUrl\":\"https:\/\/swiss-peak.com\/wp-content\/uploads\/sites\/9\/2025\/02\/P763.4301__S_0__e50b23c8853b4d81b08326fd2c93cf03.jpg\",\"width\":1024,\"height\":1024},{\"@type\":\"BreadcrumbList\",\"@id\":\"https:\/\/swiss-peak.com\/de\/produkt\/swiss-peak-aware-rpet-essential-15-6-laptop-rucksack-schwarz\/#breadcrumb\",\"itemListElement\":[{\"@type\":\"ListItem\",\"position\":1,\"name\":\"Home\",\"item\":\"https:\/\/swiss-peak.com\/de\/\"},{\"@type\":\"ListItem\",\"position\":2,\"name\":\"Kollektion\",\"item\":\"https:\/\/swiss-peak.com\/de\/kollektion\/\"},{\"@type\":\"ListItem\",\"position\":3,\"name\":\"Swiss Peak Aware\u2122 RPET Essential 15.6&#8243; Laptop-Rucksack, schwarz\"}]},{\"@type\":\"WebSite\",\"@id\":\"https:\/\/swiss-peak.com\/de\/#website\",\"url\":\"https:\/\/swiss-peak.com\/de\/\",\"name\":\"Swiss Peak\",\"description\":\"Where will today take you?\",\"potentialAction\":[{\"@type\":\"SearchAction\",\"target\":{\"@type\":\"EntryPoint\",\"urlTemplate\":\"https:\/\/swiss-peak.com\/de\/?s={search_term_string}\"},\"query-input\":{\"@type\":\"PropertyValueSpecification\",\"valueRequired\":true,\"valueName\":\"search_term_string\"}}],\"inLanguage\":\"de\"}]}<\/script>\n<!-- \/ Yoast SEO plugin. -->","yoast_head_json":{"title":"Swiss Peak Aware\u2122 RPET Essential 15.6\" Laptop-Rucksack, schwarz - Swiss Peak","robots":{"index":"index","follow":"follow","max-snippet":"max-snippet:-1","max-image-preview":"max-image-preview:large","max-video-preview":"max-video-preview:-1"},"canonical":"https:\/\/swiss-peak.com\/de\/produkt\/swiss-peak-aware-rpet-essential-15-6-laptop-rucksack-schwarz\/","og_locale":"de_DE","og_type":"article","og_title":"Swiss Peak Aware\u2122 RPET Essential 15.6\" Laptop-Rucksack, schwarz - Swiss Peak","og_description":"Der Swiss Peak Aware\u2122 RPET Essential 15,6&#8243;-Laptop-Rucksack wurde entwickelt, um Ihre t\u00e4glichen Gesch\u00e4ftsanforderungen zu erf\u00fcllen. Dieser schlanke und strapazierf\u00e4hige Rucksack aus 100% rPET verf\u00fcgt \u00fcber ein Hauptfach mit Rei\u00dfverschluss und ein spezielles Laptopfach, das f\u00fcr moderne 15,6&#8243;-Laptops geeignet ist, sowie eine Netztasche mit Rei\u00dfverschluss. Die verstellbaren Schultergurte mit Schnallen sorgen f\u00fcr einen bequemen Sitz, w\u00e4hrend [&hellip;]","og_url":"https:\/\/swiss-peak.com\/de\/produkt\/swiss-peak-aware-rpet-essential-15-6-laptop-rucksack-schwarz\/","og_site_name":"Swiss Peak","article_modified_time":"2026-03-12T01:36:40+00:00","og_image":[{"width":1024,"height":1024,"url":"https:\/\/swiss-peak.com\/wp-content\/uploads\/sites\/9\/2025\/02\/P763.4301__S_0__e50b23c8853b4d81b08326fd2c93cf03.jpg","type":"image\/jpeg"}],"twitter_card":"summary_large_image","twitter_misc":{"Gesch\u00e4tzte Lesezeit":"1\u00a0Minute"},"schema":{"@context":"https:\/\/schema.org","@graph":[{"@type":"WebPage","@id":"https:\/\/swiss-peak.com\/de\/produkt\/swiss-peak-aware-rpet-essential-15-6-laptop-rucksack-schwarz\/","url":"https:\/\/swiss-peak.com\/de\/produkt\/swiss-peak-aware-rpet-essential-15-6-laptop-rucksack-schwarz\/","name":"Swiss Peak Aware\u2122 RPET Essential 15.6\" Laptop-Rucksack, schwarz - Swiss Peak","isPartOf":{"@id":"https:\/\/swiss-peak.com\/de\/#website"},"primaryImageOfPage":{"@id":"https:\/\/swiss-peak.com\/de\/produkt\/swiss-peak-aware-rpet-essential-15-6-laptop-rucksack-schwarz\/#primaryimage"},"image":{"@id":"https:\/\/swiss-peak.com\/de\/produkt\/swiss-peak-aware-rpet-essential-15-6-laptop-rucksack-schwarz\/#primaryimage"},"thumbnailUrl":"https:\/\/swiss-peak.com\/wp-content\/uploads\/sites\/9\/2025\/02\/P763.4301__S_0__e50b23c8853b4d81b08326fd2c93cf03.jpg","datePublished":"2025-01-01T01:32:20+00:00","dateModified":"2026-03-12T01:36:40+00:00","breadcrumb":{"@id":"https:\/\/swiss-peak.com\/de\/produkt\/swiss-peak-aware-rpet-essential-15-6-laptop-rucksack-schwarz\/#breadcrumb"},"inLanguage":"de","potentialAction":[{"@type":"ReadAction","target":["https:\/\/swiss-peak.com\/de\/produkt\/swiss-peak-aware-rpet-essential-15-6-laptop-rucksack-schwarz\/"]}]},{"@type":"ImageObject","inLanguage":"de","@id":"https:\/\/swiss-peak.com\/de\/produkt\/swiss-peak-aware-rpet-essential-15-6-laptop-rucksack-schwarz\/#primaryimage","url":"https:\/\/swiss-peak.com\/wp-content\/uploads\/sites\/9\/2025\/02\/P763.4301__S_0__e50b23c8853b4d81b08326fd2c93cf03.jpg","contentUrl":"https:\/\/swiss-peak.com\/wp-content\/uploads\/sites\/9\/2025\/02\/P763.4301__S_0__e50b23c8853b4d81b08326fd2c93cf03.jpg","width":1024,"height":1024},{"@type":"BreadcrumbList","@id":"https:\/\/swiss-peak.com\/de\/produkt\/swiss-peak-aware-rpet-essential-15-6-laptop-rucksack-schwarz\/#breadcrumb","itemListElement":[{"@type":"ListItem","position":1,"name":"Home","item":"https:\/\/swiss-peak.com\/de\/"},{"@type":"ListItem","position":2,"name":"Kollektion","item":"https:\/\/swiss-peak.com\/de\/kollektion\/"},{"@type":"ListItem","position":3,"name":"Swiss Peak Aware\u2122 RPET Essential 15.6&#8243; Laptop-Rucksack, schwarz"}]},{"@type":"WebSite","@id":"https:\/\/swiss-peak.com\/de\/#website","url":"https:\/\/swiss-peak.com\/de\/","name":"Swiss Peak","description":"Where will today take you?","potentialAction":[{"@type":"SearchAction","target":{"@type":"EntryPoint","urlTemplate":"https:\/\/swiss-peak.com\/de\/?s={search_term_string}"},"query-input":{"@type":"PropertyValueSpecification","valueRequired":true,"valueName":"search_term_string"}}],"inLanguage":"de"}]}},"_links":{"self":[{"href":"https:\/\/swiss-peak.com\/de\/wp-json\/wp\/v2\/product\/45227","targetHints":{"allow":["GET"]}}],"collection":[{"href":"https:\/\/swiss-peak.com\/de\/wp-json\/wp\/v2\/product"}],"about":[{"href":"https:\/\/swiss-peak.com\/de\/wp-json\/wp\/v2\/types\/product"}],"wp:featuredmedia":[{"embeddable":true,"href":"https:\/\/swiss-peak.com\/de\/wp-json\/wp\/v2\/media\/45389"}],"wp:attachment":[{"href":"https:\/\/swiss-peak.com\/de\/wp-json\/wp\/v2\/media?parent=45227"}],"wp:term":[{"taxonomy":"product_cat","embeddable":true,"href":"https:\/\/swiss-peak.com\/de\/wp-json\/wp\/v2\/product_cat?post=45227"},{"taxonomy":"product_tag","embeddable":true,"href":"https:\/\/swiss-peak.com\/de\/wp-json\/wp\/v2\/product_tag?post=45227"}],"curies":[{"name":"wp","href":"https:\/\/api.w.org\/{rel}","templated":true}]}}