{"id":45225,"date":"2025-01-01T03:02:54","date_gmt":"2025-01-01T01:32:14","guid":{"rendered":"https:\/\/swiss-peak.com\/schweizer-peak-aware-rpet-156-laptop-wochenendtasche-schwarz\/"},"modified":"2026-03-12T03:33:09","modified_gmt":"2026-03-12T01:33:09","slug":"schweizer-peak-aware-rpet-156-laptop-wochenendtasche-schwarz","status":"publish","type":"product","link":"https:\/\/swiss-peak.com\/de\/produkt\/schweizer-peak-aware-rpet-156-laptop-wochenendtasche-schwarz\/","title":{"rendered":"Swiss Peak Aware\u2122 RPET 15,6&#8243; Laptop-Wochenendtasche, schwarz"},"content":{"rendered":"<p>Ihre neue Wochenendtasche von Swiss Peak mit 15,6-Zoll-Laptopfach f\u00fcr alle Ihre kurzen Gesch\u00e4ftsreisen. Hergestellt aus Aware\u2122 RPET 300D\/150D. Das Hauptfach mit zus\u00e4tzlichen F\u00e4chern und einem weiteren Rei\u00dfverschlussfach an der Innenseite.<\/p>\n","protected":false},"excerpt":{"rendered":"<p>Ihre neue Wochenendtasche von Swiss Peak mit 15,6-Zoll-Laptopfach f\u00fcr alle Ihre kurzen Gesch\u00e4ftsreisen. Hergestellt aus Aware\u2122 RPET 300D\/150D. Das Hauptfach mit zus\u00e4tzlichen F\u00e4chern und einem weiteren Rei\u00dfverschlussfach an der Innenseite.<\/p>\n","protected":false},"featured_media":45375,"template":"","meta":{"_acf_changed":false},"product_cat":[252,282],"product_tag":[],"class_list":["post-45225","product","type-product","status-publish","has-post-thumbnail","hentry","product_cat-taschen-reise","product_cat-wochenendtaschen","pa_color-black-de"],"acf":[],"yoast_head":"<!-- This site is optimized with the Yoast SEO plugin v27.0 - https:\/\/yoast.com\/product\/yoast-seo-wordpress\/ -->\n<title>Swiss Peak Aware\u2122 RPET 15,6&quot; Laptop-Wochenendtasche, schwarz - Swiss Peak<\/title>\n<meta name=\"robots\" content=\"index, follow, max-snippet:-1, max-image-preview:large, max-video-preview:-1\" \/>\n<link rel=\"canonical\" href=\"https:\/\/swiss-peak.com\/de\/produkt\/schweizer-peak-aware-rpet-156-laptop-wochenendtasche-schwarz\/\" \/>\n<meta property=\"og:locale\" content=\"de_DE\" \/>\n<meta property=\"og:type\" content=\"article\" \/>\n<meta property=\"og:title\" content=\"Swiss Peak Aware\u2122 RPET 15,6&quot; Laptop-Wochenendtasche, schwarz - Swiss Peak\" \/>\n<meta property=\"og:description\" content=\"Ihre neue Wochenendtasche von Swiss Peak mit 15,6-Zoll-Laptopfach f\u00fcr alle Ihre kurzen Gesch\u00e4ftsreisen. Hergestellt aus Aware\u2122 RPET 300D\/150D. Das Hauptfach mit zus\u00e4tzlichen F\u00e4chern und einem weiteren Rei\u00dfverschlussfach an der Innenseite.\" \/>\n<meta property=\"og:url\" content=\"https:\/\/swiss-peak.com\/de\/produkt\/schweizer-peak-aware-rpet-156-laptop-wochenendtasche-schwarz\/\" \/>\n<meta property=\"og:site_name\" content=\"Swiss Peak\" \/>\n<meta property=\"article:modified_time\" content=\"2026-03-12T01:33:09+00:00\" \/>\n<meta property=\"og:image\" content=\"https:\/\/swiss-peak.com\/wp-content\/uploads\/sites\/9\/2025\/02\/P707.2701__S_0__f032cc25f82647ecbe5486b52825c798.jpg\" \/>\n\t<meta property=\"og:image:width\" content=\"1024\" \/>\n\t<meta property=\"og:image:height\" content=\"1024\" \/>\n\t<meta property=\"og:image:type\" content=\"image\/jpeg\" \/>\n<meta name=\"twitter:card\" content=\"summary_large_image\" \/>\n<script type=\"application\/ld+json\" class=\"yoast-schema-graph\">{\"@context\":\"https:\/\/schema.org\",\"@graph\":[{\"@type\":\"WebPage\",\"@id\":\"https:\/\/swiss-peak.com\/de\/produkt\/schweizer-peak-aware-rpet-156-laptop-wochenendtasche-schwarz\/\",\"url\":\"https:\/\/swiss-peak.com\/de\/produkt\/schweizer-peak-aware-rpet-156-laptop-wochenendtasche-schwarz\/\",\"name\":\"Swiss Peak Aware\u2122 RPET 15,6\\\" Laptop-Wochenendtasche, schwarz - Swiss Peak\",\"isPartOf\":{\"@id\":\"https:\/\/swiss-peak.com\/de\/#website\"},\"primaryImageOfPage\":{\"@id\":\"https:\/\/swiss-peak.com\/de\/produkt\/schweizer-peak-aware-rpet-156-laptop-wochenendtasche-schwarz\/#primaryimage\"},\"image\":{\"@id\":\"https:\/\/swiss-peak.com\/de\/produkt\/schweizer-peak-aware-rpet-156-laptop-wochenendtasche-schwarz\/#primaryimage\"},\"thumbnailUrl\":\"https:\/\/swiss-peak.com\/wp-content\/uploads\/sites\/9\/2025\/02\/P707.2701__S_0__f032cc25f82647ecbe5486b52825c798.jpg\",\"datePublished\":\"2025-01-01T01:32:14+00:00\",\"dateModified\":\"2026-03-12T01:33:09+00:00\",\"breadcrumb\":{\"@id\":\"https:\/\/swiss-peak.com\/de\/produkt\/schweizer-peak-aware-rpet-156-laptop-wochenendtasche-schwarz\/#breadcrumb\"},\"inLanguage\":\"de\",\"potentialAction\":[{\"@type\":\"ReadAction\",\"target\":[\"https:\/\/swiss-peak.com\/de\/produkt\/schweizer-peak-aware-rpet-156-laptop-wochenendtasche-schwarz\/\"]}]},{\"@type\":\"ImageObject\",\"inLanguage\":\"de\",\"@id\":\"https:\/\/swiss-peak.com\/de\/produkt\/schweizer-peak-aware-rpet-156-laptop-wochenendtasche-schwarz\/#primaryimage\",\"url\":\"https:\/\/swiss-peak.com\/wp-content\/uploads\/sites\/9\/2025\/02\/P707.2701__S_0__f032cc25f82647ecbe5486b52825c798.jpg\",\"contentUrl\":\"https:\/\/swiss-peak.com\/wp-content\/uploads\/sites\/9\/2025\/02\/P707.2701__S_0__f032cc25f82647ecbe5486b52825c798.jpg\",\"width\":1024,\"height\":1024},{\"@type\":\"BreadcrumbList\",\"@id\":\"https:\/\/swiss-peak.com\/de\/produkt\/schweizer-peak-aware-rpet-156-laptop-wochenendtasche-schwarz\/#breadcrumb\",\"itemListElement\":[{\"@type\":\"ListItem\",\"position\":1,\"name\":\"Home\",\"item\":\"https:\/\/swiss-peak.com\/de\/\"},{\"@type\":\"ListItem\",\"position\":2,\"name\":\"Kollektion\",\"item\":\"https:\/\/swiss-peak.com\/de\/kollektion\/\"},{\"@type\":\"ListItem\",\"position\":3,\"name\":\"Swiss Peak Aware\u2122 RPET 15,6&#8243; Laptop-Wochenendtasche, schwarz\"}]},{\"@type\":\"WebSite\",\"@id\":\"https:\/\/swiss-peak.com\/de\/#website\",\"url\":\"https:\/\/swiss-peak.com\/de\/\",\"name\":\"Swiss Peak\",\"description\":\"Where will today take you?\",\"potentialAction\":[{\"@type\":\"SearchAction\",\"target\":{\"@type\":\"EntryPoint\",\"urlTemplate\":\"https:\/\/swiss-peak.com\/de\/?s={search_term_string}\"},\"query-input\":{\"@type\":\"PropertyValueSpecification\",\"valueRequired\":true,\"valueName\":\"search_term_string\"}}],\"inLanguage\":\"de\"}]}<\/script>\n<!-- \/ Yoast SEO plugin. -->","yoast_head_json":{"title":"Swiss Peak Aware\u2122 RPET 15,6\" Laptop-Wochenendtasche, schwarz - Swiss Peak","robots":{"index":"index","follow":"follow","max-snippet":"max-snippet:-1","max-image-preview":"max-image-preview:large","max-video-preview":"max-video-preview:-1"},"canonical":"https:\/\/swiss-peak.com\/de\/produkt\/schweizer-peak-aware-rpet-156-laptop-wochenendtasche-schwarz\/","og_locale":"de_DE","og_type":"article","og_title":"Swiss Peak Aware\u2122 RPET 15,6\" Laptop-Wochenendtasche, schwarz - Swiss Peak","og_description":"Ihre neue Wochenendtasche von Swiss Peak mit 15,6-Zoll-Laptopfach f\u00fcr alle Ihre kurzen Gesch\u00e4ftsreisen. Hergestellt aus Aware\u2122 RPET 300D\/150D. Das Hauptfach mit zus\u00e4tzlichen F\u00e4chern und einem weiteren Rei\u00dfverschlussfach an der Innenseite.","og_url":"https:\/\/swiss-peak.com\/de\/produkt\/schweizer-peak-aware-rpet-156-laptop-wochenendtasche-schwarz\/","og_site_name":"Swiss Peak","article_modified_time":"2026-03-12T01:33:09+00:00","og_image":[{"width":1024,"height":1024,"url":"https:\/\/swiss-peak.com\/wp-content\/uploads\/sites\/9\/2025\/02\/P707.2701__S_0__f032cc25f82647ecbe5486b52825c798.jpg","type":"image\/jpeg"}],"twitter_card":"summary_large_image","schema":{"@context":"https:\/\/schema.org","@graph":[{"@type":"WebPage","@id":"https:\/\/swiss-peak.com\/de\/produkt\/schweizer-peak-aware-rpet-156-laptop-wochenendtasche-schwarz\/","url":"https:\/\/swiss-peak.com\/de\/produkt\/schweizer-peak-aware-rpet-156-laptop-wochenendtasche-schwarz\/","name":"Swiss Peak Aware\u2122 RPET 15,6\" Laptop-Wochenendtasche, schwarz - Swiss Peak","isPartOf":{"@id":"https:\/\/swiss-peak.com\/de\/#website"},"primaryImageOfPage":{"@id":"https:\/\/swiss-peak.com\/de\/produkt\/schweizer-peak-aware-rpet-156-laptop-wochenendtasche-schwarz\/#primaryimage"},"image":{"@id":"https:\/\/swiss-peak.com\/de\/produkt\/schweizer-peak-aware-rpet-156-laptop-wochenendtasche-schwarz\/#primaryimage"},"thumbnailUrl":"https:\/\/swiss-peak.com\/wp-content\/uploads\/sites\/9\/2025\/02\/P707.2701__S_0__f032cc25f82647ecbe5486b52825c798.jpg","datePublished":"2025-01-01T01:32:14+00:00","dateModified":"2026-03-12T01:33:09+00:00","breadcrumb":{"@id":"https:\/\/swiss-peak.com\/de\/produkt\/schweizer-peak-aware-rpet-156-laptop-wochenendtasche-schwarz\/#breadcrumb"},"inLanguage":"de","potentialAction":[{"@type":"ReadAction","target":["https:\/\/swiss-peak.com\/de\/produkt\/schweizer-peak-aware-rpet-156-laptop-wochenendtasche-schwarz\/"]}]},{"@type":"ImageObject","inLanguage":"de","@id":"https:\/\/swiss-peak.com\/de\/produkt\/schweizer-peak-aware-rpet-156-laptop-wochenendtasche-schwarz\/#primaryimage","url":"https:\/\/swiss-peak.com\/wp-content\/uploads\/sites\/9\/2025\/02\/P707.2701__S_0__f032cc25f82647ecbe5486b52825c798.jpg","contentUrl":"https:\/\/swiss-peak.com\/wp-content\/uploads\/sites\/9\/2025\/02\/P707.2701__S_0__f032cc25f82647ecbe5486b52825c798.jpg","width":1024,"height":1024},{"@type":"BreadcrumbList","@id":"https:\/\/swiss-peak.com\/de\/produkt\/schweizer-peak-aware-rpet-156-laptop-wochenendtasche-schwarz\/#breadcrumb","itemListElement":[{"@type":"ListItem","position":1,"name":"Home","item":"https:\/\/swiss-peak.com\/de\/"},{"@type":"ListItem","position":2,"name":"Kollektion","item":"https:\/\/swiss-peak.com\/de\/kollektion\/"},{"@type":"ListItem","position":3,"name":"Swiss Peak Aware\u2122 RPET 15,6&#8243; Laptop-Wochenendtasche, schwarz"}]},{"@type":"WebSite","@id":"https:\/\/swiss-peak.com\/de\/#website","url":"https:\/\/swiss-peak.com\/de\/","name":"Swiss Peak","description":"Where will today take you?","potentialAction":[{"@type":"SearchAction","target":{"@type":"EntryPoint","urlTemplate":"https:\/\/swiss-peak.com\/de\/?s={search_term_string}"},"query-input":{"@type":"PropertyValueSpecification","valueRequired":true,"valueName":"search_term_string"}}],"inLanguage":"de"}]}},"_links":{"self":[{"href":"https:\/\/swiss-peak.com\/de\/wp-json\/wp\/v2\/product\/45225","targetHints":{"allow":["GET"]}}],"collection":[{"href":"https:\/\/swiss-peak.com\/de\/wp-json\/wp\/v2\/product"}],"about":[{"href":"https:\/\/swiss-peak.com\/de\/wp-json\/wp\/v2\/types\/product"}],"wp:featuredmedia":[{"embeddable":true,"href":"https:\/\/swiss-peak.com\/de\/wp-json\/wp\/v2\/media\/45375"}],"wp:attachment":[{"href":"https:\/\/swiss-peak.com\/de\/wp-json\/wp\/v2\/media?parent=45225"}],"wp:term":[{"taxonomy":"product_cat","embeddable":true,"href":"https:\/\/swiss-peak.com\/de\/wp-json\/wp\/v2\/product_cat?post=45225"},{"taxonomy":"product_tag","embeddable":true,"href":"https:\/\/swiss-peak.com\/de\/wp-json\/wp\/v2\/product_tag?post=45225"}],"curies":[{"name":"wp","href":"https:\/\/api.w.org\/{rel}","templated":true}]}}