{"id":45224,"date":"2025-01-01T03:02:54","date_gmt":"2025-01-01T01:32:14","guid":{"rendered":"https:\/\/swiss-peak.com\/swiss-peak-luca-deluxe-stiftsset-aus-rcs-recyceltem-messing-schwarz\/"},"modified":"2026-03-12T03:32:55","modified_gmt":"2026-03-12T01:32:55","slug":"swiss-peak-luca-deluxe-stiftsset-aus-rcs-recyceltem-messing-schwarz","status":"publish","type":"product","link":"https:\/\/swiss-peak.com\/de\/produkt\/swiss-peak-luca-deluxe-stiftsset-aus-rcs-recyceltem-messing-schwarz\/","title":{"rendered":"Swiss Peak Luca Deluxe-Stiftsset aus RCS recyceltem Messing, schwarz"},"content":{"rendered":"<p>Das Swiss Peak Luca Deluxe-Stifteset aus RCS Recyceltem Messing besteht aus schwarzen Stiften mit goldenen Akzenten. Hergestellt aus 55% RCS-zertifiziert recyceltem Messing. Der Kugelschreiber wird mit einem Drehmechanismus bedient und enth\u00e4lt eine Mine mit blauer Tinte, die 1,0 mm breit und bis zu 1200m weit schreibt. Der Tintenroller ist mit blauer Gel-Tinte ausgestattet und bietet eine Schreibl\u00e4nge von 800m in der gleichen Breite von 1,0 mm. Beide Schreibger\u00e4te haben einen Stahlclip und tragen das Swiss Peak Logo auf dem mittleren Ring graviert. Pr\u00e4sentiert in einer hochwertigen Geschenkbox, strahlt dieses Set Luxus und Stil aus.<\/p>\n","protected":false},"excerpt":{"rendered":"<p>Das Swiss Peak Luca Deluxe-Stifteset aus RCS Recyceltem Messing besteht aus schwarzen Stiften mit goldenen Akzenten. Hergestellt aus 55% RCS-zertifiziert recyceltem Messing. Der Kugelschreiber wird mit einem Drehmechanismus bedient und enth\u00e4lt eine Mine mit blauer Tinte, die 1,0 mm breit und bis zu 1200m weit schreibt. Der Tintenroller ist mit blauer Gel-Tinte ausgestattet und bietet [&hellip;]<\/p>\n","protected":false},"featured_media":45368,"template":"","meta":{"_acf_changed":false},"product_cat":[296,288],"product_tag":[],"class_list":["post-45224","product","type-product","status-publish","has-post-thumbnail","hentry","product_cat-buro-schreibgerate","product_cat-geschafte","pa_color-black-de"],"acf":[],"yoast_head":"<!-- This site is optimized with the Yoast SEO plugin v27.0 - https:\/\/yoast.com\/product\/yoast-seo-wordpress\/ -->\n<title>Swiss Peak Luca Deluxe-Stiftsset aus RCS recyceltem Messing, schwarz - Swiss Peak<\/title>\n<meta name=\"robots\" content=\"index, follow, max-snippet:-1, max-image-preview:large, max-video-preview:-1\" \/>\n<link rel=\"canonical\" href=\"https:\/\/swiss-peak.com\/de\/produkt\/swiss-peak-luca-deluxe-stiftsset-aus-rcs-recyceltem-messing-schwarz\/\" \/>\n<meta property=\"og:locale\" content=\"de_DE\" \/>\n<meta property=\"og:type\" content=\"article\" \/>\n<meta property=\"og:title\" content=\"Swiss Peak Luca Deluxe-Stiftsset aus RCS recyceltem Messing, schwarz - Swiss Peak\" \/>\n<meta property=\"og:description\" content=\"Das Swiss Peak Luca Deluxe-Stifteset aus RCS Recyceltem Messing besteht aus schwarzen Stiften mit goldenen Akzenten. Hergestellt aus 55% RCS-zertifiziert recyceltem Messing. Der Kugelschreiber wird mit einem Drehmechanismus bedient und enth\u00e4lt eine Mine mit blauer Tinte, die 1,0 mm breit und bis zu 1200m weit schreibt. Der Tintenroller ist mit blauer Gel-Tinte ausgestattet und bietet [&hellip;]\" \/>\n<meta property=\"og:url\" content=\"https:\/\/swiss-peak.com\/de\/produkt\/swiss-peak-luca-deluxe-stiftsset-aus-rcs-recyceltem-messing-schwarz\/\" \/>\n<meta property=\"og:site_name\" content=\"Swiss Peak\" \/>\n<meta property=\"article:modified_time\" content=\"2026-03-12T01:32:55+00:00\" \/>\n<meta property=\"og:image\" content=\"https:\/\/swiss-peak.com\/wp-content\/uploads\/sites\/9\/2025\/02\/P611.3001__S_0__df34534febed45c7a9b22f102468cebb.jpg\" \/>\n\t<meta property=\"og:image:width\" content=\"1024\" \/>\n\t<meta property=\"og:image:height\" content=\"1024\" \/>\n\t<meta property=\"og:image:type\" content=\"image\/jpeg\" \/>\n<meta name=\"twitter:card\" content=\"summary_large_image\" \/>\n<script type=\"application\/ld+json\" class=\"yoast-schema-graph\">{\"@context\":\"https:\/\/schema.org\",\"@graph\":[{\"@type\":\"WebPage\",\"@id\":\"https:\/\/swiss-peak.com\/de\/produkt\/swiss-peak-luca-deluxe-stiftsset-aus-rcs-recyceltem-messing-schwarz\/\",\"url\":\"https:\/\/swiss-peak.com\/de\/produkt\/swiss-peak-luca-deluxe-stiftsset-aus-rcs-recyceltem-messing-schwarz\/\",\"name\":\"Swiss Peak Luca Deluxe-Stiftsset aus RCS recyceltem Messing, schwarz - Swiss Peak\",\"isPartOf\":{\"@id\":\"https:\/\/swiss-peak.com\/de\/#website\"},\"primaryImageOfPage\":{\"@id\":\"https:\/\/swiss-peak.com\/de\/produkt\/swiss-peak-luca-deluxe-stiftsset-aus-rcs-recyceltem-messing-schwarz\/#primaryimage\"},\"image\":{\"@id\":\"https:\/\/swiss-peak.com\/de\/produkt\/swiss-peak-luca-deluxe-stiftsset-aus-rcs-recyceltem-messing-schwarz\/#primaryimage\"},\"thumbnailUrl\":\"https:\/\/swiss-peak.com\/wp-content\/uploads\/sites\/9\/2025\/02\/P611.3001__S_0__df34534febed45c7a9b22f102468cebb.jpg\",\"datePublished\":\"2025-01-01T01:32:14+00:00\",\"dateModified\":\"2026-03-12T01:32:55+00:00\",\"breadcrumb\":{\"@id\":\"https:\/\/swiss-peak.com\/de\/produkt\/swiss-peak-luca-deluxe-stiftsset-aus-rcs-recyceltem-messing-schwarz\/#breadcrumb\"},\"inLanguage\":\"de\",\"potentialAction\":[{\"@type\":\"ReadAction\",\"target\":[\"https:\/\/swiss-peak.com\/de\/produkt\/swiss-peak-luca-deluxe-stiftsset-aus-rcs-recyceltem-messing-schwarz\/\"]}]},{\"@type\":\"ImageObject\",\"inLanguage\":\"de\",\"@id\":\"https:\/\/swiss-peak.com\/de\/produkt\/swiss-peak-luca-deluxe-stiftsset-aus-rcs-recyceltem-messing-schwarz\/#primaryimage\",\"url\":\"https:\/\/swiss-peak.com\/wp-content\/uploads\/sites\/9\/2025\/02\/P611.3001__S_0__df34534febed45c7a9b22f102468cebb.jpg\",\"contentUrl\":\"https:\/\/swiss-peak.com\/wp-content\/uploads\/sites\/9\/2025\/02\/P611.3001__S_0__df34534febed45c7a9b22f102468cebb.jpg\",\"width\":1024,\"height\":1024},{\"@type\":\"BreadcrumbList\",\"@id\":\"https:\/\/swiss-peak.com\/de\/produkt\/swiss-peak-luca-deluxe-stiftsset-aus-rcs-recyceltem-messing-schwarz\/#breadcrumb\",\"itemListElement\":[{\"@type\":\"ListItem\",\"position\":1,\"name\":\"Home\",\"item\":\"https:\/\/swiss-peak.com\/de\/\"},{\"@type\":\"ListItem\",\"position\":2,\"name\":\"Kollektion\",\"item\":\"https:\/\/swiss-peak.com\/de\/kollektion\/\"},{\"@type\":\"ListItem\",\"position\":3,\"name\":\"Swiss Peak Luca Deluxe-Stiftsset aus RCS recyceltem Messing, schwarz\"}]},{\"@type\":\"WebSite\",\"@id\":\"https:\/\/swiss-peak.com\/de\/#website\",\"url\":\"https:\/\/swiss-peak.com\/de\/\",\"name\":\"Swiss Peak\",\"description\":\"Where will today take you?\",\"potentialAction\":[{\"@type\":\"SearchAction\",\"target\":{\"@type\":\"EntryPoint\",\"urlTemplate\":\"https:\/\/swiss-peak.com\/de\/?s={search_term_string}\"},\"query-input\":{\"@type\":\"PropertyValueSpecification\",\"valueRequired\":true,\"valueName\":\"search_term_string\"}}],\"inLanguage\":\"de\"}]}<\/script>\n<!-- \/ Yoast SEO plugin. -->","yoast_head_json":{"title":"Swiss Peak Luca Deluxe-Stiftsset aus RCS recyceltem Messing, schwarz - Swiss Peak","robots":{"index":"index","follow":"follow","max-snippet":"max-snippet:-1","max-image-preview":"max-image-preview:large","max-video-preview":"max-video-preview:-1"},"canonical":"https:\/\/swiss-peak.com\/de\/produkt\/swiss-peak-luca-deluxe-stiftsset-aus-rcs-recyceltem-messing-schwarz\/","og_locale":"de_DE","og_type":"article","og_title":"Swiss Peak Luca Deluxe-Stiftsset aus RCS recyceltem Messing, schwarz - Swiss Peak","og_description":"Das Swiss Peak Luca Deluxe-Stifteset aus RCS Recyceltem Messing besteht aus schwarzen Stiften mit goldenen Akzenten. Hergestellt aus 55% RCS-zertifiziert recyceltem Messing. Der Kugelschreiber wird mit einem Drehmechanismus bedient und enth\u00e4lt eine Mine mit blauer Tinte, die 1,0 mm breit und bis zu 1200m weit schreibt. Der Tintenroller ist mit blauer Gel-Tinte ausgestattet und bietet [&hellip;]","og_url":"https:\/\/swiss-peak.com\/de\/produkt\/swiss-peak-luca-deluxe-stiftsset-aus-rcs-recyceltem-messing-schwarz\/","og_site_name":"Swiss Peak","article_modified_time":"2026-03-12T01:32:55+00:00","og_image":[{"width":1024,"height":1024,"url":"https:\/\/swiss-peak.com\/wp-content\/uploads\/sites\/9\/2025\/02\/P611.3001__S_0__df34534febed45c7a9b22f102468cebb.jpg","type":"image\/jpeg"}],"twitter_card":"summary_large_image","schema":{"@context":"https:\/\/schema.org","@graph":[{"@type":"WebPage","@id":"https:\/\/swiss-peak.com\/de\/produkt\/swiss-peak-luca-deluxe-stiftsset-aus-rcs-recyceltem-messing-schwarz\/","url":"https:\/\/swiss-peak.com\/de\/produkt\/swiss-peak-luca-deluxe-stiftsset-aus-rcs-recyceltem-messing-schwarz\/","name":"Swiss Peak Luca Deluxe-Stiftsset aus RCS recyceltem Messing, schwarz - Swiss Peak","isPartOf":{"@id":"https:\/\/swiss-peak.com\/de\/#website"},"primaryImageOfPage":{"@id":"https:\/\/swiss-peak.com\/de\/produkt\/swiss-peak-luca-deluxe-stiftsset-aus-rcs-recyceltem-messing-schwarz\/#primaryimage"},"image":{"@id":"https:\/\/swiss-peak.com\/de\/produkt\/swiss-peak-luca-deluxe-stiftsset-aus-rcs-recyceltem-messing-schwarz\/#primaryimage"},"thumbnailUrl":"https:\/\/swiss-peak.com\/wp-content\/uploads\/sites\/9\/2025\/02\/P611.3001__S_0__df34534febed45c7a9b22f102468cebb.jpg","datePublished":"2025-01-01T01:32:14+00:00","dateModified":"2026-03-12T01:32:55+00:00","breadcrumb":{"@id":"https:\/\/swiss-peak.com\/de\/produkt\/swiss-peak-luca-deluxe-stiftsset-aus-rcs-recyceltem-messing-schwarz\/#breadcrumb"},"inLanguage":"de","potentialAction":[{"@type":"ReadAction","target":["https:\/\/swiss-peak.com\/de\/produkt\/swiss-peak-luca-deluxe-stiftsset-aus-rcs-recyceltem-messing-schwarz\/"]}]},{"@type":"ImageObject","inLanguage":"de","@id":"https:\/\/swiss-peak.com\/de\/produkt\/swiss-peak-luca-deluxe-stiftsset-aus-rcs-recyceltem-messing-schwarz\/#primaryimage","url":"https:\/\/swiss-peak.com\/wp-content\/uploads\/sites\/9\/2025\/02\/P611.3001__S_0__df34534febed45c7a9b22f102468cebb.jpg","contentUrl":"https:\/\/swiss-peak.com\/wp-content\/uploads\/sites\/9\/2025\/02\/P611.3001__S_0__df34534febed45c7a9b22f102468cebb.jpg","width":1024,"height":1024},{"@type":"BreadcrumbList","@id":"https:\/\/swiss-peak.com\/de\/produkt\/swiss-peak-luca-deluxe-stiftsset-aus-rcs-recyceltem-messing-schwarz\/#breadcrumb","itemListElement":[{"@type":"ListItem","position":1,"name":"Home","item":"https:\/\/swiss-peak.com\/de\/"},{"@type":"ListItem","position":2,"name":"Kollektion","item":"https:\/\/swiss-peak.com\/de\/kollektion\/"},{"@type":"ListItem","position":3,"name":"Swiss Peak Luca Deluxe-Stiftsset aus RCS recyceltem Messing, schwarz"}]},{"@type":"WebSite","@id":"https:\/\/swiss-peak.com\/de\/#website","url":"https:\/\/swiss-peak.com\/de\/","name":"Swiss Peak","description":"Where will today take you?","potentialAction":[{"@type":"SearchAction","target":{"@type":"EntryPoint","urlTemplate":"https:\/\/swiss-peak.com\/de\/?s={search_term_string}"},"query-input":{"@type":"PropertyValueSpecification","valueRequired":true,"valueName":"search_term_string"}}],"inLanguage":"de"}]}},"_links":{"self":[{"href":"https:\/\/swiss-peak.com\/de\/wp-json\/wp\/v2\/product\/45224","targetHints":{"allow":["GET"]}}],"collection":[{"href":"https:\/\/swiss-peak.com\/de\/wp-json\/wp\/v2\/product"}],"about":[{"href":"https:\/\/swiss-peak.com\/de\/wp-json\/wp\/v2\/types\/product"}],"wp:featuredmedia":[{"embeddable":true,"href":"https:\/\/swiss-peak.com\/de\/wp-json\/wp\/v2\/media\/45368"}],"wp:attachment":[{"href":"https:\/\/swiss-peak.com\/de\/wp-json\/wp\/v2\/media?parent=45224"}],"wp:term":[{"taxonomy":"product_cat","embeddable":true,"href":"https:\/\/swiss-peak.com\/de\/wp-json\/wp\/v2\/product_cat?post=45224"},{"taxonomy":"product_tag","embeddable":true,"href":"https:\/\/swiss-peak.com\/de\/wp-json\/wp\/v2\/product_tag?post=45224"}],"curies":[{"name":"wp","href":"https:\/\/api.w.org\/{rel}","templated":true}]}}